{"id":1055,"date":"2022-12-06T08:51:26","date_gmt":"2022-12-06T07:51:26","guid":{"rendered":"https:\/\/blogsaverroes.juntadeandalucia.es\/iesperezmercader\/?page_id=1055"},"modified":"2024-06-03T11:22:10","modified_gmt":"2024-06-03T10:22:10","slug":"bachillerato-ciencias-y-tecnologia","status":"publish","type":"page","link":"https:\/\/blogsaverroes.juntadeandalucia.es\/iesperezmercader\/bachillerato-ciencias-y-tecnologia\/","title":{"rendered":"Bachillerato Ciencias y Tecnolog\u00eda"},"content":{"rendered":"<p>[et_pb_section fb_built=&#8221;1&#8243; _builder_version=&#8221;4.16&#8243; custom_padding=&#8221;0px||0px|&#8221; z_index_tablet=&#8221;500&#8243; box_shadow_horizontal_tablet=&#8221;0px&#8221; box_shadow_vertical_tablet=&#8221;0px&#8221; box_shadow_blur_tablet=&#8221;40px&#8221; box_shadow_spread_tablet=&#8221;0px&#8221; global_colors_info=&#8221;{}&#8221;][et_pb_row _builder_version=&#8221;4.16&#8243; background_size=&#8221;initial&#8221; background_position=&#8221;top_left&#8221; background_repeat=&#8221;repeat&#8221; global_colors_info=&#8221;{}&#8221;][et_pb_column type=&#8221;4_4&#8243; _builder_version=&#8221;4.16&#8243; custom_padding=&#8221;|||&#8221; global_colors_info=&#8221;{}&#8221; custom_padding__hover=&#8221;|||&#8221;][et_pb_image src=&#8221;https:\/\/blogsaverroes.juntadeandalucia.es\/iesperezmercader\/files\/2022\/12\/carrera-de-ciencias.png&#8221; title_text=&#8221;Cient\u00edfico-Tecnol\u00f3gico&#8221; admin_label=&#8221;Imagen BACH Ciencias&#8221; _builder_version=&#8221;4.16&#8243; z_index_tablet=&#8221;500&#8243; box_shadow_horizontal_tablet=&#8221;0px&#8221; box_shadow_vertical_tablet=&#8221;0px&#8221; box_shadow_blur_tablet=&#8221;40px&#8221; box_shadow_spread_tablet=&#8221;0px&#8221; global_colors_info=&#8221;{}&#8221;][\/et_pb_image][et_pb_text admin_label=&#8221;Bachillerato&#8221; _builder_version=&#8221;4.16&#8243; z_index_tablet=&#8221;500&#8243; text_text_shadow_horizontal_length_tablet=&#8221;0px&#8221; text_text_shadow_vertical_length_tablet=&#8221;0px&#8221; text_text_shadow_blur_strength_tablet=&#8221;1px&#8221; link_text_shadow_horizontal_length_tablet=&#8221;0px&#8221; link_text_shadow_vertical_length_tablet=&#8221;0px&#8221; link_text_shadow_blur_strength_tablet=&#8221;1px&#8221; ul_text_shadow_horizontal_length_tablet=&#8221;0px&#8221; ul_text_shadow_vertical_length_tablet=&#8221;0px&#8221; ul_text_shadow_blur_strength_tablet=&#8221;1px&#8221; ol_text_shadow_horizontal_length_tablet=&#8221;0px&#8221; ol_text_shadow_vertical_length_tablet=&#8221;0px&#8221; ol_text_shadow_blur_strength_tablet=&#8221;1px&#8221; quote_text_shadow_horizontal_length_tablet=&#8221;0px&#8221; quote_text_shadow_vertical_length_tablet=&#8221;0px&#8221; quote_text_shadow_blur_strength_tablet=&#8221;1px&#8221; header_text_shadow_horizontal_length_tablet=&#8221;0px&#8221; header_text_shadow_vertical_length_tablet=&#8221;0px&#8221; header_text_shadow_blur_strength_tablet=&#8221;1px&#8221; header_2_text_shadow_horizontal_length_tablet=&#8221;0px&#8221; header_2_text_shadow_vertical_length_tablet=&#8221;0px&#8221; header_2_text_shadow_blur_strength_tablet=&#8221;1px&#8221; header_3_text_shadow_horizontal_length_tablet=&#8221;0px&#8221; header_3_text_shadow_vertical_length_tablet=&#8221;0px&#8221; header_3_text_shadow_blur_strength_tablet=&#8221;1px&#8221; header_4_text_shadow_horizontal_length_tablet=&#8221;0px&#8221; header_4_text_shadow_vertical_length_tablet=&#8221;0px&#8221; header_4_text_shadow_blur_strength_tablet=&#8221;1px&#8221; header_5_text_shadow_horizontal_length_tablet=&#8221;0px&#8221; header_5_text_shadow_vertical_length_tablet=&#8221;0px&#8221; header_5_text_shadow_blur_strength_tablet=&#8221;1px&#8221; header_6_text_shadow_horizontal_length_tablet=&#8221;0px&#8221; header_6_text_shadow_vertical_length_tablet=&#8221;0px&#8221; header_6_text_shadow_blur_strength_tablet=&#8221;1px&#8221; box_shadow_horizontal_tablet=&#8221;0px&#8221; box_shadow_vertical_tablet=&#8221;0px&#8221; box_shadow_blur_tablet=&#8221;40px&#8221; box_shadow_spread_tablet=&#8221;0px&#8221; global_colors_info=&#8221;{}&#8221;]<\/p>\n<h2>Bachillerato Modalidad Ciencias y Tecnolog\u00eda<\/h2>\n<p>El Bachillerato comprende dos cursos, se desarrollar\u00e1 en modalidades diferentes, y se organizar\u00e1 de modo flexible, a fin de que pueda ofrecer una preparaci\u00f3n especializada al alumnado acorde con sus perspectivas e intereses de formaci\u00f3n o permita la incorporaci\u00f3n a la vida activa una vez finalizado el mismo.<\/p>\n<p>El Bachillerato tiene como finalidad proporcionar al alumnado formaci\u00f3n, madurez intelectual y humana, conocimientos y habilidades que les permitan desarrollar funciones sociales e incorporarse a la vida activa con responsabilidad y competencia. Asimismo, capacitar\u00e1 al alumnado para acceder a la educaci\u00f3n superior.<\/p>\n<p>Asimismo, en esta etapa se prestar\u00e1 especial atenci\u00f3n a la toma de conciencia y la profundizaci\u00f3n en el an\u00e1lisis sobre temas y problemas que afectan a todas las personas en un mundo globalizado, entre los que se considerar\u00e1n la salud, la pobreza en el mundo, la emigraci\u00f3n y la desigualdad entre las personas, pueblos y naciones, as\u00ed como los principios b\u00e1sicos que rigen el funcionamiento del medio f\u00edsico y natural y las repercusiones que sobre el mismo tienen las actividades humanas, el agotamiento de los recursos naturales, la superpoblaci\u00f3n, la contaminaci\u00f3n o el calentamiento de la Tierra, todo ello, con objeto de fomentar la contribuci\u00f3n activa en la defensa, conservaci\u00f3n y mejora de nuestro entorno y del medioambiente como elemento determinante de la calidad de vida.<\/p>\n<p>Al final de esta etapa se consigue el T\u00edtulo de Bachiller que capacitar\u00e1 al alumnado&nbsp; para su acceso a estudios superiores o para su inserci\u00f3n en el mundo laboral.<\/p>\n<p>[\/et_pb_text][et_pb_tabs admin_label=&#8221;1\u00ba BACH CC&#8221; _builder_version=&#8221;4.24.2&#8243; _module_preset=&#8221;default&#8221; global_colors_info=&#8221;{}&#8221;][et_pb_tab title=&#8221;1\u00ba BACHILLERATO CIENCIAS Y TECNOLOG\u00cdA&#8221; _builder_version=&#8221;4.24.2&#8243; _module_preset=&#8221;default&#8221; global_colors_info=&#8221;{}&#8221;]<\/p>\n<table style=\"width: 98.2407%;height: 729px\" width=\"510\">\n<tbody>\n<tr style=\"height: 103px\">\n<td style=\"width: 34.1846%;height: 103px\" colspan=\"2\" width=\"170\">\n<p><strong>1\u00ba BACHILLERATO<\/strong><\/p>\n<p><strong>CIENCIAS Y TECNOLOG\u00cdA<\/strong><\/p>\n<\/td>\n<td style=\"width: 243.188%;height: 103px\" colspan=\"2\" width=\"340\"><strong>LOMLOE<\/strong><\/td>\n<\/tr>\n<tr style=\"height: 23px\">\n<td style=\"width: 34.1846%;height: 23px\" colspan=\"2\" width=\"170\"><strong>Bloques de Materias<\/strong><\/td>\n<td style=\"width: 45.5796%;height: 23px\" width=\"246\"><strong>Materias<\/strong><\/td>\n<td style=\"width: 197.608%;height: 23px\" width=\"94\"><strong>Horas<\/strong><\/td>\n<\/tr>\n<tr style=\"height: 23px\">\n<td style=\"width: 34.1846%;height: 92px\" colspan=\"2\" rowspan=\"4\" width=\"170\">Materias Comunes<\/td>\n<td style=\"width: 45.5796%;height: 23px\" width=\"246\">Lengua Castellana y Literatura<\/td>\n<td style=\"width: 197.608%;height: 23px\" width=\"94\">4<\/td>\n<\/tr>\n<tr style=\"height: 23px\">\n<td style=\"width: 45.5796%;height: 23px\" width=\"246\">Primera Lengua Extranjera (Ingl\u00e9s)<\/td>\n<td style=\"width: 197.608%;height: 23px\" width=\"94\">4<\/td>\n<\/tr>\n<tr style=\"height: 23px\">\n<td style=\"width: 45.5796%;height: 23px\" width=\"246\">Educaci\u00f3n F\u00edsica<\/td>\n<td style=\"width: 197.608%;height: 23px\" width=\"94\">2<\/td>\n<\/tr>\n<tr style=\"height: 23px\">\n<td style=\"width: 45.5796%;height: 23px\" width=\"246\">Filosof\u00eda<\/td>\n<td style=\"width: 197.608%;height: 23px\" width=\"94\">3<\/td>\n<\/tr>\n<tr style=\"height: 23px\">\n<td style=\"width: 34.1846%;height: 23px\" colspan=\"2\" width=\"170\">Materias espec\u00edficas de la modalidad. Obligatoria<\/td>\n<td style=\"width: 45.5796%;height: 23px\" width=\"246\">Matem\u00e1ticas I<\/td>\n<td style=\"width: 197.608%;height: 23px\" width=\"94\">4<\/td>\n<\/tr>\n<tr style=\"height: 103px\">\n<td style=\"width: 34.1846%;height: 172px\" colspan=\"2\" rowspan=\"4\" width=\"170\">Materias espec\u00edficas de la modalidad obligatoria (elegir dos)<\/td>\n<td style=\"width: 45.5796%;height: 103px\" width=\"246\">\n<p>Biolog\u00eda, Geolog\u00eda y Ciencias<\/p>\n<p>Ambientales<\/p>\n<\/td>\n<td style=\"width: 197.608%;height: 103px\" width=\"94\">4&nbsp;<\/td>\n<\/tr>\n<tr style=\"height: 23px\">\n<td style=\"width: 45.5796%;height: 23px\" width=\"246\">Dibujo T\u00e9cnico I<\/td>\n<td style=\"width: 197.608%;height: 23px\" width=\"94\">4<\/td>\n<\/tr>\n<tr style=\"height: 23px\">\n<td style=\"width: 45.5796%;height: 23px\" width=\"246\">F\u00edsica y Qu\u00edmica<\/td>\n<td style=\"width: 197.608%;height: 23px\" width=\"94\">4<\/td>\n<\/tr>\n<tr style=\"height: 23px\">\n<td style=\"width: 45.5796%;height: 23px\" width=\"246\">Tecnolog\u00eda e Ingenier\u00eda I<\/td>\n<td style=\"width: 197.608%;height: 23px\" width=\"94\">4<\/td>\n<\/tr>\n<tr style=\"height: 39px\">\n<td style=\"width: 22.0039%;height: 270px\" rowspan=\"7\" width=\"113\">\n<p>Materias<\/p>\n<p>Optativas<\/p>\n<p>Propias de<\/p>\n<p>la<\/p>\n<p>Comunidad<\/p>\n<\/td>\n<td style=\"width: 12.1807%;height: 270px\" rowspan=\"7\" width=\"58\">\n<p>Elegir dos<\/p>\n<p>optativas de 2<\/p>\n<p>horas<\/p>\n<p>&nbsp;<\/p>\n<p>&nbsp;<\/p>\n<\/td>\n<td style=\"width: 45.5796%;height: 39px\" width=\"246\">Ampliaci\u00f3n de Tecnolog\u00eda Industrial I<\/td>\n<td style=\"width: 197.608%;height: 39px\" width=\"94\">2<\/td>\n<\/tr>\n<tr style=\"height: 39px\">\n<td style=\"width: 45.5796%;height: 39px\" width=\"246\">Anatom\u00eda Aplicada<\/td>\n<td style=\"width: 197.608%;height: 39px\" width=\"94\">2<\/td>\n<\/tr>\n<tr style=\"height: 39px\">\n<td style=\"width: 45.5796%;height: 39px\" width=\"246\">Ingl\u00e9s Avanzado<\/td>\n<td style=\"width: 197.608%;height: 39px\" width=\"94\">2<\/td>\n<\/tr>\n<tr style=\"height: 36px\">\n<td style=\"width: 45.5796%;height: 36px\" width=\"246\">Ampliaci\u00f3n a la F\u00edsica<\/td>\n<td style=\"width: 197.608%;height: 36px\" width=\"94\">2<\/td>\n<\/tr>\n<tr style=\"height: 39px\">\n<td style=\"width: 45.5796%;height: 39px\" width=\"246\">Tecnolog\u00edas de la Informaci\u00f3n y la Comunicaci\u00f3n I<\/td>\n<td style=\"width: 197.608%;height: 39px\" width=\"94\">2<\/td>\n<\/tr>\n<tr style=\"height: 39px\">\n<td style=\"width: 45.5796%;height: 39px\" width=\"246\">Interpretaci\u00f3n Musical en las Artes Esc\u00e9nicas<\/td>\n<td style=\"width: 197.608%;height: 39px\" width=\"94\">2<\/td>\n<\/tr>\n<tr style=\"height: 39px\">\n<td style=\"width: 45.5796%;height: 39px\" width=\"246\">Segunda Lengua Extranjera (Franc\u00e9s)<\/td>\n<td style=\"width: 197.608%;height: 39px\" width=\"94\">2<\/td>\n<\/tr>\n<tr style=\"height: 23px\">\n<td style=\"width: 34.1846%;height: 23px\" colspan=\"2\" width=\"170\">Religi\u00f3n o Atenci\u00f3n Educativa<\/td>\n<td style=\"width: 45.5796%;height: 23px\" width=\"246\">&nbsp;<\/td>\n<td style=\"width: 197.608%;height: 23px\" width=\"94\">1<\/td>\n<\/tr>\n<tr style=\"height: 23px\">\n<td style=\"width: 22.0039%;height: 23px\" width=\"113\">&nbsp;<\/td>\n<td style=\"width: 12.1807%;height: 23px\" width=\"58\">&nbsp;<\/td>\n<td style=\"width: 45.5796%;height: 23px\" width=\"246\">TOTAL<\/td>\n<td style=\"width: 197.608%;height: 23px\" width=\"94\">30<\/td>\n<\/tr>\n<\/tbody>\n<\/table>\n<p>[\/et_pb_tab][\/et_pb_tabs][et_pb_tabs admin_label=&#8221;2\u00ba BACH CC&#8221; _builder_version=&#8221;4.24.2&#8243; _module_preset=&#8221;default&#8221; global_colors_info=&#8221;{}&#8221;][et_pb_tab title=&#8221;2\u00ba BACHILLERATO CIENCIAS Y TECNOLOG\u00cdA&#8221; _builder_version=&#8221;4.24.2&#8243; _module_preset=&#8221;default&#8221; global_colors_info=&#8221;{}&#8221;]<\/p>\n<table width=\"102%\">\n<tbody>\n<tr>\n<td colspan=\"2\" width=\"37%\">\n<p><strong>2\u00ba BACHILLERATO<\/strong><\/p>\n<p><strong>CIENCIAS Y TECNOLOG\u00cdA<\/strong><\/p>\n<\/td>\n<td colspan=\"2\" width=\"61%\"><strong>LOMLOE<\/strong><\/td>\n<\/tr>\n<tr>\n<td colspan=\"2\" width=\"37%\"><strong>Bloques de Materias<\/strong><\/td>\n<td width=\"48%\"><strong>Materias<\/strong><\/td>\n<td width=\"12%\"><strong>Horas<\/strong><\/td>\n<\/tr>\n<tr>\n<td colspan=\"2\" rowspan=\"4\" width=\"37%\">Materias Comunes<\/td>\n<td width=\"48%\">Lengua Castellana y Literatura<\/td>\n<td width=\"12%\">3<\/td>\n<\/tr>\n<tr>\n<td width=\"48%\">Primera Lengua Extranjera (Ingl\u00e9s)<\/td>\n<td width=\"12%\">3<\/td>\n<\/tr>\n<tr>\n<td width=\"48%\">Historia de Espa\u00f1a<\/td>\n<td width=\"12%\">4<\/td>\n<\/tr>\n<tr>\n<td width=\"48%\">Historia de la Filosof\u00eda<\/td>\n<td width=\"12%\">3<\/td>\n<\/tr>\n<tr>\n<td colspan=\"2\" width=\"37%\">Materias espec\u00edficas de la modalidad. Obligatoria<\/td>\n<td width=\"48%\">Matem\u00e1ticas II o Matem\u00e1ticas Aplicadas a las Ciencias Sociales II<\/td>\n<td width=\"12%\">4<\/td>\n<\/tr>\n<tr>\n<td colspan=\"2\" rowspan=\"5\" width=\"37%\">Materias espec\u00edficas de la modalidad obligatoria (elegir dos)<\/td>\n<td width=\"48%\">Biolog\u00eda<\/td>\n<td width=\"12%\">4&nbsp;<\/td>\n<\/tr>\n<tr>\n<td width=\"48%\">Dibujo T\u00e9cnico II<\/td>\n<td width=\"12%\">4<\/td>\n<\/tr>\n<tr>\n<td width=\"48%\">F\u00edsica<\/td>\n<td width=\"12%\">4<\/td>\n<\/tr>\n<tr>\n<td width=\"48%\">Tecnolog\u00eda e Ingenier\u00eda II<\/td>\n<td width=\"12%\">4<\/td>\n<\/tr>\n<tr>\n<td width=\"48%\">Qu\u00edmica<\/td>\n<td width=\"12%\">4<\/td>\n<\/tr>\n<tr>\n<td rowspan=\"6\" width=\"18%\">\n<p>Materias<\/p>\n<p>Optativas<\/p>\n<p>Propias de la<\/p>\n<p>Comunidad<\/p>\n<\/td>\n<td rowspan=\"6\" width=\"19%\">\n<p>Elegir dos<\/p>\n<p>optativas de 2<\/p>\n<p>horas&nbsp;<\/p>\n<\/td>\n<td width=\"48%\">Electrotecnia<\/td>\n<td width=\"12%\">2<\/td>\n<\/tr>\n<tr>\n<td width=\"48%\">Psicolog\u00eda<\/td>\n<td width=\"12%\">2<\/td>\n<\/tr>\n<tr>\n<td width=\"48%\">Comentario de Texto<\/td>\n<td width=\"12%\">2&nbsp;<\/td>\n<\/tr>\n<tr>\n<td width=\"48%\">Tecnolog\u00edas de la Informaci\u00f3n y la Comunicaci\u00f3n II<\/td>\n<td width=\"12%\">2<\/td>\n<\/tr>\n<tr>\n<td width=\"48%\">Laboratorio de Biolog\u00eda<\/td>\n<td width=\"12%\">2<\/td>\n<\/tr>\n<tr>\n<td width=\"48%\">Estad\u00edstica<\/td>\n<td width=\"12%\">2<\/td>\n<\/tr>\n<tr>\n<td colspan=\"2\" width=\"37%\">Religi\u00f3n o Proyectos transversales de educaci\u00f3n en valores<\/td>\n<td width=\"48%\">&nbsp;<\/td>\n<td width=\"12%\">1<\/td>\n<\/tr>\n<tr>\n<td width=\"18%\">&nbsp;<\/td>\n<td width=\"19%\">&nbsp;<\/td>\n<td width=\"48%\">TOTAL<\/td>\n<td width=\"12%\">30<\/td>\n<\/tr>\n<\/tbody>\n<\/table>\n<p>[\/et_pb_tab][\/et_pb_tabs][\/et_pb_column][\/et_pb_row][\/et_pb_section]<\/p>\n","protected":false},"excerpt":{"rendered":"<p>Bachillerato Modalidad Ciencias y Tecnolog\u00eda El Bachillerato comprende dos cursos, se desarrollar\u00e1 en modalidades diferentes, y se organizar\u00e1 de modo flexible, a fin de que pueda ofrecer una preparaci\u00f3n especializada al alumnado acorde con sus perspectivas e intereses de formaci\u00f3n o permita la incorporaci\u00f3n a la vida activa una vez finalizado el mismo. El Bachillerato [&hellip;]<\/p>\n","protected":false},"author":16057,"featured_media":0,"parent":0,"menu_order":0,"comment_status":"closed","ping_status":"closed","template":"","meta":{"_et_pb_use_builder":"on","_et_pb_old_content":"","_et_gb_content_width":"","ngg_post_thumbnail":0,"footnotes":""},"aioseo_notices":[],"_links":{"self":[{"href":"https:\/\/blogsaverroes.juntadeandalucia.es\/iesperezmercader\/wp-json\/wp\/v2\/pages\/1055"}],"collection":[{"href":"https:\/\/blogsaverroes.juntadeandalucia.es\/iesperezmercader\/wp-json\/wp\/v2\/pages"}],"about":[{"href":"https:\/\/blogsaverroes.juntadeandalucia.es\/iesperezmercader\/wp-json\/wp\/v2\/types\/page"}],"author":[{"embeddable":true,"href":"https:\/\/blogsaverroes.juntadeandalucia.es\/iesperezmercader\/wp-json\/wp\/v2\/users\/16057"}],"replies":[{"embeddable":true,"href":"https:\/\/blogsaverroes.juntadeandalucia.es\/iesperezmercader\/wp-json\/wp\/v2\/comments?post=1055"}],"version-history":[{"count":22,"href":"https:\/\/blogsaverroes.juntadeandalucia.es\/iesperezmercader\/wp-json\/wp\/v2\/pages\/1055\/revisions"}],"predecessor-version":[{"id":4692,"href":"https:\/\/blogsaverroes.juntadeandalucia.es\/iesperezmercader\/wp-json\/wp\/v2\/pages\/1055\/revisions\/4692"}],"wp:attachment":[{"href":"https:\/\/blogsaverroes.juntadeandalucia.es\/iesperezmercader\/wp-json\/wp\/v2\/media?parent=1055"}],"curies":[{"name":"wp","href":"https:\/\/api.w.org\/{rel}","templated":true}]}}