{"id":1132,"date":"2022-12-06T21:40:14","date_gmt":"2022-12-06T20:40:14","guid":{"rendered":"https:\/\/blogsaverroes.juntadeandalucia.es\/iesperezmercader\/?page_id=1132"},"modified":"2025-09-18T13:47:02","modified_gmt":"2025-09-18T12:47:02","slug":"libros-de-texto-bachillerato","status":"publish","type":"page","link":"https:\/\/blogsaverroes.juntadeandalucia.es\/iesperezmercader\/el-centro\/documentos\/libros-de-texto-bachillerato\/","title":{"rendered":"Libros de Texto Bachillerato"},"content":{"rendered":"<p><span style=\"font-size: 18pt\"><strong>LIBROS 1\u00ba BACHILLERATO CURSO 2025\/2026<\/strong><\/span><\/p>\n<table style=\"width: 86.8791%\">\n<tbody>\n<tr>\n<td style=\"width: 37.6812%\" width=\"310\"><strong>MATERIA<\/strong><\/td>\n<td style=\"width: 25.8555%\" width=\"218\"><strong>EDITORIAL<\/strong><\/td>\n<td style=\"width: 25.0576%\" width=\"255\"><strong>T\u00cdTULO<\/strong><\/td>\n<td style=\"width: 29.8294%\" width=\"151\"><strong>ISBN<\/strong><\/td>\n<\/tr>\n<tr>\n<td style=\"width: 37.6812%\" width=\"310\">Econom\u00eda<\/td>\n<td style=\"width: 25.8555%\" width=\"218\">Editorial McGraw Hill<\/td>\n<td style=\"width: 25.0576%\" width=\"255\">ECONOM\u00cdA<\/td>\n<td style=\"width: 29.8294%\" width=\"151\">9788448627447<\/td>\n<\/tr>\n<tr>\n<td style=\"width: 37.6812%\" width=\"310\">F\u00edsica y Qu\u00edmica<\/td>\n<td style=\"width: 25.8555%\" width=\"218\">SANTILLANA<\/td>\n<td style=\"width: 25.0576%\" width=\"255\">FISICA Y QUIMICA<\/td>\n<td style=\"width: 29.8294%\" width=\"151\">9788468067698<\/td>\n<\/tr>\n<tr>\n<td style=\"width: 37.6812%\" width=\"310\">Historia Mundo Contempor\u00e1neo<\/td>\n<td style=\"width: 25.8555%\" width=\"218\">SANTILLANA<\/td>\n<td style=\"width: 25.0576%\" width=\"255\">HMC 1\u00ba BACH<\/td>\n<td style=\"width: 29.8294%\" width=\"151\">9788468067728<\/td>\n<\/tr>\n<tr>\n<td style=\"width: 37.6812%\" width=\"310\">Ingl\u00e9s<\/td>\n<td style=\"width: 25.8555%\" width=\"218\">BURLINGTON BOOKS, S.A.<\/td>\n<td style=\"width: 25.0576%\" width=\"255\">SKILLS 1\u00ba Bachillerato SB<\/td>\n<td style=\"width: 29.8294%\" width=\"151\">9789925608621<\/td>\n<\/tr>\n<tr>\n<td style=\"width: 37.6812%\" width=\"310\">Lat\u00edn<\/td>\n<td style=\"width: 25.8555%\" width=\"218\">Casals<\/td>\n<td style=\"width: 25.0576%\" width=\"255\">Lat\u00edn<\/td>\n<td style=\"width: 29.8294%\" width=\"151\">9788421874745<\/td>\n<\/tr>\n<tr>\n<td style=\"width: 37.6812%\" width=\"310\">Lengua Castellana y Literatura&nbsp;<\/td>\n<td style=\"width: 25.8555%\" width=\"218\">ALGAIDA<\/td>\n<td style=\"width: 25.0576%\" width=\"255\">Lengua Castellana y Literatura<\/td>\n<td style=\"width: 29.8294%\" width=\"151\">9788491895657<\/td>\n<\/tr>\n<tr>\n<td style=\"width: 37.6812%\" width=\"310\">Matem\u00e1ticas<\/td>\n<td style=\"width: 25.8555%\" width=\"218\">ANAYA<\/td>\n<td style=\"width: 25.0576%\" width=\"255\">Matem\u00e1ticas I. Operaci\u00f3n Mundo&nbsp;<\/td>\n<td style=\"width: 29.8294%\" width=\"151\">9788414311127<\/td>\n<\/tr>\n<tr>\n<td style=\"width: 37.6812%\" width=\"310\">Matem\u00e1ticas CCSS<\/td>\n<td style=\"width: 25.8555%\" width=\"218\">ANAYA<\/td>\n<td style=\"width: 25.0576%\" width=\"255\">Matem\u00e1ticas Aplicadas a las CCSS I<\/td>\n<td style=\"width: 29.8294%\" width=\"151\">9788414311141<\/td>\n<\/tr>\n<tr>\n<td style=\"width: 37.6812%\" width=\"310\">Biolog\u00eda y Geolog\u00eda<\/td>\n<td style=\"width: 25.8555%\" width=\"218\">Mc Graw Hill<\/td>\n<td style=\"width: 25.0576%\" width=\"255\">Biolog\u00eda, Geolog\u00eda y Ciencias Ambientales 1\u00ba Bachillerato. Andaluc\u00eda.<\/td>\n<td style=\"width: 29.8294%\" width=\"151\">9788448642624<\/td>\n<\/tr>\n<tr>\n<td style=\"width: 37.6812%\" width=\"310\">&nbsp;<\/td>\n<td style=\"width: 25.8555%\" width=\"218\">&nbsp;<\/td>\n<td style=\"width: 25.0576%\" width=\"255\">&nbsp;<\/td>\n<td style=\"width: 29.8294%\" width=\"151\">&nbsp;<\/td>\n<\/tr>\n<\/tbody>\n<\/table>\n<p>&nbsp;<\/p>\n<p>Nota: &nbsp;<\/p>\n<p>En Dibujo T\u00e9cnico I: La profesora comunicar\u00e1 al alumnado al principio de curso el material necesario para la asignatura.<\/p>\n<p>En Lat\u00edn el libro es el mismo para 1\u00ba y 2\u00ba Bachillerato<\/p>\n<p>En las materias que no tienen libro seleccionado deber\u00e1n esperar al comienzo de curso y el profesor que imparta la materia, asesorado por el jefe de Departamento ser\u00e1 quien seleccione el libro de texto o bien puede que no sea necesario usar libro de texto.<\/p>\n<p><span style=\"font-size: 18pt\"><strong>LIBROS 2\u00ba BACHILLERATO CURSO 2025\/2026<\/strong><\/span><\/p>\n<table style=\"width: 87.3273%\" width=\"968\">\n<tbody>\n<tr>\n<td style=\"width: 36.2791%\" width=\"233\"><strong>MATERIA<\/strong><\/td>\n<td style=\"width: 26.4852%\" width=\"218\"><strong>EDITORIAL<\/strong><\/td>\n<td style=\"width: 22.3952%\" width=\"283\"><strong>T\u00cdTULO<\/strong><\/td>\n<td style=\"width: 35.0938%\" width=\"233\"><strong>ISBN<\/strong><\/td>\n<\/tr>\n<tr>\n<td style=\"width: 36.2791%\" width=\"233\">Ec. Y dise\u00f1o Mod. Negocio<\/td>\n<td style=\"width: 26.4852%\" width=\"218\">Editorial McGraw Hill<\/td>\n<td style=\"width: 22.3952%\" width=\"283\">&nbsp;<\/td>\n<td style=\"width: 35.0938%\" width=\"233\">9788448645786<\/td>\n<\/tr>\n<tr>\n<td style=\"width: 36.2791%\" width=\"233\">&nbsp;<\/td>\n<td style=\"width: 26.4852%\" width=\"218\">&nbsp;<\/td>\n<td style=\"width: 22.3952%\" width=\"283\">&nbsp;<\/td>\n<td style=\"width: 35.0938%\" width=\"233\">&nbsp;<\/td>\n<\/tr>\n<tr>\n<td style=\"width: 36.2791%\" width=\"233\">Historia de Espa\u00f1a<\/td>\n<td style=\"width: 26.4852%\" width=\"218\">Santillana<\/td>\n<td style=\"width: 22.3952%\" width=\"283\">&nbsp;<\/td>\n<td style=\"width: 35.0938%\" width=\"233\">9788491899341<\/td>\n<\/tr>\n<tr>\n<td style=\"width: 36.2791%\" width=\"233\">Historia del Arte<\/td>\n<td style=\"width: 26.4852%\" width=\"218\">Santillana<\/td>\n<td style=\"width: 22.3952%\" width=\"283\">&nbsp;<\/td>\n<td style=\"width: 35.0938%\" width=\"233\">9788414408438<\/td>\n<\/tr>\n<tr>\n<td style=\"width: 36.2791%\" width=\"233\">Ingl\u00e9s<\/td>\n<td style=\"width: 26.4852%\" width=\"218\">Burlington Books, S.A.<\/td>\n<td style=\"width: 22.3952%\" width=\"283\">Skills<\/td>\n<td style=\"width: 35.0938%\" width=\"233\">9789925361373<\/td>\n<\/tr>\n<tr>\n<td style=\"width: 36.2791%\" width=\"233\">Matem\u00e1ticas II<\/td>\n<td style=\"width: 26.4852%\" width=\"218\">Anaya<\/td>\n<td style=\"width: 22.3952%\" width=\"283\">Operaci\u00f3n Mundo<\/td>\n<td style=\"width: 35.0938%\" width=\"233\">9788414329573<\/td>\n<\/tr>\n<tr>\n<td style=\"width: 36.2791%\" width=\"233\">Mat Apl CCSS II<\/td>\n<td style=\"width: 26.4852%\" width=\"218\">Anaya<\/td>\n<td style=\"width: 22.3952%\" width=\"283\">Operaci\u00f3n Mundo<\/td>\n<td style=\"width: 35.0938%\" width=\"233\">9788414329597<\/td>\n<\/tr>\n<tr>\n<td style=\"width: 36.2791%\" width=\"233\">Lat\u00edn<\/td>\n<td style=\"width: 26.4852%\" width=\"218\">Casals<\/td>\n<td style=\"width: 22.3952%\" width=\"283\">Lat\u00edn<\/td>\n<td style=\"width: 35.0938%\" width=\"233\">9788421874745<\/td>\n<\/tr>\n<tr>\n<td style=\"width: 36.2791%\" width=\"233\">Lengua Castellana y Literatura&nbsp;<\/td>\n<td style=\"width: 26.4852%\" width=\"218\">Algaida<\/td>\n<td style=\"width: 22.3952%\" width=\"283\">&nbsp;<\/td>\n<td style=\"width: 35.0938%\" width=\"233\">&nbsp;9788491898160<\/td>\n<\/tr>\n<tr>\n<td style=\"width: 36.2791%\" width=\"233\">Biolog\u00eda<\/td>\n<td style=\"width: 26.4852%\" width=\"218\">Mc Graw Hill<\/td>\n<td style=\"width: 22.3952%\" width=\"283\">Biolog\u00eda 2\u00ba Bachillerato<\/td>\n<td style=\"width: 35.0938%\" width=\"233\">9788448639808<\/td>\n<\/tr>\n<tr>\n<td style=\"width: 36.2791%\" width=\"233\">Geograf\u00eda<\/td>\n<td style=\"width: 26.4852%\" width=\"218\">Santillana<\/td>\n<td style=\"width: 22.3952%\" width=\"283\">Geograf\u00eda de Espa\u00f1a 2\u00ba Bachillerato<\/td>\n<td style=\"width: 35.0938%\" width=\"233\">9788483057575<\/td>\n<\/tr>\n<\/tbody>\n<\/table>\n<p>&nbsp;<\/p>\n<p>Nota:&nbsp;<\/p>\n<p>En Dibujo T\u00e9cnico II: La profesora comunicar\u00e1 al alumnado al principio de curso el material necesario para la asignatura.<\/p>\n<p>En Lat\u00edn el libro es el mismo para 1\u00ba y 2\u00ba Bachillerato<\/p>\n<p>En F\u00edsica, el departamento no utilizar\u00e1 libro de texto, recomiendan de forma voluntaria; \u201cProblemas y cuestiones de F\u00edsica de la PEBAU en Andaluc\u00eda. Jaime Ruiz-Mateos. Sexta edici\u00f3n\u201d.<\/p>\n<p>En Qu\u00edmica, el departamento no utilizar\u00e1 libro de texto, recomiendan de forma voluntaria; \u201cLa f\u00f3rmula perfecta para aprobar Qu\u00edmica. Amigos de la Qu\u00edmica. Marta Vitores Barranco\u201d.&nbsp;<\/p>\n<p>En las materias que no tienen libro seleccionado deber\u00e1n esperar al comienzo de curso y el profesor que imparta la materia, asesorado por el jefe de Departamento ser\u00e1 quien seleccione el libro de texto o bien puede que no sea necesario usar libro de texto.<\/p>\n","protected":false},"excerpt":{"rendered":"<p>LIBROS 1\u00ba BACHILLERATO CURSO 2025\/2026 MATERIA EDITORIAL T\u00cdTULO ISBN Econom\u00eda Editorial McGraw Hill ECONOM\u00cdA 9788448627447 F\u00edsica y Qu\u00edmica SANTILLANA FISICA Y QUIMICA 9788468067698 Historia Mundo Contempor\u00e1neo SANTILLANA HMC 1\u00ba BACH 9788468067728 Ingl\u00e9s BURLINGTON BOOKS, S.A. SKILLS 1\u00ba Bachillerato SB 9789925608621 Lat\u00edn Casals Lat\u00edn 9788421874745 Lengua Castellana y Literatura&nbsp; ALGAIDA Lengua Castellana y Literatura 9788491895657 Matem\u00e1ticas [&hellip;]<\/p>\n","protected":false},"author":16057,"featured_media":0,"parent":1051,"menu_order":0,"comment_status":"closed","ping_status":"closed","template":"","meta":{"_et_pb_use_builder":"","_et_pb_old_content":"","_et_gb_content_width":"","ngg_post_thumbnail":0,"footnotes":""},"aioseo_notices":[],"_links":{"self":[{"href":"https:\/\/blogsaverroes.juntadeandalucia.es\/iesperezmercader\/wp-json\/wp\/v2\/pages\/1132"}],"collection":[{"href":"https:\/\/blogsaverroes.juntadeandalucia.es\/iesperezmercader\/wp-json\/wp\/v2\/pages"}],"about":[{"href":"https:\/\/blogsaverroes.juntadeandalucia.es\/iesperezmercader\/wp-json\/wp\/v2\/types\/page"}],"author":[{"embeddable":true,"href":"https:\/\/blogsaverroes.juntadeandalucia.es\/iesperezmercader\/wp-json\/wp\/v2\/users\/16057"}],"replies":[{"embeddable":true,"href":"https:\/\/blogsaverroes.juntadeandalucia.es\/iesperezmercader\/wp-json\/wp\/v2\/comments?post=1132"}],"version-history":[{"count":10,"href":"https:\/\/blogsaverroes.juntadeandalucia.es\/iesperezmercader\/wp-json\/wp\/v2\/pages\/1132\/revisions"}],"predecessor-version":[{"id":6628,"href":"https:\/\/blogsaverroes.juntadeandalucia.es\/iesperezmercader\/wp-json\/wp\/v2\/pages\/1132\/revisions\/6628"}],"up":[{"embeddable":true,"href":"https:\/\/blogsaverroes.juntadeandalucia.es\/iesperezmercader\/wp-json\/wp\/v2\/pages\/1051"}],"wp:attachment":[{"href":"https:\/\/blogsaverroes.juntadeandalucia.es\/iesperezmercader\/wp-json\/wp\/v2\/media?parent=1132"}],"curies":[{"name":"wp","href":"https:\/\/api.w.org\/{rel}","templated":true}]}}