{"id":1219,"date":"2022-12-08T10:58:42","date_gmt":"2022-12-08T09:58:42","guid":{"rendered":"https:\/\/blogsaverroes.juntadeandalucia.es\/iesperezmercader\/?page_id=1219"},"modified":"2025-11-16T20:36:45","modified_gmt":"2025-11-16T19:36:45","slug":"plan-de-centro","status":"publish","type":"page","link":"https:\/\/blogsaverroes.juntadeandalucia.es\/iesperezmercader\/el-centro\/documentos\/plan-de-centro\/","title":{"rendered":"Plan de Centro"},"content":{"rendered":"<p>[et_pb_section fb_built=&#8221;1&#8243; _builder_version=&#8221;4.16&#8243; custom_padding=&#8221;0px||0px|&#8221; z_index_tablet=&#8221;500&#8243; box_shadow_horizontal_tablet=&#8221;0px&#8221; box_shadow_vertical_tablet=&#8221;0px&#8221; box_shadow_blur_tablet=&#8221;40px&#8221; box_shadow_spread_tablet=&#8221;0px&#8221; global_colors_info=&#8221;{}&#8221;][et_pb_row _builder_version=&#8221;4.16&#8243; background_size=&#8221;initial&#8221; background_position=&#8221;top_left&#8221; background_repeat=&#8221;repeat&#8221; global_colors_info=&#8221;{}&#8221;][et_pb_column type=&#8221;4_4&#8243; _builder_version=&#8221;4.16&#8243; custom_padding=&#8221;|||&#8221; global_colors_info=&#8221;{}&#8221; custom_padding__hover=&#8221;|||&#8221;][et_pb_image src=&#8221;https:\/\/blogsaverroes.juntadeandalucia.es\/iesperezmercader\/files\/2022\/12\/Plan-de-Centro.jpg&#8221; title_text=&#8221;Plan de Centro&#8221; url=&#8221;https:\/\/ampaelembarcadero305132751.wordpress.com\/&#8221; url_new_window=&#8221;on&#8221; admin_label=&#8221;Imagen de la portada&#8221; _builder_version=&#8221;4.16&#8243; z_index_tablet=&#8221;500&#8243; box_shadow_horizontal_tablet=&#8221;0px&#8221; box_shadow_vertical_tablet=&#8221;0px&#8221; box_shadow_blur_tablet=&#8221;40px&#8221; box_shadow_spread_tablet=&#8221;0px&#8221; global_colors_info=&#8221;{}&#8221;][\/et_pb_image][et_pb_text admin_label=&#8221;Plan de centro 2025-2026&#8243; _builder_version=&#8221;4.24.2&#8243; hover_enabled=&#8221;0&#8243; z_index_tablet=&#8221;500&#8243; text_text_shadow_horizontal_length_tablet=&#8221;0px&#8221; text_text_shadow_vertical_length_tablet=&#8221;0px&#8221; text_text_shadow_blur_strength_tablet=&#8221;1px&#8221; link_text_shadow_horizontal_length_tablet=&#8221;0px&#8221; link_text_shadow_vertical_length_tablet=&#8221;0px&#8221; link_text_shadow_blur_strength_tablet=&#8221;1px&#8221; ul_text_shadow_horizontal_length_tablet=&#8221;0px&#8221; ul_text_shadow_vertical_length_tablet=&#8221;0px&#8221; ul_text_shadow_blur_strength_tablet=&#8221;1px&#8221; ol_text_shadow_horizontal_length_tablet=&#8221;0px&#8221; ol_text_shadow_vertical_length_tablet=&#8221;0px&#8221; ol_text_shadow_blur_strength_tablet=&#8221;1px&#8221; quote_text_shadow_horizontal_length_tablet=&#8221;0px&#8221; quote_text_shadow_vertical_length_tablet=&#8221;0px&#8221; quote_text_shadow_blur_strength_tablet=&#8221;1px&#8221; header_text_shadow_horizontal_length_tablet=&#8221;0px&#8221; header_text_shadow_vertical_length_tablet=&#8221;0px&#8221; header_text_shadow_blur_strength_tablet=&#8221;1px&#8221; header_2_text_shadow_horizontal_length_tablet=&#8221;0px&#8221; header_2_text_shadow_vertical_length_tablet=&#8221;0px&#8221; header_2_text_shadow_blur_strength_tablet=&#8221;1px&#8221; header_3_text_shadow_horizontal_length_tablet=&#8221;0px&#8221; header_3_text_shadow_vertical_length_tablet=&#8221;0px&#8221; header_3_text_shadow_blur_strength_tablet=&#8221;1px&#8221; header_4_text_shadow_horizontal_length_tablet=&#8221;0px&#8221; header_4_text_shadow_vertical_length_tablet=&#8221;0px&#8221; header_4_text_shadow_blur_strength_tablet=&#8221;1px&#8221; header_5_text_shadow_horizontal_length_tablet=&#8221;0px&#8221; header_5_text_shadow_vertical_length_tablet=&#8221;0px&#8221; header_5_text_shadow_blur_strength_tablet=&#8221;1px&#8221; header_6_text_shadow_horizontal_length_tablet=&#8221;0px&#8221; header_6_text_shadow_vertical_length_tablet=&#8221;0px&#8221; header_6_text_shadow_blur_strength_tablet=&#8221;1px&#8221; box_shadow_horizontal_tablet=&#8221;0px&#8221; box_shadow_vertical_tablet=&#8221;0px&#8221; box_shadow_blur_tablet=&#8221;40px&#8221; box_shadow_spread_tablet=&#8221;0px&#8221; global_colors_info=&#8221;{}&#8221; sticky_enabled=&#8221;0&#8243;]<\/p>\n<div id=\"contenido_sitio\">&nbsp;<\/div>\n<div style=\"text-align: left\">\n<p>Nuestro Plan de Centro, como documento en continua evoluci\u00f3n y adapt\u00e1ndose a la realidad as\u00ed como a los cambios normativos, ha tenido diferentes modificaciones, la \u00faltima versi\u00f3n aprobada por Claustro de Profesores y Consejo Escolar en el curso 2025-2026, se encuentra a disposici\u00f3n de toda la comunidad educativa y puede ser descargado para su consulta.<\/p>\n<p>&nbsp;<\/p>\n<\/div>\n<h5><strong>INDICE<\/strong><\/h5>\n<h6><a href=\"https:\/\/drive.google.com\/file\/d\/1YxLdfFjleb_jRYDcOmjtltNNjAxaZOQl\/view?usp=sharing\" target=\"_blank\" rel=\"noopener\">1. Introducci\u00f3n<\/a><\/h6>\n<h6>2. <a href=\"https:\/\/drive.google.com\/file\/d\/1AFpZ2nqVsjWVGik1B0e-XVFdLDzYw-6D\/view?usp=sharing\" target=\"_blank\" rel=\"noopener\">Proyecto Educativo<\/a><\/h6>\n<h6><a href=\"https:\/\/drive.google.com\/file\/d\/1O4WkH5Gp4Aa7OVU3rF_gCJxX9BCi9PJ9\/view?usp=sharing\" target=\"_blank\" rel=\"noopener\">3. Reglamento de Organizaci\u00f3n y Funcionamiento<\/a><\/h6>\n<h6><a href=\"https:\/\/drive.google.com\/file\/d\/16J9c6bSIdtdZaOLV3KbL0veP_wR67-_6\/view?usp=sharing\" target=\"_blank\" rel=\"noopener\">4. Proyecto de Gesti\u00f3n<\/a><\/h6>\n<p>&nbsp;<\/p>\n<h5><strong>ANEXOS<\/strong><\/h5>\n<h6><a href=\"https:\/\/drive.google.com\/file\/d\/1sdrTbdvgNNmi6GySD0HyH44zpG8_ajkX\/view?usp=sharing\" target=\"_blank\" rel=\"noopener noreferrer\">Anexo I. Plan de Atenci\u00f3n a la Diversidad<\/a><\/h6>\n<h6><a href=\"https:\/\/drive.google.com\/file\/d\/1AT08DRo6K9WY3lb31dkQw5L3D_4Aa5WT\/view?usp=sharing\" target=\"_blank\" rel=\"noopener noreferrer\">Anexo II. Plan de Orientaci\u00f3n y Acci\u00f3n Tutorial<\/a><\/h6>\n<h6><a href=\"https:\/\/drive.google.com\/file\/d\/1ag8roESGZ9S27Cy4PuvHO4Jhg2WRuk4v\/view?usp=sharing\" target=\"_blank\" rel=\"noopener\">Anexo III. Plan de Convivencia<\/a><\/h6>\n<h6><a href=\"https:\/\/drive.google.com\/file\/d\/1Ssw-plZlhCwmjWvXPW_A-_Yq3JkkvR0g\/view?usp=sharing\" target=\"_blank\" rel=\"noopener noreferrer\">Anexo IV. Plan de Formaci\u00f3n<\/a><\/h6>\n<h6><a href=\"https:\/\/drive.google.com\/file\/d\/1hxvyMo6aZJmflTKFZHEqKGfiO0TRciUG\/view?usp=sharing\" target=\"_blank\" rel=\"noopener noreferrer\">Anexo V. Programa Centro Biling\u00fce<\/a><\/h6>\n<h6><a href=\"https:\/\/drive.google.com\/file\/d\/1Kn5bCdiQZabVN_0D2L8sNr4wKIn11fBx\/view?usp=sharing\" target=\"_blank\" rel=\"noopener noreferrer\">Anexo VI. Plan de Actuaci\u00f3n Digital<\/a><\/h6>\n<h6><a href=\"https:\/\/drive.google.com\/file\/d\/1eGMCezeblOXIekgQz8Ajd7k7RVKxFRFi\/view?usp=sharing\" target=\"_blank\" rel=\"noopener noreferrer\">Anexo VII. Plan de Prevenci\u00f3n Riesgos Laborales y Autoprotecci\u00f3n Escolar<\/a><\/h6>\n<h6><a href=\"https:\/\/drive.google.com\/file\/d\/11yL9Mvtt7HRreP8wF9DOC7xA87ExarvL\/view?usp=sharing\" target=\"_blank\" rel=\"noopener noreferrer\">Anexo VIII. Planes y Programas<\/a><\/h6>\n<h6><a href=\"https:\/\/drive.google.com\/file\/d\/1yhcLHDmAHd0i6VDFusKLvFxC2ihmEHd0\/view?usp=sharing\" target=\"_blank\" rel=\"noopener noreferrer\">Anexo IX. Plan de Lectura<\/a><\/h6>\n<p>&nbsp;<\/p>\n<p>[\/et_pb_text][\/et_pb_column][\/et_pb_row][\/et_pb_section]<\/p>\n","protected":false},"excerpt":{"rendered":"<p>&nbsp; Nuestro Plan de Centro, como documento en continua evoluci\u00f3n y adapt\u00e1ndose a la realidad as\u00ed como a los cambios normativos, ha tenido diferentes modificaciones, la \u00faltima versi\u00f3n aprobada por Claustro de Profesores y Consejo Escolar en el curso 2025-2026, se encuentra a disposici\u00f3n de toda la comunidad educativa y puede ser descargado para su [&hellip;]<\/p>\n","protected":false},"author":16057,"featured_media":1778,"parent":1051,"menu_order":0,"comment_status":"closed","ping_status":"closed","template":"","meta":{"_et_pb_use_builder":"on","_et_pb_old_content":"","_et_gb_content_width":"","ngg_post_thumbnail":0,"footnotes":""},"aioseo_notices":[],"_links":{"self":[{"href":"https:\/\/blogsaverroes.juntadeandalucia.es\/iesperezmercader\/wp-json\/wp\/v2\/pages\/1219"}],"collection":[{"href":"https:\/\/blogsaverroes.juntadeandalucia.es\/iesperezmercader\/wp-json\/wp\/v2\/pages"}],"about":[{"href":"https:\/\/blogsaverroes.juntadeandalucia.es\/iesperezmercader\/wp-json\/wp\/v2\/types\/page"}],"author":[{"embeddable":true,"href":"https:\/\/blogsaverroes.juntadeandalucia.es\/iesperezmercader\/wp-json\/wp\/v2\/users\/16057"}],"replies":[{"embeddable":true,"href":"https:\/\/blogsaverroes.juntadeandalucia.es\/iesperezmercader\/wp-json\/wp\/v2\/comments?post=1219"}],"version-history":[{"count":46,"href":"https:\/\/blogsaverroes.juntadeandalucia.es\/iesperezmercader\/wp-json\/wp\/v2\/pages\/1219\/revisions"}],"predecessor-version":[{"id":6891,"href":"https:\/\/blogsaverroes.juntadeandalucia.es\/iesperezmercader\/wp-json\/wp\/v2\/pages\/1219\/revisions\/6891"}],"up":[{"embeddable":true,"href":"https:\/\/blogsaverroes.juntadeandalucia.es\/iesperezmercader\/wp-json\/wp\/v2\/pages\/1051"}],"wp:featuredmedia":[{"embeddable":true,"href":"https:\/\/blogsaverroes.juntadeandalucia.es\/iesperezmercader\/wp-json\/wp\/v2\/media\/1778"}],"wp:attachment":[{"href":"https:\/\/blogsaverroes.juntadeandalucia.es\/iesperezmercader\/wp-json\/wp\/v2\/media?parent=1219"}],"curies":[{"name":"wp","href":"https:\/\/api.w.org\/{rel}","templated":true}]}}