{"id":1386,"date":"2022-12-10T19:17:19","date_gmt":"2022-12-10T18:17:19","guid":{"rendered":"https:\/\/blogsaverroes.juntadeandalucia.es\/iesperezmercader\/?page_id=1386"},"modified":"2024-11-17T12:27:11","modified_gmt":"2024-11-17T11:27:11","slug":"practicum-master-secundaria","status":"publish","type":"page","link":"https:\/\/blogsaverroes.juntadeandalucia.es\/iesperezmercader\/planes-y-proyectos\/practicum-master-secundaria\/","title":{"rendered":"Pr\u00e1cticum Secundaria"},"content":{"rendered":"<p>[et_pb_section fb_built=&#8221;1&#8243; _builder_version=&#8221;4.16&#8243; custom_padding=&#8221;0px||0px|&#8221; z_index_tablet=&#8221;500&#8243; box_shadow_horizontal_tablet=&#8221;0px&#8221; box_shadow_vertical_tablet=&#8221;0px&#8221; box_shadow_blur_tablet=&#8221;40px&#8221; box_shadow_spread_tablet=&#8221;0px&#8221; global_colors_info=&#8221;{}&#8221;][et_pb_row _builder_version=&#8221;4.16&#8243; background_size=&#8221;initial&#8221; background_position=&#8221;top_left&#8221; background_repeat=&#8221;repeat&#8221; global_colors_info=&#8221;{}&#8221;][et_pb_column type=&#8221;4_4&#8243; _builder_version=&#8221;4.16&#8243; custom_padding=&#8221;|||&#8221; global_colors_info=&#8221;{}&#8221; custom_padding__hover=&#8221;|||&#8221;][et_pb_image src=&#8221;https:\/\/blogsaverroes.juntadeandalucia.es\/iesperezmercader\/files\/2022\/12\/Practicum-secundaria.jpg&#8221; title_text=&#8221;Practicum&#8221; url=&#8221;https:\/\/ampaelembarcadero305132751.wordpress.com\/&#8221; url_new_window=&#8221;on&#8221; admin_label=&#8221;Imagen practicum&#8221; _builder_version=&#8221;4.16&#8243; z_index_tablet=&#8221;500&#8243; box_shadow_horizontal_tablet=&#8221;0px&#8221; box_shadow_vertical_tablet=&#8221;0px&#8221; box_shadow_blur_tablet=&#8221;40px&#8221; box_shadow_spread_tablet=&#8221;0px&#8221; global_colors_info=&#8221;{}&#8221;][\/et_pb_image][et_pb_text admin_label=&#8221;Texto master secundaria&#8221; _builder_version=&#8221;4.24.2&#8243; hover_enabled=&#8221;0&#8243; z_index_tablet=&#8221;500&#8243; text_text_shadow_horizontal_length_tablet=&#8221;0px&#8221; text_text_shadow_vertical_length_tablet=&#8221;0px&#8221; text_text_shadow_blur_strength_tablet=&#8221;1px&#8221; link_text_shadow_horizontal_length_tablet=&#8221;0px&#8221; link_text_shadow_vertical_length_tablet=&#8221;0px&#8221; link_text_shadow_blur_strength_tablet=&#8221;1px&#8221; ul_text_shadow_horizontal_length_tablet=&#8221;0px&#8221; ul_text_shadow_vertical_length_tablet=&#8221;0px&#8221; ul_text_shadow_blur_strength_tablet=&#8221;1px&#8221; ol_text_shadow_horizontal_length_tablet=&#8221;0px&#8221; ol_text_shadow_vertical_length_tablet=&#8221;0px&#8221; ol_text_shadow_blur_strength_tablet=&#8221;1px&#8221; quote_text_shadow_horizontal_length_tablet=&#8221;0px&#8221; quote_text_shadow_vertical_length_tablet=&#8221;0px&#8221; quote_text_shadow_blur_strength_tablet=&#8221;1px&#8221; header_text_shadow_horizontal_length_tablet=&#8221;0px&#8221; header_text_shadow_vertical_length_tablet=&#8221;0px&#8221; header_text_shadow_blur_strength_tablet=&#8221;1px&#8221; header_2_text_shadow_horizontal_length_tablet=&#8221;0px&#8221; header_2_text_shadow_vertical_length_tablet=&#8221;0px&#8221; header_2_text_shadow_blur_strength_tablet=&#8221;1px&#8221; header_3_text_shadow_horizontal_length_tablet=&#8221;0px&#8221; header_3_text_shadow_vertical_length_tablet=&#8221;0px&#8221; header_3_text_shadow_blur_strength_tablet=&#8221;1px&#8221; header_4_text_shadow_horizontal_length_tablet=&#8221;0px&#8221; header_4_text_shadow_vertical_length_tablet=&#8221;0px&#8221; header_4_text_shadow_blur_strength_tablet=&#8221;1px&#8221; header_5_text_shadow_horizontal_length_tablet=&#8221;0px&#8221; header_5_text_shadow_vertical_length_tablet=&#8221;0px&#8221; header_5_text_shadow_blur_strength_tablet=&#8221;1px&#8221; header_6_text_shadow_horizontal_length_tablet=&#8221;0px&#8221; header_6_text_shadow_vertical_length_tablet=&#8221;0px&#8221; header_6_text_shadow_blur_strength_tablet=&#8221;1px&#8221; box_shadow_horizontal_tablet=&#8221;0px&#8221; box_shadow_vertical_tablet=&#8221;0px&#8221; box_shadow_blur_tablet=&#8221;40px&#8221; box_shadow_spread_tablet=&#8221;0px&#8221; global_colors_info=&#8221;{}&#8221; sticky_enabled=&#8221;0&#8243;]<\/p>\n<p>A trav\u00e9s de este programa el IES Juan A. P\u00e9rez Mercader contar\u00e1 con un grupo de alumnos y &nbsp;alumnas en pr\u00e1cticas de la Universidad de Huelva que trabajar\u00e1n en una situaci\u00f3n real las competencias generales de su M\u00e1ster y las espec\u00edficas de su asignatura.<\/p>\n<p>En los Centros de pr\u00e1cticas, adem\u00e1s de la planificaci\u00f3n y la intervenci\u00f3n docente directa, se participar\u00e1 en diferentes aspectos de la vida del Centro necesarios para la pr\u00e1ctica profesional.<\/p>\n<p>El Centro se compromete a:&nbsp;<\/p>\n<ul>\n<li>Incorporar al Proyecto educativo del centro el correspondiente Proyecto Formativo Universitario que tendr\u00e1 la consideraci\u00f3n de n\u00facleo de colaboraci\u00f3n entre los miembros de la Comunidad Educativa y la Universidad correspondiente.<\/li>\n<li>Recibir al alumnado de pr\u00e1cticas y facilitarles la utilizaci\u00f3n de los materiales y recursos did\u00e1cticos disponibles en el centro e integrarlos en las distintas actividades educativas.<\/li>\n<li>Informar al alumnado en pr\u00e1cticas de las normas de funcionamiento del centro, su proyecto educativo y los programas en los que est\u00e9 participando.<\/li>\n<li>Velar para que el alumnado en pr\u00e1cticas respete las normas del centro, informando a \u00e9ste sobre el calendario, horarios y r\u00e9gimen de permisos vigente para el profesorado del centro.<\/li>\n<li>Controlar las justificaciones de ausencias del alumnado en pr\u00e1cticas, que est\u00e1 obligado a solicitar, con la antelaci\u00f3n suficiente, ante la direcci\u00f3n del centro, cualquier permiso especial que necesite.<\/li>\n<li>Prestar ayuda y asistencia al estudiante, durante su estancia, para la resoluci\u00f3n de aquellas cuestiones de car\u00e1cter profesional que pueda necesitar en el desempe\u00f1o de su actividad en el centro educativo.<\/li>\n<li>Facilitar al personal tutor\/a acad\u00e9mico de la Universidad el acceso al centro para el cumplimiento de los fines propios de su funci\u00f3n. Asimismo, deber\u00e1 facilitar el listado de tutores y tutoras del correspondiente alumnado en pr\u00e1cticas y cumplimentaci\u00f3n de los documentos requeridos por la Universidad.<\/li>\n<li>Cuidar que el alumnado no asuma responsabilidades que requieran cualificaci\u00f3n profesional, ni act\u00faen sin la supervisi\u00f3n del profesorado tutor de pr\u00e1cticas.<\/li>\n<\/ul>\n<p>El profesorado tutor del alumnado universitario se compromete a:<\/p>\n<ul>\n<li>Acoger al estudiante y organizar la actividad a desarrollar con arreglo a lo establecido en el Proyecto Formativo.<\/li>\n<li>Supervisar sus actividades, orientar y controlar el desarrollo de la pr\u00e1ctica con una relaci\u00f3n basada en el respeto mutuo y el compromiso con el aprendizaje.<\/li>\n<li>Informar al estudiante de la organizaci\u00f3n y funcionamiento del centro docente y de la normativa de inter\u00e9s, especialmente la relativa a la seguridad y riesgos laborales.<\/li>\n<li>Coordinar con el\/la tutor\/a acad\u00e9mico de la Universidad el desarrollo de las actividades, incluyendo aquellas modificaciones del plan formativo que puedan ser necesarias para el normal desarrollo de la pr\u00e1ctica, as\u00ed como la comunicaci\u00f3n y resoluci\u00f3n de posibles incidencias que pudieran surgir en el desarrollo de la misma, justificaci\u00f3n de ausencias y el control de permisos para la realizaci\u00f3n de ex\u00e1menes.<\/li>\n<li>Realizar y enviar a el\/la tutor\/a universitario el informe final, a la conclusi\u00f3n de las pr\u00e1cticas, que recoger\u00e1 el n\u00famero de horas realizadas por el estudiante y en el cual podr\u00e1 valorar las&nbsp;<br \/>competencias gen\u00e9ricas y espec\u00edficas previstas en el Proyecto Formativo.<\/li>\n<li>Guardar confidencialidad en relaci\u00f3n con cualquier informaci\u00f3n que conozca del estudiante como consecuencia de su actividad como tutor.<\/li>\n<\/ul>\n<p>[\/et_pb_text][\/et_pb_column][\/et_pb_row][\/et_pb_section]<\/p>\n","protected":false},"excerpt":{"rendered":"<p>A trav\u00e9s de este programa el IES Juan A. P\u00e9rez Mercader contar\u00e1 con un grupo de alumnos y &nbsp;alumnas en pr\u00e1cticas de la Universidad de Huelva que trabajar\u00e1n en una situaci\u00f3n real las competencias generales de su M\u00e1ster y las espec\u00edficas de su asignatura. En los Centros de pr\u00e1cticas, adem\u00e1s de la planificaci\u00f3n y la [&hellip;]<\/p>\n","protected":false},"author":16057,"featured_media":1389,"parent":55,"menu_order":0,"comment_status":"closed","ping_status":"closed","template":"","meta":{"_et_pb_use_builder":"on","_et_pb_old_content":"","_et_gb_content_width":"","ngg_post_thumbnail":0,"footnotes":""},"aioseo_notices":[],"_links":{"self":[{"href":"https:\/\/blogsaverroes.juntadeandalucia.es\/iesperezmercader\/wp-json\/wp\/v2\/pages\/1386"}],"collection":[{"href":"https:\/\/blogsaverroes.juntadeandalucia.es\/iesperezmercader\/wp-json\/wp\/v2\/pages"}],"about":[{"href":"https:\/\/blogsaverroes.juntadeandalucia.es\/iesperezmercader\/wp-json\/wp\/v2\/types\/page"}],"author":[{"embeddable":true,"href":"https:\/\/blogsaverroes.juntadeandalucia.es\/iesperezmercader\/wp-json\/wp\/v2\/users\/16057"}],"replies":[{"embeddable":true,"href":"https:\/\/blogsaverroes.juntadeandalucia.es\/iesperezmercader\/wp-json\/wp\/v2\/comments?post=1386"}],"version-history":[{"count":7,"href":"https:\/\/blogsaverroes.juntadeandalucia.es\/iesperezmercader\/wp-json\/wp\/v2\/pages\/1386\/revisions"}],"predecessor-version":[{"id":5572,"href":"https:\/\/blogsaverroes.juntadeandalucia.es\/iesperezmercader\/wp-json\/wp\/v2\/pages\/1386\/revisions\/5572"}],"up":[{"embeddable":true,"href":"https:\/\/blogsaverroes.juntadeandalucia.es\/iesperezmercader\/wp-json\/wp\/v2\/pages\/55"}],"wp:featuredmedia":[{"embeddable":true,"href":"https:\/\/blogsaverroes.juntadeandalucia.es\/iesperezmercader\/wp-json\/wp\/v2\/media\/1389"}],"wp:attachment":[{"href":"https:\/\/blogsaverroes.juntadeandalucia.es\/iesperezmercader\/wp-json\/wp\/v2\/media?parent=1386"}],"curies":[{"name":"wp","href":"https:\/\/api.w.org\/{rel}","templated":true}]}}