{"id":1472,"date":"2022-12-11T15:04:03","date_gmt":"2022-12-11T14:04:03","guid":{"rendered":"https:\/\/blogsaverroes.juntadeandalucia.es\/iesperezmercader\/?page_id=1472"},"modified":"2024-11-17T12:54:26","modified_gmt":"2024-11-17T11:54:26","slug":"programa-aldea","status":"publish","type":"page","link":"https:\/\/blogsaverroes.juntadeandalucia.es\/iesperezmercader\/planes-y-proyectos\/programa-aldea\/","title":{"rendered":"Programa Aldea"},"content":{"rendered":"<p>[et_pb_section fb_built=&#8221;1&#8243; _builder_version=&#8221;4.16&#8243; custom_padding=&#8221;0px||0px|&#8221; z_index_tablet=&#8221;500&#8243; box_shadow_horizontal_tablet=&#8221;0px&#8221; box_shadow_vertical_tablet=&#8221;0px&#8221; box_shadow_blur_tablet=&#8221;40px&#8221; box_shadow_spread_tablet=&#8221;0px&#8221; global_colors_info=&#8221;{}&#8221;][et_pb_row _builder_version=&#8221;4.16&#8243; background_size=&#8221;initial&#8221; background_position=&#8221;top_left&#8221; background_repeat=&#8221;repeat&#8221; global_colors_info=&#8221;{}&#8221;][et_pb_column type=&#8221;4_4&#8243; _builder_version=&#8221;4.16&#8243; custom_padding=&#8221;|||&#8221; global_colors_info=&#8221;{}&#8221; custom_padding__hover=&#8221;|||&#8221;][et_pb_image src=&#8221;https:\/\/blogsaverroes.juntadeandalucia.es\/iesperezmercader\/files\/2022\/12\/Aldea-B.jpg&#8221; title_text=&#8221;Aldea B&#8221; url=&#8221;https:\/\/ampaelembarcadero305132751.wordpress.com\/&#8221; url_new_window=&#8221;on&#8221; admin_label=&#8221;Imagen programa Aldea&#8221; _builder_version=&#8221;4.16&#8243; z_index_tablet=&#8221;500&#8243; box_shadow_horizontal_tablet=&#8221;0px&#8221; box_shadow_vertical_tablet=&#8221;0px&#8221; box_shadow_blur_tablet=&#8221;40px&#8221; box_shadow_spread_tablet=&#8221;0px&#8221; global_colors_info=&#8221;{}&#8221;][\/et_pb_image][et_pb_text admin_label=&#8221;Texto Programa Aldea&#8221; _builder_version=&#8221;4.24.2&#8243; hover_enabled=&#8221;0&#8243; z_index_tablet=&#8221;500&#8243; text_text_shadow_horizontal_length_tablet=&#8221;0px&#8221; text_text_shadow_vertical_length_tablet=&#8221;0px&#8221; text_text_shadow_blur_strength_tablet=&#8221;1px&#8221; link_text_shadow_horizontal_length_tablet=&#8221;0px&#8221; link_text_shadow_vertical_length_tablet=&#8221;0px&#8221; link_text_shadow_blur_strength_tablet=&#8221;1px&#8221; ul_text_shadow_horizontal_length_tablet=&#8221;0px&#8221; ul_text_shadow_vertical_length_tablet=&#8221;0px&#8221; ul_text_shadow_blur_strength_tablet=&#8221;1px&#8221; ol_text_shadow_horizontal_length_tablet=&#8221;0px&#8221; ol_text_shadow_vertical_length_tablet=&#8221;0px&#8221; ol_text_shadow_blur_strength_tablet=&#8221;1px&#8221; quote_text_shadow_horizontal_length_tablet=&#8221;0px&#8221; quote_text_shadow_vertical_length_tablet=&#8221;0px&#8221; quote_text_shadow_blur_strength_tablet=&#8221;1px&#8221; header_text_shadow_horizontal_length_tablet=&#8221;0px&#8221; header_text_shadow_vertical_length_tablet=&#8221;0px&#8221; header_text_shadow_blur_strength_tablet=&#8221;1px&#8221; header_2_text_shadow_horizontal_length_tablet=&#8221;0px&#8221; header_2_text_shadow_vertical_length_tablet=&#8221;0px&#8221; header_2_text_shadow_blur_strength_tablet=&#8221;1px&#8221; header_3_text_shadow_horizontal_length_tablet=&#8221;0px&#8221; header_3_text_shadow_vertical_length_tablet=&#8221;0px&#8221; header_3_text_shadow_blur_strength_tablet=&#8221;1px&#8221; header_4_text_shadow_horizontal_length_tablet=&#8221;0px&#8221; header_4_text_shadow_vertical_length_tablet=&#8221;0px&#8221; header_4_text_shadow_blur_strength_tablet=&#8221;1px&#8221; header_5_text_shadow_horizontal_length_tablet=&#8221;0px&#8221; header_5_text_shadow_vertical_length_tablet=&#8221;0px&#8221; header_5_text_shadow_blur_strength_tablet=&#8221;1px&#8221; header_6_text_shadow_horizontal_length_tablet=&#8221;0px&#8221; header_6_text_shadow_vertical_length_tablet=&#8221;0px&#8221; header_6_text_shadow_blur_strength_tablet=&#8221;1px&#8221; box_shadow_horizontal_tablet=&#8221;0px&#8221; box_shadow_vertical_tablet=&#8221;0px&#8221; box_shadow_blur_tablet=&#8221;40px&#8221; box_shadow_spread_tablet=&#8221;0px&#8221; global_colors_info=&#8221;{}&#8221; sticky_enabled=&#8221;0&#8243;]<\/p>\n<p>Aldea, Educaci\u00f3n Ambiental para la Comunidad Educativa, se caracteriza por abordar la educaci\u00f3n ambiental desde un enfoque sist\u00e9mico, integral, colaborativo y continuado en el tiempo que requiere de investigaci\u00f3n, planificaci\u00f3n de la intervenci\u00f3n, seguimiento y evaluaci\u00f3n para ajustar la estrategia a la realidad \u00fanica y cambiante de cada contexto educativo.<\/p>\n<p>Cuyo objetivo es desarrollar un Programa de educaci\u00f3n ambiental desde una perspectiva integral, con enfoques did\u00e1cticos innovadores, fomentando la acci\u00f3n participativa de toda la comunidad educativa y promoviendo l\u00edneas de intervenci\u00f3n sobre distintos escenarios y situaciones que den respuesta a problem\u00e1ticas ambientales relacionadas con: medio urbano, cambio clim\u00e1tico, relaciones del ser humano con su entorno social y natural (\u00e1mbito ecosocial), energ\u00edas, biodiversidad, h\u00e1bitats y espacios naturales, litoral, agua, bosques, aves, residuos y\/o consumo. Se trata en definitiva de promover las escuelas como entornos de aprendizaje sostenible impulsoras de la transformaci\u00f3n f\u00edsica y social, donde profesorado y alumnado integren los principios de la educaci\u00f3n ecosocial en su pr\u00e1ctica cotidiana.<\/p>\n<p>&nbsp;<\/p>\n<p>&nbsp;<\/p>\n<p>[\/et_pb_text][\/et_pb_column][\/et_pb_row][\/et_pb_section]<\/p>\n","protected":false},"excerpt":{"rendered":"<p>Aldea, Educaci\u00f3n Ambiental para la Comunidad Educativa, se caracteriza por abordar la educaci\u00f3n ambiental desde un enfoque sist\u00e9mico, integral, colaborativo y continuado en el tiempo que requiere de investigaci\u00f3n, planificaci\u00f3n de la intervenci\u00f3n, seguimiento y evaluaci\u00f3n para ajustar la estrategia a la realidad \u00fanica y cambiante de cada contexto educativo. Cuyo objetivo es desarrollar un [&hellip;]<\/p>\n","protected":false},"author":16057,"featured_media":1468,"parent":55,"menu_order":0,"comment_status":"closed","ping_status":"closed","template":"","meta":{"_et_pb_use_builder":"on","_et_pb_old_content":"","_et_gb_content_width":"","ngg_post_thumbnail":0,"footnotes":""},"aioseo_notices":[],"_links":{"self":[{"href":"https:\/\/blogsaverroes.juntadeandalucia.es\/iesperezmercader\/wp-json\/wp\/v2\/pages\/1472"}],"collection":[{"href":"https:\/\/blogsaverroes.juntadeandalucia.es\/iesperezmercader\/wp-json\/wp\/v2\/pages"}],"about":[{"href":"https:\/\/blogsaverroes.juntadeandalucia.es\/iesperezmercader\/wp-json\/wp\/v2\/types\/page"}],"author":[{"embeddable":true,"href":"https:\/\/blogsaverroes.juntadeandalucia.es\/iesperezmercader\/wp-json\/wp\/v2\/users\/16057"}],"replies":[{"embeddable":true,"href":"https:\/\/blogsaverroes.juntadeandalucia.es\/iesperezmercader\/wp-json\/wp\/v2\/comments?post=1472"}],"version-history":[{"count":6,"href":"https:\/\/blogsaverroes.juntadeandalucia.es\/iesperezmercader\/wp-json\/wp\/v2\/pages\/1472\/revisions"}],"predecessor-version":[{"id":5580,"href":"https:\/\/blogsaverroes.juntadeandalucia.es\/iesperezmercader\/wp-json\/wp\/v2\/pages\/1472\/revisions\/5580"}],"up":[{"embeddable":true,"href":"https:\/\/blogsaverroes.juntadeandalucia.es\/iesperezmercader\/wp-json\/wp\/v2\/pages\/55"}],"wp:featuredmedia":[{"embeddable":true,"href":"https:\/\/blogsaverroes.juntadeandalucia.es\/iesperezmercader\/wp-json\/wp\/v2\/media\/1468"}],"wp:attachment":[{"href":"https:\/\/blogsaverroes.juntadeandalucia.es\/iesperezmercader\/wp-json\/wp\/v2\/media?parent=1472"}],"curies":[{"name":"wp","href":"https:\/\/api.w.org\/{rel}","templated":true}]}}