{"id":1499,"date":"2022-12-11T18:27:37","date_gmt":"2022-12-11T17:27:37","guid":{"rendered":"https:\/\/blogsaverroes.juntadeandalucia.es\/iesperezmercader\/?page_id=1499"},"modified":"2024-11-17T12:57:15","modified_gmt":"2024-11-17T11:57:15","slug":"steam-aeroespacial","status":"publish","type":"page","link":"https:\/\/blogsaverroes.juntadeandalucia.es\/iesperezmercader\/planes-y-proyectos\/steam-aeroespacial\/","title":{"rendered":"Steam Aeroespacial"},"content":{"rendered":"<p>[et_pb_section fb_built=&#8221;1&#8243; _builder_version=&#8221;4.16&#8243; custom_padding=&#8221;0px||0px|&#8221; z_index_tablet=&#8221;500&#8243; box_shadow_horizontal_tablet=&#8221;0px&#8221; box_shadow_vertical_tablet=&#8221;0px&#8221; box_shadow_blur_tablet=&#8221;40px&#8221; box_shadow_spread_tablet=&#8221;0px&#8221; global_colors_info=&#8221;{}&#8221;][et_pb_row _builder_version=&#8221;4.16&#8243; background_size=&#8221;initial&#8221; background_position=&#8221;top_left&#8221; background_repeat=&#8221;repeat&#8221; global_colors_info=&#8221;{}&#8221;][et_pb_column type=&#8221;4_4&#8243; _builder_version=&#8221;4.16&#8243; custom_padding=&#8221;|||&#8221; global_colors_info=&#8221;{}&#8221; custom_padding__hover=&#8221;|||&#8221;][et_pb_image src=&#8221;https:\/\/blogsaverroes.juntadeandalucia.es\/iesperezmercader\/files\/2022\/12\/Steam-Aeroesp.png&#8221; title_text=&#8221;Steam Aeroesp&#8221; url=&#8221;https:\/\/ampaelembarcadero305132751.wordpress.com\/&#8221; url_new_window=&#8221;on&#8221; admin_label=&#8221;Imagen Steam Aeroespacial&#8221; _builder_version=&#8221;4.16&#8243; z_index_tablet=&#8221;500&#8243; box_shadow_horizontal_tablet=&#8221;0px&#8221; box_shadow_vertical_tablet=&#8221;0px&#8221; box_shadow_blur_tablet=&#8221;40px&#8221; box_shadow_spread_tablet=&#8221;0px&#8221; global_colors_info=&#8221;{}&#8221;][\/et_pb_image][et_pb_text admin_label=&#8221;Texto Programa Steam Aeroespacial&#8221; _builder_version=&#8221;4.24.2&#8243; hover_enabled=&#8221;0&#8243; z_index_tablet=&#8221;500&#8243; text_text_shadow_horizontal_length_tablet=&#8221;0px&#8221; text_text_shadow_vertical_length_tablet=&#8221;0px&#8221; text_text_shadow_blur_strength_tablet=&#8221;1px&#8221; link_text_shadow_horizontal_length_tablet=&#8221;0px&#8221; link_text_shadow_vertical_length_tablet=&#8221;0px&#8221; link_text_shadow_blur_strength_tablet=&#8221;1px&#8221; ul_text_shadow_horizontal_length_tablet=&#8221;0px&#8221; ul_text_shadow_vertical_length_tablet=&#8221;0px&#8221; ul_text_shadow_blur_strength_tablet=&#8221;1px&#8221; ol_text_shadow_horizontal_length_tablet=&#8221;0px&#8221; ol_text_shadow_vertical_length_tablet=&#8221;0px&#8221; ol_text_shadow_blur_strength_tablet=&#8221;1px&#8221; quote_text_shadow_horizontal_length_tablet=&#8221;0px&#8221; quote_text_shadow_vertical_length_tablet=&#8221;0px&#8221; quote_text_shadow_blur_strength_tablet=&#8221;1px&#8221; header_text_shadow_horizontal_length_tablet=&#8221;0px&#8221; header_text_shadow_vertical_length_tablet=&#8221;0px&#8221; header_text_shadow_blur_strength_tablet=&#8221;1px&#8221; header_2_text_shadow_horizontal_length_tablet=&#8221;0px&#8221; header_2_text_shadow_vertical_length_tablet=&#8221;0px&#8221; header_2_text_shadow_blur_strength_tablet=&#8221;1px&#8221; header_3_text_shadow_horizontal_length_tablet=&#8221;0px&#8221; header_3_text_shadow_vertical_length_tablet=&#8221;0px&#8221; header_3_text_shadow_blur_strength_tablet=&#8221;1px&#8221; header_4_text_shadow_horizontal_length_tablet=&#8221;0px&#8221; header_4_text_shadow_vertical_length_tablet=&#8221;0px&#8221; header_4_text_shadow_blur_strength_tablet=&#8221;1px&#8221; header_5_text_shadow_horizontal_length_tablet=&#8221;0px&#8221; header_5_text_shadow_vertical_length_tablet=&#8221;0px&#8221; header_5_text_shadow_blur_strength_tablet=&#8221;1px&#8221; header_6_text_shadow_horizontal_length_tablet=&#8221;0px&#8221; header_6_text_shadow_vertical_length_tablet=&#8221;0px&#8221; header_6_text_shadow_blur_strength_tablet=&#8221;1px&#8221; box_shadow_horizontal_tablet=&#8221;0px&#8221; box_shadow_vertical_tablet=&#8221;0px&#8221; box_shadow_blur_tablet=&#8221;40px&#8221; box_shadow_spread_tablet=&#8221;0px&#8221; global_colors_info=&#8221;{}&#8221; sticky_enabled=&#8221;0&#8243;]<\/p>\n<p>El \u201cPrograma STEAM: Investigaci\u00f3n Aeroespacial aplicada al aula\u201d tiene como objetivo fundamental acercar al profesorado y al alumnado de los centros docentes sostenidos con fondos p\u00fablicos andaluces al estudio y a la investigaci\u00f3n aeroespacial aplicada al aula. Se promueve as\u00ed la participaci\u00f3n del alumnado en proyectos que integren la ciencia, la tecnolog\u00eda, la ingenier\u00eda y las matem\u00e1ticas en conexi\u00f3n con las artes y las humanidades, de forma que despierten su inquietud por el conocimiento dentro de un \u00e1mbito STEAM. La participaci\u00f3n en este programa permitir\u00e1 al alumnado y al profesorado realizar actividades en colaboraci\u00f3n con diferentes entidades aeroespaciales, orientadas a aplicar lo aprendido, enfrentarse a retos y problemas reales mediante una metodolog\u00eda de trabajo cooperativo y de Aprendizaje Basado en Proyectos (ABP), donde tienen que poner aprueba las habilidades y competencias b\u00e1sicas adquiridas en el desarrollo del curr\u00edculo, en el contexto aeroespacial.<\/p>\n<p>Se configuran tres niveles de participaci\u00f3n excluyentes, Iniciaci\u00f3n, Profundizaci\u00f3n y Especializaci\u00f3n.<\/p>\n<p>Nuestro Centro I.E.S Juan A. P\u00e9rez Mercader ha desarrollado los niveles:<\/p>\n<p>NIVEL I. Iniciaci\u00f3n a la Investigaci\u00f3n Aeroespacial. En el curso 2020-2021<\/p>\n<p>NIVEL II. Profundizaci\u00f3n en la Investigaci\u00f3n Aeroespacial. En el curso 2021-2022<\/p>\n<p>NIVEL III. Especializaci\u00f3n en la Investigaci\u00f3n Aeroespacial. En el curso 2022-2023<\/p>\n<p><strong>Coordinadora:<\/strong> D\u00f1a. M\u00aa Jos\u00e9 Ortega Garc\u00eda.<\/p>\n<p>[\/et_pb_text][et_pb_text _builder_version=&#8221;4.24.2&#8243; _module_preset=&#8221;default&#8221; hover_enabled=&#8221;0&#8243; global_colors_info=&#8221;{}&#8221; sticky_enabled=&#8221;0&#8243;]<\/p>\n<p><strong>MUESTRA DE LAS ACTIVIDADES REALIZADAS POR EL CENTRO<\/strong><\/p>\n<p>[\/et_pb_text][et_pb_video src=&#8221;https:\/\/blogsaverroes.juntadeandalucia.es\/iesperezmercader\/files\/2022\/12\/Video-CAB.mp4&#8243; _builder_version=&#8221;4.16&#8243; _module_preset=&#8221;default&#8221; global_colors_info=&#8221;{}&#8221;][\/et_pb_video][\/et_pb_column][\/et_pb_row][\/et_pb_section]<\/p>\n","protected":false},"excerpt":{"rendered":"<p>El \u201cPrograma STEAM: Investigaci\u00f3n Aeroespacial aplicada al aula\u201d tiene como objetivo fundamental acercar al profesorado y al alumnado de los centros docentes sostenidos con fondos p\u00fablicos andaluces al estudio y a la investigaci\u00f3n aeroespacial aplicada al aula. Se promueve as\u00ed la participaci\u00f3n del alumnado en proyectos que integren la ciencia, la tecnolog\u00eda, la ingenier\u00eda y [&hellip;]<\/p>\n","protected":false},"author":16057,"featured_media":1505,"parent":55,"menu_order":0,"comment_status":"closed","ping_status":"closed","template":"","meta":{"_et_pb_use_builder":"on","_et_pb_old_content":"","_et_gb_content_width":"","ngg_post_thumbnail":0,"footnotes":""},"aioseo_notices":[],"_links":{"self":[{"href":"https:\/\/blogsaverroes.juntadeandalucia.es\/iesperezmercader\/wp-json\/wp\/v2\/pages\/1499"}],"collection":[{"href":"https:\/\/blogsaverroes.juntadeandalucia.es\/iesperezmercader\/wp-json\/wp\/v2\/pages"}],"about":[{"href":"https:\/\/blogsaverroes.juntadeandalucia.es\/iesperezmercader\/wp-json\/wp\/v2\/types\/page"}],"author":[{"embeddable":true,"href":"https:\/\/blogsaverroes.juntadeandalucia.es\/iesperezmercader\/wp-json\/wp\/v2\/users\/16057"}],"replies":[{"embeddable":true,"href":"https:\/\/blogsaverroes.juntadeandalucia.es\/iesperezmercader\/wp-json\/wp\/v2\/comments?post=1499"}],"version-history":[{"count":6,"href":"https:\/\/blogsaverroes.juntadeandalucia.es\/iesperezmercader\/wp-json\/wp\/v2\/pages\/1499\/revisions"}],"predecessor-version":[{"id":5584,"href":"https:\/\/blogsaverroes.juntadeandalucia.es\/iesperezmercader\/wp-json\/wp\/v2\/pages\/1499\/revisions\/5584"}],"up":[{"embeddable":true,"href":"https:\/\/blogsaverroes.juntadeandalucia.es\/iesperezmercader\/wp-json\/wp\/v2\/pages\/55"}],"wp:featuredmedia":[{"embeddable":true,"href":"https:\/\/blogsaverroes.juntadeandalucia.es\/iesperezmercader\/wp-json\/wp\/v2\/media\/1505"}],"wp:attachment":[{"href":"https:\/\/blogsaverroes.juntadeandalucia.es\/iesperezmercader\/wp-json\/wp\/v2\/media?parent=1499"}],"curies":[{"name":"wp","href":"https:\/\/api.w.org\/{rel}","templated":true}]}}