{"id":1558,"date":"2022-12-11T20:13:39","date_gmt":"2022-12-11T19:13:39","guid":{"rendered":"https:\/\/blogsaverroes.juntadeandalucia.es\/iesperezmercader\/?page_id=1558"},"modified":"2025-09-08T20:20:41","modified_gmt":"2025-09-08T19:20:41","slug":"matriculacion-2025-2026","status":"publish","type":"page","link":"https:\/\/blogsaverroes.juntadeandalucia.es\/iesperezmercader\/secretaria\/matriculacion-2025-2026\/","title":{"rendered":"Matriculaci\u00f3n 2025\/2026"},"content":{"rendered":"<p>[et_pb_section fb_built=&#8221;1&#8243; _builder_version=&#8221;4.16&#8243; _module_preset=&#8221;default&#8221; global_colors_info=&#8221;{}&#8221;][et_pb_row _builder_version=&#8221;4.16&#8243; _module_preset=&#8221;default&#8221; global_colors_info=&#8221;{}&#8221;][et_pb_column type=&#8221;4_4&#8243; _builder_version=&#8221;4.16&#8243; _module_preset=&#8221;default&#8221; global_colors_info=&#8221;{}&#8221;][et_pb_image src=&#8221;https:\/\/blogsaverroes.juntadeandalucia.es\/iesperezmercader\/files\/2022\/12\/secretaria-virtual-1.png&#8221; title_text=&#8221;secretaria virtual&#8221; url=&#8221;https:\/\/www.juntadeandalucia.es\/educacion\/secretariavirtual\/&#8221; url_new_window=&#8221;on&#8221; _builder_version=&#8221;4.24.2&#8243; _module_preset=&#8221;default&#8221; global_colors_info=&#8221;{}&#8221;][\/et_pb_image][et_pb_text _builder_version=&#8221;4.24.2&#8243; _module_preset=&#8221;default&#8221; global_colors_info=&#8221;{}&#8221;]<\/p>\n<p>El&nbsp;<strong>plazo de matriculaci\u00f3n<\/strong>&nbsp;del alumnado, tanto el que ya pertenece al centro, como el que haya obtenido plaza en el proceso de escolarizaci\u00f3n ser\u00e1&nbsp;<strong>del 1 al 10 de julio de 2025<\/strong>.<\/p>\n<p>1.- La matr\u00edcula se har\u00e1 de&nbsp;<strong>forma telem\u00e1tica<\/strong>, a trav\u00e9s de la web de la&nbsp;<a href=\"https:\/\/www.juntadeandalucia.es\/educacion\/secretariavirtual\/autenticacion\/autenticacioniANDE\/\"><strong>secretar\u00eda virtual<\/strong><\/a>&nbsp;de la Junta de Andaluc\u00eda.<\/p>\n<p>[\/et_pb_text][et_pb_text _builder_version=&#8221;4.24.2&#8243; _module_preset=&#8221;default&#8221; global_colors_info=&#8221;{}&#8221;]<\/p>\n<ol start=\"2\">\n<li>Para poder matricular a un alumno\/a, ser\u00e1 de bastante utilidad tener la&nbsp;<strong>clave iAnde<\/strong>, que se puede solicitar en el Centro de procedencia del alumnado.<\/li>\n<\/ol>\n<p>[\/et_pb_text][\/et_pb_column][\/et_pb_row][\/et_pb_section]<\/p>\n","protected":false},"excerpt":{"rendered":"<p>El&nbsp;plazo de matriculaci\u00f3n&nbsp;del alumnado, tanto el que ya pertenece al centro, como el que haya obtenido plaza en el proceso de escolarizaci\u00f3n ser\u00e1&nbsp;del 1 al 10 de julio de 2025. 1.- La matr\u00edcula se har\u00e1 de&nbsp;forma telem\u00e1tica, a trav\u00e9s de la web de la&nbsp;secretar\u00eda virtual&nbsp;de la Junta de Andaluc\u00eda. Para poder matricular a un alumno\/a, [&hellip;]<\/p>\n","protected":false},"author":16057,"featured_media":1559,"parent":1183,"menu_order":0,"comment_status":"closed","ping_status":"closed","template":"","meta":{"_et_pb_use_builder":"on","_et_pb_old_content":"","_et_gb_content_width":"","ngg_post_thumbnail":0,"footnotes":""},"aioseo_notices":[],"_links":{"self":[{"href":"https:\/\/blogsaverroes.juntadeandalucia.es\/iesperezmercader\/wp-json\/wp\/v2\/pages\/1558"}],"collection":[{"href":"https:\/\/blogsaverroes.juntadeandalucia.es\/iesperezmercader\/wp-json\/wp\/v2\/pages"}],"about":[{"href":"https:\/\/blogsaverroes.juntadeandalucia.es\/iesperezmercader\/wp-json\/wp\/v2\/types\/page"}],"author":[{"embeddable":true,"href":"https:\/\/blogsaverroes.juntadeandalucia.es\/iesperezmercader\/wp-json\/wp\/v2\/users\/16057"}],"replies":[{"embeddable":true,"href":"https:\/\/blogsaverroes.juntadeandalucia.es\/iesperezmercader\/wp-json\/wp\/v2\/comments?post=1558"}],"version-history":[{"count":13,"href":"https:\/\/blogsaverroes.juntadeandalucia.es\/iesperezmercader\/wp-json\/wp\/v2\/pages\/1558\/revisions"}],"predecessor-version":[{"id":6615,"href":"https:\/\/blogsaverroes.juntadeandalucia.es\/iesperezmercader\/wp-json\/wp\/v2\/pages\/1558\/revisions\/6615"}],"up":[{"embeddable":true,"href":"https:\/\/blogsaverroes.juntadeandalucia.es\/iesperezmercader\/wp-json\/wp\/v2\/pages\/1183"}],"wp:featuredmedia":[{"embeddable":true,"href":"https:\/\/blogsaverroes.juntadeandalucia.es\/iesperezmercader\/wp-json\/wp\/v2\/media\/1559"}],"wp:attachment":[{"href":"https:\/\/blogsaverroes.juntadeandalucia.es\/iesperezmercader\/wp-json\/wp\/v2\/media?parent=1558"}],"curies":[{"name":"wp","href":"https:\/\/api.w.org\/{rel}","templated":true}]}}