{"id":4256,"date":"2024-04-28T13:48:54","date_gmt":"2024-04-28T12:48:54","guid":{"rendered":"https:\/\/blogsaverroes.juntadeandalucia.es\/iesperezmercader\/?page_id=4256"},"modified":"2024-05-01T18:34:20","modified_gmt":"2024-05-01T17:34:20","slug":"xxv-aniversario-ies-perez-mercader","status":"publish","type":"page","link":"https:\/\/blogsaverroes.juntadeandalucia.es\/iesperezmercader\/el-centro\/xxv-aniversario-ies-perez-mercader\/","title":{"rendered":"XXV ANIVERSARIO IES P\u00c9REZ MERCADER"},"content":{"rendered":"<p>[et_pb_section fb_built=&#8221;1&#8243; admin_label=&#8221;section&#8221; _builder_version=&#8221;4.16&#8243; global_colors_info=&#8221;{}&#8221;][et_pb_row admin_label=&#8221;row&#8221; _builder_version=&#8221;4.16&#8243; background_size=&#8221;initial&#8221; background_position=&#8221;top_left&#8221; background_repeat=&#8221;repeat&#8221; global_colors_info=&#8221;{}&#8221;][et_pb_column type=&#8221;4_4&#8243; _builder_version=&#8221;4.16&#8243; custom_padding=&#8221;|||&#8221; global_colors_info=&#8221;{}&#8221; custom_padding__hover=&#8221;|||&#8221;][et_pb_image src=&#8221;https:\/\/blogsaverroes.juntadeandalucia.es\/iesperezmercader\/files\/2024\/02\/cartel-amarillo-combinado.jpg&#8221; title_text=&#8221;cartel amarillo combinado&#8221; _builder_version=&#8221;4.24.2&#8243; _module_preset=&#8221;default&#8221; global_colors_info=&#8221;{}&#8221;][\/et_pb_image][et_pb_text _builder_version=&#8221;4.24.2&#8243; _module_preset=&#8221;default&#8221; global_colors_info=&#8221;{}&#8221;]<\/p>\n<p>El IES Juan P\u00e9rez Mercader celebr\u00f3 el homenaje por su 25 aniversario el 27 de abril de 2024, con un acto en el Cinema Teatro de Corrales. Para festejar esta fecha tan importante, el centro cont\u00f3 con las experiencias y las voces de quienes fueron dando forma a este proyecto educativo y de quienes ahora mantienen la esencia y los valores de este Centro.<\/p>\n<p>El evento cont\u00f3 con la presencia del Ilmo. <span class=\"field field--name-title field--type-string field--label-hidden\">Delegado Territorial de Desarrollo Educativo y Formaci\u00f3n Profesional en Huelva, D. Carlos Soriano Garc\u00eda y del&nbsp;<\/span>Excmo. Alcalde de Aljaraque D. David Toscano Contreras y miembros de su corporaci\u00f3n municipal.&nbsp;<\/p>\n<p>Asimismo agradecemos la asistencia de Directores\/as de los Centros educativos de nuestra localidad y de D. Juan Antonio Moreno Caro, Director del I.E.S La R\u00e1bida.<\/p>\n<p>El acto fue dirigido por nuestra Directora D\u00f1a. M\u00aa Jos\u00e9 Ortega Garc\u00eda y presentado por nuestros alumno y alumna de 1\u00ba Bachillerato D. Jos\u00e9 Antonio Due\u00f1as Garc\u00eda y D\u00f1a. Emma Mar\u00eda L\u00f3pez M\u00e1rquez, quienes hicieron un fant\u00e1stico trabajo con una soltura digna de profesionales.<\/p>\n<p>Durante el acto de celebraci\u00f3n, D\u00f1a. M\u00aa Jos\u00e9 Ortega ha tenido palabras de agradecimiento y reconocimiento al esfuerzo, dedicaci\u00f3n y trabajo de los distintos profesionales que en estos veinticinco a\u00f1os han convertido al IES P\u00e9rez Mercader en una referencia para la comunidad educativa actual.<\/p>\n<p>Pudimos visualizar videos con las intervenciones de algunos de los antiguos directores del Centro D. Angel Guerrero, que fue el primer Director, D\u00f1a. Roc\u00edo Ruiz que fue Directora durante 13 a\u00f1os y el primer profesor que imparti\u00f3 docencia en este Centro D. Juan A. Guzm\u00e1n Camacho. Adem\u00e1s tambi\u00e9n nos dedicaron unas palabras antiguos profesores como D. Pedro Tejada y D. Jos\u00e9 A. Alcalde y antiguos alumnos ahora convertidos en profesores del IES P\u00e9rez Mercader como son D. Mariano Torres y D\u00f1a. Mar\u00eda G\u00f3mez.<\/p>\n<p>Tambi\u00e9n pudimos ver videos donde se muestra la vida en el Centro, los planes y programas en los que participamos y diferentes momentos a los largo de los a\u00f1os donde os mostramos el d\u00eda a d\u00eda de esta comunidad educativa.<\/p>\n<p>El acto contaba con una intervenci\u00f3n especial, D. Juan P\u00e9rez Mercader se conectaba en directo desde la Universidad de Harvard, en Boston a trav\u00e9s de videoconferencia y quiso participar dedicando unas palabras a nuestra comunidad educativa. Agradecemos enormemente este detalle, que fue una fant\u00e1stica sorpresa para todos los asistentes al Acto.&nbsp;<\/p>\n<p>Todo ello amenizado por las actuaciones de D\u00f1a. Luc\u00eda L\u00f3pez acompa\u00f1ada a la guitarra por D. Cesar L\u00f3pez, nuestro profesor de M\u00fasica, la Camerata&nbsp;Vocal Concertante de&nbsp;Huelva que cuenta entre sus miembros con antiguos profesores de este Centro, la actuaci\u00f3n de nuestras antiguas alumnas D\u00f1a. Silvia Albend\u00edn acompa\u00f1ada al piano por D\u00f1a. Yaiza del Mar Rodrigo y el broche final lo puso nuestro alumnado cantando el Himno del IES P\u00e9rez Mercader acompa\u00f1ados a la guitarra por D. Cesar L\u00f3pez, a quien le agradecemos la composici\u00f3n de esta pieza musical que a partir de ahora representar\u00e1 al Centro.<\/p>\n<p>En el acto se entregaron distinciones en agradecimiento y reconocimiento por la labor que realizan a D\u00f1a. Juana Ponce, enfermera de referencia del Servicio Andaluz de Salud, a D\u00f1a. Myriam Mora en representaci\u00f3n del Personal PAS del Centro, a D. Alfonso Fern\u00e1ndez, en representaci\u00f3n del AMPA el Embarcadero, a D. Hugo Labra en representaci\u00f3n de la Asociaci\u00f3n de Estudiantes El Malacate y a D\u00f1a. Ana Guijarro que recogi\u00f3 en representaci\u00f3n del Claustro de Profesores\/as.<\/p>\n<p>Adem\u00e1s se hicieron entrega de distinciones a la Delegaci\u00f3n de <span class=\"field field--name-title field--type-string field--label-hidden\">Desarrollo Educativo y Formaci\u00f3n Profesional y al Ayuntamiento de Aljaraque.<\/span><\/p>\n<p>El Excmo. Alcalde del Ayuntamiento de Aljaraque D. David Toscano, hizo entrega a D\u00f1a. M\u00aa Jos\u00e9 Ortega de una placa conmemorativa del XXV aniversario al IES Juan P\u00e9rez Mercader.&nbsp;<\/p>\n<p>Fue una tarde de muchos recuerdos y de encuentro para antiguos profesores, alumnos y familias. Desde aqu\u00ed agradecemos a todos los asistentes y participantes en este acto, a los cu\u00e1les agradecemos su generosidad e implicaci\u00f3n.<\/p>\n<p>[\/et_pb_text][et_pb_text _builder_version=&#8221;4.24.2&#8243; _module_preset=&#8221;default&#8221; global_colors_info=&#8221;{}&#8221;]<\/p>\n<p><strong>ENLACES A ART\u00cdCULOS EN MEDIOS QUE RECOGEN LA NOTICIA<\/strong><\/p>\n<p><a href=\"https:\/\/www.huelvahoy.com\/articulo\/provincia\/ies-juan-antonio-perez-mercader-corrales-celebra-25-aniversario\/20240429100201307542.html\" target=\"_blank\" rel=\"noopener\"><strong><span style=\"color: #0000ff\">https:\/\/www.huelvahoy.com\/articulo\/provincia\/ies-juan-antonio-perez-mercader-corrales-celebra-25-aniversario\/20240429100201307542.html<\/span><\/strong><\/a><\/p>\n<p><a href=\"https:\/\/www.huelvainformacion.es\/provincia\/IES-Antonio-Perez-Mercader-Corrales_0_1898210638.html\" target=\"_blank\" rel=\"noopener\"><strong><span style=\"color: #0000ff\">https:\/\/www.huelvainformacion.es\/provincia\/IES-Antonio-Perez-Mercader-Corrales_0_1898210638.html<\/span><\/strong><\/a><\/p>\n<p><a href=\"https:\/\/www.cope.es\/actualidad\/espana\/noticias\/educacion\u2013ies-juan-antonio-perez-mercader-corrales-celebra-aniversario-20240429_3271867\" target=\"_blank\" rel=\"noopener\"><strong><span style=\"color: #0000ff\">https:\/\/www.cope.es\/actualidad\/espana\/noticias\/educacion\u2013ies-juan-antonio-perez-mercader-corrales-celebra-aniversario-20240429_3271867<\/span><\/strong><\/a><\/p>\n<p><a href=\"https:\/\/www.huelva24.com\/provincia\/area-metropolitana\/ies-perez-mercader-celebra-aniversario-estrenando-himno-20240429150152-nth.html\" target=\"_blank\" rel=\"noopener\"><strong><span style=\"color: #0000ff\">https:\/\/www.huelva24.com\/provincia\/area-metropolitana\/ies-perez-mercader-celebra-aniversario-estrenando-himno-20240429150152-nth.html<\/span><\/strong><\/a><\/p>\n<p><a href=\"https:\/\/canalcostatv.es\/el-ies-juan-antonio-perez-mercader-de-corrales-conmemora-su-25-aniversario\/\" target=\"_blank\" rel=\"noopener\"><strong><span style=\"color: #0000ff\">https:\/\/canalcostatv.es\/el-ies-juan-antonio-perez-mercader-de-corrales-conmemora-su-25-aniversario\/<\/span><\/strong><\/a><\/p>\n<p>[\/et_pb_text][et_pb_text _builder_version=&#8221;4.24.2&#8243; _module_preset=&#8221;default&#8221; global_colors_info=&#8221;{}&#8221;]<\/p>\n<p><strong>GALER\u00cdA DE FOTOS<\/strong><\/p>\n<p>[\/et_pb_text][et_pb_gallery gallery_ids=&#8221;4218,4212,4213,4215,4214,4266,4265,4267,4217,4269,4268&#8243; _builder_version=&#8221;4.24.2&#8243; _module_preset=&#8221;default&#8221; global_colors_info=&#8221;{}&#8221;][\/et_pb_gallery][et_pb_gallery gallery_ids=&#8221;4315,4314,4313,4312,4311,4310,4309,4308,4307,4306,4305,4304,4303,4302,4301,4300,4299,4298,4297,4296,4294,4293,4292,4291,4288,4287,4286,4243&#8243; _builder_version=&#8221;4.24.2&#8243; _module_preset=&#8221;default&#8221; global_colors_info=&#8221;{}&#8221;][\/et_pb_gallery][et_pb_image src=&#8221;https:\/\/blogsaverroes.juntadeandalucia.es\/iesperezmercader\/files\/2024\/04\/9.jpg&#8221; title_text=&#8221;9&#8243; _builder_version=&#8221;4.24.2&#8243; _module_preset=&#8221;default&#8221; global_colors_info=&#8221;{}&#8221;][\/et_pb_image][et_pb_text _builder_version=&#8221;4.24.2&#8243; _module_preset=&#8221;default&#8221; global_colors_info=&#8221;{}&#8221;]<\/p>\n<p><strong>V\u00cdDEOS ANIVERSARIO XXV A\u00d1OS<\/strong><\/p>\n<p>[\/et_pb_text][et_pb_video src=&#8221;https:\/\/blogsaverroes.juntadeandalucia.es\/iesperezmercader\/files\/2024\/04\/EDICION-25-ANIVERSARIO-reducido.mp4&#8243; _builder_version=&#8221;4.24.2&#8243; _module_preset=&#8221;default&#8221; global_colors_info=&#8221;{}&#8221;][\/et_pb_video][et_pb_video src=&#8221;https:\/\/blogsaverroes.juntadeandalucia.es\/iesperezmercader\/files\/2024\/04\/VIDEO-25-A.mp4&#8243; _builder_version=&#8221;4.24.2&#8243; _module_preset=&#8221;default&#8221; global_colors_info=&#8221;{}&#8221;][\/et_pb_video][et_pb_text _builder_version=&#8221;4.24.2&#8243; _module_preset=&#8221;default&#8221; global_colors_info=&#8221;{}&#8221;]<\/p>\n<p><strong>HIMNO IES P\u00c9REZ MERCADER.<\/strong> Composici\u00f3n D. Cesar L\u00f3pez, interpretado por el alumnado del curso 2023-2024<\/p>\n<p>[\/et_pb_text][et_pb_video src=&#8221;https:\/\/blogsaverroes.juntadeandalucia.es\/iesperezmercader\/files\/2024\/04\/Himno-IES-Perez-Mercader.mp4&#8243; _builder_version=&#8221;4.24.2&#8243; _module_preset=&#8221;default&#8221; global_colors_info=&#8221;{}&#8221;][\/et_pb_video][\/et_pb_column][\/et_pb_row][\/et_pb_section]<\/p>\n","protected":false},"excerpt":{"rendered":"<p>El IES Juan P\u00e9rez Mercader celebr\u00f3 el homenaje por su 25 aniversario el 27 de abril de 2024, con un acto en el Cinema Teatro de Corrales. Para festejar esta fecha tan importante, el centro cont\u00f3 con las experiencias y las voces de quienes fueron dando forma a este proyecto educativo y de quienes ahora [&hellip;]<\/p>\n","protected":false},"author":16057,"featured_media":0,"parent":41,"menu_order":0,"comment_status":"closed","ping_status":"closed","template":"","meta":{"_et_pb_use_builder":"on","_et_pb_old_content":"","_et_gb_content_width":"","ngg_post_thumbnail":0,"footnotes":""},"aioseo_notices":[],"_links":{"self":[{"href":"https:\/\/blogsaverroes.juntadeandalucia.es\/iesperezmercader\/wp-json\/wp\/v2\/pages\/4256"}],"collection":[{"href":"https:\/\/blogsaverroes.juntadeandalucia.es\/iesperezmercader\/wp-json\/wp\/v2\/pages"}],"about":[{"href":"https:\/\/blogsaverroes.juntadeandalucia.es\/iesperezmercader\/wp-json\/wp\/v2\/types\/page"}],"author":[{"embeddable":true,"href":"https:\/\/blogsaverroes.juntadeandalucia.es\/iesperezmercader\/wp-json\/wp\/v2\/users\/16057"}],"replies":[{"embeddable":true,"href":"https:\/\/blogsaverroes.juntadeandalucia.es\/iesperezmercader\/wp-json\/wp\/v2\/comments?post=4256"}],"version-history":[{"count":7,"href":"https:\/\/blogsaverroes.juntadeandalucia.es\/iesperezmercader\/wp-json\/wp\/v2\/pages\/4256\/revisions"}],"predecessor-version":[{"id":4357,"href":"https:\/\/blogsaverroes.juntadeandalucia.es\/iesperezmercader\/wp-json\/wp\/v2\/pages\/4256\/revisions\/4357"}],"up":[{"embeddable":true,"href":"https:\/\/blogsaverroes.juntadeandalucia.es\/iesperezmercader\/wp-json\/wp\/v2\/pages\/41"}],"wp:attachment":[{"href":"https:\/\/blogsaverroes.juntadeandalucia.es\/iesperezmercader\/wp-json\/wp\/v2\/media?parent=4256"}],"curies":[{"name":"wp","href":"https:\/\/api.w.org\/{rel}","templated":true}]}}