{"id":474,"date":"2020-12-18T08:32:40","date_gmt":"2020-12-18T07:32:40","guid":{"rendered":"https:\/\/blogsaverroes.juntadeandalucia.es\/pre\/plantilla-backbag\/?page_id=474"},"modified":"2024-10-06T11:31:54","modified_gmt":"2024-10-06T10:31:54","slug":"contactar-con-el-centro","status":"publish","type":"page","link":"https:\/\/blogsaverroes.juntadeandalucia.es\/iesperezmercader\/contactar-con-el-centro\/","title":{"rendered":"M\u00e1s informaci\u00f3n y contacto"},"content":{"rendered":"<p>[et_pb_section fb_built=&#8221;1&#8243; disabled_on=&#8221;off|off|off&#8221; _builder_version=&#8221;4.16&#8243; custom_padding=&#8221;0px||0px|&#8221; z_index_tablet=&#8221;500&#8243; box_shadow_horizontal_tablet=&#8221;0px&#8221; box_shadow_vertical_tablet=&#8221;0px&#8221; box_shadow_blur_tablet=&#8221;40px&#8221; box_shadow_spread_tablet=&#8221;0px&#8221; global_colors_info=&#8221;{}&#8221;][et_pb_row _builder_version=&#8221;4.16&#8243; background_size=&#8221;initial&#8221; background_position=&#8221;top_left&#8221; background_repeat=&#8221;repeat&#8221; custom_margin=&#8221;||||false|false&#8221; global_colors_info=&#8221;{}&#8221;][et_pb_column type=&#8221;4_4&#8243; _builder_version=&#8221;4.16&#8243; custom_padding=&#8221;|||&#8221; global_colors_info=&#8221;{}&#8221; custom_padding__hover=&#8221;|||&#8221;][et_pb_image src=&#8221;https:\/\/blogsaverroes.juntadeandalucia.es\/iesperezmercader\/files\/2022\/12\/Fachada-IES-Juan-Perez-Mercader_1.jpg&#8221; title_text=&#8221;Fachada-IES-Juan-Perez-Mercader_1&#8243; admin_label=&#8221;Imagen de la portada&#8221; _builder_version=&#8221;4.24.2&#8243; vertical_offset_tablet=&#8221;0&#8243; horizontal_offset_tablet=&#8221;0&#8243; z_index_tablet=&#8221;500&#8243; box_shadow_horizontal_tablet=&#8221;0px&#8221; box_shadow_vertical_tablet=&#8221;0px&#8221; box_shadow_blur_tablet=&#8221;40px&#8221; box_shadow_spread_tablet=&#8221;0px&#8221; global_colors_info=&#8221;{}&#8221;][\/et_pb_image][et_pb_text admin_label=&#8221;Texto&#8221; _builder_version=&#8221;4.24.2&#8243; _module_preset=&#8221;default&#8221; global_colors_info=&#8221;{}&#8221;]<\/p>\n<p><span style=\"font-size: 24pt;color: #000000\">Direcci\u00f3n postal<\/span><\/p>\n<h3><span style=\"font-size: 12pt;color: #000000\">C\/ Trituradora, 2<\/span><\/h3>\n<h3><span style=\"font-size: 12pt;color: #000000\">21120 CORRALES-ALJARAQUE.<\/span><\/h3>\n<h3><span style=\"font-size: 12pt;color: #000000\">HUELVA \u2013 ESPA\u00d1A<\/span><\/h3>\n<h3><span style=\"font-size: 24pt;color: #000000\">Tel\u00e9fonos<\/span><\/h3>\n<p><span style=\"font-size: 12pt;color: #000000\">Administraci\u00f3n: 600162003 &#8211; 959990086<\/span><\/p>\n<p><span style=\"font-size: 12pt;color: #000000\">Conserjer\u00eda: 671536007<\/span><\/p>\n<h3><span style=\"font-size: 12pt;color: #000000\">Email: 21700551.administracion@g.educaand.es<\/span><\/h3>\n<p>[\/et_pb_text][et_pb_social_media_follow _builder_version=&#8221;4.16&#8243; _module_preset=&#8221;default&#8221; text_orientation=&#8221;center&#8221; global_colors_info=&#8221;{}&#8221;][et_pb_social_media_follow_network social_network=&#8221;facebook&#8221; url=&#8221;https:\/\/m.facebook.com\/profile.php?id=100085376000745&#8243; _builder_version=&#8221;4.16&#8243; _module_preset=&#8221;default&#8221; background_color=&#8221;#3b5998&#8243; global_colors_info=&#8221;{}&#8221; follow_button=&#8221;off&#8221; url_new_window=&#8221;on&#8221;]facebook[\/et_pb_social_media_follow_network][et_pb_social_media_follow_network social_network=&#8221;instagram&#8221; url=&#8221;https:\/\/www.instagram.com\/iesperezmercader\/?hl=es&#8221; _builder_version=&#8221;4.16&#8243; _module_preset=&#8221;default&#8221; background_color=&#8221;#ea2c59&#8243; global_colors_info=&#8221;{}&#8221; follow_button=&#8221;off&#8221; url_new_window=&#8221;on&#8221;]instagram[\/et_pb_social_media_follow_network][\/et_pb_social_media_follow][\/et_pb_column][\/et_pb_row][et_pb_row column_structure=&#8221;1_2,1_2&#8243; _builder_version=&#8221;4.16&#8243; _module_preset=&#8221;default&#8221; custom_margin=&#8221;||||false|false&#8221; global_colors_info=&#8221;{}&#8221;][et_pb_column type=&#8221;1_2&#8243; _builder_version=&#8221;4.16&#8243; _module_preset=&#8221;default&#8221; background_color=&#8221;#F0F0F0;&#8221; custom_css_main_element=&#8221;border: 1px solid black;||border-radius: 10px;||min-height: 460px;&#8221; global_colors_info=&#8221;{}&#8221;][et_pb_code raw_content_tablet=&#8221;&#8221; raw_content_phone=&#8221;&#8221; raw_content_last_edited=&#8221;on|desktop&#8221; admin_label=&#8221;Ubicaci\u00f3n Google Maps&#8221; _builder_version=&#8221;4.16&#8243; _module_preset=&#8221;default&#8221; max_height=&#8221;458px&#8221; border_radii=&#8221;on|10px|10px|10px|10px&#8221; global_colors_info=&#8221;{}&#8221;]<iframe loading=\"lazy\" src=\"https:\/\/www.google.com\/maps\/embed?pb=!1m18!1m12!1m3!1d3174.7778196975687!2d-6.992176985085825!3d37.276695379853244!2m3!1f0!2f0!3f0!3m2!1i1024!2i768!4f13.1!3m3!1m2!1s0xd11ce16b7af92f1%3A0x9d812fd010aa7bf6!2sIES%20Juan%20Antonio%20P%C3%A9rez%20Mercader!5e0!3m2!1ses!2ses!4v1670186670856!5m2!1ses!2ses\" width=\"600\" height=\"450\"><\/iframe>[\/et_pb_code][\/et_pb_column][et_pb_column type=&#8221;1_2&#8243; _builder_version=&#8221;4.16&#8243; _module_preset=&#8221;default&#8221; custom_css_main_element=&#8221;border: 1px solid black;||border-radius: 10px;||overflow: hidden;&#8221; global_colors_info=&#8221;{}&#8221;][et_pb_contact_form email=&#8221;21700551.administracion@g.educaand.es&#8221; title=&#8221;Puede ponerse en contacto con nosotros a trav\u00e9s de este formulario.&#8221; success_message=&#8221;mensaje enviado&#8221; _builder_version=&#8221;4.24.2&#8243; _module_preset=&#8221;default&#8221; _unique_id=&#8221;49a0f7e3-a72c-497c-9209-94c579adf9b2&#8243; global_colors_info=&#8221;{}&#8221;][et_pb_contact_field field_id=&#8221;Nombre_y_Apellidos_(requerido)&#8221; field_title=&#8221;Nombre y Apellidos (requerido)&#8221; _builder_version=&#8221;4.24.2&#8243; global_colors_info=&#8221;{}&#8221; button_text_size__hover_enabled=&#8221;off&#8221; button_one_text_size__hover_enabled=&#8221;off&#8221; button_two_text_size__hover_enabled=&#8221;off&#8221; button_text_color__hover_enabled=&#8221;off&#8221; button_one_text_color__hover_enabled=&#8221;off&#8221; button_two_text_color__hover_enabled=&#8221;off&#8221; button_border_width__hover_enabled=&#8221;off&#8221; button_one_border_width__hover_enabled=&#8221;off&#8221; button_two_border_width__hover_enabled=&#8221;off&#8221; button_border_color__hover_enabled=&#8221;off&#8221; button_one_border_color__hover_enabled=&#8221;off&#8221; button_two_border_color__hover_enabled=&#8221;off&#8221; button_border_radius__hover_enabled=&#8221;off&#8221; button_one_border_radius__hover_enabled=&#8221;off&#8221; button_two_border_radius__hover_enabled=&#8221;off&#8221; button_letter_spacing__hover_enabled=&#8221;off&#8221; button_one_letter_spacing__hover_enabled=&#8221;off&#8221; button_two_letter_spacing__hover_enabled=&#8221;off&#8221; button_bg_color__hover_enabled=&#8221;off&#8221; button_one_bg_color__hover_enabled=&#8221;off&#8221; button_two_bg_color__hover_enabled=&#8221;off&#8221;][\/et_pb_contact_field][et_pb_contact_field field_id=&#8221;Email_(requerido)&#8221; field_title=&#8221;Direcci\u00f3n de correo electr\u00f3nico (requerido)&#8221; field_type=&#8221;email&#8221; _builder_version=&#8221;4.24.2&#8243; global_colors_info=&#8221;{}&#8221; button_text_size__hover_enabled=&#8221;off&#8221; button_one_text_size__hover_enabled=&#8221;off&#8221; button_two_text_size__hover_enabled=&#8221;off&#8221; button_text_color__hover_enabled=&#8221;off&#8221; button_one_text_color__hover_enabled=&#8221;off&#8221; button_two_text_color__hover_enabled=&#8221;off&#8221; button_border_width__hover_enabled=&#8221;off&#8221; button_one_border_width__hover_enabled=&#8221;off&#8221; button_two_border_width__hover_enabled=&#8221;off&#8221; button_border_color__hover_enabled=&#8221;off&#8221; button_one_border_color__hover_enabled=&#8221;off&#8221; button_two_border_color__hover_enabled=&#8221;off&#8221; button_border_radius__hover_enabled=&#8221;off&#8221; button_one_border_radius__hover_enabled=&#8221;off&#8221; button_two_border_radius__hover_enabled=&#8221;off&#8221; button_letter_spacing__hover_enabled=&#8221;off&#8221; button_one_letter_spacing__hover_enabled=&#8221;off&#8221; button_two_letter_spacing__hover_enabled=&#8221;off&#8221; button_bg_color__hover_enabled=&#8221;off&#8221; button_one_bg_color__hover_enabled=&#8221;off&#8221; button_two_bg_color__hover_enabled=&#8221;off&#8221;][\/et_pb_contact_field][et_pb_contact_field field_id=&#8221;Asunto_y_mensaje&#8221; field_title=&#8221;Asunto y mensaje&#8221; field_type=&#8221;text&#8221; fullwidth_field=&#8221;on&#8221; _builder_version=&#8221;4.24.2&#8243; global_colors_info=&#8221;{}&#8221; button_text_size__hover_enabled=&#8221;off&#8221; button_one_text_size__hover_enabled=&#8221;off&#8221; button_two_text_size__hover_enabled=&#8221;off&#8221; button_text_color__hover_enabled=&#8221;off&#8221; button_one_text_color__hover_enabled=&#8221;off&#8221; button_two_text_color__hover_enabled=&#8221;off&#8221; button_border_width__hover_enabled=&#8221;off&#8221; button_one_border_width__hover_enabled=&#8221;off&#8221; button_two_border_width__hover_enabled=&#8221;off&#8221; button_border_color__hover_enabled=&#8221;off&#8221; button_one_border_color__hover_enabled=&#8221;off&#8221; button_two_border_color__hover_enabled=&#8221;off&#8221; button_border_radius__hover_enabled=&#8221;off&#8221; button_one_border_radius__hover_enabled=&#8221;off&#8221; button_two_border_radius__hover_enabled=&#8221;off&#8221; button_letter_spacing__hover_enabled=&#8221;off&#8221; button_one_letter_spacing__hover_enabled=&#8221;off&#8221; button_two_letter_spacing__hover_enabled=&#8221;off&#8221; button_bg_color__hover_enabled=&#8221;off&#8221; button_one_bg_color__hover_enabled=&#8221;off&#8221; button_two_bg_color__hover_enabled=&#8221;off&#8221;][\/et_pb_contact_field][\/et_pb_contact_form][\/et_pb_column][\/et_pb_row][et_pb_row _builder_version=&#8221;4.16&#8243; _module_preset=&#8221;default&#8221; global_colors_info=&#8221;{}&#8221;][et_pb_column type=&#8221;4_4&#8243; _builder_version=&#8221;4.16&#8243; _module_preset=&#8221;default&#8221; global_colors_info=&#8221;{}&#8221;][et_pb_text _builder_version=&#8221;4.24.2&#8243; _module_preset=&#8221;default&#8221; hover_enabled=&#8221;0&#8243; global_colors_info=&#8221;{}&#8221; sticky_enabled=&#8221;0&#8243;]<\/p>\n<h3><span style=\"font-size: 18pt\"><strong>Pol\u00edtica de Privacidad<\/strong><\/span><\/h3>\n<p>A efectos de lo previsto en la Ley Org\u00e1nica 15\/99 de 13 de diciembre de Protecci\u00f3n de datos de car\u00e1cter personal \u2013 LOPD, informamos al usuario que los datos personales que nos proporcione ser\u00e1n tratados en esta web propiedad de Instituto de Ense\u00f1anza Secundaria IES Juan A. P\u00e9rez Mercader-Corrales \u2013 C\u00f3digo de Centro: 21700551 \u2013 C\/ Trituradora, 2 \u2013 C\u00f3digo Postal 21120 \u2013 Aljaraque, Huelva, con la \u00fanica finalidad de apoyar nuestra labor de informaci\u00f3n a la comunidad educativa a la que damos servicio. Por lo tanto, solo ser\u00e1n usados en la gesti\u00f3n de la relaci\u00f3n con el usuario para labores de informaci\u00f3n y de las actividades relacionadas con los mismos.<\/p>\n<h3><strong>Sitio Web Exclusivamente Informativo. Sin registro de usuarios, foros, suscripciones, comentarios ni valoraciones.<\/strong><\/h3>\n<p>Debido a la finalidad y \u00e1mbito educativo del IES Juan A. P\u00e9rez Mercader, en esta web que lo representa, no se han activado de cara al visitante cuentas de usuario, por lo que el visitante puede consultar todos los contenidos sin necesidad de darse de alta como usuario. Tampoco existen foros, valoraciones, comentarios, suscripciones, ni autores, como en otras webs informativas o blogs de noticias, reservando as\u00ed las identidades por parte del centro, las cuales solo tienen el car\u00e1cter global informativo en nombre del mismo y evitando de esta forma la interferencia de opiniones o valoraciones externas.<\/p>\n<h3><strong>Formularios de Contacto.<\/strong><\/h3>\n<p>Aunque el usuario solo puede recorrer la web como \u201cinvitado\u201d lo que implica que puede verlo todo sin necesidad de dejar sus datos, si deber\u00e1 dejarlos en el momento de realizar una consulta a trav\u00e9s del formulario de contacto, donde le van a ser requeridos sus datos de contacto b\u00e1sicos con el prop\u00f3sito especificado. Asimismo, en el pie de cada uno de los formularios se informa al visitante con enlace a esta p\u00e1gina de privacidad en cumplimiento a la normativa antes indicada sobre la LOPD.&nbsp;<\/p>\n<h3><strong>Medios o contenido incrustado de otros sitios web.<\/strong><\/h3>\n<p>Todos los medios usados en la web son de dominio p\u00fablico o propiedad del IES Juan A. P\u00e9rez Mercader. De igual forma, puede incluir contenido incrustado p\u00fablico como videos de YouTube, publicaciones en redes sociales como Facebook o Instagram, o de uso exclusivo para centros de formaci\u00f3n dependientes de la Consejer\u00eda de Educaci\u00f3n y Deporte de la Junta de Andaluc\u00eda, como videos, im\u00e1genes, documentos pdf, enlaces de inter\u00e9s, etc. Esta web no permite la subida de im\u00e1genes o documentos por parte ning\u00fan visitante o usuario externo.&nbsp;<\/p>\n<p>[\/et_pb_text][\/et_pb_column][\/et_pb_row][\/et_pb_section]<\/p>\n","protected":false},"excerpt":{"rendered":"<p>Direcci\u00f3n postal C\/ Trituradora, 2 21120 CORRALES-ALJARAQUE. HUELVA \u2013 ESPA\u00d1A Tel\u00e9fonos Administraci\u00f3n: 600162003 &#8211; 959990086 Conserjer\u00eda: 671536007 Email: 21700551.administracion@g.educaand.esPol\u00edtica de Privacidad A efectos de lo previsto en la Ley Org\u00e1nica 15\/99 de 13 de diciembre de Protecci\u00f3n de datos de car\u00e1cter personal \u2013 LOPD, informamos al usuario que los datos personales que nos proporcione ser\u00e1n [&hellip;]<\/p>\n","protected":false},"author":7051,"featured_media":0,"parent":0,"menu_order":0,"comment_status":"closed","ping_status":"closed","template":"","meta":{"_et_pb_use_builder":"on","_et_pb_old_content":"","_et_gb_content_width":"","ngg_post_thumbnail":0,"footnotes":""},"aioseo_notices":[],"_links":{"self":[{"href":"https:\/\/blogsaverroes.juntadeandalucia.es\/iesperezmercader\/wp-json\/wp\/v2\/pages\/474"}],"collection":[{"href":"https:\/\/blogsaverroes.juntadeandalucia.es\/iesperezmercader\/wp-json\/wp\/v2\/pages"}],"about":[{"href":"https:\/\/blogsaverroes.juntadeandalucia.es\/iesperezmercader\/wp-json\/wp\/v2\/types\/page"}],"author":[{"embeddable":true,"href":"https:\/\/blogsaverroes.juntadeandalucia.es\/iesperezmercader\/wp-json\/wp\/v2\/users\/7051"}],"replies":[{"embeddable":true,"href":"https:\/\/blogsaverroes.juntadeandalucia.es\/iesperezmercader\/wp-json\/wp\/v2\/comments?post=474"}],"version-history":[{"count":22,"href":"https:\/\/blogsaverroes.juntadeandalucia.es\/iesperezmercader\/wp-json\/wp\/v2\/pages\/474\/revisions"}],"predecessor-version":[{"id":5202,"href":"https:\/\/blogsaverroes.juntadeandalucia.es\/iesperezmercader\/wp-json\/wp\/v2\/pages\/474\/revisions\/5202"}],"wp:attachment":[{"href":"https:\/\/blogsaverroes.juntadeandalucia.es\/iesperezmercader\/wp-json\/wp\/v2\/media?parent=474"}],"curies":[{"name":"wp","href":"https:\/\/api.w.org\/{rel}","templated":true}]}}