{"id":5384,"date":"2024-11-15T13:21:11","date_gmt":"2024-11-15T12:21:11","guid":{"rendered":"https:\/\/blogsaverroes.juntadeandalucia.es\/iesperezmercader\/?page_id=5384"},"modified":"2025-11-17T19:12:18","modified_gmt":"2025-11-17T18:12:18","slug":"departamento-de-ingles","status":"publish","type":"page","link":"https:\/\/blogsaverroes.juntadeandalucia.es\/iesperezmercader\/departamento-de-ingles\/","title":{"rendered":"Departamento de Ingl\u00e9s"},"content":{"rendered":"<p>[et_pb_section fb_built=&#8221;1&#8243; _builder_version=&#8221;4.24.2&#8243; _module_preset=&#8221;default&#8221; global_colors_info=&#8221;{}&#8221;][et_pb_row _builder_version=&#8221;4.24.2&#8243; _module_preset=&#8221;default&#8221; global_colors_info=&#8221;{}&#8221;][et_pb_column type=&#8221;4_4&#8243; _builder_version=&#8221;4.24.2&#8243; _module_preset=&#8221;default&#8221; global_colors_info=&#8221;{}&#8221;][et_pb_text _builder_version=&#8221;4.24.2&#8243; _module_preset=&#8221;default&#8221; global_colors_info=&#8221;{}&#8221;]<\/p>\n<h1 id=\"h.u0tlbbmm6ea4\" class=\"zfr3Q duRjpb CDt4Ke \" dir=\"ltr\"><strong><span class=\"C9DxTc \">DEPARTAMENTO DE 1\u00ba LENGUA EXTRANJERA (INGL\u00c9S)<\/span><\/strong><\/h1>\n<p>[\/et_pb_text][et_pb_image src=&#8221;https:\/\/blogsaverroes.juntadeandalucia.es\/iesperezmercader\/files\/2024\/11\/Ingles.png&#8221; title_text=&#8221;Ingl\u00e9s&#8221; align=&#8221;center&#8221; _builder_version=&#8221;4.24.2&#8243; _module_preset=&#8221;default&#8221; global_colors_info=&#8221;{}&#8221;][\/et_pb_image][\/et_pb_column][\/et_pb_row][et_pb_row column_structure=&#8221;1_2,1_2&#8243; _builder_version=&#8221;4.24.2&#8243; _module_preset=&#8221;default&#8221; global_colors_info=&#8221;{}&#8221;][et_pb_column type=&#8221;1_2&#8243; _builder_version=&#8221;4.24.2&#8243; _module_preset=&#8221;default&#8221; global_colors_info=&#8221;{}&#8221;][et_pb_text _builder_version=&#8221;4.24.2&#8243; _module_preset=&#8221;default&#8221; global_colors_info=&#8221;{}&#8221;]<\/p>\n<p class=\"zfr3Q CDt4Ke \" dir=\"ltr\"><span style=\"font-size: 18pt\"><strong><span class=\"C9DxTc \">PROFESORADO CURSO 2025<\/span><span class=\"C9DxTc \">-2026<\/span><\/strong><\/span><\/p>\n<ul>\n<li class=\"zfr3Q CDt4Ke \" dir=\"ltr\" role=\"presentation\">De la Rosa Garc\u00eda, Manuel<\/li>\n<\/ul>\n<p class=\"zfr3Q CDt4Ke \" dir=\"ltr\"><span class=\"C9DxTc \">1<\/span><span class=\"C9DxTc \">\u00ba ESO C<\/span><span class=\"C9DxTc \">:<\/span><span class=\"C9DxTc \">&nbsp;<\/span><span class=\"C9DxTc \">Ingl\u00e9s<\/span><\/p>\n<p class=\"zfr3Q CDt4Ke \" dir=\"ltr\"><span class=\"C9DxTc \">1<\/span><span class=\"C9DxTc \">\u00ba BACH A, B y C<\/span><span class=\"C9DxTc \">:<\/span><span class=\"C9DxTc \">&nbsp;<\/span><span class=\"C9DxTc \">Ingl\u00e9s<\/span><\/p>\n<p dir=\"ltr\"><span class=\"C9DxTc \">1<\/span><span class=\"C9DxTc \">\u00ba BACH A, B y C<\/span><span class=\"C9DxTc \">:<\/span><span class=\"C9DxTc \">&nbsp;<\/span><span class=\"C9DxTc \">Ingl\u00e9s Avanzado<\/span><\/p>\n<ul class=\"n8H08c UVNKR \">\n<li class=\"zfr3Q TYR86d eD0Rn \" dir=\"ltr\">\n<p class=\"zfr3Q CDt4Ke \" dir=\"ltr\" role=\"presentation\"><span class=\"C9DxTc \">Drago Torrej\u00f3n, Luis Manuel <\/span><\/p>\n<\/li>\n<\/ul>\n<p class=\"zfr3Q CDt4Ke \" dir=\"ltr\"><span class=\"C9DxTc \">2<\/span><span class=\"C9DxTc \">\u00ba ESO<\/span><span class=\"C9DxTc \"> E y F<\/span><span class=\"C9DxTc \">:<\/span><span class=\"C9DxTc \">&nbsp;<\/span><span class=\"C9DxTc \">Ingl\u00e9s<\/span><\/p>\n<p class=\"zfr3Q CDt4Ke \" dir=\"ltr\"><span class=\"C9DxTc \">3\u00ba ESO B y C: <\/span><span class=\"C9DxTc \">Ingl\u00e9s<\/span><\/p>\n<ul class=\"n8H08c UVNKR \">\n<li class=\"zfr3Q TYR86d eD0Rn \" dir=\"ltr\">\n<p class=\"zfr3Q CDt4Ke \" dir=\"ltr\" role=\"presentation\"><span class=\"C9DxTc \">Flores G\u00f3mez, Isabel Rosa<\/span><span class=\"C9DxTc \">&nbsp;<\/span><\/p>\n<\/li>\n<\/ul>\n<p class=\"zfr3Q CDt4Ke \" dir=\"ltr\"><span class=\"C9DxTc \">1<\/span><span class=\"C9DxTc \">\u00ba ESO B, D y E<\/span><span class=\"C9DxTc \">:<\/span><span class=\"C9DxTc \">&nbsp;<\/span><span class=\"C9DxTc \">Ingl\u00e9s<\/span><\/p>\n<ul class=\"n8H08c UVNKR \">\n<li class=\"zfr3Q TYR86d eD0Rn \" dir=\"ltr\">\n<p class=\"zfr3Q CDt4Ke \" dir=\"ltr\" role=\"presentation\"><span class=\"C9DxTc \">G\u00f3mez Dom\u00ednguez, Mar\u00eda<\/span><span class=\"C9DxTc \">&nbsp;<\/span><\/p>\n<\/li>\n<\/ul>\n<p class=\"zfr3Q CDt4Ke \" dir=\"ltr\"><span class=\"C9DxTc \">3<\/span><span class=\"C9DxTc \">\u00ba ESO <\/span><span class=\"C9DxTc \">D, E y F<\/span><span class=\"C9DxTc \">: Ingl\u00e9s<\/span><\/p>\n<p class=\"zfr3Q CDt4Ke \" dir=\"ltr\"><span class=\"C9DxTc \">4<\/span><span class=\"C9DxTc \">\u00ba&nbsp;<\/span><span class=\"C9DxTc \">ESO<\/span><span class=\"C9DxTc \"> B:<\/span><span class=\"C9DxTc \"> Ingl\u00e9s<\/span><\/p>\n<p>[\/et_pb_text][\/et_pb_column][et_pb_column type=&#8221;1_2&#8243; _builder_version=&#8221;4.24.2&#8243; _module_preset=&#8221;default&#8221; global_colors_info=&#8221;{}&#8221;][et_pb_text _builder_version=&#8221;4.24.2&#8243; _module_preset=&#8221;default&#8221; global_colors_info=&#8221;{}&#8221;]<\/p>\n<p class=\"zfr3Q CDt4Ke \" dir=\"ltr\"><span style=\"font-size: 18pt\"><strong><span class=\"C9DxTc \">PROFESORADO CURSO 2025<\/span><span class=\"C9DxTc \">-2026<\/span><\/strong><\/span><\/p>\n<ul>\n<li>Lozano Ladrero, Marta<\/li>\n<\/ul>\n<p class=\"zfr3Q CDt4Ke \" dir=\"ltr\"><span class=\"C9DxTc \">2\u00ba ESO A, B y C: Ingl\u00e9s<\/span><\/p>\n<p class=\"zfr3Q CDt4Ke \" dir=\"ltr\"><span class=\"C9DxTc \">3\u00ba ESO A: <\/span><span class=\"C9DxTc \">Ingl\u00e9s<\/span><\/p>\n<ul>\n<li>Rold\u00e1n Serra, Mar\u00eda Luisa (JD)<\/li>\n<\/ul>\n<p><span class=\"C9DxTc \">4\u00ba ESO A, C y D:&nbsp; <\/span><span class=\"C9DxTc \">Ingl\u00e9s<\/span><\/p>\n<ul class=\"n8H08c UVNKR \">\n<li class=\"zfr3Q TYR86d eD0Rn \" dir=\"ltr\">\n<p class=\"zfr3Q CDt4Ke \" dir=\"ltr\" role=\"presentation\">Valladares Moyo, Beatriz<\/p>\n<\/li>\n<\/ul>\n<p class=\"zfr3Q CDt4Ke \" dir=\"ltr\"><span class=\"C9DxTc \">1\u00ba ESO A:&nbsp; <\/span><span class=\"C9DxTc \">Ingl\u00e9s<\/span><\/p>\n<p dir=\"ltr\"><span class=\"C9DxTc \">2\u00ba ESO D:&nbsp; <\/span><span class=\"C9DxTc \">Ingl\u00e9s<\/span><\/p>\n<p class=\"zfr3Q CDt4Ke \" dir=\"ltr\"><span class=\"C9DxTc \">2\u00ba BACH A, B y C: Ingl\u00e9s&nbsp;<\/span><\/p>\n<p>[\/et_pb_text][\/et_pb_column][\/et_pb_row][et_pb_row _builder_version=&#8221;4.24.2&#8243; _module_preset=&#8221;default&#8221; global_colors_info=&#8221;{}&#8221;][et_pb_column type=&#8221;4_4&#8243; _builder_version=&#8221;4.24.2&#8243; _module_preset=&#8221;default&#8221; global_colors_info=&#8221;{}&#8221;][et_pb_text _builder_version=&#8221;4.24.2&#8243; _module_preset=&#8221;default&#8221; global_colors_info=&#8221;{}&#8221;]<\/p>\n<p><span style=\"font-size: 14pt\"><strong>PROGRAMACIONES DID\u00c1CTICAS<\/strong><\/span><\/p>\n<p>[\/et_pb_text][\/et_pb_column][\/et_pb_row][et_pb_row column_structure=&#8221;1_3,1_3,1_3&#8243; _builder_version=&#8221;4.24.2&#8243; _module_preset=&#8221;default&#8221; global_colors_info=&#8221;{}&#8221;][et_pb_column type=&#8221;1_3&#8243; _builder_version=&#8221;4.24.2&#8243; _module_preset=&#8221;default&#8221; global_colors_info=&#8221;{}&#8221;][et_pb_button url_new_window=&#8221;on&#8221; button_text=&#8221;Ingl\u00e9s E.S.O&#8221; _builder_version=&#8221;4.24.2&#8243; _module_preset=&#8221;default&#8221; hover_enabled=&#8221;0&#8243; global_colors_info=&#8221;{}&#8221; button_url=&#8221;https:\/\/drive.google.com\/file\/d\/1ifO-mxiwHZ7oIrMe8oiUIobvEe7LKeI0\/view?usp=sharing&#8221; sticky_enabled=&#8221;0&#8243;][\/et_pb_button][\/et_pb_column][et_pb_column type=&#8221;1_3&#8243; _builder_version=&#8221;4.24.2&#8243; _module_preset=&#8221;default&#8221; global_colors_info=&#8221;{}&#8221;][et_pb_button url_new_window=&#8221;on&#8221; button_text=&#8221;Ingl\u00e9s Bachillerato&#8221; _builder_version=&#8221;4.24.2&#8243; _module_preset=&#8221;default&#8221; hover_enabled=&#8221;0&#8243; global_colors_info=&#8221;{}&#8221; button_url=&#8221;https:\/\/drive.google.com\/file\/d\/1ZWyUyzFeRfkl0Bb5y8ozG9MueiwRpzh0\/view?usp=sharing&#8221; sticky_enabled=&#8221;0&#8243;][\/et_pb_button][\/et_pb_column][et_pb_column type=&#8221;1_3&#8243; _builder_version=&#8221;4.24.2&#8243; _module_preset=&#8221;default&#8221; global_colors_info=&#8221;{}&#8221;][et_pb_button button_url=&#8221;https:\/\/drive.google.com\/file\/d\/1ObxvmM83b-_-YPDAzHNf-KfAxQzi0A2n\/view?usp=sharing&#8221; url_new_window=&#8221;on&#8221; button_text=&#8221;Ingl\u00e9s Avanzado 1\u00ba BACH&#8221; _builder_version=&#8221;4.24.2&#8243; _module_preset=&#8221;default&#8221; hover_enabled=&#8221;0&#8243; global_colors_info=&#8221;{}&#8221; sticky_enabled=&#8221;0&#8243;][\/et_pb_button][\/et_pb_column][\/et_pb_row][\/et_pb_section]<\/p>\n","protected":false},"excerpt":{"rendered":"<p>DEPARTAMENTO DE 1\u00ba LENGUA EXTRANJERA (INGL\u00c9S)PROFESORADO CURSO 2025-2026 De la Rosa Garc\u00eda, Manuel 1\u00ba ESO C:&nbsp;Ingl\u00e9s 1\u00ba BACH A, B y C:&nbsp;Ingl\u00e9s 1\u00ba BACH A, B y C:&nbsp;Ingl\u00e9s Avanzado Drago Torrej\u00f3n, Luis Manuel 2\u00ba ESO E y F:&nbsp;Ingl\u00e9s 3\u00ba ESO B y C: Ingl\u00e9s Flores G\u00f3mez, Isabel Rosa&nbsp; 1\u00ba ESO B, D y E:&nbsp;Ingl\u00e9s G\u00f3mez [&hellip;]<\/p>\n","protected":false},"author":16057,"featured_media":0,"parent":0,"menu_order":0,"comment_status":"closed","ping_status":"closed","template":"","meta":{"_et_pb_use_builder":"on","_et_pb_old_content":"","_et_gb_content_width":"","ngg_post_thumbnail":0,"footnotes":""},"aioseo_notices":[],"_links":{"self":[{"href":"https:\/\/blogsaverroes.juntadeandalucia.es\/iesperezmercader\/wp-json\/wp\/v2\/pages\/5384"}],"collection":[{"href":"https:\/\/blogsaverroes.juntadeandalucia.es\/iesperezmercader\/wp-json\/wp\/v2\/pages"}],"about":[{"href":"https:\/\/blogsaverroes.juntadeandalucia.es\/iesperezmercader\/wp-json\/wp\/v2\/types\/page"}],"author":[{"embeddable":true,"href":"https:\/\/blogsaverroes.juntadeandalucia.es\/iesperezmercader\/wp-json\/wp\/v2\/users\/16057"}],"replies":[{"embeddable":true,"href":"https:\/\/blogsaverroes.juntadeandalucia.es\/iesperezmercader\/wp-json\/wp\/v2\/comments?post=5384"}],"version-history":[{"count":12,"href":"https:\/\/blogsaverroes.juntadeandalucia.es\/iesperezmercader\/wp-json\/wp\/v2\/pages\/5384\/revisions"}],"predecessor-version":[{"id":6918,"href":"https:\/\/blogsaverroes.juntadeandalucia.es\/iesperezmercader\/wp-json\/wp\/v2\/pages\/5384\/revisions\/6918"}],"wp:attachment":[{"href":"https:\/\/blogsaverroes.juntadeandalucia.es\/iesperezmercader\/wp-json\/wp\/v2\/media?parent=5384"}],"curies":[{"name":"wp","href":"https:\/\/api.w.org\/{rel}","templated":true}]}}