{"id":5471,"date":"2024-11-16T20:33:01","date_gmt":"2024-11-16T19:33:01","guid":{"rendered":"https:\/\/blogsaverroes.juntadeandalucia.es\/iesperezmercader\/?page_id=5471"},"modified":"2025-11-17T19:26:39","modified_gmt":"2025-11-17T18:26:39","slug":"departamento-de-informatica","status":"publish","type":"page","link":"https:\/\/blogsaverroes.juntadeandalucia.es\/iesperezmercader\/departamento-de-informatica\/","title":{"rendered":"Departamento de Inform\u00e1tica"},"content":{"rendered":"<p>[et_pb_section fb_built=&#8221;1&#8243; _builder_version=&#8221;4.24.2&#8243; _module_preset=&#8221;default&#8221; global_colors_info=&#8221;{}&#8221;][et_pb_row _builder_version=&#8221;4.24.2&#8243; _module_preset=&#8221;default&#8221; global_colors_info=&#8221;{}&#8221;][et_pb_column type=&#8221;4_4&#8243; _builder_version=&#8221;4.24.2&#8243; _module_preset=&#8221;default&#8221; global_colors_info=&#8221;{}&#8221;][et_pb_text _builder_version=&#8221;4.24.2&#8243; _module_preset=&#8221;default&#8221; global_colors_info=&#8221;{}&#8221;]<\/p>\n<h1 id=\"h.u0tlbbmm6ea4\" class=\"zfr3Q duRjpb CDt4Ke \" dir=\"ltr\"><strong><span class=\"C9DxTc \">DEPARTAMENTO DE INFORM\u00c1TICA<\/span><\/strong><\/h1>\n<p>[\/et_pb_text][et_pb_image src=&#8221;https:\/\/blogsaverroes.juntadeandalucia.es\/iesperezmercader\/files\/2024\/11\/Informatica.jpg&#8221; title_text=&#8221;Informatica&#8221; _builder_version=&#8221;4.24.2&#8243; _module_preset=&#8221;default&#8221; global_colors_info=&#8221;{}&#8221;][\/et_pb_image][et_pb_text _builder_version=&#8221;4.24.2&#8243; _module_preset=&#8221;default&#8221; global_colors_info=&#8221;{}&#8221;]<\/p>\n<p class=\"zfr3Q CDt4Ke \" dir=\"ltr\"><span style=\"font-size: 18pt\"><strong><span class=\"C9DxTc \">PROFESORADO CURSO 2025-2026<\/span><\/strong><\/span><\/p>\n<ul class=\"n8H08c UVNKR \">\n<li class=\"zfr3Q TYR86d eD0Rn \" dir=\"ltr\">\n<p class=\"zfr3Q CDt4Ke \" dir=\"ltr\" role=\"presentation\"><span class=\"C9DxTc \">Cordero G\u00e1mez, Manuela (Jefe Departamento)<\/span><\/p>\n<\/li>\n<\/ul>\n<p class=\"zfr3Q CDt4Ke \" dir=\"ltr\"><span class=\"C9DxTc \">1\u00ba ESO A, D y E: Computaci\u00f3n y Rob\u00f3tica<\/span><\/p>\n<p class=\"zfr3Q CDt4Ke \" dir=\"ltr\"><span class=\"C9DxTc \">3\u00ba ESO A, B, C, D, E y F: Computaci\u00f3n y Rob\u00f3tica<\/span><\/p>\n<p class=\"zfr3Q CDt4Ke \" dir=\"ltr\"><span class=\"C9DxTc \">4<\/span><span class=\"C9DxTc \">\u00ba ESO&nbsp;<\/span><span class=\"C9DxTc \">A, B, C y D<\/span><span class=\"C9DxTc \">.&nbsp;<\/span><span class=\"C9DxTc \">Digitalizaci\u00f3n<\/span><\/p>\n<ul class=\"n8H08c UVNKR \">\n<li class=\"zfr3Q TYR86d eD0Rn \" dir=\"ltr\">\n<p class=\"zfr3Q CDt4Ke \" dir=\"ltr\" role=\"presentation\">Jim\u00e9nez Cumbreras, Isabel Mar\u00eda<\/p>\n<\/li>\n<\/ul>\n<p class=\"zfr3Q CDt4Ke \" dir=\"ltr\"><span class=\"C9DxTc \">1\u00ba ESO B y C:<\/span><span class=\"C9DxTc \">&nbsp;Computaci\u00f3n y Rob\u00f3tica<\/span><\/p>\n<p class=\"zfr3Q CDt4Ke \" dir=\"ltr\"><span class=\"C9DxTc \">2\u00ba ESO A, B y F:<\/span><span class=\"C9DxTc \">&nbsp;Computaci\u00f3n y Rob\u00f3tica<\/span><\/p>\n<p class=\"zfr3Q CDt4Ke \" dir=\"ltr\"><span class=\"C9DxTc \">4<\/span><span class=\"C9DxTc \">\u00ba ESO A, B, C y D:<\/span><span class=\"C9DxTc \">&nbsp;<\/span><span class=\"C9DxTc \">Digitalizaci\u00f3n<\/span><\/p>\n<p class=\"zfr3Q CDt4Ke \" dir=\"ltr\"><span class=\"C9DxTc \">1<\/span><span class=\"C9DxTc \">\u00ba&nbsp;<\/span><span class=\"C9DxTc \">BACH A, B y C<\/span><span class=\"C9DxTc \">.&nbsp;<\/span><span class=\"C9DxTc \">Tecnolog\u00edas Informaci\u00f3n<\/span><span class=\"C9DxTc \">&nbsp;<\/span><span class=\"C9DxTc \">y Comunicaci\u00f3n<\/span><\/p>\n<p>[\/et_pb_text][et_pb_text _builder_version=&#8221;4.24.2&#8243; _module_preset=&#8221;default&#8221; global_colors_info=&#8221;{}&#8221;]<\/p>\n<p><span style=\"font-size: 18pt\"><strong>PROGRAMACIONES DID\u00c1CTICAS<\/strong><\/span><\/p>\n<p>[\/et_pb_text][\/et_pb_column][\/et_pb_row][et_pb_row column_structure=&#8221;1_4,1_4,1_4,1_4&#8243; _builder_version=&#8221;4.24.2&#8243; _module_preset=&#8221;default&#8221; global_colors_info=&#8221;{}&#8221;][et_pb_column type=&#8221;1_4&#8243; _builder_version=&#8221;4.24.2&#8243; _module_preset=&#8221;default&#8221; global_colors_info=&#8221;{}&#8221;][et_pb_button url_new_window=&#8221;on&#8221; button_text=&#8221;Computaci\u00f3n y Rob\u00f3tica 1\u00ba, 2\u00ba y 3\u00ba E.S.O&#8221; _builder_version=&#8221;4.24.2&#8243; _module_preset=&#8221;default&#8221; hover_enabled=&#8221;0&#8243; global_colors_info=&#8221;{}&#8221; button_url=&#8221;https:\/\/drive.google.com\/file\/d\/1bi_c15d7NdpxwwbcLxHWhMfL-joIlLKL\/view?usp=sharing&#8221; sticky_enabled=&#8221;0&#8243;][\/et_pb_button][\/et_pb_column][et_pb_column type=&#8221;1_4&#8243; _builder_version=&#8221;4.24.2&#8243; _module_preset=&#8221;default&#8221; global_colors_info=&#8221;{}&#8221;][et_pb_button url_new_window=&#8221;on&#8221; button_text=&#8221;Digitalizaci\u00f3n 4\u00ba E.S.O&#8221; _builder_version=&#8221;4.24.2&#8243; _module_preset=&#8221;default&#8221; hover_enabled=&#8221;0&#8243; global_colors_info=&#8221;{}&#8221; button_url=&#8221;https:\/\/drive.google.com\/file\/d\/1ISOMkZMlyZ_hs8DleaspFV43QDbT_tjT\/view?usp=sharing&#8221; sticky_enabled=&#8221;0&#8243;][\/et_pb_button][\/et_pb_column][et_pb_column type=&#8221;1_4&#8243; _builder_version=&#8221;4.24.2&#8243; _module_preset=&#8221;default&#8221; global_colors_info=&#8221;{}&#8221;][et_pb_button url_new_window=&#8221;on&#8221; button_text=&#8221;TIC 1\u00ba BACH (Ciencia y Tecnolog\u00eda)&#8221; _builder_version=&#8221;4.24.2&#8243; _module_preset=&#8221;default&#8221; hover_enabled=&#8221;0&#8243; global_colors_info=&#8221;{}&#8221; button_url=&#8221;https:\/\/drive.google.com\/file\/d\/1w4UpxhOPt_qJZRxnDRQO4QmlxvTCtzSZ\/view?usp=sharing&#8221; sticky_enabled=&#8221;0&#8243;][\/et_pb_button][\/et_pb_column][et_pb_column type=&#8221;1_4&#8243; _builder_version=&#8221;4.24.2&#8243; _module_preset=&#8221;default&#8221; global_colors_info=&#8221;{}&#8221;][et_pb_button url_new_window=&#8221;on&#8221; button_text=&#8221;TIC 1\u00ba BACH (Humanidades y Ciencias Sociales)&#8221; _builder_version=&#8221;4.24.2&#8243; _module_preset=&#8221;default&#8221; hover_enabled=&#8221;0&#8243; global_colors_info=&#8221;{}&#8221; button_url=&#8221;https:\/\/drive.google.com\/file\/d\/1Y3yLPC0nQW-N9sUSEvqtvEPVjd2pHWNx\/view?usp=sharing&#8221; sticky_enabled=&#8221;0&#8243;][\/et_pb_button][\/et_pb_column][\/et_pb_row][\/et_pb_section]<\/p>\n","protected":false},"excerpt":{"rendered":"<p>DEPARTAMENTO DE INFORM\u00c1TICAPROFESORADO CURSO 2025-2026 Cordero G\u00e1mez, Manuela (Jefe Departamento) 1\u00ba ESO A, D y E: Computaci\u00f3n y Rob\u00f3tica 3\u00ba ESO A, B, C, D, E y F: Computaci\u00f3n y Rob\u00f3tica 4\u00ba ESO&nbsp;A, B, C y D.&nbsp;Digitalizaci\u00f3n Jim\u00e9nez Cumbreras, Isabel Mar\u00eda 1\u00ba ESO B y C:&nbsp;Computaci\u00f3n y Rob\u00f3tica 2\u00ba ESO A, B y F:&nbsp;Computaci\u00f3n y [&hellip;]<\/p>\n","protected":false},"author":16057,"featured_media":0,"parent":0,"menu_order":0,"comment_status":"closed","ping_status":"closed","template":"","meta":{"_et_pb_use_builder":"on","_et_pb_old_content":"","_et_gb_content_width":"","ngg_post_thumbnail":0,"footnotes":""},"aioseo_notices":[],"_links":{"self":[{"href":"https:\/\/blogsaverroes.juntadeandalucia.es\/iesperezmercader\/wp-json\/wp\/v2\/pages\/5471"}],"collection":[{"href":"https:\/\/blogsaverroes.juntadeandalucia.es\/iesperezmercader\/wp-json\/wp\/v2\/pages"}],"about":[{"href":"https:\/\/blogsaverroes.juntadeandalucia.es\/iesperezmercader\/wp-json\/wp\/v2\/types\/page"}],"author":[{"embeddable":true,"href":"https:\/\/blogsaverroes.juntadeandalucia.es\/iesperezmercader\/wp-json\/wp\/v2\/users\/16057"}],"replies":[{"embeddable":true,"href":"https:\/\/blogsaverroes.juntadeandalucia.es\/iesperezmercader\/wp-json\/wp\/v2\/comments?post=5471"}],"version-history":[{"count":6,"href":"https:\/\/blogsaverroes.juntadeandalucia.es\/iesperezmercader\/wp-json\/wp\/v2\/pages\/5471\/revisions"}],"predecessor-version":[{"id":6924,"href":"https:\/\/blogsaverroes.juntadeandalucia.es\/iesperezmercader\/wp-json\/wp\/v2\/pages\/5471\/revisions\/6924"}],"wp:attachment":[{"href":"https:\/\/blogsaverroes.juntadeandalucia.es\/iesperezmercader\/wp-json\/wp\/v2\/media?parent=5471"}],"curies":[{"name":"wp","href":"https:\/\/api.w.org\/{rel}","templated":true}]}}