{"id":783,"date":"2022-11-29T11:41:14","date_gmt":"2022-11-29T10:41:14","guid":{"rendered":"https:\/\/blogsaverroes.juntadeandalucia.es\/iesperezmercader\/?page_id=783"},"modified":"2022-12-31T19:15:44","modified_gmt":"2022-12-31T18:15:44","slug":"juan-perez-mercader","status":"publish","type":"page","link":"https:\/\/blogsaverroes.juntadeandalucia.es\/iesperezmercader\/el-centro\/juan-perez-mercader\/","title":{"rendered":"Juan A. P\u00e9rez Mercader"},"content":{"rendered":"<p>[et_pb_section fb_built=&#8221;1&#8243; admin_label=&#8221;section&#8221; _builder_version=&#8221;3.22&#8243; global_colors_info=&#8221;{}&#8221;][et_pb_row _builder_version=&#8221;4.14.5&#8243; _module_preset=&#8221;default&#8221; global_colors_info=&#8221;{}&#8221;][et_pb_column type=&#8221;4_4&#8243; _builder_version=&#8221;4.14.5&#8243; _module_preset=&#8221;default&#8221; global_colors_info=&#8221;{}&#8221;][et_pb_image src=&#8221;https:\/\/blogsaverroes.juntadeandalucia.es\/iesperezmercader\/files\/2022\/12\/JAPerez-Mercader-profesor.jpg&#8221; title_text=&#8221;JAPerez Mercader-profesor&#8221; admin_label=&#8221;J.A. P\u00e9rez Mercader 1&#8243; _builder_version=&#8221;4.14.5&#8243; _module_preset=&#8221;default&#8221; global_colors_info=&#8221;{}&#8221;][\/et_pb_image][et_pb_text admin_label=&#8221;Nuestro Nombre&#8221; _builder_version=&#8221;4.14.5&#8243; _module_preset=&#8221;default&#8221; global_colors_info=&#8221;{}&#8221;]<\/p>\n<p><span style=\"font-size: 14pt\"><strong>Nuestro nombre<\/strong><\/span><\/p>\n<p>El nombre de nuestro Instituto se gest\u00f3 en el&nbsp;<a href=\"http:\/\/reddeparquesnacionales.mma.es\/parques\/donana\/index.htm\" target=\"_blank\" rel=\"noopener noreferrer\">Parque Nacional de Do\u00f1ana<\/a>, en la primavera de 1999, durante el \u201cII encuentro de escritores del Entorno de Do\u00f1ana\u201d.<br \/>&nbsp;<br \/>Tras escuchar a&nbsp;<a href=\"http:\/\/www.youtube.com\/watch?v=ZGoZe28blYQ\" target=\"_blank\" rel=\"noopener noreferrer\">Juan P\u00e9rez Mercader<\/a>&nbsp;en su interesante conferencia \u201c\u00bfEs matematizable el Medio Ambiente?\u201d, Juan Antonio Guzm\u00e1n, antiguo profesor del I.E.S. y poeta del Entorno de Do\u00f1ana, le propuso en el Palacio de las Marismillas a nuestro sin par astrof\u00edsico que aceptase la nominaci\u00f3n de nuestro reci\u00e9n creado Instituto de Secundaria con su nombre y apellidos. Juan P\u00e9rez Mercader, con un peculiar gesto de asombro y casi repulsa dijo: \u201c\u00bfPor qu\u00e9 yo?, eso es cosa de poetas y artistas\u201d, a lo que el interlocutor le respondi\u00f3: \u201cpues, precisamente por eso, queremos que nuestro IES tenga el nombre de un cient\u00edfico de nuestra tierra; y adem\u00e1s, de Juan a Juan, no quiero que a mis alumnos les ocurra lo que a nosotros, \u00bfrecuerdas?: pens\u00e1bamos que los cient\u00edficos y literatos no exist\u00edan o s\u00f3lo aparec\u00edan en los libros\u201d. \u201cNo sigas, acepto\u201d, contest\u00f3 Mercader.<br \/>&nbsp;<br \/>La propuesta la elev\u00f3 Guzm\u00e1n al Claustro de Profesores y, una vez aprobada por unanimidad, se traslad\u00f3 al Consejo Escolar, donde se ratific\u00f3 con entusiasmo por todos los representantes de la Comunidad Educativa.<br \/>&nbsp;<br \/>Una vez publicado en BOJA el d\u00eda 4 de Mayo de 2000, se inaugur\u00f3 el IES con la asistencia del Excmo. Sr. Delegado Provincial de Educaci\u00f3n y Ciencia, el Excmo. Sr. Alcalde de Aljaraque, y el Vicepresidente de la Excma. Diputaci\u00f3n Provincial de Huelva, as\u00ed como diversas personalidades de las Ciencias, Letras, Artes y Educaci\u00f3n, que acompa\u00f1aron a Juan P\u00e9rez Mercader en el descubrimiento de un azulejo en la entrada del IES, donde se inscribi\u00f3 la siguiente frase de nuestro Astrof\u00edsico: \u201cLa complejidad de la superficie es muestra de una simplicidad profunda\u201d; cita que sirvi\u00f3 para abrir una conferencia en el casino de nuestra localidad, Corrales, titulada \u201c\u00bfQu\u00e9 sabemos del Universo?\u201d.<\/p>\n<p>Posteriormente el IES se traslad\u00f3 a unas nuevas instalaciones, las cuales fueron inauguradas por el Consejero de Educaci\u00f3n,&nbsp;Francisco \u00c1lvarez de la Chica y por el propio Juan P\u00e9rez Mercader el 20 de Diciembre de 2010.<\/p>\n<p>[\/et_pb_text][et_pb_gallery gallery_ids=&#8221;1766,1767&#8243; _builder_version=&#8221;4.14.5&#8243; _module_preset=&#8221;default&#8221; global_colors_info=&#8221;{}&#8221;][\/et_pb_gallery][et_pb_video src=&#8221;https:\/\/blogsaverroes.juntadeandalucia.es\/iesperezmercader\/files\/2022\/12\/Inauguracion.mp4&#8243; _builder_version=&#8221;4.14.5&#8243; _module_preset=&#8221;default&#8221; hover_enabled=&#8221;0&#8243; global_colors_info=&#8221;{}&#8221; title_text=&#8221;Inauguracion&#8221; sticky_enabled=&#8221;0&#8243;][\/et_pb_video][\/et_pb_column][\/et_pb_row][et_pb_row admin_label=&#8221;row&#8221; _builder_version=&#8221;3.25&#8243; background_size=&#8221;initial&#8221; background_position=&#8221;top_left&#8221; background_repeat=&#8221;repeat&#8221; global_colors_info=&#8221;{}&#8221;][et_pb_column type=&#8221;4_4&#8243; _builder_version=&#8221;3.25&#8243; custom_padding=&#8221;|||&#8221; global_colors_info=&#8221;{}&#8221; custom_padding__hover=&#8221;|||&#8221;][et_pb_image src=&#8221;https:\/\/blogsaverroes.juntadeandalucia.es\/iesperezmercader\/files\/2022\/12\/JAPerez-Mercader.jpg&#8221; title_text=&#8221;JAPerez Mercader&#8221; admin_label=&#8221;J.A. P\u00e9rez Mercader 2&#8243; _builder_version=&#8221;4.14.5&#8243; _module_preset=&#8221;default&#8221; global_colors_info=&#8221;{}&#8221;][\/et_pb_image][et_pb_text admin_label=&#8221;Biograf\u00eda&#8221; _builder_version=&#8221;4.14.5&#8243; _module_preset=&#8221;default&#8221; global_colors_info=&#8221;{}&#8221;]<\/p>\n<p><strong><span style=\"font-size: 14pt\">Biograf\u00eda<\/span><\/strong><\/p>\n<p>&nbsp; &nbsp; &nbsp; &nbsp; &nbsp; &nbsp; Nacido en Alcal\u00e1 de Guadaira (Sevilla) en 1947, creci\u00f3 en Huelva, en donde vivi\u00f3 hasta los dieciocho a\u00f1os. Es Licenciado en Ciencias F\u00edsicas por la Universidad de Sevilla, Master of Science in Mathematics and Theoretical Physics por el Trinity College of Dubl\u00edn, as\u00ed como Master of Philosophy y Doctor of Philosophy in Physics por el City College of New York.<br \/>&nbsp;<br \/>&nbsp;&nbsp;&nbsp;&nbsp;&nbsp;&nbsp;&nbsp;&nbsp;&nbsp;&nbsp;&nbsp;&nbsp;Tras sus estudios en Irlanda, comenzados en 1973, gan\u00f3 una Beca Fulbright en 1975, permaneciendo en los EEUU hasta finales de 1983, fecha en la que regres\u00f3 a Espa\u00f1a para incorporarse al C.S.I.C., donde presta sus servicios como Investigador Cient\u00edfico. Desde 1991 hasta final de 1999 comparte su actividad investigadora entre LAEFF, Laboratorio de Astrof\u00edsica Espacial y F\u00edsica Fundamental del INTA., del que fue Miembro Fundador, y el Instituto de Matem\u00e1ticas y F\u00edsica Fundamental del CSIC. Ha sido Director del Arca de Ciencias B\u00e1sicas e Instrumentaci\u00f3n del INTA entre 1994 y 1999, y de la de Astrof\u00edsica Espacial y F\u00edsica Fundamental del INTA durante 1999. Desde 1989 es Laboratory Consultant del Los Alamos National Laboratory, en New Mexico, USA. Desde Noviembre de 1999 es Director del Centro de Astrobiologia (Centro Mixto CSIC-INTA) que se construye en Espa\u00f1a en Asociaci\u00f3n con el NASA Astrobiology Institute, y del cual es su fundador.<br \/>&nbsp;<br \/>&nbsp;&nbsp;&nbsp;&nbsp;&nbsp;&nbsp;&nbsp;&nbsp;&nbsp;&nbsp;&nbsp; Su investigaci\u00f3n se centra en la F\u00edsica Te\u00f3rica, y su inter\u00e9s fundamental est\u00e1 en la aplicaci\u00f3n de la F\u00edsica Te\u00f3rica al conocimiento del Universo, desde las m\u00e1s grandes a las m\u00e1s peque\u00f1as escalas, pasando por la Vida. Ha realizado trabajo pionero en Teor\u00edas de Gran Unificaci\u00f3n. (1977-80), en Rotura Din\u00e1mica de Simetr\u00edas (1980-83), en Supersimetr\u00eda y Supercuerdas (1983-1988), en F\u00edsica de Agujeros de Gusano (1988-90), en Cosmolog\u00eda Cu\u00e1ntica (1990-91), en Gravitaci\u00f3n Cu\u00e1ntica y en los Fundamentos F\u00edsicos de la Complejidad (1 991-93), as\u00ed como en Fen\u00f3menos de Orden-Desorden entre quarks; ha aplicado el Grupo de Renormalizaci\u00f3n&nbsp; Astrof\u00edsica y Cosmolog\u00eda (1995-98) y a la Turbulencia y Procesos Estoc\u00e1sticos (19911-98) o al Origen de los Terremotos (1999). Ha trabajado sobre la desintegraci\u00f3n del prot\u00f3n, el grupo de renormalizaci\u00f3n, supercuerdas, en el problema de la constante cosmol\u00f3gica, el problema de la materia oscura, los or\u00edgenes f\u00edsicos de la irreversibilidad del tiempo, en aspectos te\u00f3ricos y experimentales de la teor\u00eda general de la gravitaci\u00f3n, en el origen de W leyes de escala en astrof\u00edsica, geolog\u00eda y biolog\u00eda, y un largo etc.. Tambi\u00e9n ha participado como te\u00f3rico principal en el Proyecto EURD, un instrumento que vuela en el primer minisat\u00e9lite espa\u00f1ol. Es co-descubridor del Gravito-Magnetismo, una propiedad del espacio-tiempo predicha por Einstein y otros en 1918 y que ha detectado y medido en 1998. En la actualidad desarrolla ideas acerca del Origen y Evoluci\u00f3n de la Vida como consecuencia de la evoluci\u00f3n f\u00edsica del Universo en colaboraci\u00f3n con un distinguido grupo de cient\u00edficos. Cuenta con m\u00e1s de un centenar de trabajos originales publicados en las m\u00e1s prestigiosas revistas cient\u00edficas internacionales.<br \/>&nbsp;<br \/>&nbsp;&nbsp;&nbsp;&nbsp;&nbsp;&nbsp;&nbsp;&nbsp;&nbsp;&nbsp;&nbsp; Lidera varios Proyectos de Investigaci\u00f3n dentro y fuera de Espa\u00f1a, y es regularmente invitado por los m\u00e1s prestigiosos Centros de Investigaci\u00f3n del mundo para realizar all\u00ed su investigaci\u00f3n y\/o para presentar los resultados de su trabajo.<br \/>&nbsp;<br \/>&nbsp;&nbsp;&nbsp;&nbsp;&nbsp;&nbsp;&nbsp;&nbsp;&nbsp;&nbsp;&nbsp; Ha ense\u00f1ado F\u00edsica, dirigido tesis doctorales y\/o realizado investigaci\u00f3n en Trinity College (Dubl\u00edn), en el City College of New York (New York), en la Louisiana State University (Baton Rouge), en el Los Alamos National Laboratory (New Mexico), en el Consejo Superior de Investigaciones Cient\u00edficas, en el Instituto Nacional de T\u00e9cnica Aeroespacial (Madrid) y en el Santa Fe Institute, de New Mexico.<br \/>&nbsp;<br \/>&nbsp;&nbsp;&nbsp;&nbsp;&nbsp;&nbsp;&nbsp;&nbsp;&nbsp;&nbsp;&nbsp; Su investigaci\u00f3n es o ha sido financiada por el Department of Energy (USA), la National&nbsp; Sc\u00edence Foundation (USA), el Board of Higher Education and Professional Staff Council de la Research Foundation of the City University of New York (USA), por la ClCyT y el Ministerio de Defensa (Espa\u00f1a), y por el Comit\u00e9 Conjunto Hispano-Norteamericano. Tambi\u00e9n por la OTAN, la Uni\u00f3n Europea y la Fundaci\u00f3n Banco de Bilbao-Vizcaya.<br \/>&nbsp;<br \/>&nbsp;&nbsp;&nbsp;&nbsp;&nbsp;&nbsp;&nbsp;&nbsp;&nbsp;&nbsp;&nbsp; Es Secretario del Comit\u00e9 que representa a Espa\u00f1a en la International Union for Pure and Applied Physics, y Fellow, por elecci\u00f3n, de la Dublin Mathematical Society y Medalla de los Descubrimientos de la Ciudad de Lagos. Ha sido nominado Por el Grupo Z entre los diez mejores Cient\u00edficos del A\u00f1o 1993. En 1996 recibi\u00f3 un premio de investigaci\u00f3n otorgado por la prestigiosa Gravity Research Foundation (EEUU) por su explicaci\u00f3n de la estructura fractal del Universo en la escala de las galaxias. Ha sido designado miembro de la Joint Astrophysics Division de las European Astronomical Society y European Phys\u00edcal Society.. Es Miembro Fundador del European Astro-Exo-Biology Network (1999). En 1997 fue galardonado con la Cruz al M\u00e9rito Aeron\u00e1utico. En 1998 le fu\u00e9 otorgada la Medalla de Andaluc\u00eda. Es Doctor Honoris Causa por la Universidad de Huelva (el primero en la historia de esta Universidad) (1 998). Es Medalla de la Ciudad de Huelva (2000). Tambi\u00e9n hay un centro en La Rinconada (Sevilla) que lleva el nombre de Centro de Formaci\u00f3n Municipal Juan P\u00e9rez Mercader, inaugurado en Noviembre de 1998. Es Presidente del Patronato del Parque Natural de Do\u00f1ana (1998). Miembro del Consejo de Ciencia y Tecnolog\u00eda de la Comunidad Aut\u00f3noma de Madrid (Enero de 1999) y del Consejo Consultivo del C\u00edrculo de Bellas Artes de Madrid (Febrero del 2000).&nbsp;Desde 2002 es miembro de la Comisi\u00f3n de Investigaci\u00f3n de Accidentes e Incidentes en Aviaci\u00f3n Civil. En 2006 es nombrado &#8220;Hijo predilecto de la provincia de Sevilla&#8221; y en 2007 se le concede el Premio Andalucia al Medio Ambiente.<\/p>\n<p>&nbsp;<br \/>&nbsp;&nbsp;&nbsp;&nbsp;&nbsp;&nbsp;&nbsp;&nbsp;&nbsp;&nbsp;&nbsp; Actualmente investiga intensamente en buscar las bases te\u00f3rico-experimentales para establecer un Puente entre el Big-Bang y la Vida que nos permita comprender los eventos que han tenido lugar en la evoluci\u00f3n del Universo y que han desembocado en la Vida en el planeta Tierra; y tambi\u00e9n en la g\u00e9nesis de estructura y complejidad a todas las escalas, desde lo inferior a un \u00e1tomo a las m\u00e1s grandes escalas del Universo. Sus&nbsp; estudios sobre estos temas est\u00e1n sirviendo para ayudar a entender algunos de los problemas m\u00e1s recalcitrantes de la cosmolog\u00eda y la astrof\u00edsica contempor\u00e1neas.<br \/>&nbsp;<br \/>&nbsp;&nbsp;&nbsp;&nbsp;&nbsp;&nbsp;&nbsp;&nbsp;&nbsp;&nbsp;&nbsp; Tiene gran inter\u00e9s en los paradigmas de computaci\u00f3n, en la divulgaci\u00f3n cient\u00edfica, es ornit\u00f3logo aficionado y ha realizado co-producci\u00f3n y codirecci\u00f3n art\u00edsticas de m\u00fasica de canta-autor, contando con un CD en el mercado. Practica la divulgaci\u00f3n cient\u00edfica, habiendo publicado &#8220;\u00bfQue&nbsp; sabemos&nbsp; del Universo? De antes del Big-Bang al Origen de la Vida&#8221;, que en menos de un a\u00f1o ha necesitado cuatro ediciones y colabora en Radio Nacional de Espa\u00f1a con espacios semanales y diarios dedicados a la Ciencia. Adem\u00e1s se ha involucrado en tareas de traducci\u00f3n que incluyen, como servicio p\u00fablico a la Ciudad de Santa Fe y al Estado de New Mexico, la traducci\u00f3n al castellano local de cuentos de los personajes del mundo infantil de los indios Hopi y&nbsp;Anasazi.<\/p>\n<div>&nbsp;<\/div>\n<div>BIOGRAF\u00cdA Y CURRICULUM<\/div>\n<div dir=\"ltr\">1\u00ba.&nbsp;<a href=\"https:\/\/eps.harvard.edu\/people\/juan-perez-mercader\" target=\"_blank\" rel=\"nofollow noopener noreferrer\">https:\/\/eps.harvard.edu\/people\/juan-perez-mercader<\/a><\/div>\n<div dir=\"ltr\">2\u00ba.&nbsp;<a class=\"enhancr_card_8795972075\" href=\"https:\/\/es.wikipedia.org\/wiki\/Juan_P%C3%A9rez_Mercader\" target=\"_blank\" rel=\"nofollow noopener noreferrer\">Juan P\u00e9rez Mercader &#8211; Wikipedia, la enciclopedia libre<\/a><\/div>\n<p>[\/et_pb_text][\/et_pb_column][\/et_pb_row][et_pb_row _builder_version=&#8221;4.14.5&#8243; _module_preset=&#8221;default&#8221; global_colors_info=&#8221;{}&#8221;][et_pb_column type=&#8221;4_4&#8243; _builder_version=&#8221;4.14.5&#8243; _module_preset=&#8221;default&#8221; global_colors_info=&#8221;{}&#8221;][et_pb_text _builder_version=&#8221;4.14.5&#8243; _module_preset=&#8221;default&#8221; global_colors_info=&#8221;{}&#8221;]<\/p>\n<p><strong><span style=\"font-size: 12pt\">Mural Juan A. P\u00e9rez Mercader<\/span><\/strong><\/p>\n<p>[\/et_pb_text][et_pb_image src=&#8221;https:\/\/blogsaverroes.juntadeandalucia.es\/iesperezmercader\/files\/2022\/12\/MURAL-JPM.jpg&#8221; title_text=&#8221;MURAL JPM&#8221; admin_label=&#8221;Mural JPM&#8221; _builder_version=&#8221;4.14.5&#8243; _module_preset=&#8221;default&#8221; global_colors_info=&#8221;{}&#8221;][\/et_pb_image][\/et_pb_column][\/et_pb_row][et_pb_row _builder_version=&#8221;4.14.5&#8243; _module_preset=&#8221;default&#8221; global_colors_info=&#8221;{}&#8221;][et_pb_column type=&#8221;4_4&#8243; _builder_version=&#8221;4.14.5&#8243; _module_preset=&#8221;default&#8221; global_colors_info=&#8221;{}&#8221;][et_pb_text _builder_version=&#8221;4.14.5&#8243; _module_preset=&#8221;default&#8221; global_colors_info=&#8221;{}&#8221;]<\/p>\n<p><strong><span style=\"font-size: 14pt\">VIDEOS DE JUAN P\u00c9REZ MERCADER<\/span><\/strong><\/p>\n<p>[\/et_pb_text][et_pb_text admin_label=&#8221;Texto&#8221; _builder_version=&#8221;4.14.5&#8243; _module_preset=&#8221;default&#8221; global_colors_info=&#8221;{}&#8221;]<\/p>\n<p>VIDEO 1. Juan P\u00e9rez Mercader. El Origen del Universo y la Vida<\/p>\n<p>[\/et_pb_text][et_pb_video src=&#8221;https:\/\/vimeo.com\/91911560&#8243; _builder_version=&#8221;4.14.5&#8243; _module_preset=&#8221;default&#8221; global_colors_info=&#8221;{}&#8221;][\/et_pb_video][et_pb_text _builder_version=&#8221;4.14.5&#8243; _module_preset=&#8221;default&#8221; global_colors_info=&#8221;{}&#8221;]<\/p>\n<p>VIDEO 2. La Ruta de la Ciencia<\/p>\n<p>[\/et_pb_text][et_pb_video src=&#8221;https:\/\/www.youtube.com\/watch?v=mc6dvZ4krYY&#8221; _builder_version=&#8221;4.14.5&#8243; _module_preset=&#8221;default&#8221; global_colors_info=&#8221;{}&#8221;][\/et_pb_video][et_pb_text _builder_version=&#8221;4.14.5&#8243; _module_preset=&#8221;default&#8221; global_colors_info=&#8221;{}&#8221;]<\/p>\n<p>VIDEO 3. Acto Inaugural Cursos de Verano UNIA. La B\u00fasqueda de la Vida en el Universo<\/p>\n<p>[\/et_pb_text][et_pb_video src=&#8221;https:\/\/vimeo.com\/225977352&#8243; _builder_version=&#8221;4.14.5&#8243; _module_preset=&#8221;default&#8221; global_colors_info=&#8221;{}&#8221;][\/et_pb_video][et_pb_text _builder_version=&#8221;4.14.5&#8243; _module_preset=&#8221;default&#8221; global_colors_info=&#8221;{}&#8221;]<\/p>\n<p>VIDEO 4.&nbsp;Historia&#8230; Misi\u00f3n a Marte<\/p>\n<p>[\/et_pb_text][et_pb_video src=&#8221;https:\/\/www.youtube.com\/watch?v=b7qfdQXLrIs&#8221; _builder_version=&#8221;4.14.5&#8243; _module_preset=&#8221;default&#8221; global_colors_info=&#8221;{}&#8221;][\/et_pb_video][et_pb_text _builder_version=&#8221;4.14.5&#8243; _module_preset=&#8221;default&#8221; global_colors_info=&#8221;{}&#8221;]<\/p>\n<p>VIDEO 5. Aprendiendo con Juan P\u00e9rez Mercader. En este video Juan P\u00e9rez Mercader hace referencia a nuestro Centro y las actividades que desarrollamos. Pod\u00e9is encontrar la referencia a partir del minuto 45.<\/p>\n<p>[\/et_pb_text][et_pb_video src=&#8221;https:\/\/m.youtube.com\/watch?v=XPewNEIdVlc&#8221; _builder_version=&#8221;4.14.5&#8243; _module_preset=&#8221;default&#8221; global_colors_info=&#8221;{}&#8221;][\/et_pb_video][\/et_pb_column][\/et_pb_row][\/et_pb_section]<\/p>\n","protected":false},"excerpt":{"rendered":"<p>Nuestro nombre El nombre de nuestro Instituto se gest\u00f3 en el&nbsp;Parque Nacional de Do\u00f1ana, en la primavera de 1999, durante el \u201cII encuentro de escritores del Entorno de Do\u00f1ana\u201d.&nbsp;Tras escuchar a&nbsp;Juan P\u00e9rez Mercader&nbsp;en su interesante conferencia \u201c\u00bfEs matematizable el Medio Ambiente?\u201d, Juan Antonio Guzm\u00e1n, antiguo profesor del I.E.S. y poeta del Entorno de Do\u00f1ana, le [&hellip;]<\/p>\n","protected":false},"author":16057,"featured_media":0,"parent":41,"menu_order":0,"comment_status":"closed","ping_status":"closed","template":"","meta":{"_et_pb_use_builder":"on","_et_pb_old_content":"","_et_gb_content_width":"","ngg_post_thumbnail":0,"footnotes":""},"aioseo_notices":[],"_links":{"self":[{"href":"https:\/\/blogsaverroes.juntadeandalucia.es\/iesperezmercader\/wp-json\/wp\/v2\/pages\/783"}],"collection":[{"href":"https:\/\/blogsaverroes.juntadeandalucia.es\/iesperezmercader\/wp-json\/wp\/v2\/pages"}],"about":[{"href":"https:\/\/blogsaverroes.juntadeandalucia.es\/iesperezmercader\/wp-json\/wp\/v2\/types\/page"}],"author":[{"embeddable":true,"href":"https:\/\/blogsaverroes.juntadeandalucia.es\/iesperezmercader\/wp-json\/wp\/v2\/users\/16057"}],"replies":[{"embeddable":true,"href":"https:\/\/blogsaverroes.juntadeandalucia.es\/iesperezmercader\/wp-json\/wp\/v2\/comments?post=783"}],"version-history":[{"count":17,"href":"https:\/\/blogsaverroes.juntadeandalucia.es\/iesperezmercader\/wp-json\/wp\/v2\/pages\/783\/revisions"}],"predecessor-version":[{"id":1775,"href":"https:\/\/blogsaverroes.juntadeandalucia.es\/iesperezmercader\/wp-json\/wp\/v2\/pages\/783\/revisions\/1775"}],"up":[{"embeddable":true,"href":"https:\/\/blogsaverroes.juntadeandalucia.es\/iesperezmercader\/wp-json\/wp\/v2\/pages\/41"}],"wp:attachment":[{"href":"https:\/\/blogsaverroes.juntadeandalucia.es\/iesperezmercader\/wp-json\/wp\/v2\/media?parent=783"}],"curies":[{"name":"wp","href":"https:\/\/api.w.org\/{rel}","templated":true}]}}