{"id":885,"date":"2022-12-04T20:28:39","date_gmt":"2022-12-04T19:28:39","guid":{"rendered":"https:\/\/blogsaverroes.juntadeandalucia.es\/iesperezmercader\/?page_id=885"},"modified":"2025-09-08T19:42:51","modified_gmt":"2025-09-08T18:42:51","slug":"claustro-de-profesores-as","status":"publish","type":"page","link":"https:\/\/blogsaverroes.juntadeandalucia.es\/iesperezmercader\/el-centro\/claustro-de-profesores-as\/","title":{"rendered":"Claustro de Profesores\/as"},"content":{"rendered":"<p>[et_pb_section fb_built=&#8221;1&#8243; _builder_version=&#8221;4.16&#8243; custom_padding=&#8221;0px||0px|&#8221; z_index_tablet=&#8221;500&#8243; box_shadow_horizontal_tablet=&#8221;0px&#8221; box_shadow_vertical_tablet=&#8221;0px&#8221; box_shadow_blur_tablet=&#8221;40px&#8221; box_shadow_spread_tablet=&#8221;0px&#8221; global_colors_info=&#8221;{}&#8221;][et_pb_row _builder_version=&#8221;4.16&#8243; background_size=&#8221;initial&#8221; background_position=&#8221;top_left&#8221; background_repeat=&#8221;repeat&#8221; global_colors_info=&#8221;{}&#8221;][et_pb_column type=&#8221;4_4&#8243; _builder_version=&#8221;4.16&#8243; custom_padding=&#8221;|||&#8221; global_colors_info=&#8221;{}&#8221; custom_padding__hover=&#8221;|||&#8221;][et_pb_image src=&#8221;https:\/\/blogsaverroes.juntadeandalucia.es\/iesperezmercader\/files\/2022\/12\/Claustro.png&#8221; title_text=&#8221;Claustro&#8221; url=&#8221;https:\/\/ampaelembarcadero305132751.wordpress.com\/&#8221; url_new_window=&#8221;on&#8221; admin_label=&#8221;Imagen de la portada&#8221; _builder_version=&#8221;4.16&#8243; z_index_tablet=&#8221;500&#8243; box_shadow_horizontal_tablet=&#8221;0px&#8221; box_shadow_vertical_tablet=&#8221;0px&#8221; box_shadow_blur_tablet=&#8221;40px&#8221; box_shadow_spread_tablet=&#8221;0px&#8221; global_colors_info=&#8221;{}&#8221;][\/et_pb_image][et_pb_text admin_label=&#8221;Texto descriptivo&#8221; _builder_version=&#8221;4.24.2&#8243; hover_enabled=&#8221;0&#8243; z_index_tablet=&#8221;500&#8243; text_text_shadow_horizontal_length_tablet=&#8221;0px&#8221; text_text_shadow_vertical_length_tablet=&#8221;0px&#8221; text_text_shadow_blur_strength_tablet=&#8221;1px&#8221; link_text_shadow_horizontal_length_tablet=&#8221;0px&#8221; link_text_shadow_vertical_length_tablet=&#8221;0px&#8221; link_text_shadow_blur_strength_tablet=&#8221;1px&#8221; ul_text_shadow_horizontal_length_tablet=&#8221;0px&#8221; ul_text_shadow_vertical_length_tablet=&#8221;0px&#8221; ul_text_shadow_blur_strength_tablet=&#8221;1px&#8221; ol_text_shadow_horizontal_length_tablet=&#8221;0px&#8221; ol_text_shadow_vertical_length_tablet=&#8221;0px&#8221; ol_text_shadow_blur_strength_tablet=&#8221;1px&#8221; quote_text_shadow_horizontal_length_tablet=&#8221;0px&#8221; quote_text_shadow_vertical_length_tablet=&#8221;0px&#8221; quote_text_shadow_blur_strength_tablet=&#8221;1px&#8221; header_text_shadow_horizontal_length_tablet=&#8221;0px&#8221; header_text_shadow_vertical_length_tablet=&#8221;0px&#8221; header_text_shadow_blur_strength_tablet=&#8221;1px&#8221; header_2_text_shadow_horizontal_length_tablet=&#8221;0px&#8221; header_2_text_shadow_vertical_length_tablet=&#8221;0px&#8221; header_2_text_shadow_blur_strength_tablet=&#8221;1px&#8221; header_3_text_shadow_horizontal_length_tablet=&#8221;0px&#8221; header_3_text_shadow_vertical_length_tablet=&#8221;0px&#8221; header_3_text_shadow_blur_strength_tablet=&#8221;1px&#8221; header_4_text_shadow_horizontal_length_tablet=&#8221;0px&#8221; header_4_text_shadow_vertical_length_tablet=&#8221;0px&#8221; header_4_text_shadow_blur_strength_tablet=&#8221;1px&#8221; header_5_text_shadow_horizontal_length_tablet=&#8221;0px&#8221; header_5_text_shadow_vertical_length_tablet=&#8221;0px&#8221; header_5_text_shadow_blur_strength_tablet=&#8221;1px&#8221; header_6_text_shadow_horizontal_length_tablet=&#8221;0px&#8221; header_6_text_shadow_vertical_length_tablet=&#8221;0px&#8221; header_6_text_shadow_blur_strength_tablet=&#8221;1px&#8221; box_shadow_horizontal_tablet=&#8221;0px&#8221; box_shadow_vertical_tablet=&#8221;0px&#8221; box_shadow_blur_tablet=&#8221;40px&#8221; box_shadow_spread_tablet=&#8221;0px&#8221; global_colors_info=&#8221;{}&#8221; sticky_enabled=&#8221;0&#8243;]<\/p>\n<div id=\"contenido_sitio\">\n<div id=\"contenido_sitio\">\n<p><strong>Miembros del Claustro. Curso 2025\/2026<\/strong><\/p>\n<table width=\"571\">\n<tbody>\n<tr>\n<td width=\"52\">1<\/td>\n<td width=\"285\">Acu\u00f1a P\u00e9rez, Jos\u00e9 Prudencio<\/td>\n<td width=\"234\">Tecnolog\u00eda&nbsp;<\/td>\n<\/tr>\n<tr>\n<td>2<\/td>\n<td>Arias G\u00f3mez, Loreto Salom\u00e9<\/td>\n<td>Matem\u00e1ticas&nbsp;<\/td>\n<\/tr>\n<tr>\n<td>3<\/td>\n<td>Beaumont Jim\u00e9nez, Rosa Mar\u00eda<\/td>\n<td>Orientaci\u00f3n Educativa&nbsp;<\/td>\n<\/tr>\n<tr>\n<td>4<\/td>\n<td>Bustamante Sainz, Carolina<\/td>\n<td>Matem\u00e1ticas&nbsp;<\/td>\n<\/tr>\n<tr>\n<td>5<\/td>\n<td>Caballero Gonz\u00e1lez, Jos\u00e9 \u00c1ngel<\/td>\n<td>M\u00fasica&nbsp;<\/td>\n<\/tr>\n<tr>\n<td>6<\/td>\n<td>Camacho Camacho, Leticia<\/td>\n<td>Lengua Castellana y Literatura&nbsp;<\/td>\n<\/tr>\n<tr>\n<td>7<\/td>\n<td>Contreras Beltr\u00e1n, Luis<\/td>\n<td>Matem\u00e1ticas&nbsp;<\/td>\n<\/tr>\n<tr>\n<td>8<\/td>\n<td>Cordero G\u00e1mez, Manuela<\/td>\n<td>Inform\u00e1tica&nbsp;<\/td>\n<\/tr>\n<tr>\n<td>9<\/td>\n<td>Cruz Cordero, Jaime<\/td>\n<td>Educaci\u00f3n F\u00edsica&nbsp;<\/td>\n<\/tr>\n<tr>\n<td>10<\/td>\n<td>De la Corte Bulnes, Amalia<\/td>\n<td>Laboral Religi\u00f3n&nbsp;<\/td>\n<\/tr>\n<tr>\n<td>11<\/td>\n<td>De la Rosa Garc\u00eda, Manuel<\/td>\n<td>Ingl\u00e9s&nbsp;<\/td>\n<\/tr>\n<tr>\n<td>12<\/td>\n<td>De la Rosa Mac\u00edas, Mar\u00eda del Mar<\/td>\n<td>Tecnolog\u00eda&nbsp;<\/td>\n<\/tr>\n<tr>\n<td>13<\/td>\n<td>Delgado Garrido, Sonia<\/td>\n<td>Matem\u00e1ticas&nbsp;<\/td>\n<\/tr>\n<tr>\n<td>14<\/td>\n<td>D\u00edaz Mora, Francisca<\/td>\n<td>Pedagog\u00eda Terapeutica&nbsp;<\/td>\n<\/tr>\n<tr>\n<td>15<\/td>\n<td>D\u00edez Cruz, Irene<\/td>\n<td>Filosof\u00eda&nbsp;<\/td>\n<\/tr>\n<tr>\n<td>16<\/td>\n<td>Dom\u00ednguez Vidal, Delfina<\/td>\n<td>Orientaci\u00f3n Educativa&nbsp;<\/td>\n<\/tr>\n<tr>\n<td>17<\/td>\n<td>Drago Torrej\u00f3n, Luis Manuel<\/td>\n<td>Ingl\u00e9s&nbsp;<\/td>\n<\/tr>\n<tr>\n<td>18<\/td>\n<td>Escabias Toledano, Marta<\/td>\n<td>Frances&nbsp;<\/td>\n<\/tr>\n<tr>\n<td>19<\/td>\n<td>Fernandez Gil Berm\u00fadez, Mar\u00eda Bel\u00e9n<\/td>\n<td>Biolog\u00eda y Geolog\u00eda&nbsp;<\/td>\n<\/tr>\n<tr>\n<td>20<\/td>\n<td>Fernandez Navarro, Beatriz<\/td>\n<td>Econom\u00eda&nbsp;<\/td>\n<\/tr>\n<tr>\n<td>21<\/td>\n<td>Flores G\u00f3mez, Isabel Rosa<\/td>\n<td>Ingl\u00e9s&nbsp;<\/td>\n<\/tr>\n<tr>\n<td>22<\/td>\n<td>G\u00f3mez Dom\u00ednguez, Mar\u00eda<\/td>\n<td>Ingl\u00e9s&nbsp;<\/td>\n<\/tr>\n<tr>\n<td>23<\/td>\n<td>Gonz\u00e1lez Guerrero, Lorenzo<\/td>\n<td>Econom\u00eda&nbsp;<\/td>\n<\/tr>\n<tr>\n<td>24<\/td>\n<td>Gonz\u00e1lez L\u00f3pez, Vanesa del Roc\u00edo<\/td>\n<td>Tecnolog\u00eda&nbsp;<\/td>\n<\/tr>\n<tr>\n<td>25<\/td>\n<td>Guijarro G\u00f3mez, Ana<\/td>\n<td>Geograf\u00eda e Historia&nbsp;<\/td>\n<\/tr>\n<tr>\n<td>26<\/td>\n<td>Jim\u00e9nez Cumbreras, Isabel Mar\u00eda<\/td>\n<td>Inform\u00e1tica&nbsp;<\/td>\n<\/tr>\n<tr>\n<td>27<\/td>\n<td>L\u00f3pez Maldonado, Bel\u00e9n<\/td>\n<td>Lengua Castellana y Literatura&nbsp;<\/td>\n<\/tr>\n<tr>\n<td>28<\/td>\n<td>Lozano Ladrero, Marta<\/td>\n<td>Ingl\u00e9s&nbsp;<\/td>\n<\/tr>\n<tr>\n<td>29<\/td>\n<td>Machado Romero, \u00c1ngel Mar\u00eda<\/td>\n<td>Educaci\u00f3n F\u00edsica&nbsp;<\/td>\n<\/tr>\n<tr>\n<td>30<\/td>\n<td>Madera Romero, Isabel Mar\u00eda<\/td>\n<td>Lengua Castellana y Literatura&nbsp;<\/td>\n<\/tr>\n<tr>\n<td>31<\/td>\n<td>Magro Lorenzo, Isabel<\/td>\n<td>Dibujo&nbsp;<\/td>\n<\/tr>\n<tr>\n<td>32<\/td>\n<td>Mairena P\u00e9rez, Francisco Javier<\/td>\n<td>M\u00fasica&nbsp;<\/td>\n<\/tr>\n<tr>\n<td>33<\/td>\n<td>Mar\u00edn Gonz\u00e1lez, Rafael<\/td>\n<td>Educaci\u00f3n F\u00edsica<\/td>\n<\/tr>\n<tr>\n<td>34<\/td>\n<td>Mart\u00edn M\u00e9ndez, Roc\u00edo<\/td>\n<td>F\u00edsica y Qu\u00edmica<\/td>\n<\/tr>\n<tr>\n<td>35<\/td>\n<td>Mart\u00ednez Navarro, Mar\u00eda Dolores<\/td>\n<td>Lengua Castellana y Literatura&nbsp;<\/td>\n<\/tr>\n<tr>\n<td>36<\/td>\n<td>Medina Ruiz, Mar\u00eda<\/td>\n<td>Lengua Castellana y Literatura&nbsp;<\/td>\n<\/tr>\n<tr>\n<td>37<\/td>\n<td>Monge Manso, Julio Alejandro<\/td>\n<td>Geograf\u00eda e Historia&nbsp;<\/td>\n<\/tr>\n<tr>\n<td>38<\/td>\n<td>Monteagudo Jarque, Alicia<\/td>\n<td>Matem\u00e1ticas&nbsp;<\/td>\n<\/tr>\n<tr>\n<td>39<\/td>\n<td>Montero Dom\u00ednguez, Marcos<\/td>\n<td>Filosof\u00eda&nbsp;<\/td>\n<\/tr>\n<tr>\n<td>40<\/td>\n<td>Mora Hern\u00e1ndez, Mar\u00eda Jos\u00e9<\/td>\n<td>Lengua Castellana y Literatura&nbsp;<\/td>\n<\/tr>\n<tr>\n<td>41<\/td>\n<td>Mu\u00f1oz Crist\u00f3bal, Inmaculada<\/td>\n<td>Pedagog\u00eda Terapeutica&nbsp;<\/td>\n<\/tr>\n<tr>\n<td>42<\/td>\n<td>Ortega Garc\u00eda, Mar\u00eda Jos\u00e9<\/td>\n<td>Lengua Castellana y Literatura&nbsp;<\/td>\n<\/tr>\n<tr>\n<td>43<\/td>\n<td>P\u00e9rez Flores, Miguel \u00c1ngel<\/td>\n<td>Geograf\u00eda e Historia&nbsp;<\/td>\n<\/tr>\n<tr>\n<td>44<\/td>\n<td>Quintero Mac\u00edas, Ricardo Manuel<\/td>\n<td>Geograf\u00eda e Historia&nbsp;<\/td>\n<\/tr>\n<tr>\n<td>45<\/td>\n<td>Ram\u00edrez Aletta, Rosa Mar\u00eda<\/td>\n<td>Biolog\u00eda y Geolog\u00eda&nbsp;<\/td>\n<\/tr>\n<tr>\n<td>46<\/td>\n<td>Reina Aguirre, Juan Jos\u00e9<\/td>\n<td>F\u00edsica y Qu\u00edmica&nbsp;<\/td>\n<\/tr>\n<tr>\n<td>47<\/td>\n<td>Robles Esparcia, Santiago<\/td>\n<td>Geograf\u00eda e Historia<\/td>\n<\/tr>\n<tr>\n<td>48<\/td>\n<td>Rodr\u00edguez G\u00f3mez, Cristian<\/td>\n<td>F\u00edsica y Qu\u00edmica&nbsp;<\/td>\n<\/tr>\n<tr>\n<td>49<\/td>\n<td>Rodr\u00edguez Mojeda, Inmaculada Concepci\u00f3n<\/td>\n<td>Matem\u00e1ticas<\/td>\n<\/tr>\n<tr>\n<td>50<\/td>\n<td>Rodr\u00edguez Mora, Mar\u00eda del Mar<\/td>\n<td>Dibujo<\/td>\n<\/tr>\n<tr>\n<td>51<\/td>\n<td>Rodr\u00edguez Velasco, Carlos<\/td>\n<td>Matem\u00e1ticas&nbsp;<\/td>\n<\/tr>\n<tr>\n<td>52<\/td>\n<td>Rold\u00e1n Serra, Mar\u00eda Luisa<\/td>\n<td>Ingl\u00e9s&nbsp;<\/td>\n<\/tr>\n<tr>\n<td>53<\/td>\n<td>Sandia Fernandez, Cristina Mar\u00eda<\/td>\n<td>Matem\u00e1ticas<\/td>\n<\/tr>\n<tr>\n<td>54<\/td>\n<td>Santos Joaqu\u00edn, Jos\u00e9 Manuel<\/td>\n<td>Matem\u00e1ticas&nbsp;<\/td>\n<\/tr>\n<tr>\n<td>55<\/td>\n<td>Siles Jordan, Nazaret<\/td>\n<td>Matem\u00e1ticas&nbsp;<\/td>\n<\/tr>\n<tr>\n<td>56<\/td>\n<td>Torres Fernandez, Mariano Lucas<\/td>\n<td>Biolog\u00eda y Geolog\u00eda&nbsp;<\/td>\n<\/tr>\n<tr>\n<td>57<\/td>\n<td>Vacas Mu\u00f1oz, Marina Pilar<\/td>\n<td>Dibujo&nbsp;<\/td>\n<\/tr>\n<tr>\n<td>58<\/td>\n<td>Valladares Moyo, Beatriz<\/td>\n<td>Ingl\u00e9s&nbsp;<\/td>\n<\/tr>\n<tr>\n<td>59<\/td>\n<td>V\u00e1zquez Terr\u00f3n, Ismael<\/td>\n<td>Lengua Castellana y Literatura&nbsp;<\/td>\n<\/tr>\n<tr>\n<td>60<\/td>\n<td>Velardo Garc\u00eda, Ana Jos\u00e9<\/td>\n<td>Lengua Castellana y Literatura&nbsp;<\/td>\n<\/tr>\n<tr>\n<td>61<\/td>\n<td>Villegas Fernandez, V\u00edctor Manuel<\/td>\n<td>Geograf\u00eda e Historia<\/td>\n<\/tr>\n<tr>\n<td>62<\/td>\n<td>Villena Villar, Manuel<\/td>\n<td>Geograf\u00eda e Historia&nbsp;<\/td>\n<\/tr>\n<tr>\n<td>63<\/td>\n<td>Zambrano Lociga, Ana Mar\u00eda<\/td>\n<td>Cultura Cl\u00e1sica&nbsp;<\/td>\n<\/tr>\n<tr>\n<td>64<\/td>\n<td>Zarauza Gonz\u00e1lez, Marta<\/td>\n<td>F\u00edsica y Qu\u00edmica&nbsp;<\/td>\n<\/tr>\n<\/tbody>\n<\/table>\n<\/div>\n<\/div>\n<p>[\/et_pb_text][\/et_pb_column][\/et_pb_row][\/et_pb_section]<\/p>\n","protected":false},"excerpt":{"rendered":"<p>Miembros del Claustro. Curso 2025\/2026 1 Acu\u00f1a P\u00e9rez, Jos\u00e9 Prudencio Tecnolog\u00eda&nbsp; 2 Arias G\u00f3mez, Loreto Salom\u00e9 Matem\u00e1ticas&nbsp; 3 Beaumont Jim\u00e9nez, Rosa Mar\u00eda Orientaci\u00f3n Educativa&nbsp; 4 Bustamante Sainz, Carolina Matem\u00e1ticas&nbsp; 5 Caballero Gonz\u00e1lez, Jos\u00e9 \u00c1ngel M\u00fasica&nbsp; 6 Camacho Camacho, Leticia Lengua Castellana y Literatura&nbsp; 7 Contreras Beltr\u00e1n, Luis Matem\u00e1ticas&nbsp; 8 Cordero G\u00e1mez, Manuela Inform\u00e1tica&nbsp; 9 Cruz [&hellip;]<\/p>\n","protected":false},"author":16057,"featured_media":0,"parent":41,"menu_order":0,"comment_status":"closed","ping_status":"closed","template":"","meta":{"_et_pb_use_builder":"on","_et_pb_old_content":"<table><tbody><tr><td width=\"378\"><span style=\"font-size: 14pt;\">Curso 2022\/2023. Miembros<\/span><\/td><\/tr><tr><td width=\"378\">Acu\u00f1a P\u00e9rez, Jos\u00e9 Prudencio<\/td><\/tr><tr><td width=\"378\">Agudo Medina, Laura<\/td><\/tr><tr><td width=\"378\">Arias G\u00f3mez, Loreto Salom\u00e9<\/td><\/tr><tr><td width=\"378\">Balbas Ripoll, Mar\u00eda<\/td><\/tr><tr><td width=\"378\">Blanco Soto, Silvia M\u00aa<\/td><\/tr><tr><td width=\"378\">Bocanegra Ruiz, Francisco Javier<\/td><\/tr><tr><td width=\"378\">Bustamante Sainz, Carolina<\/td><\/tr><tr><td width=\"378\">Carretero Fern\u00e1ndez, Mar\u00eda<\/td><\/tr><tr><td width=\"378\">Clavijo Aguilar, Mariano<\/td><\/tr><tr><td width=\"378\">Corte Bulnes, Amalia<\/td><\/tr><tr><td width=\"378\">Cuadrado Hierro, Jos\u00e9<\/td><\/tr><tr><td width=\"378\">Curcho Zaragoza, M\u00aa Mar<\/td><\/tr><tr><td width=\"378\">Del Pino Ordo\u00f1ez, Beatriz<\/td><\/tr><tr><td width=\"378\">Delgado Garrido, Sonia<\/td><\/tr><tr><td width=\"378\">Delgado Serrano, Alejandro<\/td><\/tr><tr><td width=\"378\">D\u00edaz Mora, Francisca<\/td><\/tr><tr><td width=\"378\">Endstrasser, Judith<\/td><\/tr><tr><td width=\"378\">Fern\u00e1ndez G\u00f3mez, Trinidad<\/td><\/tr><tr><td width=\"378\">Flores G\u00f3mez, Isabel Rosa<\/td><\/tr><tr><td width=\"378\">G\u00f3mez Dom\u00ednguez, Mar\u00eda<\/td><\/tr><tr><td width=\"378\">Gonz\u00e1lez L\u00f3pez, Vanesa del Roc\u00edo<\/td><\/tr><tr><td width=\"378\">Gonz\u00e1lez V\u00e1zquez, Lope<\/td><\/tr><tr><td width=\"378\">Guijarro G\u00f3mez, Ana<\/td><\/tr><tr><td width=\"378\">L\u00f3pez Perea, C\u00e9sar Augusto<\/td><\/tr><tr><td width=\"378\">L\u00f3pez Ruiz, Pablo<\/td><\/tr><tr><td width=\"378\">Machado Romero, \u00c1ngel Mar\u00eda<\/td><\/tr><tr><td width=\"378\">Madera Romero, Isabel Mar\u00eda<\/td><\/tr><tr><td width=\"378\">Maraver Franco, Luisa Mar\u00eda<\/td><\/tr><tr><td width=\"378\">Mart\u00edn Alvarez, Jer\u00f3nimo<\/td><\/tr><tr><td width=\"378\">Mart\u00edn G\u00f3mez, Mauricio<\/td><\/tr><tr><td width=\"378\">Medina Ruiz, Mar\u00eda<\/td><\/tr><tr><td width=\"378\">Moller, Desiree<\/td><\/tr><tr><td width=\"378\">Monge Manso, Julio Alejandro<\/td><\/tr><tr><td width=\"378\">Monteagudo Jarque, Alicia<\/td><\/tr><tr><td width=\"378\">Mu\u00f1oz Casas, Roc\u00edo de los \u00c1ngeles<\/td><\/tr><tr><td width=\"378\">Mu\u00f1oz Herrero, Mar\u00eda<\/td><\/tr><tr><td width=\"378\">Navarro Lara, Alejandro<\/td><\/tr><tr><td width=\"378\">Ortega Garc\u00eda, Mar\u00eda Jos\u00e9<\/td><\/tr><tr><td width=\"378\">P\u00e9rez Mac\u00edas, Amanda Mar\u00eda<\/td><\/tr><tr><td width=\"378\">Pizarro Riu, Mar\u00eda Sol<\/td><\/tr><tr><td width=\"378\">Ram\u00edrez Aletta, Rosa Mar\u00eda<\/td><\/tr><tr><td width=\"378\">Ramos Asencio, Mar\u00eda Jos\u00e9<\/td><\/tr><tr><td width=\"378\">Rebollo M\u00e9ndez, Mar\u00eda del Rosario<\/td><\/tr><tr><td width=\"378\">Robles Esparcia, Santiago<\/td><\/tr><tr><td width=\"378\">Rodr\u00edguez G\u00f3mez, Cristian<\/td><\/tr><tr><td width=\"378\">Rodr\u00edguez Mora, Mar\u00eda del Mar<\/td><\/tr><tr><td width=\"378\">Rodr\u00edguez Velasco, Carlos<\/td><\/tr><tr><td width=\"378\">Rold\u00e1n Serra, Mar\u00eda Luisa<\/td><\/tr><tr><td width=\"378\">Romo Rodr\u00edguez, Mar\u00eda Rosario<\/td><\/tr><tr><td width=\"378\">Santiago Infante, Juan Manuel<\/td><\/tr><tr><td width=\"378\">Santos Joaqu\u00edn, Jos\u00e9 Manuel<\/td><\/tr><tr><td width=\"378\">Segarra P\u00e9rez, David<\/td><\/tr><tr><td width=\"378\">Suero Fuentes, Ram\u00f3n<\/td><\/tr><tr><td width=\"378\">Tejada Ram\u00f3n, Pedro<\/td><\/tr><tr><td width=\"378\">V\u00e1zquez Terr\u00f3n, Ismael<\/td><\/tr><tr><td width=\"378\">Velardo Garc\u00eda, Ana Jos\u00e9<\/td><\/tr><tr><td width=\"378\">Zambrano Lociga, Ana Mar\u00eda<\/td><\/tr><tr><td width=\"378\">Zarauza Gonz\u00e1lez Marta<\/td><\/tr><\/tbody><\/table>","_et_gb_content_width":"","ngg_post_thumbnail":0,"footnotes":""},"aioseo_notices":[],"_links":{"self":[{"href":"https:\/\/blogsaverroes.juntadeandalucia.es\/iesperezmercader\/wp-json\/wp\/v2\/pages\/885"}],"collection":[{"href":"https:\/\/blogsaverroes.juntadeandalucia.es\/iesperezmercader\/wp-json\/wp\/v2\/pages"}],"about":[{"href":"https:\/\/blogsaverroes.juntadeandalucia.es\/iesperezmercader\/wp-json\/wp\/v2\/types\/page"}],"author":[{"embeddable":true,"href":"https:\/\/blogsaverroes.juntadeandalucia.es\/iesperezmercader\/wp-json\/wp\/v2\/users\/16057"}],"replies":[{"embeddable":true,"href":"https:\/\/blogsaverroes.juntadeandalucia.es\/iesperezmercader\/wp-json\/wp\/v2\/comments?post=885"}],"version-history":[{"count":17,"href":"https:\/\/blogsaverroes.juntadeandalucia.es\/iesperezmercader\/wp-json\/wp\/v2\/pages\/885\/revisions"}],"predecessor-version":[{"id":6584,"href":"https:\/\/blogsaverroes.juntadeandalucia.es\/iesperezmercader\/wp-json\/wp\/v2\/pages\/885\/revisions\/6584"}],"up":[{"embeddable":true,"href":"https:\/\/blogsaverroes.juntadeandalucia.es\/iesperezmercader\/wp-json\/wp\/v2\/pages\/41"}],"wp:attachment":[{"href":"https:\/\/blogsaverroes.juntadeandalucia.es\/iesperezmercader\/wp-json\/wp\/v2\/media?parent=885"}],"curies":[{"name":"wp","href":"https:\/\/api.w.org\/{rel}","templated":true}]}}