{"id":889,"date":"2022-12-04T20:55:46","date_gmt":"2022-12-04T19:55:46","guid":{"rendered":"https:\/\/blogsaverroes.juntadeandalucia.es\/iesperezmercader\/?page_id=889"},"modified":"2025-09-08T19:52:38","modified_gmt":"2025-09-08T18:52:38","slug":"consejo-escolar","status":"publish","type":"page","link":"https:\/\/blogsaverroes.juntadeandalucia.es\/iesperezmercader\/consejo-escolar\/","title":{"rendered":"Consejo Escolar"},"content":{"rendered":"<p>[et_pb_section fb_built=&#8221;1&#8243; _builder_version=&#8221;4.16&#8243; custom_padding=&#8221;0px||0px|&#8221; z_index_tablet=&#8221;500&#8243; box_shadow_horizontal_tablet=&#8221;0px&#8221; box_shadow_vertical_tablet=&#8221;0px&#8221; box_shadow_blur_tablet=&#8221;40px&#8221; box_shadow_spread_tablet=&#8221;0px&#8221; global_colors_info=&#8221;{}&#8221;][et_pb_row _builder_version=&#8221;4.16&#8243; background_size=&#8221;initial&#8221; background_position=&#8221;top_left&#8221; background_repeat=&#8221;repeat&#8221; global_colors_info=&#8221;{}&#8221;][et_pb_column type=&#8221;4_4&#8243; _builder_version=&#8221;4.16&#8243; custom_padding=&#8221;|||&#8221; global_colors_info=&#8221;{}&#8221; custom_padding__hover=&#8221;|||&#8221;][et_pb_image src=&#8221;https:\/\/blogsaverroes.juntadeandalucia.es\/iesperezmercader\/files\/2022\/12\/Consejo-Escolar.png&#8221; title_text=&#8221;Consejo Escolar&#8221; url=&#8221;https:\/\/ampaelembarcadero305132751.wordpress.com\/&#8221; url_new_window=&#8221;on&#8221; admin_label=&#8221;Imagen de la portada&#8221; _builder_version=&#8221;4.16&#8243; z_index_tablet=&#8221;500&#8243; box_shadow_horizontal_tablet=&#8221;0px&#8221; box_shadow_vertical_tablet=&#8221;0px&#8221; box_shadow_blur_tablet=&#8221;40px&#8221; box_shadow_spread_tablet=&#8221;0px&#8221; global_colors_info=&#8221;{}&#8221;][\/et_pb_image][et_pb_text admin_label=&#8221;Texto descriptivo&#8221; _builder_version=&#8221;4.24.2&#8243; hover_enabled=&#8221;0&#8243; z_index_tablet=&#8221;500&#8243; text_text_shadow_horizontal_length_tablet=&#8221;0px&#8221; text_text_shadow_vertical_length_tablet=&#8221;0px&#8221; text_text_shadow_blur_strength_tablet=&#8221;1px&#8221; link_text_shadow_horizontal_length_tablet=&#8221;0px&#8221; link_text_shadow_vertical_length_tablet=&#8221;0px&#8221; link_text_shadow_blur_strength_tablet=&#8221;1px&#8221; ul_text_shadow_horizontal_length_tablet=&#8221;0px&#8221; ul_text_shadow_vertical_length_tablet=&#8221;0px&#8221; ul_text_shadow_blur_strength_tablet=&#8221;1px&#8221; ol_text_shadow_horizontal_length_tablet=&#8221;0px&#8221; ol_text_shadow_vertical_length_tablet=&#8221;0px&#8221; ol_text_shadow_blur_strength_tablet=&#8221;1px&#8221; quote_text_shadow_horizontal_length_tablet=&#8221;0px&#8221; quote_text_shadow_vertical_length_tablet=&#8221;0px&#8221; quote_text_shadow_blur_strength_tablet=&#8221;1px&#8221; header_text_shadow_horizontal_length_tablet=&#8221;0px&#8221; header_text_shadow_vertical_length_tablet=&#8221;0px&#8221; header_text_shadow_blur_strength_tablet=&#8221;1px&#8221; header_2_text_shadow_horizontal_length_tablet=&#8221;0px&#8221; header_2_text_shadow_vertical_length_tablet=&#8221;0px&#8221; header_2_text_shadow_blur_strength_tablet=&#8221;1px&#8221; header_3_text_shadow_horizontal_length_tablet=&#8221;0px&#8221; header_3_text_shadow_vertical_length_tablet=&#8221;0px&#8221; header_3_text_shadow_blur_strength_tablet=&#8221;1px&#8221; header_4_text_shadow_horizontal_length_tablet=&#8221;0px&#8221; header_4_text_shadow_vertical_length_tablet=&#8221;0px&#8221; header_4_text_shadow_blur_strength_tablet=&#8221;1px&#8221; header_5_text_shadow_horizontal_length_tablet=&#8221;0px&#8221; header_5_text_shadow_vertical_length_tablet=&#8221;0px&#8221; header_5_text_shadow_blur_strength_tablet=&#8221;1px&#8221; header_6_text_shadow_horizontal_length_tablet=&#8221;0px&#8221; header_6_text_shadow_vertical_length_tablet=&#8221;0px&#8221; header_6_text_shadow_blur_strength_tablet=&#8221;1px&#8221; box_shadow_horizontal_tablet=&#8221;0px&#8221; box_shadow_vertical_tablet=&#8221;0px&#8221; box_shadow_blur_tablet=&#8221;40px&#8221; box_shadow_spread_tablet=&#8221;0px&#8221; global_colors_info=&#8221;{}&#8221; sticky_enabled=&#8221;0&#8243;]<\/p>\n<div id=\"contenido_sitio\">\n<p style=\"text-align: left\"><strong><span style=\"color: #000000\">Miembros del Consejo Escolar<\/span><\/strong><\/p>\n<p style=\"text-align: left\"><strong><span style=\"color: #000000\">Equipo Directivo:<\/span><\/strong><\/p>\n<p style=\"text-align: left\"><span style=\"color: #000000\">Directora: Mar\u00eda Jos\u00e9 Ortega Garc\u00eda.<\/span><\/p>\n<p style=\"text-align: left\"><span style=\"color: #000000\">Jefa de Estudios: Sonia Delgado Garrido.<\/span><\/p>\n<p style=\"text-align: left\"><span style=\"color: #000000\">Secretaria: Loreto Salom\u00e9 Arias G\u00f3mez<\/span><\/p>\n<p style=\"text-align: left\"><strong><span style=\"color: #000000\">Profesorado :<\/span><\/strong><\/p>\n<p style=\"text-align: left\"><span style=\"color: #000000\">Acu\u00f1a P\u00e9rez, Jos\u00e9 Prudencio&nbsp;<\/span><\/p>\n<p style=\"text-align: left\"><span style=\"color: #000000\">Cordero G\u00e1mez, Manuela<\/span><\/p>\n<p style=\"text-align: left\"><span style=\"color: #000000\">D\u00edaz Mora, Francisca&nbsp; &nbsp; &nbsp; &nbsp; &nbsp; &nbsp; &nbsp; &nbsp; &nbsp; &nbsp; &nbsp; &nbsp; &nbsp; &nbsp; &nbsp;&nbsp;<\/span><\/p>\n<p style=\"text-align: left\"><span style=\"color: #000000\">Jim\u00e9nez Cumbreras, Isabel Mar\u00eda<\/span><\/p>\n<p style=\"text-align: left\"><span style=\"color: #000000\">P\u00e9rez Flores, Miguel Angel<\/span><\/p>\n<p style=\"text-align: left\"><span style=\"color: #000000\">Ram\u00edrez Aletta, Rosa Mar\u00eda&nbsp; &nbsp; &nbsp; &nbsp; &nbsp; &nbsp; &nbsp; &nbsp; &nbsp; &nbsp; &nbsp; &nbsp; &nbsp; &nbsp; &nbsp;&nbsp;<\/span><\/p>\n<p style=\"text-align: left\"><span style=\"color: #000000\">Santos Joaqu\u00edn, Jos\u00e9 Manuel<\/span><\/p>\n<p style=\"text-align: left\"><span style=\"color: #000000\"><strong>Madres\/Padres\/Tutores&nbsp;&nbsp;<\/strong>&nbsp;<\/span><\/p>\n<p style=\"text-align: left\"><span style=\"color: #000000\">Due\u00f1as Crespo, Rosa&nbsp; &nbsp; &nbsp; &nbsp; &nbsp; &nbsp; &nbsp; &nbsp; &nbsp; &nbsp;&nbsp;<\/span><\/p>\n<p style=\"text-align: left\"><span style=\"color: #000000\">G\u00f3mez Santos, Francisco Jes\u00fas&nbsp; &nbsp;<\/span><\/p>\n<p style=\"text-align: left\"><span style=\"color: #000000\">P\u00e9rez Toscano, Mayte (AMPA)&nbsp; &nbsp; &nbsp; &nbsp; &nbsp; &nbsp; &nbsp; &nbsp; &nbsp; &nbsp; &nbsp;&nbsp;<\/span><\/p>\n<p style=\"text-align: left\"><span style=\"color: #000000\">Ponce P\u00e9rez, Juan&nbsp; &nbsp; &nbsp; &nbsp; &nbsp; &nbsp; &nbsp; &nbsp; &nbsp;&nbsp;<\/span><\/p>\n<p style=\"text-align: left\"><span style=\"color: #000000\">Romero Cano, Jos\u00e9 Francisco&nbsp; &nbsp; &nbsp; &nbsp; &nbsp; &nbsp; &nbsp; &nbsp; &nbsp; &nbsp; &nbsp; &nbsp; &nbsp; <\/span><span style=\"color: #000000\">&nbsp;&nbsp;<\/span><\/p>\n<p style=\"text-align: left\"><span style=\"color: #000000\"><strong>Alumnado&nbsp;&nbsp;&nbsp;<\/strong>&nbsp;<\/span><\/p>\n<p style=\"text-align: left\"><span style=\"color: #000000\">Barba Olivares, Mar\u00eda<\/span><\/p>\n<p style=\"text-align: left\"><span style=\"color: #000000\"><strong>Personal de Administraci\u00f3n y Servicios&nbsp; &nbsp;<\/strong><\/span><\/p>\n<p style=\"text-align: left\"><span style=\"color: #000000\">Mora Espino, Myriam&nbsp; &nbsp; &nbsp; &nbsp; &nbsp; &nbsp; &nbsp; &nbsp; &nbsp; &nbsp; &nbsp; &nbsp;&nbsp;<\/span><\/p>\n<p style=\"text-align: left\"><strong><span style=\"color: #000000\">Representante Ayuntamiento<\/span><\/strong><\/p>\n<p style=\"text-align: left\"><span style=\"color: #000000\">Villegas Jaume, Leticia<\/span><\/p>\n<\/div>\n<div style=\"text-align: left\">&nbsp;<\/div>\n<p>[\/et_pb_text][\/et_pb_column][\/et_pb_row][\/et_pb_section]<\/p>\n","protected":false},"excerpt":{"rendered":"<p>Miembros del Consejo Escolar Equipo Directivo: Directora: Mar\u00eda Jos\u00e9 Ortega Garc\u00eda. Jefa de Estudios: Sonia Delgado Garrido. Secretaria: Loreto Salom\u00e9 Arias G\u00f3mez Profesorado : Acu\u00f1a P\u00e9rez, Jos\u00e9 Prudencio&nbsp; Cordero G\u00e1mez, Manuela D\u00edaz Mora, Francisca&nbsp; &nbsp; &nbsp; &nbsp; &nbsp; &nbsp; &nbsp; &nbsp; &nbsp; &nbsp; &nbsp; &nbsp; &nbsp; &nbsp; &nbsp;&nbsp; Jim\u00e9nez Cumbreras, Isabel Mar\u00eda P\u00e9rez Flores, Miguel [&hellip;]<\/p>\n","protected":false},"author":16057,"featured_media":0,"parent":0,"menu_order":0,"comment_status":"closed","ping_status":"closed","template":"","meta":{"_et_pb_use_builder":"on","_et_pb_old_content":"","_et_gb_content_width":"","ngg_post_thumbnail":0,"footnotes":""},"aioseo_notices":[],"_links":{"self":[{"href":"https:\/\/blogsaverroes.juntadeandalucia.es\/iesperezmercader\/wp-json\/wp\/v2\/pages\/889"}],"collection":[{"href":"https:\/\/blogsaverroes.juntadeandalucia.es\/iesperezmercader\/wp-json\/wp\/v2\/pages"}],"about":[{"href":"https:\/\/blogsaverroes.juntadeandalucia.es\/iesperezmercader\/wp-json\/wp\/v2\/types\/page"}],"author":[{"embeddable":true,"href":"https:\/\/blogsaverroes.juntadeandalucia.es\/iesperezmercader\/wp-json\/wp\/v2\/users\/16057"}],"replies":[{"embeddable":true,"href":"https:\/\/blogsaverroes.juntadeandalucia.es\/iesperezmercader\/wp-json\/wp\/v2\/comments?post=889"}],"version-history":[{"count":9,"href":"https:\/\/blogsaverroes.juntadeandalucia.es\/iesperezmercader\/wp-json\/wp\/v2\/pages\/889\/revisions"}],"predecessor-version":[{"id":6587,"href":"https:\/\/blogsaverroes.juntadeandalucia.es\/iesperezmercader\/wp-json\/wp\/v2\/pages\/889\/revisions\/6587"}],"wp:attachment":[{"href":"https:\/\/blogsaverroes.juntadeandalucia.es\/iesperezmercader\/wp-json\/wp\/v2\/media?parent=889"}],"curies":[{"name":"wp","href":"https:\/\/api.w.org\/{rel}","templated":true}]}}