{"id":162,"date":"2015-03-17T07:51:10","date_gmt":"2015-03-17T07:51:10","guid":{"rendered":"http:\/\/blogsaverroes.juntadeandalucia.es\/pre\/ceip\/?page_id=162"},"modified":"2023-09-16T23:34:46","modified_gmt":"2023-09-16T22:34:46","slug":"tecnologia","status":"publish","type":"page","link":"https:\/\/blogsaverroes.juntadeandalucia.es\/iespinorueda\/tecnologia\/","title":{"rendered":"Tecnolog\u00eda"},"content":{"rendered":"<p>&nbsp;<\/p>\n<p>M\u00e1s informaci\u00f3n (2019\/20) =&gt;<a href=\"https:\/\/sites.google.com\/iespinorueda.com\/tecnologia\/inicio\" target=\"_blank\" rel=\"noopener ugc noreferrer\"><span style=\"color: #000080\"><strong>TECNOLOG\u00cdA<\/strong><\/span><\/a><\/p>\n<p>&nbsp;<\/p>\n<p><strong>PR\u00c1CTICAS DE ELECTR\u00d3NICA ANAL\u00d3GICA<\/strong><\/p>\n<p>Os adjunto pdf de pr\u00e1cticas de electr\u00f3nica anal\u00f3gica. Antes de montar se debe hacer la simulaci\u00f3n en alg\u00fan programa que control\u00e9is (Crocodrile, Tinkercad,&#8230;). Las pr\u00e1cticas se van a grabar (solo manos y voz). Se puede dar la posibilidad de prestar material para casa en al semana que teng\u00e1is no presencial. EL USO DE GUANTES ES OBLIGATORIO Y LAS PR\u00c1CTICAS, CON TODO MI DOLOR, DEBEN SER INDIVIDUALES.<\/p>\n<p><a href=\"https:\/\/docs.google.com\/document\/d\/1b0GCtqKVJ0Ssbo0wsyNXgG9OBmrPyGJxLf7BzhAd0dQ\/edit?usp=sharing\">Pr\u00e1cticas<\/a><\/p>\n<p>Modelo de ejemplo.- Detector de oscuridad.<\/p>\n<div style=\"width: 144px;\" class=\"wp-video\"><!--[if lt IE 9]><script>document.createElement('video');<\/script><![endif]-->\n<video class=\"wp-video-shortcode\" id=\"video-162-1\" width=\"144\" height=\"176\" preload=\"metadata\" controls=\"controls\"><source type=\"video\/mp4\" src=\"https:\/\/blogsaverroes.juntadeandalucia.es\/iespinorueda\/files\/2020\/12\/Modelo-de-control-oral4TEC_Eana-1.mp4?_=1\" \/><a href=\"https:\/\/blogsaverroes.juntadeandalucia.es\/iespinorueda\/files\/2020\/12\/Modelo-de-control-oral4TEC_Eana-1.mp4\">https:\/\/blogsaverroes.juntadeandalucia.es\/iespinorueda\/files\/2020\/12\/Modelo-de-control-oral4TEC_Eana-1.mp4<\/a><\/video><\/div>\n<p>&nbsp;<\/p>\n<p><strong><span style=\"font-family: sans-serif\"><span style=\"font-size: medium\">Tecnolog\u00eda <\/span><\/span><\/strong><\/p>\n<p><span style=\"font-family: sans-serif\"><span style=\"font-size: medium\">El desarrollo tecnol\u00f3gico configura el mundo actual que conocemos. En muchas ocasiones la tecnolog\u00eda interact\u00faa en nuestra vida, aunque pasa desapercibida por lo habituados que estamos a ella. Este contexto hace necesaria la formaci\u00f3n de ciudadanos en la toma de decisiones relacionadas con procesos tecnol\u00f3gicos, con sentido cr\u00edtico, con capacidad de resolver problemas relacionados con ellos y, en definitiva, para utilizar y conocer materiales, procesos y objetos tecnol\u00f3gicos que facilitan la capacidad de actuar en un entorno tecnificado que mejora la calidad de vida. <\/span><\/span><\/p>\n<p><span style=\"font-family: sans-serif\"><span style=\"font-size: medium\">A lo largo de los siglos, el desarrollo tecnol\u00f3gico se ha visto motivado por las necesidades que la sociedad de cada \u00e9poca ha demandado, por sus tradiciones y su cultura, sin olvidar aspectos econ\u00f3micos y de mercado. La innovaci\u00f3n y b\u00fasqueda de soluciones alternativas han facilitado avances y la necesidad de cambio ha estado ligada siempre al ser humano. Por este motivo, la sociedad en la que vivimos necesita una educaci\u00f3n tecnol\u00f3gica amplia que facilite el conocimiento de las diversas tecnolog\u00edas, as\u00ed como las t\u00e9cnicas y los conocimientos cient\u00edficos que los sustentan. El desarrollo tecnol\u00f3gico se fundamenta en principios elementales y m\u00e1quinas simples que, sumados convenientemente, crean nuevas m\u00e1quinas y generan la realidad que nos rodea.<\/span><\/span><\/p>\n<hr \/>\n<section id=\"h.p_ID_3\" class=\"yaqOZd LB7kq gk8rDe\">\n<div class=\"mYVXT\">\n<div class=\"LS81yb VICjCf\">\n<div class=\"hJDwNd-AhqUyc-uQSCkd purZT-AhqUyc-II5mzb pSzOP-AhqUyc-qWD73c JNdkSc\">\n<div class=\"JNdkSc-SmKAyb\">\n<div class=\"\">\n<div class=\"oKdM2c Kzv0Me\">\n<div id=\"h.p_ID_5\" class=\"hJDwNd-AhqUyc-OiUrBf jXK9ad D2fZ2 OjCsFc wHaque GNzUNc\">\n<div class=\"jXK9ad-SmKAyb\">\n<div class=\"tyJCtd mGzaTb baZpAe lkHyyc\">\n<h1 id=\"h.p_ID_13\" class=\"CDt4Ke zfr3Q duRjpb\">Pel\u00edculas y Robots<\/h1>\n<\/div>\n<\/div>\n<\/div>\n<div class=\"hJDwNd-AhqUyc-II5mzb jXK9ad D2fZ2 OjCsFc wHaque L6cTce-purZT L6cTce-pSzOP\">\n<div class=\"jXK9ad-SmKAyb\">\n<div class=\"tyJCtd baZpAe\">Comenzamos con esta recomendaci\u00f3n que hace <strong>Mirian<\/strong> en su <a class=\"dhtgD aw5Odc\" href=\"http:\/\/www.elblogdemisuperclase.blogspot.com.es\/2013\/11\/la-superclase-la-robotica-y-el-cine.html\" target=\"_blank\" rel=\"noopener noreferrer\"><strong>blog para los alumnos y alumnas<\/strong><\/a> que se recoge en el blog del S\u00e9ptimo Arte <a class=\"dhtgD aw5Odc\" href=\"http:\/\/www.google.com\/url?q=http%3A%2F%2Fwww.elseptimoarte.net%2Fcine-articulo2575.html&amp;sa=D&amp;sntz=1&amp;usg=AOvVaw0AVO2OP2Mzy08L1VehP-mD\" target=\"_blank\" rel=\"noopener noreferrer\"><strong>http:\/\/www.elseptimoarte.net\/cine-articulo2575.html<\/strong><\/a><\/div>\n<\/div>\n<\/div>\n<\/div>\n<\/div>\n<\/div>\n<\/div>\n<\/div>\n<\/div>\n<\/section>\n<section id=\"h.p_ID_26\" class=\"yaqOZd\">\n<div class=\"mYVXT\">\n<div class=\"LS81yb VICjCf\">\n<div class=\"hJDwNd-AhqUyc-uQSCkd purZT-AhqUyc-II5mzb pSzOP-AhqUyc-qWD73c JNdkSc\">\n<div class=\"JNdkSc-SmKAyb\">\n<div class=\"\">\n<div class=\"oKdM2c Kzv0Me\">\n<div id=\"h.p_ID_32\" class=\"hJDwNd-AhqUyc-uQSCkd jXK9ad D2fZ2 OjCsFc wHaque GNzUNc\">\n<div class=\"jXK9ad-SmKAyb\">\n<div class=\"tyJCtd mGzaTb baZpAe\">\n<p id=\"h.p_ID_42\" class=\"CDt4Ke zfr3Q\"><strong>The Times<\/strong>\u00a0ha seleccionado los 50 mejores robots del cine y la televisi\u00f3n. Para realizar este ranking han evaluado cuatro aspectos:<\/p>\n<p id=\"h.p_ID_44\" class=\"CDt4Ke zfr3Q\">&#8211; Plausibilidad: la posibilidad de que un robot pueda llegar a ser construido bas\u00e1ndose en los conocimientos actuales.<\/p>\n<p id=\"h.p_ID_46\" class=\"CDt4Ke zfr3Q\">&#8211; Aspecto: eval\u00faa el dise\u00f1o y si se ha conseguido &#8220;dar el pego&#8221;.<\/p>\n<p id=\"h.p_ID_48\" class=\"CDt4Ke zfr3Q\">&#8211; Peligrosidad: bas\u00e1ndose m\u00e1s en su habilidad que en el poder de sus armas.<\/p>\n<p id=\"h.p_ID_50\" class=\"CDt4Ke zfr3Q\">&#8211; Capacidad c\u00f3mica: si es capaz de relajar la tensi\u00f3n con humor.<\/p>\n<p id=\"h.p_ID_52\" class=\"CDt4Ke zfr3Q\">No esperen encontrar en la lista a Robocop, los replicantes de Blade Runner o Darth Vader porque han sido considerados humanos.<\/p>\n<p id=\"h.p_ID_54\" class=\"CDt4Ke zfr3Q\">Click en enlace inferior\u00a0<a class=\"dhtgD aw5Odc\" href=\"http:\/\/www.google.com\/url?q=http%3A%2F%2Fwww.elseptimoarte.net%2Fcine-articulo2575.html&amp;sa=D&amp;sntz=1&amp;usg=AOvVaw0AVO2OP2Mzy08L1VehP-mD\" target=\"_blank\" rel=\"noopener noreferrer\"><strong>Leer m\u00e1s&#8230;<\/strong><\/a>\u00a0para acceder a la lista completa con clips de las pel\u00edculas.<\/p>\n<p id=\"h.p_ID_56\" class=\"CDt4Ke zfr3Q\">50: Andrew Martin (El hombre bicentenario)\u00a0<a class=\"dhtgD aw5Odc\" href=\"http:\/\/www.youtube.com\/watch?v=z5YMEwX2-88\" target=\"_blank\" rel=\"noopener noreferrer\"><strong>Clip<\/strong><\/a><\/p>\n<p id=\"h.p_ID_58\" class=\"CDt4Ke zfr3Q\">49: Daryl (D.A.R.Y.L.)\u00a0<a class=\"dhtgD aw5Odc\" href=\"http:\/\/www.youtube.com\/watch?v=v6ziA2n1OT0\" target=\"_blank\" rel=\"noopener noreferrer\"><strong>Clip<\/strong><\/a><\/p>\n<p id=\"h.p_ID_60\" class=\"CDt4Ke zfr3Q\">48: Twiki (Buck Rogers, el aventurero del espacio)\u00a0<a class=\"dhtgD aw5Odc\" href=\"http:\/\/www.youtube.com\/watch?v=-87WgAkLegQ\" target=\"_blank\" rel=\"noopener noreferrer\"><strong>Clip<\/strong><\/a><\/p>\n<p id=\"h.p_ID_62\" class=\"CDt4Ke zfr3Q\">47: Rodney (ROBOTS)\u00a0<a class=\"dhtgD aw5Odc\" href=\"http:\/\/www.youtube.com\/watch?v=w2NBAZRnQ_8\" target=\"_blank\" rel=\"noopener noreferrer\"><strong>Clip<\/strong><\/a><\/p>\n<p id=\"h.p_ID_64\" class=\"CDt4Ke zfr3Q\">46: Preston (Wallace &amp; Gromit &#8230; y sus amigos)\u00a0<a class=\"dhtgD aw5Odc\" href=\"http:\/\/video.google.com\/googleplayer.swf?docId=2251660538052817002&amp;hl=en-GB\" target=\"_blank\" rel=\"noopener noreferrer\"><strong>Clip<\/strong><\/a><\/p>\n<p id=\"h.p_ID_66\" class=\"CDt4Ke zfr3Q\">45: C3-PO (Star Wars)\u00a0<a class=\"dhtgD aw5Odc\" href=\"http:\/\/www.youtube.com\/watch?v=wTuTjbFt5CI\" target=\"_blank\" rel=\"noopener noreferrer\"><strong>Clip<\/strong><\/a><\/p>\n<p id=\"h.p_ID_68\" class=\"CDt4Ke zfr3Q\">44: Max 404 (Android)\u00a0<a class=\"dhtgD aw5Odc\" href=\"http:\/\/www.youtube.com\/watch?v=ubcEUr5ALJ0\" target=\"_blank\" rel=\"noopener noreferrer\"><strong>Clip<\/strong><\/a><\/p>\n<p id=\"h.p_ID_70\" class=\"CDt4Ke zfr3Q\">43: Vectrocon robot spiders (Runaway, brigada especial)\u00a0<a class=\"dhtgD aw5Odc\" href=\"http:\/\/www.youtube.com\/watch?v=cNEGa5i6r7s\" target=\"_blank\" rel=\"noopener noreferrer\"><strong>Clip<\/strong><\/a><\/p>\n<p id=\"h.p_ID_72\" class=\"CDt4Ke zfr3Q\">42: Los robots caseros (El dormil\u00f3n)\u00a0<a class=\"dhtgD aw5Odc\" href=\"http:\/\/www.youtube.com\/watch?v=NET5nwgB-P4\" target=\"_blank\" rel=\"noopener noreferrer\"><strong>Clip<\/strong><\/a><\/p>\n<p id=\"h.p_ID_74\" class=\"CDt4Ke zfr3Q\">41: Eve VIII (Terminator Woman: Eve of Destruction)\u00a0<a class=\"dhtgD aw5Odc\" href=\"http:\/\/www.youtube.com\/watch?v=TPqABgJD-dY\" target=\"_blank\" rel=\"noopener noreferrer\"><strong>Clip<\/strong><\/a><\/p>\n<p id=\"h.p_ID_76\" class=\"CDt4Ke zfr3Q\">40: Los misteriosos robots fil\u00e1ntropos (Nuestros maravillosos aliados)\u00a0<a class=\"dhtgD aw5Odc\" href=\"http:\/\/www.youtube.com\/watch?v=ouEIKe8A_CI\" target=\"_blank\" rel=\"noopener noreferrer\"><strong>Clip<\/strong><\/a><\/p>\n<p id=\"h.p_ID_78\" class=\"CDt4Ke zfr3Q\">39: Hector, Demigod 3 series (Saturno 3)\u00a0<a class=\"dhtgD aw5Odc\" href=\"http:\/\/www.youtube.com\/watch?v=dpYdPznZIJE\" target=\"_blank\" rel=\"noopener noreferrer\"><strong>Clip<\/strong><\/a><\/p>\n<p id=\"h.p_ID_80\" class=\"CDt4Ke zfr3Q\">38: Maria (Metropolis)\u00a0<a class=\"dhtgD aw5Odc\" href=\"http:\/\/www.youtube.com\/watch?v=SvLPZKh3hXs\" target=\"_blank\" rel=\"noopener noreferrer\"><strong>Clip<\/strong><\/a><\/p>\n<p id=\"h.p_ID_82\" class=\"CDt4Ke zfr3Q\">37: Terminator Series X (Terminator 3)\u00a0<a class=\"dhtgD aw5Odc\" href=\"http:\/\/www.youtube.com\/watch?v=8EUT_OR1-XQ\" target=\"_blank\" rel=\"noopener noreferrer\"><strong>Clip<\/strong><\/a><\/p>\n<p id=\"h.p_ID_84\" class=\"CDt4Ke zfr3Q\">36: Robot polic\u00eda (THX1138)\u00a0<a class=\"dhtgD aw5Odc\" href=\"http:\/\/www.youtube.com\/watch?v=2XbHifA1xl8\" target=\"_blank\" rel=\"noopener noreferrer\"><strong>Clip<\/strong><\/a><\/p>\n<p id=\"h.p_ID_86\" class=\"CDt4Ke zfr3Q\">35: Johnny 5 (Cortocircuito)\u00a0<a class=\"dhtgD aw5Odc\" href=\"http:\/\/www.youtube.com\/watch?v=4TBcQ8h_kXU\" target=\"_blank\" rel=\"noopener noreferrer\"><strong>Clip<\/strong><\/a><\/p>\n<p id=\"h.p_ID_88\" class=\"CDt4Ke zfr3Q\">34: The Sentinels (Matrix )\u00a0<a class=\"dhtgD aw5Odc\" href=\"http:\/\/www.youtube.com\/watch?v=YRRJsCp_Rw8\" target=\"_blank\" rel=\"noopener noreferrer\"><strong>Clip<\/strong><\/a><\/p>\n<p id=\"h.p_ID_90\" class=\"CDt4Ke zfr3Q\">33: Robots gigantes (Sky Captain)\u00a0<a class=\"dhtgD aw5Odc\" href=\"http:\/\/www.youtube.com\/watch?v=11Mide2KXow\" target=\"_blank\" rel=\"noopener noreferrer\"><strong>Clip<\/strong><\/a><\/p>\n<p id=\"h.p_ID_92\" class=\"CDt4Ke zfr3Q\">32: Cylons (Battlestar Galactica)\u00a0<a class=\"dhtgD aw5Odc\" href=\"http:\/\/www.youtube.com\/watch?v=sSMicGjw-Gs\" target=\"_blank\" rel=\"noopener noreferrer\"><strong>Clip<\/strong><\/a><\/p>\n<p id=\"h.p_ID_94\" class=\"CDt4Ke zfr3Q\">31: Battle Droids (Star Wars)\u00a0<a class=\"dhtgD aw5Odc\" href=\"http:\/\/www.youtube.com\/watch?v=kYfibSaDHrM\" target=\"_blank\" rel=\"noopener noreferrer\"><strong>Clip<\/strong><\/a><\/p>\n<p id=\"h.p_ID_96\" class=\"CDt4Ke zfr3Q\">30: Optimus Prime (Transformers)\u00a0<a class=\"dhtgD aw5Odc\" href=\"http:\/\/www.youtube.com\/watch?v=s7uXvqfQvNI\" target=\"_blank\" rel=\"noopener noreferrer\"><strong>Clip<\/strong><\/a><\/p>\n<p id=\"h.p_ID_98\" class=\"CDt4Ke zfr3Q\">29: Daft Punk (Daft Punk: Electroma)\u00a0<a class=\"dhtgD aw5Odc\" href=\"http:\/\/www.youtube.com\/watch?v=yQTnW_NqCq8\" target=\"_blank\" rel=\"noopener noreferrer\"><strong>Clip<\/strong><\/a><\/p>\n<p id=\"h.p_ID_100\" class=\"CDt4Ke zfr3Q\">28: Bishop (Aliens, el regreso)\u00a0<a class=\"dhtgD aw5Odc\" href=\"http:\/\/www.youtube.com\/watch?v=XeJ_HutHtqQ\" target=\"_blank\" rel=\"noopener noreferrer\"><strong>Clip<\/strong><\/a><\/p>\n<p id=\"h.p_ID_102\" class=\"CDt4Ke zfr3Q\">27: Ash (Alien)\u00a0<a class=\"dhtgD aw5Odc\" href=\"http:\/\/www.youtube.com\/watch?v=WHI9yJiA4_w\" target=\"_blank\" rel=\"noopener noreferrer\"><strong>Clip<\/strong><\/a><\/p>\n<p id=\"h.p_ID_104\" class=\"CDt4Ke zfr3Q\">26: Max (The Black Hole)\u00a0<a class=\"dhtgD aw5Odc\" href=\"http:\/\/www.youtube.com\/watch?v=vb1r0mobgsM\" target=\"_blank\" rel=\"noopener noreferrer\"><strong>Clip<\/strong><\/a><\/p>\n<p id=\"h.p_ID_106\" class=\"CDt4Ke zfr3Q\">25: Terminator Series 1000 (Terminator 2)\u00a0<a class=\"dhtgD aw5Odc\" href=\"http:\/\/www.youtube.com\/watch?v=hBvXZcnpY_4\" target=\"_blank\" rel=\"noopener noreferrer\"><strong>Clip<\/strong><\/a><\/p>\n<p id=\"h.p_ID_108\" class=\"CDt4Ke zfr3Q\">24: V-Ger (Star Trek, la pel\u00edcula)\u00a0<a class=\"dhtgD aw5Odc\" href=\"http:\/\/www.youtube.com\/watch?v=krekCBcdk9E\" target=\"_blank\" rel=\"noopener noreferrer\"><strong>Clip<\/strong><\/a><\/p>\n<p id=\"h.p_ID_110\" class=\"CDt4Ke zfr3Q\">23: Data (Star Trek)\u00a0<a class=\"dhtgD aw5Odc\" href=\"http:\/\/www.youtube.com\/watch?v=dWBmaKk32fE\" target=\"_blank\" rel=\"noopener noreferrer\"><strong>Clip<\/strong><\/a><\/p>\n<p id=\"h.p_ID_112\" class=\"CDt4Ke zfr3Q\">22: Fembots (Austin Powers)\u00a0<a class=\"dhtgD aw5Odc\" href=\"http:\/\/www.youtube.com\/watch?v=8HQJpza5lLA\" target=\"_blank\" rel=\"noopener noreferrer\"><strong>Clip<\/strong><\/a><\/p>\n<p id=\"h.p_ID_114\" class=\"CDt4Ke zfr3Q\">21: Claire Wellington (Las mujeres perfectas)\u00a0<a class=\"dhtgD aw5Odc\" href=\"http:\/\/www.youtube.com\/watch?v=p_1HjCUhfvM\" target=\"_blank\" rel=\"noopener noreferrer\"><strong>Clip<\/strong><\/a><\/p>\n<p id=\"h.p_ID_116\" class=\"CDt4Ke zfr3Q\">20: Dewey (Naves misteriosas)\u00a0<a class=\"dhtgD aw5Odc\" href=\"http:\/\/www.youtube.com\/watch?v=C1N1-byGh2I\" target=\"_blank\" rel=\"noopener noreferrer\"><strong>Clip<\/strong><\/a><\/p>\n<p id=\"h.p_ID_118\" class=\"CDt4Ke zfr3Q\">19: Box (La fuga de Logan)\u00a0<a class=\"dhtgD aw5Odc\" href=\"http:\/\/www.youtube.com\/watch?v=49RNn7Bh7aU\" target=\"_blank\" rel=\"noopener noreferrer\"><strong>Clip<\/strong><\/a><\/p>\n<p id=\"h.p_ID_120\" class=\"CDt4Ke zfr3Q\">18: Marvin (Gu\u00eda del autoestopista gal\u00e1ctico)\u00a0<a class=\"dhtgD aw5Odc\" href=\"http:\/\/www.youtube.com\/watch?v=TJVpMprn188\" target=\"_blank\" rel=\"noopener noreferrer\"><strong>Clip<\/strong><\/a><\/p>\n<p id=\"h.p_ID_122\" class=\"CDt4Ke zfr3Q\">17: Gigolo Joe (Inteligencia artificial)\u00a0<a class=\"dhtgD aw5Odc\" href=\"http:\/\/www.youtube.com\/watch?v=Yyqlhaybeo4\" target=\"_blank\" rel=\"noopener noreferrer\"><strong>Clip<\/strong><\/a><\/p>\n<p id=\"h.p_ID_124\" class=\"CDt4Ke zfr3Q\">16: Robbie (El planeta prohibido)\u00a0<a class=\"dhtgD aw5Odc\" href=\"http:\/\/www.youtube.com\/watch?v=8y4crGU7dkg\" target=\"_blank\" rel=\"noopener noreferrer\"><strong>Clip<\/strong><\/a><\/p>\n<p id=\"h.p_ID_126\" class=\"CDt4Ke zfr3Q\">15: Mechagodzilla (Gojira tai Mekagojira)\u00a0<a class=\"dhtgD aw5Odc\" href=\"http:\/\/www.youtube.com\/watch?v=j4our2icmFc\" target=\"_blank\" rel=\"noopener noreferrer\"><strong>Clip<\/strong><\/a><\/p>\n<p id=\"h.p_ID_128\" class=\"CDt4Ke zfr3Q\">14: El pistolero (Almas de metal)\u00a0<a class=\"dhtgD aw5Odc\" href=\"http:\/\/www.youtube.com\/watch?v=FA6cspcBAZY\" target=\"_blank\" rel=\"noopener noreferrer\"><strong>Clip<\/strong><\/a><\/p>\n<p id=\"h.p_ID_130\" class=\"CDt4Ke zfr3Q\">13: Gort (Ultim\u00e1tum a la tierra)\u00a0<a class=\"dhtgD aw5Odc\" href=\"http:\/\/www.youtube.com\/watch?v=z1eoG983XVU\" target=\"_blank\" rel=\"noopener noreferrer\"><strong>Clip<\/strong><\/a><\/p>\n<p id=\"h.p_ID_132\" class=\"CDt4Ke zfr3Q\">12: Droideka androides (Star Wars: La amenaza fantasma)\u00a0<a class=\"dhtgD aw5Odc\" href=\"http:\/\/www.google.com\/url?q=http%3A%2F%2Fen.wikipedia.org%2Fwiki%2FBattle_Droid&amp;sa=D&amp;sntz=1&amp;usg=AOvVaw2NwOVd_RVf74R6iCsvElGG\" target=\"_blank\" rel=\"noopener noreferrer\"><strong>Clip<\/strong><\/a><\/p>\n<p id=\"h.p_ID_134\" class=\"CDt4Ke zfr3Q\">11: R2-D2 (Star Wars)\u00a0<a class=\"dhtgD aw5Odc\" href=\"http:\/\/www.youtube.com\/watch?v=wTuTjbFt5CI\" target=\"_blank\" rel=\"noopener noreferrer\"><strong>Clip<\/strong><\/a><\/p>\n<p id=\"h.p_ID_136\" class=\"CDt4Ke zfr3Q\">10: Los centinelas (X-Men 3)\u00a0<a class=\"dhtgD aw5Odc\" href=\"http:\/\/www.youtube.com\/watch?v=iatiXkCcU88\" target=\"_blank\" rel=\"noopener noreferrer\"><strong>Clip<\/strong><\/a><\/p>\n<p id=\"h.p_ID_138\" class=\"CDt4Ke zfr3Q\">9: Sonny (Yo Robot)\u00a0<a class=\"dhtgD aw5Odc\" href=\"http:\/\/www.youtube.com\/watch?v=Dm5cHEyTbrM\" target=\"_blank\" rel=\"noopener noreferrer\"><strong>Clip<\/strong><\/a><\/p>\n<p id=\"h.p_ID_140\" class=\"CDt4Ke zfr3Q\">8: Los malvados Bill y Ted (El alucinante viaje de Bill y Ted )\u00a0<a class=\"dhtgD aw5Odc\" href=\"http:\/\/www.youtube.com\/watch?v=r79EksC6QjA\" target=\"_blank\" rel=\"noopener noreferrer\"><strong>Clip<\/strong><\/a><\/p>\n<p id=\"h.p_ID_142\" class=\"CDt4Ke zfr3Q\">7: Guerreros ABC (Juez Dredd)\u00a0<a class=\"dhtgD aw5Odc\" href=\"http:\/\/www.youtube.com\/watch?v=jGJm-8_U93A\" target=\"_blank\" rel=\"noopener noreferrer\"><strong>Clip<\/strong><\/a><\/p>\n<p id=\"h.p_ID_144\" class=\"CDt4Ke zfr3Q\">6: Enjambre de robots ara\u00f1a (Perdidos en el espacio)\u00a0<a class=\"dhtgD aw5Odc\" href=\"http:\/\/www.youtube.com\/watch?v=GiZqmDXYeWk\" target=\"_blank\" rel=\"noopener noreferrer\"><strong>Clip<\/strong><\/a><\/p>\n<p id=\"h.p_ID_146\" class=\"CDt4Ke zfr3Q\">5: ED 209 (Robocop)\u00a0<a class=\"dhtgD aw5Odc\" href=\"http:\/\/www.youtube.com\/watch?v=o0kWgcIlWn0\" target=\"_blank\" rel=\"noopener noreferrer\"><strong>Clip<\/strong><\/a><\/p>\n<p id=\"h.p_ID_148\" class=\"CDt4Ke zfr3Q\">4: SID 6.7 (Virtuosity)\u00a0<a class=\"dhtgD aw5Odc\" href=\"http:\/\/www.youtube.com\/watch?v=zg6ZtlgwFJ8\" target=\"_blank\" rel=\"noopener noreferrer\"><strong>Clip<\/strong><\/a><\/p>\n<p id=\"h.p_ID_150\" class=\"CDt4Ke zfr3Q\">3: Kitt (El coche fant\u00e1stico)\u00a0<a class=\"dhtgD aw5Odc\" href=\"http:\/\/www.youtube.com\/watch?v=LbJDP0kzhtg\" target=\"_blank\" rel=\"noopener noreferrer\"><strong>Clip<\/strong><\/a><\/p>\n<p id=\"h.p_ID_152\" class=\"CDt4Ke zfr3Q\">2: HAL9000 (2001, una odisea del espacio)\u00a0<a class=\"dhtgD aw5Odc\" href=\"http:\/\/www.youtube.com\/watch?v=JcNkMIwolKc\" target=\"_blank\" rel=\"noopener noreferrer\"><strong>Clip<\/strong><\/a><\/p>\n<p id=\"h.p_ID_154\" class=\"CDt4Ke zfr3Q\">1: Terminator Series 800\/Model 101 (Terminator)\u00a0<a class=\"dhtgD aw5Odc\" href=\"http:\/\/www.youtube.com\/watch?v=KOb8NC708_c\" target=\"_blank\" rel=\"noopener noreferrer\"><strong>Clip<\/strong><\/a><\/p>\n<\/div>\n<\/div>\n<\/div>\n<\/div>\n<\/div>\n<\/div>\n<\/div>\n<\/div>\n<\/div>\n<\/section>\n<p>&nbsp;<\/p>\n","protected":false},"excerpt":{"rendered":"<p>&nbsp; M\u00e1s informaci\u00f3n (2019\/20) =&gt;TECNOLOG\u00cdA &nbsp; PR\u00c1CTICAS DE ELECTR\u00d3NICA ANAL\u00d3GICA Os adjunto pdf de pr\u00e1cticas de electr\u00f3nica anal\u00f3gica. Antes de&#46;&#46;&#46;<\/p>\n","protected":false},"author":1,"featured_media":0,"parent":0,"menu_order":0,"comment_status":"open","ping_status":"open","template":"","meta":{"ngg_post_thumbnail":0,"footnotes":"","_mc_calendar":[]},"aioseo_notices":[],"post_mailing_queue_ids":[],"_links":{"self":[{"href":"https:\/\/blogsaverroes.juntadeandalucia.es\/iespinorueda\/wp-json\/wp\/v2\/pages\/162"}],"collection":[{"href":"https:\/\/blogsaverroes.juntadeandalucia.es\/iespinorueda\/wp-json\/wp\/v2\/pages"}],"about":[{"href":"https:\/\/blogsaverroes.juntadeandalucia.es\/iespinorueda\/wp-json\/wp\/v2\/types\/page"}],"author":[{"embeddable":true,"href":"https:\/\/blogsaverroes.juntadeandalucia.es\/iespinorueda\/wp-json\/wp\/v2\/users\/1"}],"replies":[{"embeddable":true,"href":"https:\/\/blogsaverroes.juntadeandalucia.es\/iespinorueda\/wp-json\/wp\/v2\/comments?post=162"}],"version-history":[{"count":17,"href":"https:\/\/blogsaverroes.juntadeandalucia.es\/iespinorueda\/wp-json\/wp\/v2\/pages\/162\/revisions"}],"predecessor-version":[{"id":5493,"href":"https:\/\/blogsaverroes.juntadeandalucia.es\/iespinorueda\/wp-json\/wp\/v2\/pages\/162\/revisions\/5493"}],"wp:attachment":[{"href":"https:\/\/blogsaverroes.juntadeandalucia.es\/iespinorueda\/wp-json\/wp\/v2\/media?parent=162"}],"curies":[{"name":"wp","href":"https:\/\/api.w.org\/{rel}","templated":true}]}}