{"id":170,"date":"2015-03-17T07:55:32","date_gmt":"2015-03-17T07:55:32","guid":{"rendered":"http:\/\/blogsaverroes.juntadeandalucia.es\/pre\/ceip\/?page_id=170"},"modified":"2021-01-24T19:30:02","modified_gmt":"2021-01-24T18:30:02","slug":"ciencias-naturales","status":"publish","type":"page","link":"https:\/\/blogsaverroes.juntadeandalucia.es\/iespinorueda\/ciencias-naturales\/","title":{"rendered":"Ciencias Naturales"},"content":{"rendered":"<p><span style=\"font-family: sans-serif\"><span style=\"font-size: medium\">Perteneciente al \u00e1rea cient\u00edfico-tecnol\u00f3gica. <\/span><\/span><\/p>\n<p>Formada por dos subdepartamentos:<\/p>\n<ul>\n<li>=&gt;Biolog\u00eda y Geolog\u00eda.<\/li>\n<li>=&gt;F\u00edsica y Qu\u00edmica.<\/li>\n<\/ul>\n<p>Para m\u00e1s informaci\u00f3n=&gt;<a href=\"https:\/\/sites.google.com\/iespinorueda.com\/ccnn\/inicio\" target=\"_blank\" rel=\"noopener ugc noreferrer\"><span style=\"color: #000080\"><strong>CIENCIAS NATURALES<\/strong><\/span><\/a><\/p>\n<p>&nbsp;<\/p>\n<p>&nbsp;<\/p>\n<p>&nbsp;<\/p>\n<p>&nbsp;<\/p>\n","protected":false},"excerpt":{"rendered":"<p>Perteneciente al \u00e1rea cient\u00edfico-tecnol\u00f3gica. Formada por dos subdepartamentos: =&gt;Biolog\u00eda y Geolog\u00eda. =&gt;F\u00edsica y Qu\u00edmica. Para m\u00e1s informaci\u00f3n=&gt;CIENCIAS NATURALES &nbsp; &nbsp;&#46;&#46;&#46;<\/p>\n","protected":false},"author":1,"featured_media":0,"parent":0,"menu_order":0,"comment_status":"open","ping_status":"open","template":"","meta":{"ngg_post_thumbnail":0,"footnotes":"","_mc_calendar":[]},"aioseo_notices":[],"post_mailing_queue_ids":[],"_links":{"self":[{"href":"https:\/\/blogsaverroes.juntadeandalucia.es\/iespinorueda\/wp-json\/wp\/v2\/pages\/170"}],"collection":[{"href":"https:\/\/blogsaverroes.juntadeandalucia.es\/iespinorueda\/wp-json\/wp\/v2\/pages"}],"about":[{"href":"https:\/\/blogsaverroes.juntadeandalucia.es\/iespinorueda\/wp-json\/wp\/v2\/types\/page"}],"author":[{"embeddable":true,"href":"https:\/\/blogsaverroes.juntadeandalucia.es\/iespinorueda\/wp-json\/wp\/v2\/users\/1"}],"replies":[{"embeddable":true,"href":"https:\/\/blogsaverroes.juntadeandalucia.es\/iespinorueda\/wp-json\/wp\/v2\/comments?post=170"}],"version-history":[{"count":7,"href":"https:\/\/blogsaverroes.juntadeandalucia.es\/iespinorueda\/wp-json\/wp\/v2\/pages\/170\/revisions"}],"predecessor-version":[{"id":2927,"href":"https:\/\/blogsaverroes.juntadeandalucia.es\/iespinorueda\/wp-json\/wp\/v2\/pages\/170\/revisions\/2927"}],"wp:attachment":[{"href":"https:\/\/blogsaverroes.juntadeandalucia.es\/iespinorueda\/wp-json\/wp\/v2\/media?parent=170"}],"curies":[{"name":"wp","href":"https:\/\/api.w.org\/{rel}","templated":true}]}}