{"id":1806,"date":"2015-03-17T07:46:28","date_gmt":"2015-03-17T07:46:28","guid":{"rendered":"http:\/\/blogsaverroes.juntadeandalucia.es\/pre\/ceip\/?page_id=144"},"modified":"2024-11-11T00:04:57","modified_gmt":"2024-11-10T23:04:57","slug":"orientacion-2","status":"publish","type":"page","link":"https:\/\/blogsaverroes.juntadeandalucia.es\/iespinorueda\/orientacion-2\/","title":{"rendered":"Orientaci\u00f3n"},"content":{"rendered":"<h4>Orientaci\u00f3n educativa<\/h4>\n<p>La orientaci\u00f3n contribuye al desarrollo de las facetas personal, acad\u00e9mica y profesional de los alumnos y alumnas. Es un proceso en el que deben involucrarse las familias y para el cual pueden acudir a los tutores y al asesoramiento y apoyo de los orientadores de los centros educativos. Entre sus objetivos principales se encuentran los siguientes:<\/p>\n<ul>\n<li>Resolver problemas de la vida acad\u00e9mica, como dificultades durante el proceso de aprendizaje, ausencia de motivaci\u00f3n, etc.<\/li>\n<li>Tomar decisiones sobre itinerarios de estudio e incorporaci\u00f3n al mundo laboral.<\/li>\n<li>Convivencia y educaci\u00f3n en valores.<\/li>\n<\/ul>\n<p>ORIENTADORA:&nbsp; D\u00f1a. Esther Lozano. Para acceder a su web =&gt; <strong><a title=\"Blog de Esther\" href=\"https:\/\/enorientacionpr.blogspot.com\" target=\"_blank\" rel=\"noopener ugc noreferrer\"><span style=\"color: #000080\">ORIENTACI\u00d3N<\/span><\/a><\/strong><\/p>\n<p><strong><span style=\"color: #000080\"><a style=\"color: #000080\" href=\"https:\/\/sites.google.com\/iespinorueda.com\/dori\/inicio\" target=\"_blank\" rel=\"noopener ugc noreferrer\">Web del Departamento<\/a><\/span><\/strong><\/p>\n<p><a href=\"https:\/\/enorientacionpr.blogspot.com\/\" target=\"_blank\" rel=\"noopener noreferrer\"><img loading=\"lazy\" decoding=\"async\" class=\"aligncenter size-large wp-image-5324\" src=\"https:\/\/blogsaverroes.juntadeandalucia.es\/iespinorueda\/files\/2023\/05\/Captura-de-pantalla-de-2023-05-21-18-41-02-1024x664.png\" alt=\"\" width=\"709\" height=\"460\" srcset=\"https:\/\/blogsaverroes.juntadeandalucia.es\/iespinorueda\/files\/2023\/05\/Captura-de-pantalla-de-2023-05-21-18-41-02-1024x664.png 1024w, https:\/\/blogsaverroes.juntadeandalucia.es\/iespinorueda\/files\/2023\/05\/Captura-de-pantalla-de-2023-05-21-18-41-02-300x195.png 300w, https:\/\/blogsaverroes.juntadeandalucia.es\/iespinorueda\/files\/2023\/05\/Captura-de-pantalla-de-2023-05-21-18-41-02-768x498.png 768w, https:\/\/blogsaverroes.juntadeandalucia.es\/iespinorueda\/files\/2023\/05\/Captura-de-pantalla-de-2023-05-21-18-41-02.png 1042w\" sizes=\"(max-width: 709px) 100vw, 709px\" \/><\/a><\/p>\n<p style=\"text-align: center\">&nbsp;<\/p>\n<p>&nbsp;<\/p>\n","protected":false},"excerpt":{"rendered":"<p>Orientaci\u00f3n educativa La orientaci\u00f3n contribuye al desarrollo de las facetas personal, acad\u00e9mica y profesional de los alumnos y alumnas. Es&#46;&#46;&#46;<\/p>\n","protected":false},"author":1,"featured_media":0,"parent":0,"menu_order":0,"comment_status":"open","ping_status":"open","template":"","meta":{"ngg_post_thumbnail":0,"footnotes":"","_mc_calendar":[]},"aioseo_notices":[],"post_mailing_queue_ids":[],"_links":{"self":[{"href":"https:\/\/blogsaverroes.juntadeandalucia.es\/iespinorueda\/wp-json\/wp\/v2\/pages\/1806"}],"collection":[{"href":"https:\/\/blogsaverroes.juntadeandalucia.es\/iespinorueda\/wp-json\/wp\/v2\/pages"}],"about":[{"href":"https:\/\/blogsaverroes.juntadeandalucia.es\/iespinorueda\/wp-json\/wp\/v2\/types\/page"}],"author":[{"embeddable":true,"href":"https:\/\/blogsaverroes.juntadeandalucia.es\/iespinorueda\/wp-json\/wp\/v2\/users\/1"}],"replies":[{"embeddable":true,"href":"https:\/\/blogsaverroes.juntadeandalucia.es\/iespinorueda\/wp-json\/wp\/v2\/comments?post=1806"}],"version-history":[{"count":16,"href":"https:\/\/blogsaverroes.juntadeandalucia.es\/iespinorueda\/wp-json\/wp\/v2\/pages\/1806\/revisions"}],"predecessor-version":[{"id":5988,"href":"https:\/\/blogsaverroes.juntadeandalucia.es\/iespinorueda\/wp-json\/wp\/v2\/pages\/1806\/revisions\/5988"}],"wp:attachment":[{"href":"https:\/\/blogsaverroes.juntadeandalucia.es\/iespinorueda\/wp-json\/wp\/v2\/media?parent=1806"}],"curies":[{"name":"wp","href":"https:\/\/api.w.org\/{rel}","templated":true}]}}