{"id":869,"date":"2015-03-16T07:03:52","date_gmt":"2015-03-16T07:03:52","guid":{"rendered":"http:\/\/blogsaverroes.juntadeandalucia.es\/pre\/ceip\/?page_id=84"},"modified":"2024-11-10T23:46:59","modified_gmt":"2024-11-10T22:46:59","slug":"calendario-escolar","status":"publish","type":"page","link":"https:\/\/blogsaverroes.juntadeandalucia.es\/iespinorueda\/calendario-escolar\/","title":{"rendered":"Calendario escolar 2024\/25"},"content":{"rendered":"<p><strong>Calendario oficial de la Consejer\u00eda de Desarrollo Educativo y Formaci\u00f3n Profesional de Sevilla.<\/strong><\/p>\n<p>Seg\u00fan la Resoluci\u00f3n de la Delegaci\u00f3n Territorial de Desarrollo Educativo y Formaci\u00f3n Profesional y de Universidad, Investigaci\u00f3n e Innovaci\u00f3n, por la que se aprueban el Calendario y la Jornada Escolar en los Centros Docentes no Universitarios para el curso acad\u00e9mico 2024\/2025.<\/p>\n<p>Aprobado por el Consejo Escolar Municipal en septiembre de 2024, los 4 d\u00edas de libre disposici\u00f3n ser\u00e1n este curso 2024\/25: el mi\u00e9rcoles 4, jueves 5, viernes 6 y lunes 9 de junio de 2025 NO HABR\u00c1 CLASES. <span style=\"color: #ffffff\">(los d\u00edas de Roc\u00edo que ser\u00edan&nbsp; &nbsp; &nbsp; &nbsp; &nbsp; &nbsp; &nbsp;de mayo 2024. Del <strong>mi\u00e9rcoles&nbsp; &nbsp; &nbsp; y lunes&nbsp; &nbsp; &nbsp; de mayo de 2024<\/strong>&nbsp;son fiestas del Roc\u00edo en Umbrete. <strong>NO hay clase<\/strong>.)&nbsp;<\/span><\/p>\n<p>Las evaluaciones se distribuyen en tres trimestres:<\/p>\n<p>La 1\u00ba Evaluaci\u00f3n -&gt;&nbsp; &nbsp; &nbsp;5 de diciembre 2024&nbsp; &nbsp; &nbsp;=&gt; Fin de contenidos.<\/p>\n<p>La 2\u00ba Evaluaci\u00f3n-&gt;&nbsp; &nbsp; 26 de marzo de 2025&nbsp; &nbsp; &nbsp; &nbsp;=&gt; Fin de contenidos.<\/p>\n<p>La 3\u00ba Evaluaci\u00f3n y ordinaria-&gt;&nbsp; &nbsp;24 de junio de 2025&nbsp; &nbsp; &nbsp; &nbsp;fin de las clases lectivas.<\/p>\n<p>Descarga calendario en pdf=&gt; <a href=\"https:\/\/blogsaverroes.juntadeandalucia.es\/iespinorueda\/files\/2024\/11\/Calendario-2425.pdf\">Calendario 2425<\/a><\/p>\n<p><iframe loading=\"lazy\" src=\"https:\/\/drive.google.com\/file\/d\/1DF3ABbjjfNJaJeeaMOMaz204736_2yaY\/preview\" width=\"640\" height=\"480\"><\/iframe>&nbsp;<\/p>\n","protected":false},"excerpt":{"rendered":"<p>Calendario oficial de la Consejer\u00eda de Desarrollo Educativo y Formaci\u00f3n Profesional de Sevilla. Seg\u00fan la Resoluci\u00f3n de la Delegaci\u00f3n Territorial&#46;&#46;&#46;<\/p>\n","protected":false},"author":1,"featured_media":0,"parent":0,"menu_order":0,"comment_status":"open","ping_status":"open","template":"","meta":{"ngg_post_thumbnail":0,"footnotes":"","_mc_calendar":[]},"aioseo_notices":[],"post_mailing_queue_ids":[],"_links":{"self":[{"href":"https:\/\/blogsaverroes.juntadeandalucia.es\/iespinorueda\/wp-json\/wp\/v2\/pages\/869"}],"collection":[{"href":"https:\/\/blogsaverroes.juntadeandalucia.es\/iespinorueda\/wp-json\/wp\/v2\/pages"}],"about":[{"href":"https:\/\/blogsaverroes.juntadeandalucia.es\/iespinorueda\/wp-json\/wp\/v2\/types\/page"}],"author":[{"embeddable":true,"href":"https:\/\/blogsaverroes.juntadeandalucia.es\/iespinorueda\/wp-json\/wp\/v2\/users\/1"}],"replies":[{"embeddable":true,"href":"https:\/\/blogsaverroes.juntadeandalucia.es\/iespinorueda\/wp-json\/wp\/v2\/comments?post=869"}],"version-history":[{"count":25,"href":"https:\/\/blogsaverroes.juntadeandalucia.es\/iespinorueda\/wp-json\/wp\/v2\/pages\/869\/revisions"}],"predecessor-version":[{"id":5978,"href":"https:\/\/blogsaverroes.juntadeandalucia.es\/iespinorueda\/wp-json\/wp\/v2\/pages\/869\/revisions\/5978"}],"wp:attachment":[{"href":"https:\/\/blogsaverroes.juntadeandalucia.es\/iespinorueda\/wp-json\/wp\/v2\/media?parent=869"}],"curies":[{"name":"wp","href":"https:\/\/api.w.org\/{rel}","templated":true}]}}