{"id":871,"date":"2015-03-16T07:25:46","date_gmt":"2015-03-16T07:25:46","guid":{"rendered":"http:\/\/blogsaverroes.juntadeandalucia.es\/pre\/ceip\/?page_id=106"},"modified":"2024-11-10T23:19:34","modified_gmt":"2024-11-10T22:19:34","slug":"actividades-extraescolares","status":"publish","type":"page","link":"https:\/\/blogsaverroes.juntadeandalucia.es\/iespinorueda\/actividades-extraescolares\/","title":{"rendered":"Actividades extraescolares 24\/25"},"content":{"rendered":"<p>Durante el curso 2024\/25 en el IES Pino Rueda se van a impartir las siguientes actividades extraescolares:<\/p>\n<table style=\"border-collapse: collapse;width: 43.3199%;height: 39px\">\n<tbody>\n<tr>\n<td style=\"width: 100%;background-color: #748fe8;text-align: center\"><span style=\"color: #000000\"><strong>&nbsp;ESCUELA DE M\u00daSICA &#8211; AEMU<\/strong><\/span><\/td>\n<\/tr>\n<\/tbody>\n<\/table>\n<p>Escuela de ense\u00f1anza y clases de m\u00fasica. Asociaci\u00f3n&nbsp; Escuela de M\u00fasica de Umbrete. Para m\u00e1s informaci\u00f3n:&nbsp;<\/p>\n<div class=\"x9f619 x1n2onr6 x1ja2u2z x78zum5 x2lah0s x1nhvcw1 x1qjc9v5 xozqiw3 x1q0g3np xyamay9 xykv574 xbmpl8g x4cne27 xifccgj\">\n<div class=\"x9f619 x1n2onr6 x1ja2u2z x78zum5 xdt5ytf x193iq5w xeuugli x1r8uery x1iyjqo2 xs83m0k xamitd3 xsyo7zv x16hj40l x10b6aqq x1yrsyyn\">\n<div class=\"x78zum5 xdt5ytf xz62fqu x16ldp7u\">\n<div class=\"xu06os2 x1ok221b\">\n<div class=\"x9f619 x1n2onr6 x1ja2u2z x78zum5 x2lah0s x1nhvcw1 x1qjc9v5 xozqiw3 x1q0g3np xyamay9 xykv574 xbmpl8g x4cne27 xifccgj\">\n<div class=\"x9f619 x1n2onr6 x1ja2u2z x78zum5 xdt5ytf x2lah0s x193iq5w xeuugli xsyo7zv x16hj40l x10b6aqq x1yrsyyn\"><img loading=\"lazy\" decoding=\"async\" class=\"x1b0d499 xuo83w3\" src=\"https:\/\/static.xx.fbcdn.net\/rsrc.php\/v3\/yT\/r\/Dc7-7AgwkwS.png\" alt=\"\" width=\"20\" height=\"20\"\/> 684 10 35 43<\/div>\n<\/div>\n<\/div>\n<\/div>\n<\/div>\n<\/div>\n<div class=\"x9f619 x1n2onr6 x1ja2u2z x78zum5 x2lah0s x1nhvcw1 x1qjc9v5 xozqiw3 x1q0g3np xyamay9 xykv574 xbmpl8g x4cne27 xifccgj\">\n<div class=\"x9f619 x1n2onr6 x1ja2u2z x78zum5 xdt5ytf x2lah0s x193iq5w xeuugli xsyo7zv x16hj40l x10b6aqq x1yrsyyn\"><img loading=\"lazy\" decoding=\"async\" class=\"x1b0d499 xuo83w3\" src=\"https:\/\/static.xx.fbcdn.net\/rsrc.php\/v3\/yE\/r\/2PIcyqpptfD.png\" alt=\"\" width=\"20\" height=\"20\"\/> escuelamusicaumbrete@gmail.com<\/div>\n<\/div>\n<div class=\"x9f619 x1n2onr6 x1ja2u2z x78zum5 x2lah0s x1nhvcw1 x1qjc9v5 xozqiw3 x1q0g3np xyamay9 xykv574 xbmpl8g x4cne27 xifccgj\">\n<div class=\"x9f619 x1n2onr6 x1ja2u2z x78zum5 xdt5ytf x2lah0s x193iq5w xeuugli xsyo7zv x16hj40l x10b6aqq x1yrsyyn\"><img loading=\"lazy\" decoding=\"async\" class=\"x1b0d499 xuo83w3\" src=\"https:\/\/static.xx.fbcdn.net\/rsrc.php\/v3\/y3\/r\/BQdeC67wT9z.png\" alt=\"\" width=\"20\" height=\"20\"\/> <a href=\"https:\/\/www.escuelamusicaumbrete.es\/\" target=\"_blank\" rel=\"noopener noreferrer\"><span class=\"x193iq5w xeuugli x13faqbe x1vvkbs x10flsy6 x1lliihq x1s928wv xhkezso x1gmr53x x1cpjm7i x1fgarty x1943h6x x4zkp8e x41vudc x6prxxf xvq8zen xo1l8bm x1qq9wsj x1yc453h\" dir=\"auto\">escuelamusicaumbrete.es<\/span><\/a><\/div>\n<\/div>\n<p><a href=\"https:\/\/www.escuelamusicaumbrete.es\/clases\/\" target=\"_blank\" rel=\"noopener noreferrer\"><img loading=\"lazy\" decoding=\"async\" class=\"aligncenter size-large wp-image-4853\" src=\"https:\/\/blogsaverroes.juntadeandalucia.es\/iespinorueda\/files\/2022\/12\/Captura-de-pantalla-de-2022-12-17-20-50-34-1024x406.png\" alt=\"\" width=\"709\" height=\"281\" srcset=\"https:\/\/blogsaverroes.juntadeandalucia.es\/iespinorueda\/files\/2022\/12\/Captura-de-pantalla-de-2022-12-17-20-50-34-1024x406.png 1024w, https:\/\/blogsaverroes.juntadeandalucia.es\/iespinorueda\/files\/2022\/12\/Captura-de-pantalla-de-2022-12-17-20-50-34-300x119.png 300w, https:\/\/blogsaverroes.juntadeandalucia.es\/iespinorueda\/files\/2022\/12\/Captura-de-pantalla-de-2022-12-17-20-50-34-768x305.png 768w, https:\/\/blogsaverroes.juntadeandalucia.es\/iespinorueda\/files\/2022\/12\/Captura-de-pantalla-de-2022-12-17-20-50-34.png 1225w\" sizes=\"(max-width: 709px) 100vw, 709px\" \/><\/a><\/p>\n","protected":false},"excerpt":{"rendered":"<p>Durante el curso 2024\/25 en el IES Pino Rueda se van a impartir las siguientes actividades extraescolares: &nbsp;ESCUELA DE M\u00daSICA&#46;&#46;&#46;<\/p>\n","protected":false},"author":1,"featured_media":0,"parent":0,"menu_order":0,"comment_status":"open","ping_status":"open","template":"","meta":{"ngg_post_thumbnail":0,"footnotes":"","_mc_calendar":[]},"aioseo_notices":[],"post_mailing_queue_ids":[],"_links":{"self":[{"href":"https:\/\/blogsaverroes.juntadeandalucia.es\/iespinorueda\/wp-json\/wp\/v2\/pages\/871"}],"collection":[{"href":"https:\/\/blogsaverroes.juntadeandalucia.es\/iespinorueda\/wp-json\/wp\/v2\/pages"}],"about":[{"href":"https:\/\/blogsaverroes.juntadeandalucia.es\/iespinorueda\/wp-json\/wp\/v2\/types\/page"}],"author":[{"embeddable":true,"href":"https:\/\/blogsaverroes.juntadeandalucia.es\/iespinorueda\/wp-json\/wp\/v2\/users\/1"}],"replies":[{"embeddable":true,"href":"https:\/\/blogsaverroes.juntadeandalucia.es\/iespinorueda\/wp-json\/wp\/v2\/comments?post=871"}],"version-history":[{"count":15,"href":"https:\/\/blogsaverroes.juntadeandalucia.es\/iespinorueda\/wp-json\/wp\/v2\/pages\/871\/revisions"}],"predecessor-version":[{"id":5974,"href":"https:\/\/blogsaverroes.juntadeandalucia.es\/iespinorueda\/wp-json\/wp\/v2\/pages\/871\/revisions\/5974"}],"wp:attachment":[{"href":"https:\/\/blogsaverroes.juntadeandalucia.es\/iespinorueda\/wp-json\/wp\/v2\/media?parent=871"}],"curies":[{"name":"wp","href":"https:\/\/api.w.org\/{rel}","templated":true}]}}