{"id":1074,"date":"2024-11-18T21:00:55","date_gmt":"2024-11-18T20:00:55","guid":{"rendered":"https:\/\/blogsaverroes.juntadeandalucia.es\/iespintorjosehernandez\/?page_id=1074"},"modified":"2024-11-18T21:06:47","modified_gmt":"2024-11-18T20:06:47","slug":"ipasen","status":"publish","type":"page","link":"https:\/\/blogsaverroes.juntadeandalucia.es\/iespintorjosehernandez\/ipasen\/","title":{"rendered":"iPasen"},"content":{"rendered":"<h4>iPasen: La herramienta digital para las familias andaluzas<\/h4>\n<p><strong>iPasen<\/strong> es la aplicaci\u00f3n oficial de la Junta de Andaluc\u00eda dise\u00f1ada para facilitar la comunicaci\u00f3n entre los<strong> centros educativos y las familias<\/strong>. A trav\u00e9s de esta herramienta, los padres, madres y tutores pueden acceder de forma sencilla y segura a informaci\u00f3n relevante como calificaciones, asistencia, comunicaciones del centro, tareas, y horarios de sus hijos.<\/p>\n<p>Esta app permite una interacci\u00f3n directa y eficiente, fortaleciendo la colaboraci\u00f3n entre familias y centros para garantizar el seguimiento educativo y el bienestar de los estudiantes.<strong> iPasen<\/strong> es un recurso clave para mantener a toda la comunidad educativa conectada y al d\u00eda.<\/p>\n<p>Recomendamos que se tenga instalada aplicaci\u00f3n en sus dispositivos m\u00f3viles, ya que existe tanto para versi\u00f3n <a href=\"https:\/\/apps.apple.com\/es\/app\/ipasen\/id511127024\" target=\"_blank\" rel=\"noopener\">IOS<\/a> como<a href=\"https:\/\/play.google.com\/store\/apps\/details?id=juntadeandalucia.ced.pasen&amp;hl=es\" target=\"_blank\" rel=\"noopener\"> Android<\/a>.<\/p>\n<p>Sin embargo, si quieren acceder a la versi\u00f3n web de iPasen pueden pinchar <a href=\"https:\/\/seneca.juntadeandalucia.es\/seneca\/jsp\/portalpasen\/\" target=\"_blank\" rel=\"noopener\">aqu\u00ed<\/a>.<\/p>\n","protected":false},"excerpt":{"rendered":"<p>iPasen: La herramienta digital para las familias andaluzas iPasen es la aplicaci\u00f3n oficial de la Junta de Andaluc\u00eda dise\u00f1ada para facilitar la comunicaci\u00f3n entre los centros educativos y las familias. A trav\u00e9s de esta&#46;&#46;&#46;<\/p>\n","protected":false},"author":17455,"featured_media":0,"parent":0,"menu_order":0,"comment_status":"closed","ping_status":"closed","template":"","meta":{"ngg_post_thumbnail":0,"footnotes":"","_mc_calendar":[]},"aioseo_notices":[],"_links":{"self":[{"href":"https:\/\/blogsaverroes.juntadeandalucia.es\/iespintorjosehernandez\/wp-json\/wp\/v2\/pages\/1074"}],"collection":[{"href":"https:\/\/blogsaverroes.juntadeandalucia.es\/iespintorjosehernandez\/wp-json\/wp\/v2\/pages"}],"about":[{"href":"https:\/\/blogsaverroes.juntadeandalucia.es\/iespintorjosehernandez\/wp-json\/wp\/v2\/types\/page"}],"author":[{"embeddable":true,"href":"https:\/\/blogsaverroes.juntadeandalucia.es\/iespintorjosehernandez\/wp-json\/wp\/v2\/users\/17455"}],"replies":[{"embeddable":true,"href":"https:\/\/blogsaverroes.juntadeandalucia.es\/iespintorjosehernandez\/wp-json\/wp\/v2\/comments?post=1074"}],"version-history":[{"count":4,"href":"https:\/\/blogsaverroes.juntadeandalucia.es\/iespintorjosehernandez\/wp-json\/wp\/v2\/pages\/1074\/revisions"}],"predecessor-version":[{"id":1080,"href":"https:\/\/blogsaverroes.juntadeandalucia.es\/iespintorjosehernandez\/wp-json\/wp\/v2\/pages\/1074\/revisions\/1080"}],"wp:attachment":[{"href":"https:\/\/blogsaverroes.juntadeandalucia.es\/iespintorjosehernandez\/wp-json\/wp\/v2\/media?parent=1074"}],"curies":[{"name":"wp","href":"https:\/\/api.w.org\/{rel}","templated":true}]}}