{"id":44,"date":"2020-01-10T09:48:31","date_gmt":"2020-01-10T08:48:31","guid":{"rendered":"http:\/\/blogsaverroes.juntadeandalucia.es\/pre\/nuevoies2v2\/?page_id=44"},"modified":"2024-11-18T20:23:27","modified_gmt":"2024-11-18T19:23:27","slug":"inicio","status":"publish","type":"page","link":"https:\/\/blogsaverroes.juntadeandalucia.es\/iespintorjosehernandez\/","title":{"rendered":"Inicio"},"content":{"rendered":"<h3><strong>\u00a1Bienvenidos al IES Pintor Jos\u00e9 Hern\u00e1ndez!<\/strong><\/h3>\n<p>Nos complace darte la bienvenida a nuestra nueva plataforma en l\u00ednea, un espacio dise\u00f1ado para acercarte a la vida y los valores de nuestra comunidad educativa. Aqu\u00ed encontrar\u00e1s informaci\u00f3n clave sobre nuestros programas acad\u00e9micos, actividades extracurriculares, eventos, y todo lo que hace \u00fanico a nuestro centro.<\/p>\n<p>En el<strong> IES Pintor Jos\u00e9 Hern\u00e1ndez<\/strong>, nos esforzamos por brindar una educaci\u00f3n integral, fomentando el desarrollo acad\u00e9mico, social y emocional de nuestros estudiantes. Creemos en la colaboraci\u00f3n entre docentes, estudiantes y familias para formar ciudadanos responsables, creativos y comprometidos con su entorno.<\/p>\n<p>Explora nuestro sitio y descubre c\u00f3mo juntos podemos construir un futuro lleno de oportunidades. Si tienes alguna pregunta o necesitas m\u00e1s informaci\u00f3n, no dudes en ponerte en contacto con nosotros.<\/p>\n<p><strong>\u00a1Gracias por visitarnos y ser parte de nuestra familia educativa!<\/strong><\/p>\n","protected":false},"excerpt":{"rendered":"<p>\u00a1Bienvenidos al IES Pintor Jos\u00e9 Hern\u00e1ndez! Nos complace darte la bienvenida a nuestra nueva plataforma en l\u00ednea, un espacio dise\u00f1ado para acercarte a la vida y los valores de nuestra comunidad educativa. Aqu\u00ed encontrar\u00e1s&#46;&#46;&#46;<\/p>\n","protected":false},"author":17455,"featured_media":0,"parent":0,"menu_order":0,"comment_status":"closed","ping_status":"closed","template":"","meta":{"ngg_post_thumbnail":0,"footnotes":"","_mc_calendar":[]},"aioseo_notices":[],"_links":{"self":[{"href":"https:\/\/blogsaverroes.juntadeandalucia.es\/iespintorjosehernandez\/wp-json\/wp\/v2\/pages\/44"}],"collection":[{"href":"https:\/\/blogsaverroes.juntadeandalucia.es\/iespintorjosehernandez\/wp-json\/wp\/v2\/pages"}],"about":[{"href":"https:\/\/blogsaverroes.juntadeandalucia.es\/iespintorjosehernandez\/wp-json\/wp\/v2\/types\/page"}],"author":[{"embeddable":true,"href":"https:\/\/blogsaverroes.juntadeandalucia.es\/iespintorjosehernandez\/wp-json\/wp\/v2\/users\/17455"}],"replies":[{"embeddable":true,"href":"https:\/\/blogsaverroes.juntadeandalucia.es\/iespintorjosehernandez\/wp-json\/wp\/v2\/comments?post=44"}],"version-history":[{"count":10,"href":"https:\/\/blogsaverroes.juntadeandalucia.es\/iespintorjosehernandez\/wp-json\/wp\/v2\/pages\/44\/revisions"}],"predecessor-version":[{"id":1059,"href":"https:\/\/blogsaverroes.juntadeandalucia.es\/iespintorjosehernandez\/wp-json\/wp\/v2\/pages\/44\/revisions\/1059"}],"wp:attachment":[{"href":"https:\/\/blogsaverroes.juntadeandalucia.es\/iespintorjosehernandez\/wp-json\/wp\/v2\/media?parent=44"}],"curies":[{"name":"wp","href":"https:\/\/api.w.org\/{rel}","templated":true}]}}