{"id":58,"date":"2020-01-10T09:44:46","date_gmt":"2020-01-10T08:44:46","guid":{"rendered":"http:\/\/blogsaverroes.juntadeandalucia.es\/pre\/nuevoies2v2\/?page_id=58"},"modified":"2024-11-18T20:41:27","modified_gmt":"2024-11-18T19:41:27","slug":"transporte-escolar","status":"publish","type":"page","link":"https:\/\/blogsaverroes.juntadeandalucia.es\/iespintorjosehernandez\/transporte-escolar\/","title":{"rendered":"Transporte escolar"},"content":{"rendered":"<p>El <strong>transporte escolar<\/strong> es un servicio esencial que garantiza el acceso a la educaci\u00f3n de manera segura y eficiente para parte de nuestros estudiantes. Facilita la puntualidad y reduce las barreras geogr\u00e1ficas, asegurando que los alumnos lleguen a sus centros educativos en condiciones \u00f3ptimas.<\/p>\n<p>Adem\u00e1s de su funci\u00f3n pr\u00e1ctica, el transporte escolar contribuye a disminuir el tr\u00e1fico y la contaminaci\u00f3n, fomentando un modelo m\u00e1s sostenible. Tambi\u00e9n promueve la convivencia entre estudiantes, convirti\u00e9ndose en un espacio adicional para fortalecer la socializaci\u00f3n y el respeto mutuo.<\/p>\n<p>Las paradas que realiza el transporte escolar asociado a nuestro centro educativo son:<\/p>\n<p><span style=\"color: #8f5806\"><strong>PARADAS CURSO 2023\/2024<\/strong><\/span><\/p>\n<p><span style=\"color: #0000ff\">&#8211; Camino Cooperativa San Juan<\/span><\/p>\n<p><span style=\"color: #0000ff\">&#8211; El Turco<\/span><\/p>\n<p><span style=\"color: #0000ff\">&#8211; Villa Estrella<\/span><\/p>\n<p><span style=\"color: #0000ff\">&#8211; Acceso Cortijo Villa Rafi<\/span><\/p>\n<p><span style=\"color: #0000ff\">&#8211; Cortijo Platero.Puente<\/span><\/p>\n<p><span style=\"color: #0000ff\">&#8211; El Pedregal<\/span><\/p>\n<p><span style=\"color: #0000ff\">&#8211; Las Carboneras<\/span><\/p>\n<p>Es importante recordar que la <strong>solicitud de transporte escolar<\/strong> deber\u00e1 ser entregada durante el periodo de matriculaci\u00f3n cada curso escolar durante el <strong>mes de julio<\/strong>, indicando en cada caso la parada que solicita cada familia.<\/p>\n","protected":false},"excerpt":{"rendered":"<p>El transporte escolar es un servicio esencial que garantiza el acceso a la educaci\u00f3n de manera segura y eficiente para parte de nuestros estudiantes. Facilita la puntualidad y reduce las barreras geogr\u00e1ficas, asegurando que&#46;&#46;&#46;<\/p>\n","protected":false},"author":17455,"featured_media":0,"parent":0,"menu_order":0,"comment_status":"closed","ping_status":"closed","template":"","meta":{"ngg_post_thumbnail":0,"footnotes":"","_mc_calendar":[]},"aioseo_notices":[],"_links":{"self":[{"href":"https:\/\/blogsaverroes.juntadeandalucia.es\/iespintorjosehernandez\/wp-json\/wp\/v2\/pages\/58"}],"collection":[{"href":"https:\/\/blogsaverroes.juntadeandalucia.es\/iespintorjosehernandez\/wp-json\/wp\/v2\/pages"}],"about":[{"href":"https:\/\/blogsaverroes.juntadeandalucia.es\/iespintorjosehernandez\/wp-json\/wp\/v2\/types\/page"}],"author":[{"embeddable":true,"href":"https:\/\/blogsaverroes.juntadeandalucia.es\/iespintorjosehernandez\/wp-json\/wp\/v2\/users\/17455"}],"replies":[{"embeddable":true,"href":"https:\/\/blogsaverroes.juntadeandalucia.es\/iespintorjosehernandez\/wp-json\/wp\/v2\/comments?post=58"}],"version-history":[{"count":8,"href":"https:\/\/blogsaverroes.juntadeandalucia.es\/iespintorjosehernandez\/wp-json\/wp\/v2\/pages\/58\/revisions"}],"predecessor-version":[{"id":1071,"href":"https:\/\/blogsaverroes.juntadeandalucia.es\/iespintorjosehernandez\/wp-json\/wp\/v2\/pages\/58\/revisions\/1071"}],"wp:attachment":[{"href":"https:\/\/blogsaverroes.juntadeandalucia.es\/iespintorjosehernandez\/wp-json\/wp\/v2\/media?parent=58"}],"curies":[{"name":"wp","href":"https:\/\/api.w.org\/{rel}","templated":true}]}}