{"id":657,"date":"2024-04-07T18:20:04","date_gmt":"2024-04-07T17:20:04","guid":{"rendered":"https:\/\/blogsaverroes.juntadeandalucia.es\/iespintorjosehernandez\/?page_id=657"},"modified":"2025-11-11T13:10:04","modified_gmt":"2025-11-11T12:10:04","slug":"plan-de-centro","status":"publish","type":"page","link":"https:\/\/blogsaverroes.juntadeandalucia.es\/iespintorjosehernandez\/plan-de-centro\/","title":{"rendered":"Plan de Centro"},"content":{"rendered":"<p><strong>El Plan de Centro<\/strong><\/p>\n<p>El Plan de Centro es la gu\u00eda que marca c\u00f3mo funciona y qu\u00e9 objetivos persigue nuestro instituto. En este documento se refleja qui\u00e9nes somos, c\u00f3mo organizamos nuestro d\u00eda a d\u00eda y qu\u00e9 valores queremos transmitir a nuestros estudiantes.<\/p>\n<p>Es un plan que recoge todo lo necesario para asegurar una educaci\u00f3n de calidad, desde las normas de convivencia hasta las actividades que enriquecen el aprendizaje. Adem\u00e1s, busca involucrar a toda la comunidad educativa, trabajando juntos para construir un entorno donde el respeto, la colaboraci\u00f3n y el esfuerzo sean fundamentales.<\/p>\n<p>En el siguiente enlace podr\u00e1n consultar nuestro <a href=\"https:\/\/blogsaverroes.juntadeandalucia.es\/iespintorjosehernandez\/files\/2025\/11\/PLAN-DE-CENTRO-IES-PJH-2025-26.pdf\" target=\"_blank\" rel=\"noopener\">Plan de Centro<\/a>.<\/p>\n<p>&nbsp;<\/p>\n","protected":false},"excerpt":{"rendered":"<p>El Plan de Centro El Plan de Centro es la gu\u00eda que marca c\u00f3mo funciona y qu\u00e9 objetivos persigue nuestro instituto. En este documento se refleja qui\u00e9nes somos, c\u00f3mo organizamos nuestro d\u00eda a d\u00eda&#46;&#46;&#46;<\/p>\n","protected":false},"author":15218,"featured_media":0,"parent":0,"menu_order":0,"comment_status":"closed","ping_status":"closed","template":"","meta":{"ngg_post_thumbnail":0,"footnotes":"","_mc_calendar":[]},"aioseo_notices":[],"_links":{"self":[{"href":"https:\/\/blogsaverroes.juntadeandalucia.es\/iespintorjosehernandez\/wp-json\/wp\/v2\/pages\/657"}],"collection":[{"href":"https:\/\/blogsaverroes.juntadeandalucia.es\/iespintorjosehernandez\/wp-json\/wp\/v2\/pages"}],"about":[{"href":"https:\/\/blogsaverroes.juntadeandalucia.es\/iespintorjosehernandez\/wp-json\/wp\/v2\/types\/page"}],"author":[{"embeddable":true,"href":"https:\/\/blogsaverroes.juntadeandalucia.es\/iespintorjosehernandez\/wp-json\/wp\/v2\/users\/15218"}],"replies":[{"embeddable":true,"href":"https:\/\/blogsaverroes.juntadeandalucia.es\/iespintorjosehernandez\/wp-json\/wp\/v2\/comments?post=657"}],"version-history":[{"count":7,"href":"https:\/\/blogsaverroes.juntadeandalucia.es\/iespintorjosehernandez\/wp-json\/wp\/v2\/pages\/657\/revisions"}],"predecessor-version":[{"id":1143,"href":"https:\/\/blogsaverroes.juntadeandalucia.es\/iespintorjosehernandez\/wp-json\/wp\/v2\/pages\/657\/revisions\/1143"}],"wp:attachment":[{"href":"https:\/\/blogsaverroes.juntadeandalucia.es\/iespintorjosehernandez\/wp-json\/wp\/v2\/media?parent=657"}],"curies":[{"name":"wp","href":"https:\/\/api.w.org\/{rel}","templated":true}]}}