{"id":748,"date":"2024-04-08T10:58:03","date_gmt":"2024-04-08T09:58:03","guid":{"rendered":"https:\/\/blogsaverroes.juntadeandalucia.es\/iespintorjosehernandez\/?page_id=748"},"modified":"2025-11-13T12:26:51","modified_gmt":"2025-11-13T11:26:51","slug":"departamento-de-frances","status":"publish","type":"page","link":"https:\/\/blogsaverroes.juntadeandalucia.es\/iespintorjosehernandez\/departamento-de-frances\/","title":{"rendered":"Departamento de Franc\u00e9s"},"content":{"rendered":"<h3><strong>Programaciones did\u00e1cticas 2025\/2026<\/strong><\/h3>\n<h4><em><strong>Franc\u00e9s<\/strong><\/em><\/h4>\n<p><a href=\"https:\/\/blogsaverroes.juntadeandalucia.es\/iespintorjosehernandez\/files\/2025\/11\/PROG-FRANCES-25.262.pdf\" target=\"_blank\" rel=\"noopener\">1\u00ba ESO Franc\u00e9s<\/a><\/p>\n<h4><em><strong>\u00c1mbito Ling\u00fc\u00edstico y Social del Programa de Diversificaci\u00f3n<\/strong><\/em><\/h4>\n<p><a href=\"https:\/\/blogsaverroes.juntadeandalucia.es\/iespintorjosehernandez\/files\/2025\/11\/PROG-4o-ALS1.pdf\" target=\"_blank\" rel=\"noopener\">4\u00ba ESO ALS<\/a><\/p>\n","protected":false},"excerpt":{"rendered":"<p>Programaciones did\u00e1cticas 2025\/2026 Franc\u00e9s 1\u00ba ESO Franc\u00e9s \u00c1mbito Ling\u00fc\u00edstico y Social del Programa de Diversificaci\u00f3n 4\u00ba ESO ALS<\/p>\n","protected":false},"author":15218,"featured_media":0,"parent":0,"menu_order":0,"comment_status":"closed","ping_status":"closed","template":"","meta":{"ngg_post_thumbnail":0,"footnotes":"","_mc_calendar":[]},"aioseo_notices":[],"_links":{"self":[{"href":"https:\/\/blogsaverroes.juntadeandalucia.es\/iespintorjosehernandez\/wp-json\/wp\/v2\/pages\/748"}],"collection":[{"href":"https:\/\/blogsaverroes.juntadeandalucia.es\/iespintorjosehernandez\/wp-json\/wp\/v2\/pages"}],"about":[{"href":"https:\/\/blogsaverroes.juntadeandalucia.es\/iespintorjosehernandez\/wp-json\/wp\/v2\/types\/page"}],"author":[{"embeddable":true,"href":"https:\/\/blogsaverroes.juntadeandalucia.es\/iespintorjosehernandez\/wp-json\/wp\/v2\/users\/15218"}],"replies":[{"embeddable":true,"href":"https:\/\/blogsaverroes.juntadeandalucia.es\/iespintorjosehernandez\/wp-json\/wp\/v2\/comments?post=748"}],"version-history":[{"count":12,"href":"https:\/\/blogsaverroes.juntadeandalucia.es\/iespintorjosehernandez\/wp-json\/wp\/v2\/pages\/748\/revisions"}],"predecessor-version":[{"id":1295,"href":"https:\/\/blogsaverroes.juntadeandalucia.es\/iespintorjosehernandez\/wp-json\/wp\/v2\/pages\/748\/revisions\/1295"}],"wp:attachment":[{"href":"https:\/\/blogsaverroes.juntadeandalucia.es\/iespintorjosehernandez\/wp-json\/wp\/v2\/media?parent=748"}],"curies":[{"name":"wp","href":"https:\/\/api.w.org\/{rel}","templated":true}]}}