{"id":889,"date":"2024-04-19T12:55:38","date_gmt":"2024-04-19T11:55:38","guid":{"rendered":"https:\/\/blogsaverroes.juntadeandalucia.es\/iespintorjosehernandez\/?page_id=889"},"modified":"2024-11-18T20:35:09","modified_gmt":"2024-11-18T19:35:09","slug":"secretaria-virtual","status":"publish","type":"page","link":"https:\/\/blogsaverroes.juntadeandalucia.es\/iespintorjosehernandez\/secretaria-virtual\/","title":{"rendered":"Secretar\u00eda Virtual"},"content":{"rendered":"<p>La <strong>Secretar\u00eda Virtual de la Junta de Andaluc\u00eda<\/strong> es una plataforma en l\u00ednea que facilita a los ciudadanos la gesti\u00f3n de tr\u00e1mites educativos de forma c\u00f3moda, r\u00e1pida y segura. A trav\u00e9s de este portal, las familias pueden realizar gestiones como la solicitud de admisi\u00f3n en nuestro centro educativo, matr\u00edcula, y otros procesos administrativos, sin necesidad de acudir presencialmente al centro.<\/p>\n<p>Dise\u00f1ada para ser accesible y eficiente, la Secretar\u00eda Virtual es una herramienta clave para simplificar la relaci\u00f3n entre la Comunidad Educativa y la administraci\u00f3n, promoviendo la digitalizaci\u00f3n y el ahorro de tiempo.<\/p>\n<p>Si desea acceder a la <strong>Secretar\u00eda Virtual<\/strong> para realizar alg\u00fan tr\u00e1mite pinche <a href=\"https:\/\/www.juntadeandalucia.es\/educacion\/secretariavirtual\/\" target=\"_blank\" rel=\"noopener\">aqu\u00ed.<\/a><\/p>\n","protected":false},"excerpt":{"rendered":"<p>La Secretar\u00eda Virtual de la Junta de Andaluc\u00eda es una plataforma en l\u00ednea que facilita a los ciudadanos la gesti\u00f3n de tr\u00e1mites educativos de forma c\u00f3moda, r\u00e1pida y segura. A trav\u00e9s de este portal,&#46;&#46;&#46;<\/p>\n","protected":false},"author":15218,"featured_media":0,"parent":0,"menu_order":0,"comment_status":"closed","ping_status":"closed","template":"","meta":{"ngg_post_thumbnail":0,"footnotes":"","_mc_calendar":[]},"aioseo_notices":[],"_links":{"self":[{"href":"https:\/\/blogsaverroes.juntadeandalucia.es\/iespintorjosehernandez\/wp-json\/wp\/v2\/pages\/889"}],"collection":[{"href":"https:\/\/blogsaverroes.juntadeandalucia.es\/iespintorjosehernandez\/wp-json\/wp\/v2\/pages"}],"about":[{"href":"https:\/\/blogsaverroes.juntadeandalucia.es\/iespintorjosehernandez\/wp-json\/wp\/v2\/types\/page"}],"author":[{"embeddable":true,"href":"https:\/\/blogsaverroes.juntadeandalucia.es\/iespintorjosehernandez\/wp-json\/wp\/v2\/users\/15218"}],"replies":[{"embeddable":true,"href":"https:\/\/blogsaverroes.juntadeandalucia.es\/iespintorjosehernandez\/wp-json\/wp\/v2\/comments?post=889"}],"version-history":[{"count":10,"href":"https:\/\/blogsaverroes.juntadeandalucia.es\/iespintorjosehernandez\/wp-json\/wp\/v2\/pages\/889\/revisions"}],"predecessor-version":[{"id":1067,"href":"https:\/\/blogsaverroes.juntadeandalucia.es\/iespintorjosehernandez\/wp-json\/wp\/v2\/pages\/889\/revisions\/1067"}],"wp:attachment":[{"href":"https:\/\/blogsaverroes.juntadeandalucia.es\/iespintorjosehernandez\/wp-json\/wp\/v2\/media?parent=889"}],"curies":[{"name":"wp","href":"https:\/\/api.w.org\/{rel}","templated":true}]}}