{"id":113,"date":"2020-11-20T19:06:00","date_gmt":"2020-11-20T19:06:00","guid":{"rendered":"http:\/\/blogsaverroes.juntadeandalucia.es\/pre\/ceip\/?page_id=113"},"modified":"2022-03-29T17:22:47","modified_gmt":"2022-03-29T17:22:47","slug":"biblioteca","status":"publish","type":"page","link":"https:\/\/blogsaverroes.juntadeandalucia.es\/iespintorjosemariafernandez\/biblioteca\/","title":{"rendered":"Biblioteca"},"content":{"rendered":"<p><a href=\"https:\/\/blogsaverroes.juntadeandalucia.es\/iespintorjosemariafernandez\/files\/2020\/11\/logo-biblioweb1.png\"><img loading=\"lazy\" decoding=\"async\" class=\"aligncenter\" src=\"https:\/\/blogsaverroes.juntadeandalucia.es\/iespintorjosemariafernandez\/files\/2020\/11\/logo-biblioweb1-300x85.png\" alt=\"\" width=\"300\" height=\"85\"><\/a><\/p>\n<p style=\"text-align: justify\">Biblioweb S\u00e9neca es el nuevo m\u00f3dulo de Gesti\u00f3n de Bibliotecas Escolares en los centros educativos andaluces.<\/p>\n<p style=\"text-align: justify\">El m\u00f3dulo de Gesti\u00f3n bibliotecaria de S\u00e9neca permite a los lectores de la biblioteca gestionar personalmente sus propios pr\u00e9stamos, valoraciones, reservas, desideratas y uso de la biblioteca. Dichas funcionalidades est\u00e1n disponibles para los perfiles Profesorado y Lector\/a, accediendo directamente desde S\u00e9neca, y para Alumnado y Tutor\/a legal accediendo desde Pasen.<\/p>\n<p style=\"text-align: justify\">Para acceder a la biblioteca del centro puede hacer clic <a href=\"https:\/\/www.juntadeandalucia.es\/educacion\/senecav2\/seneca\/biblioweb\/Index.jsp\">aqu\u00ed<\/a>, seleccionar la provincia de <strong>M\u00e1laga<\/strong> y poner el <strong>nombre<\/strong> o el c\u00f3digo del centro (<strong>29010857<\/strong>)&nbsp;<\/p>\n<p><a title=\"Bibliotecas escolares\" href=\"http:\/\/www.juntadeandalucia.es\/educacion\/webportal\/web\/lecturas-y-bibliotecas-escolares\/bibliotecas-escolares\" target=\"_blank\" rel=\"noopener noreferrer\">Enlace al portal sobre las Bibliotecas Escolares.<\/a><\/p>\n","protected":false},"excerpt":{"rendered":"<p>Biblioweb S\u00e9neca es el nuevo m\u00f3dulo de Gesti\u00f3n de Bibliotecas Escolares en los centros educativos andaluces. El m\u00f3dulo de Gesti\u00f3n bibliotecaria de S\u00e9neca permite a los lectores de la biblioteca gestionar personalmente sus propios&#46;&#46;&#46;<\/p>\n","protected":false},"author":1,"featured_media":0,"parent":0,"menu_order":0,"comment_status":"open","ping_status":"closed","template":"page-templates\/child-menu.php","meta":{"ngg_post_thumbnail":0,"footnotes":"","_mc_calendar":[]},"aioseo_notices":[],"_links":{"self":[{"href":"https:\/\/blogsaverroes.juntadeandalucia.es\/iespintorjosemariafernandez\/wp-json\/wp\/v2\/pages\/113"}],"collection":[{"href":"https:\/\/blogsaverroes.juntadeandalucia.es\/iespintorjosemariafernandez\/wp-json\/wp\/v2\/pages"}],"about":[{"href":"https:\/\/blogsaverroes.juntadeandalucia.es\/iespintorjosemariafernandez\/wp-json\/wp\/v2\/types\/page"}],"author":[{"embeddable":true,"href":"https:\/\/blogsaverroes.juntadeandalucia.es\/iespintorjosemariafernandez\/wp-json\/wp\/v2\/users\/1"}],"replies":[{"embeddable":true,"href":"https:\/\/blogsaverroes.juntadeandalucia.es\/iespintorjosemariafernandez\/wp-json\/wp\/v2\/comments?post=113"}],"version-history":[{"count":11,"href":"https:\/\/blogsaverroes.juntadeandalucia.es\/iespintorjosemariafernandez\/wp-json\/wp\/v2\/pages\/113\/revisions"}],"predecessor-version":[{"id":3459,"href":"https:\/\/blogsaverroes.juntadeandalucia.es\/iespintorjosemariafernandez\/wp-json\/wp\/v2\/pages\/113\/revisions\/3459"}],"wp:attachment":[{"href":"https:\/\/blogsaverroes.juntadeandalucia.es\/iespintorjosemariafernandez\/wp-json\/wp\/v2\/media?parent=113"}],"curies":[{"name":"wp","href":"https:\/\/api.w.org\/{rel}","templated":true}]}}