{"id":147,"date":"2020-11-29T13:46:52","date_gmt":"2020-11-29T13:46:52","guid":{"rendered":"http:\/\/blogsaverroes.juntadeandalucia.es\/pre\/ceip\/?page_id=147"},"modified":"2020-11-29T12:48:46","modified_gmt":"2020-11-29T12:48:46","slug":"clasicas","status":"publish","type":"page","link":"https:\/\/blogsaverroes.juntadeandalucia.es\/iespintorjosemariafernandez\/clasicas\/","title":{"rendered":"Econom\u00eda y FOL"},"content":{"rendered":"<div data-canvas-width=\"108.91167217458664\"><img loading=\"lazy\" decoding=\"async\" class=\"aligncenter size-medium wp-image-2035\" src=\"http:\/\/blogsaverroes.juntadeandalucia.es\/temahuemanies\/files\/2015\/03\/economia-300x212.jpg\" alt=\"economia\" width=\"300\" height=\"212\" srcset=\"https:\/\/blogsaverroes.juntadeandalucia.es\/iespintorjosemariafernandez\/files\/2015\/03\/economia-300x212.jpg 300w, https:\/\/blogsaverroes.juntadeandalucia.es\/iespintorjosemariafernandez\/files\/2015\/03\/economia.jpg 640w\" sizes=\"(max-width: 300px) 100vw, 300px\" \/><\/div>\n<p class=\"titulo\" style=\"text-align: center\"><span style=\"font-family: times new roman,times;font-size: 18pt\"><span style=\"color: #008f39\">DEPARTAMENTO DE COORDINACI\u00d3N DID\u00c1CTICA DE ECONOM\u00cdA Y FOL<br \/>\n<\/span><\/span><\/p>\n<p style=\"text-align: center\"><span style=\"font-family: comic sans ms,sans-serif\"><span style=\"color: #cc0000;font-size: 16pt\"><span style=\"color: #0000ff\">PROGRAMACI\u00d3N<\/span><\/span><\/span><\/p>\n<p>&nbsp;<br \/>\n<object data=\"https:\/\/blogsaverroes.juntadeandalucia.es\/iespintorjosemariafernandez\/files\/2020\/11\/Prog_Eco-FOL.pdf?#zoom=85&amp;scrollbar=0&amp;toolbar=0&amp;navpanes=0\" type=\"application\/pdf\" width=\"900\" height=\"600\"><span data-mce-type=\"bookmark\" style=\"width: 0px;overflow: hidden;line-height: 0\" class=\"mce_SELRES_start\">\ufeff<\/span> <span data-mce-type=\"bookmark\" style=\"width: 0px;overflow: hidden;line-height: 0\" class=\"mce_SELRES_start\">\ufeff<\/span><\/object><\/p>\n","protected":false},"excerpt":{"rendered":"<p>DEPARTAMENTO DE COORDINACI\u00d3N DID\u00c1CTICA DE ECONOM\u00cdA Y FOL PROGRAMACI\u00d3N &nbsp; \ufeff \ufeff<\/p>\n","protected":false},"author":1,"featured_media":0,"parent":0,"menu_order":0,"comment_status":"open","ping_status":"open","template":"page-templates\/child-menu.php","meta":{"ngg_post_thumbnail":0,"footnotes":"","_mc_calendar":[]},"aioseo_notices":[],"_links":{"self":[{"href":"https:\/\/blogsaverroes.juntadeandalucia.es\/iespintorjosemariafernandez\/wp-json\/wp\/v2\/pages\/147"}],"collection":[{"href":"https:\/\/blogsaverroes.juntadeandalucia.es\/iespintorjosemariafernandez\/wp-json\/wp\/v2\/pages"}],"about":[{"href":"https:\/\/blogsaverroes.juntadeandalucia.es\/iespintorjosemariafernandez\/wp-json\/wp\/v2\/types\/page"}],"author":[{"embeddable":true,"href":"https:\/\/blogsaverroes.juntadeandalucia.es\/iespintorjosemariafernandez\/wp-json\/wp\/v2\/users\/1"}],"replies":[{"embeddable":true,"href":"https:\/\/blogsaverroes.juntadeandalucia.es\/iespintorjosemariafernandez\/wp-json\/wp\/v2\/comments?post=147"}],"version-history":[{"count":16,"href":"https:\/\/blogsaverroes.juntadeandalucia.es\/iespintorjosemariafernandez\/wp-json\/wp\/v2\/pages\/147\/revisions"}],"predecessor-version":[{"id":2937,"href":"https:\/\/blogsaverroes.juntadeandalucia.es\/iespintorjosemariafernandez\/wp-json\/wp\/v2\/pages\/147\/revisions\/2937"}],"wp:attachment":[{"href":"https:\/\/blogsaverroes.juntadeandalucia.es\/iespintorjosemariafernandez\/wp-json\/wp\/v2\/media?parent=147"}],"curies":[{"name":"wp","href":"https:\/\/api.w.org\/{rel}","templated":true}]}}