{"id":174,"date":"2015-03-17T07:56:14","date_gmt":"2015-03-17T07:56:14","guid":{"rendered":"http:\/\/blogsaverroes.juntadeandalucia.es\/pre\/ceip\/?page_id=174"},"modified":"2021-01-28T18:10:57","modified_gmt":"2021-01-28T18:10:57","slug":"dibujo","status":"publish","type":"page","link":"https:\/\/blogsaverroes.juntadeandalucia.es\/iespintorjosemariafernandez\/dibujo\/","title":{"rendered":"Dibujo y M\u00fasica"},"content":{"rendered":"<p>&nbsp; &nbsp; &nbsp; &nbsp; &nbsp; &nbsp; &nbsp; &nbsp; &nbsp; &nbsp; &nbsp; &nbsp; &nbsp; &nbsp; <img loading=\"lazy\" decoding=\"async\" class=\"size-medium wp-image-2018 alignnone\" src=\"http:\/\/blogsaverroes.juntadeandalucia.es\/temahuemanies\/files\/2015\/03\/dibujo-300x200.jpg\" alt=\"dibujo\" width=\"300\" height=\"200\" srcset=\"https:\/\/blogsaverroes.juntadeandalucia.es\/iespintorjosemariafernandez\/files\/2015\/03\/dibujo-300x200.jpg 300w, https:\/\/blogsaverroes.juntadeandalucia.es\/iespintorjosemariafernandez\/files\/2015\/03\/dibujo.jpg 640w\" sizes=\"(max-width: 300px) 100vw, 300px\" \/>&nbsp; &nbsp; &nbsp; &nbsp; &nbsp; &nbsp; &nbsp; &nbsp; <a href=\"https:\/\/blogsaverroes.juntadeandalucia.es\/iespintorjosemariafernandez\/files\/2021\/01\/MUSICA.jpg\"><img loading=\"lazy\" decoding=\"async\" class=\"alignnone wp-image-3131\" src=\"https:\/\/blogsaverroes.juntadeandalucia.es\/iespintorjosemariafernandez\/files\/2021\/01\/MUSICA.jpg\" alt=\"\" width=\"316\" height=\"199\" srcset=\"https:\/\/blogsaverroes.juntadeandalucia.es\/iespintorjosemariafernandez\/files\/2021\/01\/MUSICA.jpg 284w, https:\/\/blogsaverroes.juntadeandalucia.es\/iespintorjosemariafernandez\/files\/2021\/01\/MUSICA-24x15.jpg 24w, https:\/\/blogsaverroes.juntadeandalucia.es\/iespintorjosemariafernandez\/files\/2021\/01\/MUSICA-36x23.jpg 36w, https:\/\/blogsaverroes.juntadeandalucia.es\/iespintorjosemariafernandez\/files\/2021\/01\/MUSICA-48x30.jpg 48w\" sizes=\"(max-width: 316px) 100vw, 316px\" \/><\/a><\/p>\n<p><span style=\"font-family: times new roman,times;font-size: 18pt\"><span style=\"color: #008f39\">&nbsp; &nbsp; &nbsp; &nbsp;DEPARTAMENTO DE COORDINACI\u00d3N DID\u00c1CTICA DE DIBUJO Y M\u00daSICA<br \/>\n<\/span><\/span><\/p>\n<p style=\"text-align: center\"><span style=\"font-family: comic sans ms,sans-serif\"><span style=\"color: #cc0000;font-size: 16pt\"><span style=\"color: #0000ff\">PROGRAMACI\u00d3N DIBUJO<\/span><\/span><\/span><\/p>\n<p>&nbsp;<br \/>\n<object data=\"https:\/\/blogsaverroes.juntadeandalucia.es\/iespintorjosemariafernandez\/files\/2021\/01\/Programacion-Dibujo-20-21.pdf?#zoom=85&amp;scrollbar=0&amp;toolbar=0&amp;navpanes=0\" type=\"application\/pdf\" width=\"900\" height=\"600\"><span data-mce-type=\"bookmark\" style=\"width: 0px;overflow: hidden;line-height: 0\" class=\"mce_SELRES_start\">\ufeff<\/span>    <span data-mce-type=\"bookmark\" style=\"width: 0px;overflow: hidden;line-height: 0\" class=\"mce_SELRES_start\">\ufeff<\/span> <span data-mce-type=\"bookmark\" style=\"width: 0px;overflow: hidden;line-height: 0\" class=\"mce_SELRES_start\">\ufeff<\/span><\/object><\/p>\n<p style=\"text-align: center\"><span style=\"font-family: comic sans ms,sans-serif\"><span style=\"color: #cc0000;font-size: 16pt\"><span style=\"color: #0000ff\">PROGRAMACI\u00d3N M\u00daSICA<\/span><\/span><\/span><\/p>\n<p>&nbsp;<br \/>\n<object data=\"https:\/\/blogsaverroes.juntadeandalucia.es\/iespintorjosemariafernandez\/files\/2021\/01\/Programacion-M\u00fasica-20-21.pdf?#zoom=85&amp;scrollbar=0&amp;toolbar=0&amp;navpanes=0\" type=\"application\/pdf\" width=\"900\" height=\"600\"><span data-mce-type=\"bookmark\" style=\"width: 0px;overflow: hidden;line-height: 0\" class=\"mce_SELRES_start\">\ufeff<\/span>    <span data-mce-type=\"bookmark\" style=\"width: 0px;overflow: hidden;line-height: 0\" class=\"mce_SELRES_start\">\ufeff<\/span> <span data-mce-type=\"bookmark\" style=\"width: 0px;overflow: hidden;line-height: 0\" class=\"mce_SELRES_start\">\ufeff<\/span><\/object><\/p>\n","protected":false},"excerpt":{"rendered":"<p>&nbsp; &nbsp; &nbsp; &nbsp; &nbsp; &nbsp; &nbsp; &nbsp; &nbsp; &nbsp; &nbsp; &nbsp; &nbsp; &nbsp; &nbsp; &nbsp; &nbsp; &nbsp; &nbsp; &nbsp; &nbsp; &nbsp; &nbsp; &nbsp; &nbsp; &nbsp;DEPARTAMENTO DE COORDINACI\u00d3N DID\u00c1CTICA DE DIBUJO Y M\u00daSICA PROGRAMACI\u00d3N&#46;&#46;&#46;<\/p>\n","protected":false},"author":1,"featured_media":0,"parent":0,"menu_order":0,"comment_status":"open","ping_status":"open","template":"page-templates\/child-menu.php","meta":{"ngg_post_thumbnail":0,"footnotes":"","_mc_calendar":[]},"aioseo_notices":[],"_links":{"self":[{"href":"https:\/\/blogsaverroes.juntadeandalucia.es\/iespintorjosemariafernandez\/wp-json\/wp\/v2\/pages\/174"}],"collection":[{"href":"https:\/\/blogsaverroes.juntadeandalucia.es\/iespintorjosemariafernandez\/wp-json\/wp\/v2\/pages"}],"about":[{"href":"https:\/\/blogsaverroes.juntadeandalucia.es\/iespintorjosemariafernandez\/wp-json\/wp\/v2\/types\/page"}],"author":[{"embeddable":true,"href":"https:\/\/blogsaverroes.juntadeandalucia.es\/iespintorjosemariafernandez\/wp-json\/wp\/v2\/users\/1"}],"replies":[{"embeddable":true,"href":"https:\/\/blogsaverroes.juntadeandalucia.es\/iespintorjosemariafernandez\/wp-json\/wp\/v2\/comments?post=174"}],"version-history":[{"count":6,"href":"https:\/\/blogsaverroes.juntadeandalucia.es\/iespintorjosemariafernandez\/wp-json\/wp\/v2\/pages\/174\/revisions"}],"predecessor-version":[{"id":3132,"href":"https:\/\/blogsaverroes.juntadeandalucia.es\/iespintorjosemariafernandez\/wp-json\/wp\/v2\/pages\/174\/revisions\/3132"}],"wp:attachment":[{"href":"https:\/\/blogsaverroes.juntadeandalucia.es\/iespintorjosemariafernandez\/wp-json\/wp\/v2\/media?parent=174"}],"curies":[{"name":"wp","href":"https:\/\/api.w.org\/{rel}","templated":true}]}}