{"id":2545,"date":"2020-11-29T10:34:16","date_gmt":"2020-11-29T10:34:16","guid":{"rendered":"https:\/\/blogsaverroes.juntadeandalucia.es\/iespintorjosemariafernandez\/?page_id=2545"},"modified":"2021-12-09T14:01:32","modified_gmt":"2021-12-09T14:01:32","slug":"administrativo","status":"publish","type":"page","link":"https:\/\/blogsaverroes.juntadeandalucia.es\/iespintorjosemariafernandez\/administrativo\/","title":{"rendered":"Administrativo"},"content":{"rendered":"<p class=\"titulo\" style=\"text-align: center\"><span style=\"font-family: times new roman,times;font-size: 18pt\"><span style=\"color: #008f39\">DEPARTAMENTO DE COORDINACI\u00d3N DID\u00c1CTICA DE ADMINISTRACI\u00d3N Y GESTI\u00d3N<br \/>\n<\/span><\/span><\/p>\n<p style=\"text-align: center\"><span style=\"font-family: comic sans ms,sans-serif\"><span style=\"color: #cc0000;font-size: 16pt\"><span style=\"color: #0000ff\">PROGRAMACI\u00d3N<\/span><\/span><\/span><\/p>\n<p>&nbsp;<br \/>\n<object data=\"https:\/\/blogsaverroes.juntadeandalucia.es\/iespintorjosemariafernandez\/files\/2021\/12\/2021-2022.-Programaci\u00f3n-Administraci\u00f3n-y-Gesti\u00f3n.-V2.pdf?#zoom=100&amp;scrollbar=0&amp;toolbar=0&amp;navpanes=0\" type=\"application\/pdf\" width=\"900\" height=\"600\"><span data-mce-type=\"bookmark\" style=\"width: 0px;overflow: hidden;line-height: 0\" class=\"mce_SELRES_start\">\ufeff<\/span>    <span data-mce-type=\"bookmark\" style=\"width: 0px;overflow: hidden;line-height: 0\" class=\"mce_SELRES_start\">\ufeff<\/span> <span data-mce-type=\"bookmark\" style=\"width: 0px;overflow: hidden;line-height: 0\" class=\"mce_SELRES_start\">\ufeff<\/span><\/object><\/p>\n","protected":false},"excerpt":{"rendered":"<p>DEPARTAMENTO DE COORDINACI\u00d3N DID\u00c1CTICA DE ADMINISTRACI\u00d3N Y GESTI\u00d3N PROGRAMACI\u00d3N &nbsp; \ufeff \ufeff \ufeff<\/p>\n","protected":false},"author":10413,"featured_media":0,"parent":0,"menu_order":0,"comment_status":"open","ping_status":"closed","template":"page-templates\/child-menu.php","meta":{"ngg_post_thumbnail":0,"footnotes":"","_mc_calendar":[]},"aioseo_notices":[],"_links":{"self":[{"href":"https:\/\/blogsaverroes.juntadeandalucia.es\/iespintorjosemariafernandez\/wp-json\/wp\/v2\/pages\/2545"}],"collection":[{"href":"https:\/\/blogsaverroes.juntadeandalucia.es\/iespintorjosemariafernandez\/wp-json\/wp\/v2\/pages"}],"about":[{"href":"https:\/\/blogsaverroes.juntadeandalucia.es\/iespintorjosemariafernandez\/wp-json\/wp\/v2\/types\/page"}],"author":[{"embeddable":true,"href":"https:\/\/blogsaverroes.juntadeandalucia.es\/iespintorjosemariafernandez\/wp-json\/wp\/v2\/users\/10413"}],"replies":[{"embeddable":true,"href":"https:\/\/blogsaverroes.juntadeandalucia.es\/iespintorjosemariafernandez\/wp-json\/wp\/v2\/comments?post=2545"}],"version-history":[{"count":11,"href":"https:\/\/blogsaverroes.juntadeandalucia.es\/iespintorjosemariafernandez\/wp-json\/wp\/v2\/pages\/2545\/revisions"}],"predecessor-version":[{"id":3369,"href":"https:\/\/blogsaverroes.juntadeandalucia.es\/iespintorjosemariafernandez\/wp-json\/wp\/v2\/pages\/2545\/revisions\/3369"}],"wp:attachment":[{"href":"https:\/\/blogsaverroes.juntadeandalucia.es\/iespintorjosemariafernandez\/wp-json\/wp\/v2\/media?parent=2545"}],"curies":[{"name":"wp","href":"https:\/\/api.w.org\/{rel}","templated":true}]}}