{"id":2681,"date":"2020-11-07T20:08:08","date_gmt":"2020-11-07T20:08:08","guid":{"rendered":"https:\/\/blogsaverroes.juntadeandalucia.es\/iespintorjosemariafernandez\/?page_id=2681"},"modified":"2020-11-07T20:08:08","modified_gmt":"2020-11-07T20:08:08","slug":"equipo-de-convivencia","status":"publish","type":"page","link":"https:\/\/blogsaverroes.juntadeandalucia.es\/iespintorjosemariafernandez\/equipo-de-convivencia\/","title":{"rendered":"Equipo de convivencia"},"content":{"rendered":"<p><strong>EQUIPO DE CONVIVENCIA<\/strong><\/p>\n<ul>\n<li><strong>Mar\u00eda Pulido Serrano&nbsp; &nbsp; &nbsp; &nbsp; &nbsp; &nbsp; &nbsp;COORDINADORA<\/strong><\/li>\n<\/ul>\n<ul>\n<li>Abuhazim Pascual,&nbsp;Aminah<\/li>\n<li>Cabrera Cruces, Mar\u00eda Soledad<\/li>\n<li>Gallardo Romero, Jes\u00fas<\/li>\n<li>Garc\u00eda Casermeiro, Mar\u00eda Jos\u00e9<\/li>\n<li>Garc\u00eda Pulido, Francisco Javier<\/li>\n<li>Huertas Ortiz, Carmen<\/li>\n<li>Ortigosa Maldonado, Mar\u00eda Trinidad<\/li>\n<li>Ruiz Vargas, Miguel<\/li>\n<li>S\u00e1nchez Ruiz, Tatiana<\/li>\n<\/ul>\n","protected":false},"excerpt":{"rendered":"<p>EQUIPO DE CONVIVENCIA Mar\u00eda Pulido Serrano&nbsp; &nbsp; &nbsp; &nbsp; &nbsp; &nbsp; &nbsp;COORDINADORA Abuhazim Pascual,&nbsp;Aminah Cabrera Cruces, Mar\u00eda Soledad Gallardo Romero, Jes\u00fas Garc\u00eda Casermeiro, Mar\u00eda Jos\u00e9 Garc\u00eda Pulido, Francisco Javier Huertas Ortiz, Carmen Ortigosa Maldonado,&#46;&#46;&#46;<\/p>\n","protected":false},"author":10413,"featured_media":0,"parent":0,"menu_order":0,"comment_status":"closed","ping_status":"closed","template":"","meta":{"ngg_post_thumbnail":0,"footnotes":"","_mc_calendar":[]},"aioseo_notices":[],"_links":{"self":[{"href":"https:\/\/blogsaverroes.juntadeandalucia.es\/iespintorjosemariafernandez\/wp-json\/wp\/v2\/pages\/2681"}],"collection":[{"href":"https:\/\/blogsaverroes.juntadeandalucia.es\/iespintorjosemariafernandez\/wp-json\/wp\/v2\/pages"}],"about":[{"href":"https:\/\/blogsaverroes.juntadeandalucia.es\/iespintorjosemariafernandez\/wp-json\/wp\/v2\/types\/page"}],"author":[{"embeddable":true,"href":"https:\/\/blogsaverroes.juntadeandalucia.es\/iespintorjosemariafernandez\/wp-json\/wp\/v2\/users\/10413"}],"replies":[{"embeddable":true,"href":"https:\/\/blogsaverroes.juntadeandalucia.es\/iespintorjosemariafernandez\/wp-json\/wp\/v2\/comments?post=2681"}],"version-history":[{"count":1,"href":"https:\/\/blogsaverroes.juntadeandalucia.es\/iespintorjosemariafernandez\/wp-json\/wp\/v2\/pages\/2681\/revisions"}],"predecessor-version":[{"id":2682,"href":"https:\/\/blogsaverroes.juntadeandalucia.es\/iespintorjosemariafernandez\/wp-json\/wp\/v2\/pages\/2681\/revisions\/2682"}],"wp:attachment":[{"href":"https:\/\/blogsaverroes.juntadeandalucia.es\/iespintorjosemariafernandez\/wp-json\/wp\/v2\/media?parent=2681"}],"curies":[{"name":"wp","href":"https:\/\/api.w.org\/{rel}","templated":true}]}}