{"id":2700,"date":"2020-11-08T11:24:56","date_gmt":"2020-11-08T11:24:56","guid":{"rendered":"https:\/\/blogsaverroes.juntadeandalucia.es\/iespintorjosemariafernandez\/?page_id=2700"},"modified":"2020-11-08T11:26:37","modified_gmt":"2020-11-08T11:26:37","slug":"equipo-de-biblioteca","status":"publish","type":"page","link":"https:\/\/blogsaverroes.juntadeandalucia.es\/iespintorjosemariafernandez\/equipo-de-biblioteca\/","title":{"rendered":"Equipo de Biblioteca"},"content":{"rendered":"<p>&nbsp;<\/p>\n<p style=\"text-align: center\"><span style=\"font-size: 18pt;color: #0000ff\">EQUIPO DE BIBLIOTECA<\/span><\/p>\n<ul>\n<li><strong><span style=\"font-size: 14pt\">Javier Coca \u00c1vila&nbsp; &nbsp; &nbsp; Responsable Bcrea<\/span><\/strong><\/li>\n<\/ul>\n<ul>\n<li><span style=\"font-size: 14pt\">M\u00aa Mar Ariza P\u00e9rez<\/span><\/li>\n<li><span style=\"font-size: 14pt\">M\u00aa Jos\u00e9 Casero Barr\u00f3n<br \/>\n<\/span><\/li>\n<li><span style=\"font-size: 14pt\">M\u00aa Carmen Cobo Fuentes<\/span><\/li>\n<li><span style=\"font-size: 14pt\">Amparo G\u00f3mez Romo<br \/>\n<\/span><\/li>\n<li><span style=\"font-size: 14pt\">Carmen Huertas Ortiz<\/span><\/li>\n<li><span style=\"font-size: 14pt\">Jos\u00e9 Luis L\u00f3pez P\u00e9rez<br \/>\n<\/span><\/li>\n<li><span style=\"font-size: 14pt\">Teresa Jaimez V\u00e1zquez<\/span><\/li>\n<li><span style=\"font-size: 14pt\">Antonio Reyes Burgos<br \/>\n<\/span><\/li>\n<li><span style=\"font-size: 14pt\">Rosario Ruiz P\u00e9rez&nbsp;<br \/>\n<\/span><\/li>\n<li><span style=\"font-size: 14pt\">Mar\u00eda Bel\u00e9n Zapatero Monge<\/span><\/li>\n<\/ul>\n","protected":false},"excerpt":{"rendered":"<p>&nbsp; EQUIPO DE BIBLIOTECA Javier Coca \u00c1vila&nbsp; &nbsp; &nbsp; Responsable Bcrea M\u00aa Mar Ariza P\u00e9rez M\u00aa Jos\u00e9 Casero Barr\u00f3n M\u00aa Carmen Cobo Fuentes Amparo G\u00f3mez Romo Carmen Huertas Ortiz Jos\u00e9 Luis L\u00f3pez P\u00e9rez Teresa&#46;&#46;&#46;<\/p>\n","protected":false},"author":10413,"featured_media":0,"parent":0,"menu_order":0,"comment_status":"closed","ping_status":"closed","template":"","meta":{"ngg_post_thumbnail":0,"footnotes":"","_mc_calendar":[]},"aioseo_notices":[],"_links":{"self":[{"href":"https:\/\/blogsaverroes.juntadeandalucia.es\/iespintorjosemariafernandez\/wp-json\/wp\/v2\/pages\/2700"}],"collection":[{"href":"https:\/\/blogsaverroes.juntadeandalucia.es\/iespintorjosemariafernandez\/wp-json\/wp\/v2\/pages"}],"about":[{"href":"https:\/\/blogsaverroes.juntadeandalucia.es\/iespintorjosemariafernandez\/wp-json\/wp\/v2\/types\/page"}],"author":[{"embeddable":true,"href":"https:\/\/blogsaverroes.juntadeandalucia.es\/iespintorjosemariafernandez\/wp-json\/wp\/v2\/users\/10413"}],"replies":[{"embeddable":true,"href":"https:\/\/blogsaverroes.juntadeandalucia.es\/iespintorjosemariafernandez\/wp-json\/wp\/v2\/comments?post=2700"}],"version-history":[{"count":1,"href":"https:\/\/blogsaverroes.juntadeandalucia.es\/iespintorjosemariafernandez\/wp-json\/wp\/v2\/pages\/2700\/revisions"}],"predecessor-version":[{"id":2701,"href":"https:\/\/blogsaverroes.juntadeandalucia.es\/iespintorjosemariafernandez\/wp-json\/wp\/v2\/pages\/2700\/revisions\/2701"}],"wp:attachment":[{"href":"https:\/\/blogsaverroes.juntadeandalucia.es\/iespintorjosemariafernandez\/wp-json\/wp\/v2\/media?parent=2700"}],"curies":[{"name":"wp","href":"https:\/\/api.w.org\/{rel}","templated":true}]}}