{"id":2972,"date":"2020-12-04T07:54:05","date_gmt":"2020-12-04T07:54:05","guid":{"rendered":"https:\/\/blogsaverroes.juntadeandalucia.es\/iespintorjosemariafernandez\/?page_id=2972"},"modified":"2020-12-24T10:37:15","modified_gmt":"2020-12-24T10:37:15","slug":"reservas-e-incidencias","status":"publish","type":"page","link":"https:\/\/blogsaverroes.juntadeandalucia.es\/iespintorjosemariafernandez\/reservas-e-incidencias\/","title":{"rendered":"Reservas e Incidencias"},"content":{"rendered":"<h2>Reservar espacios o recursos y poner una incidencia<\/h2>\n<p>Con el fin de llegar al m\u00ednimo en la utilizaci\u00f3n de papel, se han desarrollado dos recursos.<\/p>\n<p>El primero permite realizar la <span style=\"color: #0000ff\"><strong>reserva de dependencias y recursos<\/strong><\/span> (sal\u00f3n de actos, biblioteca, carritos de ordenadores port\u00e1tiles).<\/p>\n<p>El siguiente v\u00eddeo muestra los pasos a seguir:<\/p>\n<p><a href=\"http:\/\/www.juntadeandalucia.es\/averroes\/centros-tic\/29010857\/helvia\/aula\/archivos\/repositorio\/1750\/1876\/Reservar_espacios_y_recursos.mp4\" target=\"_blank\" rel=\"noopener noreferrer\"><img loading=\"lazy\" decoding=\"async\" class=\"wp-image-3016 aligncenter\" src=\"https:\/\/blogsaverroes.juntadeandalucia.es\/iespintorjosemariafernandez\/files\/2020\/12\/reserva-1024x738.png\" alt=\"\" width=\"521\" height=\"375\" srcset=\"https:\/\/blogsaverroes.juntadeandalucia.es\/iespintorjosemariafernandez\/files\/2020\/12\/reserva-1024x738.png 1024w, https:\/\/blogsaverroes.juntadeandalucia.es\/iespintorjosemariafernandez\/files\/2020\/12\/reserva-300x216.png 300w, https:\/\/blogsaverroes.juntadeandalucia.es\/iespintorjosemariafernandez\/files\/2020\/12\/reserva-768x553.png 768w, https:\/\/blogsaverroes.juntadeandalucia.es\/iespintorjosemariafernandez\/files\/2020\/12\/reserva-24x17.png 24w, https:\/\/blogsaverroes.juntadeandalucia.es\/iespintorjosemariafernandez\/files\/2020\/12\/reserva-36x26.png 36w, https:\/\/blogsaverroes.juntadeandalucia.es\/iespintorjosemariafernandez\/files\/2020\/12\/reserva-48x35.png 48w, https:\/\/blogsaverroes.juntadeandalucia.es\/iespintorjosemariafernandez\/files\/2020\/12\/reserva.png 1256w\" sizes=\"(max-width: 521px) 100vw, 521px\" \/><\/a><\/p>\n<p>&nbsp;<\/p>\n<p>El otro, <span style=\"color: #0000ff\"><strong>notificar<\/strong><span style=\"color: #000000\"> las<\/span> <strong>incidencias<\/strong><\/span> que detectemos, organizadas en los siguientes grupos:<\/p>\n<ol>\n<li>MANTENIMIENTO: para incidencias del tipo de luminarias que no funcionan, persianas averiadas, cerraduras, etc.<\/li>\n<li>INFORM\u00c1TICA CICLOS: para incidencias del equipamiento inform\u00e1tico de todos los ciclos formativos de formaci\u00f3n profesional.<\/li>\n<li>INFORM\u00c1TICA TDE: para incidencias del equipamiento inform\u00e1tico del resto del centro.<\/li>\n<\/ol>\n<p>Como ayuda para su utilizaci\u00f3n pueden visionar los siguientes v\u00eddeos:<\/p>\n<ul>\n<li><div style=\"width: 1024px;\" class=\"wp-video\"><!--[if lt IE 9]><script>document.createElement('video');<\/script><![endif]-->\n<video class=\"wp-video-shortcode\" id=\"video-2972-1\" width=\"1024\" height=\"576\" preload=\"metadata\" controls=\"controls\"><source type=\"video\/mp4\" src=\"https:\/\/blogsaverroes.juntadeandalucia.es\/iespintorjosemariafernandez\/files\/2020\/12\/Partes_de_incidencias.mp4?_=1\" \/><a href=\"https:\/\/blogsaverroes.juntadeandalucia.es\/iespintorjosemariafernandez\/files\/2020\/12\/Partes_de_incidencias.mp4\">https:\/\/blogsaverroes.juntadeandalucia.es\/iespintorjosemariafernandez\/files\/2020\/12\/Partes_de_incidencias.mp4<\/a><\/video><\/div><\/li>\n<\/ul>\n","protected":false},"excerpt":{"rendered":"<p>Reservar espacios o recursos y poner una incidencia Con el fin de llegar al m\u00ednimo en la utilizaci\u00f3n de papel, se han desarrollado dos recursos. El primero permite realizar la reserva de dependencias y&#46;&#46;&#46;<\/p>\n","protected":false},"author":10413,"featured_media":0,"parent":0,"menu_order":0,"comment_status":"closed","ping_status":"closed","template":"","meta":{"ngg_post_thumbnail":0,"footnotes":"","_mc_calendar":[]},"aioseo_notices":[],"_links":{"self":[{"href":"https:\/\/blogsaverroes.juntadeandalucia.es\/iespintorjosemariafernandez\/wp-json\/wp\/v2\/pages\/2972"}],"collection":[{"href":"https:\/\/blogsaverroes.juntadeandalucia.es\/iespintorjosemariafernandez\/wp-json\/wp\/v2\/pages"}],"about":[{"href":"https:\/\/blogsaverroes.juntadeandalucia.es\/iespintorjosemariafernandez\/wp-json\/wp\/v2\/types\/page"}],"author":[{"embeddable":true,"href":"https:\/\/blogsaverroes.juntadeandalucia.es\/iespintorjosemariafernandez\/wp-json\/wp\/v2\/users\/10413"}],"replies":[{"embeddable":true,"href":"https:\/\/blogsaverroes.juntadeandalucia.es\/iespintorjosemariafernandez\/wp-json\/wp\/v2\/comments?post=2972"}],"version-history":[{"count":9,"href":"https:\/\/blogsaverroes.juntadeandalucia.es\/iespintorjosemariafernandez\/wp-json\/wp\/v2\/pages\/2972\/revisions"}],"predecessor-version":[{"id":3003,"href":"https:\/\/blogsaverroes.juntadeandalucia.es\/iespintorjosemariafernandez\/wp-json\/wp\/v2\/pages\/2972\/revisions\/3003"}],"wp:attachment":[{"href":"https:\/\/blogsaverroes.juntadeandalucia.es\/iespintorjosemariafernandez\/wp-json\/wp\/v2\/media?parent=2972"}],"curies":[{"name":"wp","href":"https:\/\/api.w.org\/{rel}","templated":true}]}}