{"id":2979,"date":"2020-12-08T17:03:25","date_gmt":"2020-12-08T17:03:25","guid":{"rendered":"https:\/\/blogsaverroes.juntadeandalucia.es\/iespintorjosemariafernandez\/?page_id=2979"},"modified":"2020-12-09T09:23:13","modified_gmt":"2020-12-09T09:23:13","slug":"consejo-escolar","status":"publish","type":"page","link":"https:\/\/blogsaverroes.juntadeandalucia.es\/iespintorjosemariafernandez\/consejo-escolar\/","title":{"rendered":"Consejo Escolar"},"content":{"rendered":"<p class=\"MsoNormal\"><strong><span style=\"font-size: 16.0pt;line-height: 115%;color: #4f6228\"><span>&nbsp;&nbsp; &nbsp;&nbsp;&nbsp;&nbsp;&nbsp;&nbsp;&nbsp;&nbsp; <\/span>MIEMBROS DEL CONSEJO ESCOLAR<\/span><\/strong><\/p>\n<p class=\"MsoNormal\"><span style=\"font-size: 14.0pt;line-height: 115%;color: #76923c\"><span>&nbsp;&nbsp;&nbsp;&nbsp;&nbsp;&nbsp;&nbsp;&nbsp;&nbsp;&nbsp;&nbsp;&nbsp;&nbsp;&nbsp;&nbsp;&nbsp;&nbsp;&nbsp;&nbsp;&nbsp;&nbsp;&nbsp;&nbsp;&nbsp; &nbsp; &nbsp; <\/span>A\u00f1o acad\u00e9mico 2020-2021<\/span><\/p>\n<table class=\"MsoTableMediumShading1Accent3\" style=\"border-collapse: collapse;border: none\" border=\"1\" cellspacing=\"0\" cellpadding=\"0\">\n<tbody>\n<tr style=\"height: 21.6pt\">\n<td style=\"width: 133.0pt;border: solid #B3CC82 1.0pt;border-right: solid #C2D69B 1.0pt;background: #9BBB59;padding: 0cm 5.4pt 0cm 5.4pt;height: 21.6pt\" width=\"177\">\n<p class=\"MsoNormal\" style=\"margin-bottom: .0001pt;line-height: normal\"><strong><span style=\"color: white\">Sector <\/span><\/strong><\/p>\n<\/td>\n<td style=\"width: 240.95pt;border: solid #B3CC82 1.0pt;border-left: none;background: #9BBB59;padding: 0cm 5.4pt 0cm 5.4pt;height: 21.6pt\" width=\"321\">\n<p class=\"MsoNormal\" style=\"margin-bottom: .0001pt;line-height: normal\"><strong><span style=\"color: white\">Miembro<\/span><\/strong><\/p>\n<\/td>\n<\/tr>\n<tr style=\"height: 23.0pt\">\n<td style=\"width: 133.0pt;border-top: none;border-left: solid #B3CC82 1.0pt;border-bottom: solid #B3CC82 1.0pt;border-right: solid #C2D69B 1.0pt;background: #EAF1DD;padding: 0cm 5.4pt 0cm 5.4pt;height: 23.0pt\" rowspan=\"3\" valign=\"top\" width=\"177\">\n<p class=\"MsoNormal\" style=\"margin-bottom: .0001pt;line-height: normal\"><strong><span style=\"font-size: 10.0pt\">Equipo directivo<\/span><\/strong><\/p>\n<\/td>\n<td style=\"width: 240.95pt;border-top: none;border-left: none;border-bottom: solid #B3CC82 1.0pt;border-right: solid #B3CC82 1.0pt;background: #E6EED5;padding: 0cm 5.4pt 0cm 5.4pt;height: 23.0pt\" width=\"321\">\n<p class=\"MsoNormal\" style=\"margin-bottom: .0001pt;line-height: normal\"><strong><span style=\"font-size: 10.0pt\">Infante Santiago, Manuel<span>&nbsp; <\/span><span>&nbsp;&nbsp;&nbsp;&nbsp;&nbsp;&nbsp;&nbsp;&nbsp;&nbsp;&nbsp;&nbsp;&nbsp;&nbsp;&nbsp; <\/span><\/span><\/strong><span style=\"font-size: 9.0pt\">(Director)<\/span><strong>&nbsp;<\/strong><\/p>\n<\/td>\n<\/tr>\n<tr style=\"height: 20.5pt\">\n<td style=\"width: 240.95pt;border-top: none;border-left: none;border-bottom: solid #B3CC82 1.0pt;border-right: solid #B3CC82 1.0pt;padding: 0cm 5.4pt 0cm 5.4pt;height: 20.5pt\" width=\"321\">\n<p class=\"MsoNormal\" style=\"margin-bottom: .0001pt;line-height: normal\"><strong><span style=\"font-size: 10.0pt\">Sillero L\u00f3pez, Javier L.&nbsp; &nbsp; &nbsp; &nbsp; &nbsp; &nbsp; &nbsp; &nbsp;&nbsp;<\/span><\/strong><span style=\"font-size: 9.0pt\">(J. Estudios)<\/span><\/p>\n<\/td>\n<\/tr>\n<tr style=\"height: 20.8pt\">\n<td style=\"width: 240.95pt;border-top: none;border-left: none;border-bottom: solid #B3CC82 1.0pt;border-right: solid #B3CC82 1.0pt;background: #E6EED5;padding: 0cm 5.4pt 0cm 5.4pt;height: 20.8pt\" width=\"321\">\n<p class=\"MsoNormal\" style=\"margin-bottom: .0001pt;line-height: normal\"><strong><span style=\"font-size: 10.0pt\">Zurita B\u00e1ez, Teresa<span> &nbsp;&nbsp; &nbsp; &nbsp; &nbsp;&nbsp;&nbsp;&nbsp; <\/span><\/span><\/strong><span style=\"font-size: 9.0pt\">(Secretaria)<\/span><\/p>\n<\/td>\n<\/tr>\n<tr style=\"height: 21.1pt\">\n<td style=\"width: 133.0pt;border-top: none;border-left: solid #B3CC82 1.0pt;border-bottom: solid #B3CC82 1.0pt;border-right: solid #C2D69B 1.0pt;padding: 0cm 5.4pt 0cm 5.4pt;height: 21.1pt\" rowspan=\"8\" valign=\"top\" width=\"177\">\n<p class=\"MsoNormal\" style=\"margin-bottom: .0001pt;line-height: normal\"><strong><span style=\"font-size: 10.0pt\">Profesorado<\/span><\/strong><\/p>\n<\/td>\n<td style=\"width: 240.95pt;border-top: none;border-left: none;border-bottom: solid #B3CC82 1.0pt;border-right: solid #B3CC82 1.0pt;padding: 0cm 5.4pt 0cm 5.4pt;height: 21.1pt\" width=\"321\">\n<p class=\"MsoNormal\" style=\"margin-bottom: .0001pt;line-height: normal\"><strong><span style=\"font-size: 10.0pt\"><strong>Coca \u00c1vila, Francisco Javier<\/strong><\/span><\/strong><\/p>\n<\/td>\n<\/tr>\n<tr style=\"height: 20.0pt\">\n<td style=\"width: 240.95pt;border-top: none;border-left: none;border-bottom: solid #B3CC82 1.0pt;border-right: solid #B3CC82 1.0pt;background: #E6EED5;padding: 0cm 5.4pt 0cm 5.4pt;height: 20.0pt\" width=\"321\">\n<p class=\"MsoNormal\" style=\"margin-bottom: .0001pt;line-height: normal\"><strong><span style=\"font-size: 10.0pt\"><strong>G\u00f3mez P\u00e1ez, Antonio<\/strong><\/span><\/strong><\/p>\n<\/td>\n<\/tr>\n<tr style=\"height: 20.95pt\">\n<td style=\"width: 240.95pt;border-top: none;border-left: none;border-bottom: solid #B3CC82 1.0pt;border-right: solid #B3CC82 1.0pt;padding: 0cm 5.4pt 0cm 5.4pt;height: 20.95pt\" width=\"321\">\n<p class=\"MsoNormal\" style=\"margin-bottom: .0001pt;line-height: normal\"><span style=\"font-size: 10pt\"><strong>Narbona Galindo, Jos\u00e9 Antonio<\/strong><\/span><\/p>\n<\/td>\n<\/tr>\n<tr style=\"height: 20.6pt\">\n<td style=\"width: 240.95pt;border-top: none;border-left: none;border-bottom: solid #B3CC82 1.0pt;border-right: solid #B3CC82 1.0pt;background: #E6EED5;padding: 0cm 5.4pt 0cm 5.4pt;height: 20.6pt\" width=\"321\">\n<p class=\"MsoNormal\" style=\"margin-bottom: .0001pt;line-height: normal\"><span style=\"font-size: 10pt\"><strong>Pacheco Mu\u00f1oz, Manuel<\/strong><\/span><\/p>\n<\/td>\n<\/tr>\n<tr style=\"height: 20.9pt\">\n<td style=\"width: 240.95pt;border-top: none;border-left: none;border-bottom: solid #B3CC82 1.0pt;border-right: solid #B3CC82 1.0pt;padding: 0cm 5.4pt 0cm 5.4pt;height: 20.9pt\" width=\"321\">\n<p class=\"MsoNormal\" style=\"margin-bottom: .0001pt;line-height: normal\"><span style=\"font-size: 10pt\"><strong>P\u00e1ez Carrasco, Francisco<\/strong><\/span><\/p>\n<\/td>\n<\/tr>\n<tr style=\"height: 21.2pt\">\n<td style=\"width: 240.95pt;border-top: none;border-left: none;border-bottom: solid #B3CC82 1.0pt;border-right: solid #B3CC82 1.0pt;background: #E6EED5;padding: 0cm 5.4pt 0cm 5.4pt;height: 21.2pt\" width=\"321\"><span style=\"font-size: 10pt\"><strong>Ruiz Ochoa, Miguel<\/strong><\/span><\/td>\n<\/tr>\n<tr style=\"height: 20.8pt\">\n<td style=\"width: 240.95pt;border-top: none;border-left: none;border-bottom: solid #B3CC82 1.0pt;border-right: solid #B3CC82 1.0pt;padding: 0cm 5.4pt 0cm 5.4pt;height: 20.8pt\" width=\"321\"><span style=\"font-size: 10pt\"><strong>Vegas Toro, Jes\u00fas<\/strong><\/span><\/td>\n<\/tr>\n<tr style=\"height: 20.35pt\">\n<td style=\"width: 240.95pt;border-top: none;border-left: none;border-bottom: solid #B3CC82 1.0pt;border-right: solid #B3CC82 1.0pt;background: #E6EED5;padding: 0cm 5.4pt 0cm 5.4pt;height: 20.35pt\" width=\"321\">&nbsp;<\/td>\n<\/tr>\n<tr style=\"height: 21.4pt\">\n<td style=\"width: 133.0pt;border-top: none;border-left: solid #B3CC82 1.0pt;border-bottom: solid #B3CC82 1.0pt;border-right: solid #C2D69B 1.0pt;background: #EAF1DD;padding: 0cm 5.4pt 0cm 5.4pt;height: 21.4pt\" rowspan=\"5\" valign=\"top\" width=\"177\">\n<p class=\"MsoNormal\" style=\"margin-bottom: .0001pt;line-height: normal\"><strong><span style=\"font-size: 10.0pt\">Madres\/Padres<\/span><\/strong><\/p>\n<\/td>\n<td style=\"width: 240.95pt;border-top: none;border-left: none;border-bottom: solid #B3CC82 1.0pt;border-right: solid #B3CC82 1.0pt;padding: 0cm 5.4pt 0cm 5.4pt;height: 21.4pt\" width=\"321\">\n<p class=\"MsoNormal\" style=\"margin-bottom: .0001pt;line-height: normal\"><strong><span style=\"font-size: 10.0pt\">Acedo S\u00e1nchez, Carmen<\/span><\/strong><\/p>\n<\/td>\n<\/tr>\n<tr style=\"height: 19.6pt\">\n<td style=\"width: 240.95pt;border-top: none;border-left: none;border-bottom: solid #B3CC82 1.0pt;border-right: solid #B3CC82 1.0pt;background: #E6EED5;padding: 0cm 5.4pt 0cm 5.4pt;height: 19.6pt\" width=\"321\">\n<p class=\"MsoNormal\" style=\"margin-bottom: .0001pt;line-height: normal\"><strong><span style=\"font-size: 10.0pt\">Gonz\u00e1lez Chinchilla, Gustavo<\/span><\/strong><\/p>\n<\/td>\n<\/tr>\n<tr style=\"height: 21.25pt\">\n<td style=\"width: 240.95pt;border-top: none;border-left: none;border-bottom: solid #B3CC82 1.0pt;border-right: solid #B3CC82 1.0pt;padding: 0cm 5.4pt 0cm 5.4pt;height: 21.25pt\" width=\"321\">\n<p class=\"MsoNormal\" style=\"margin-bottom: .0001pt;line-height: normal\"><strong><span style=\"font-size: 10.0pt\">O\u00f1ate Campos, Isabel<\/span><\/strong><\/p>\n<\/td>\n<\/tr>\n<tr style=\"height: 20.9pt\">\n<td style=\"width: 240.95pt;border-top: none;border-left: none;border-bottom: solid #B3CC82 1.0pt;border-right: solid #B3CC82 1.0pt;background: #E6EED5;padding: 0cm 5.4pt 0cm 5.4pt;height: 20.9pt\" width=\"321\"><strong><span style=\"font-size: 10pt\">Rodr\u00edguez Prados, Carmen<\/span><\/strong><\/td>\n<\/tr>\n<tr>\n<td style=\"width: 240.95pt;border-top: none;border-left: none;border-bottom: solid #B3CC82 1.0pt;border-right: solid #B3CC82 1.0pt;padding: 0cm 5.4pt 0cm 5.4pt\" width=\"321\">\n<p class=\"MsoNormal\" style=\"margin-bottom: .0001pt;line-height: normal\"><strong><span style=\"font-size: 10pt\">D\u00edaz Palomo, Ver\u00f3nica<\/span><\/strong>&nbsp; &nbsp; (Representante del AMPA)<\/p>\n<p class=\"MsoNormal\" style=\"margin-bottom: .0001pt;line-height: normal\"><strong><span style=\"font-size: 10pt\"><span style=\"font-size: 8pt\">&nbsp;<\/span><\/span><\/strong><\/p>\n<\/td>\n<\/tr>\n<tr style=\"height: 19.5pt\">\n<td style=\"width: 133.0pt;border-top: none;border-left: solid #B3CC82 1.0pt;border-bottom: solid #B3CC82 1.0pt;border-right: solid #C2D69B 1.0pt;background: white;padding: 0cm 5.4pt 0cm 5.4pt;height: 19.5pt\" rowspan=\"5\" valign=\"top\" width=\"177\">\n<p class=\"MsoNormal\" style=\"margin-bottom: .0001pt;line-height: normal\"><strong><span style=\"font-size: 10.0pt\">Alumnado<\/span><\/strong><\/p>\n<\/td>\n<td style=\"width: 240.95pt;border-top: none;border-left: none;border-bottom: solid #B3CC82 1.0pt;border-right: solid #B3CC82 1.0pt;background: #E6EED5;padding: 0cm 5.4pt 0cm 5.4pt;height: 19.5pt\" width=\"321\">\n<p class=\"MsoNormal\" style=\"margin-bottom: .0001pt;line-height: normal\"><strong><span style=\"font-size: 10.0pt\">Chair, Mohamed<\/span><\/strong><\/p>\n<\/td>\n<\/tr>\n<tr style=\"height: 20.5pt\">\n<td style=\"width: 240.95pt;border-top: none;border-left: none;border-bottom: solid #B3CC82 1.0pt;border-right: solid #B3CC82 1.0pt;padding: 0cm 5.4pt 0cm 5.4pt;height: 20.5pt\" width=\"321\">\n<p class=\"MsoNormal\" style=\"margin-bottom: .0001pt;line-height: normal\"><strong><span style=\"font-size: 10.0pt\">Medina G\u00f3mez, Melisa<\/span><\/strong><\/p>\n<\/td>\n<\/tr>\n<tr style=\"height: 20.8pt\">\n<td style=\"width: 240.95pt;border-top: none;border-left: none;border-bottom: solid #B3CC82 1.0pt;border-right: solid #B3CC82 1.0pt;background: #E6EED5;padding: 0cm 5.4pt 0cm 5.4pt;height: 20.8pt\" width=\"321\">\n<p class=\"MsoNormal\" style=\"margin-bottom: .0001pt;line-height: normal\"><strong><span style=\"font-size: 10.0pt\">Gonz\u00e1lez Do\u00f1as, Sergio<\/span><\/strong><\/p>\n<\/td>\n<\/tr>\n<tr style=\"height: 21.05pt\">\n<td style=\"width: 240.95pt;border-top: none;border-left: none;border-bottom: solid #B3CC82 1.0pt;border-right: solid #B3CC82 1.0pt;padding: 0cm 5.4pt 0cm 5.4pt;height: 21.05pt\" width=\"321\">\n<p class=\"MsoNormal\" style=\"margin-bottom: .0001pt;line-height: normal\"><strong><span style=\"font-size: 10.0pt\">O&#8217;Neill Mart\u00edn, Ethan<\/span><\/strong><\/p>\n<\/td>\n<\/tr>\n<tr style=\"height: 20.7pt\">\n<td style=\"width: 240.95pt;border-top: none;border-left: none;border-bottom: solid #B3CC82 1.0pt;border-right: solid #B3CC82 1.0pt;background: #E6EED5;padding: 0cm 5.4pt 0cm 5.4pt;height: 20.7pt\" width=\"321\">\n<p class=\"MsoNormal\" style=\"margin-bottom: .0001pt;line-height: normal\"><strong><span style=\"font-size: 10.0pt\">Rodr\u00edguez Mart\u00ednez, Mar\u00eda<\/span><\/strong><\/p>\n<\/td>\n<\/tr>\n<tr style=\"height: 21.0pt\">\n<td style=\"width: 133.0pt;border-top: none;border-left: solid #B3CC82 1.0pt;border-bottom: solid #B3CC82 1.0pt;border-right: solid #C2D69B 1.0pt;background: #EAF1DD;padding: 0cm 5.4pt 0cm 5.4pt;height: 21.0pt\" valign=\"top\" width=\"177\">\n<p class=\"MsoNormal\" style=\"margin-bottom: .0001pt;line-height: normal\"><strong><span style=\"font-size: 10.0pt\">Personal Adm\u00f3n. y Servicios<\/span><\/strong><\/p>\n<\/td>\n<td style=\"width: 240.95pt;border-top: none;border-left: none;border-bottom: solid #B3CC82 1.0pt;border-right: solid #B3CC82 1.0pt;padding: 0cm 5.4pt 0cm 5.4pt;height: 21.0pt\" width=\"321\">\n<p class=\"MsoNormal\" style=\"margin-bottom: .0001pt;line-height: normal\"><span style=\"font-size: 10pt\"><strong>Navarro Cortes, Inmaculada<\/strong><\/span><\/p>\n<\/td>\n<\/tr>\n<tr style=\"height: 34.1pt\">\n<td style=\"width: 133.0pt;border-top: none;border-left: solid #B3CC82 1.0pt;border-bottom: solid #B3CC82 1.0pt;border-right: solid #C2D69B 1.0pt;background: white;padding: 0cm 5.4pt 0cm 5.4pt;height: 34.1pt\" valign=\"top\" width=\"177\">\n<p class=\"MsoNormal\" style=\"margin-bottom: .0001pt;line-height: normal\"><strong><span style=\"font-size: 10.0pt\">Ayuntamiento<\/span><\/strong><\/p>\n<\/td>\n<td style=\"width: 240.95pt;border-top: none;border-left: none;border-bottom: solid #B3CC82 1.0pt;border-right: solid #B3CC82 1.0pt;background: #E6EED5;padding: 0cm 5.4pt 0cm 5.4pt;height: 34.1pt\" width=\"321\">\n<p class=\"MsoNormal\" style=\"margin-bottom: .0001pt;line-height: normal\"><strong><span style=\"font-size: 10.0pt\">&nbsp;Garc\u00eda Acedo, Antonio <\/span><\/strong><span style=\"font-size: 9.0pt\">(Concejal del Ayuntamiento)<\/span><strong>&nbsp;<\/strong><\/p>\n<\/td>\n<\/tr>\n<tr style=\"height: 42.35pt\">\n<td style=\"width: 133.0pt;border-top: none;border-left: solid #B3CC82 1.0pt;border-bottom: solid #B3CC82 1.0pt;border-right: solid #C2D69B 1.0pt;background: #EAF1DD;padding: 0cm 5.4pt 0cm 5.4pt;height: 42.35pt\" valign=\"top\" width=\"177\">\n<p class=\"MsoNormal\" style=\"margin-bottom: .0001pt;line-height: normal\"><strong><span style=\"font-size: 10.0pt\">Representante del entorno Empresarial<\/span><\/strong><\/p>\n<\/td>\n<td style=\"width: 240.95pt;border-top: none;border-left: none;border-bottom: solid #B3CC82 1.0pt;border-right: solid #B3CC82 1.0pt;padding: 0cm 5.4pt 0cm 5.4pt;height: 42.35pt\" width=\"321\">\n<p class=\"MsoNormal\" style=\"margin-bottom: .0001pt;line-height: normal\"><strong><span style=\"font-size: 10.0pt\">del Pino Garc\u00eda, Jorge<\/span><\/strong><\/p>\n<\/td>\n<\/tr>\n<\/tbody>\n<\/table>\n<p class=\"MsoNormal\">&nbsp;<\/p>\n","protected":false},"excerpt":{"rendered":"<p>&nbsp;&nbsp; &nbsp;&nbsp;&nbsp;&nbsp;&nbsp;&nbsp;&nbsp;&nbsp; MIEMBROS DEL CONSEJO ESCOLAR &nbsp;&nbsp;&nbsp;&nbsp;&nbsp;&nbsp;&nbsp;&nbsp;&nbsp;&nbsp;&nbsp;&nbsp;&nbsp;&nbsp;&nbsp;&nbsp;&nbsp;&nbsp;&nbsp;&nbsp;&nbsp;&nbsp;&nbsp;&nbsp; &nbsp; &nbsp; A\u00f1o acad\u00e9mico 2020-2021 Sector Miembro Equipo directivo Infante Santiago, Manuel&nbsp; &nbsp;&nbsp;&nbsp;&nbsp;&nbsp;&nbsp;&nbsp;&nbsp;&nbsp;&nbsp;&nbsp;&nbsp;&nbsp;&nbsp; (Director)&nbsp; Sillero L\u00f3pez, Javier L.&nbsp; &nbsp; &nbsp; &nbsp; &nbsp; &nbsp; &nbsp; &nbsp;&nbsp;(J. Estudios) Zurita&#46;&#46;&#46;<\/p>\n","protected":false},"author":10413,"featured_media":0,"parent":0,"menu_order":0,"comment_status":"closed","ping_status":"closed","template":"","meta":{"ngg_post_thumbnail":0,"footnotes":"","_mc_calendar":[]},"aioseo_notices":[],"_links":{"self":[{"href":"https:\/\/blogsaverroes.juntadeandalucia.es\/iespintorjosemariafernandez\/wp-json\/wp\/v2\/pages\/2979"}],"collection":[{"href":"https:\/\/blogsaverroes.juntadeandalucia.es\/iespintorjosemariafernandez\/wp-json\/wp\/v2\/pages"}],"about":[{"href":"https:\/\/blogsaverroes.juntadeandalucia.es\/iespintorjosemariafernandez\/wp-json\/wp\/v2\/types\/page"}],"author":[{"embeddable":true,"href":"https:\/\/blogsaverroes.juntadeandalucia.es\/iespintorjosemariafernandez\/wp-json\/wp\/v2\/users\/10413"}],"replies":[{"embeddable":true,"href":"https:\/\/blogsaverroes.juntadeandalucia.es\/iespintorjosemariafernandez\/wp-json\/wp\/v2\/comments?post=2979"}],"version-history":[{"count":5,"href":"https:\/\/blogsaverroes.juntadeandalucia.es\/iespintorjosemariafernandez\/wp-json\/wp\/v2\/pages\/2979\/revisions"}],"predecessor-version":[{"id":2981,"href":"https:\/\/blogsaverroes.juntadeandalucia.es\/iespintorjosemariafernandez\/wp-json\/wp\/v2\/pages\/2979\/revisions\/2981"}],"wp:attachment":[{"href":"https:\/\/blogsaverroes.juntadeandalucia.es\/iespintorjosemariafernandez\/wp-json\/wp\/v2\/media?parent=2979"}],"curies":[{"name":"wp","href":"https:\/\/api.w.org\/{rel}","templated":true}]}}