{"id":3461,"date":"2022-04-07T10:53:26","date_gmt":"2022-04-07T10:53:26","guid":{"rendered":"https:\/\/blogsaverroes.juntadeandalucia.es\/iespintorjosemariafernandez\/?page_id=3461"},"modified":"2023-03-20T10:50:50","modified_gmt":"2023-03-20T09:50:50","slug":"bilinguismo","status":"publish","type":"page","link":"https:\/\/blogsaverroes.juntadeandalucia.es\/iespintorjosemariafernandez\/bilinguismo\/","title":{"rendered":"Biling\u00fcismo"},"content":{"rendered":"<p style=\"text-align: center\"><img decoding=\"async\" class=\"alignnone wp-image-2642\" src=\"https:\/\/blogsaverroes.juntadeandalucia.es\/iespintorjosemariafernandez\/files\/2022\/04\/2021-2022.-Biling\u00fcismoIcono.png\" alt=\"\" width=\"400\"><\/p>\n<ul>\n<li><a href=\"https:\/\/blogsaverroes.juntadeandalucia.es\/iespintorjosemariafernandez\/files\/2023\/03\/2022-2023.-Ficha-Informativa-para-AACC-Espa\u00f1ol.pdf\">Ficha de Informaci\u00f3n para Auxiliares de Conversaci\u00f3n<\/a><\/li>\n<li><a href=\"https:\/\/blogsaverroes.juntadeandalucia.es\/iespintorjosemariafernandez\/files\/2023\/03\/2022-2023.-Ficha-Informativa-para-AACC-English.pdf\">Ficha de Informaci\u00f3n para Auxiliares de Conversaci\u00f3n (Ingl\u00e9s)<\/a><\/li>\n<\/ul>\n","protected":false},"excerpt":{"rendered":"<p>Ficha de Informaci\u00f3n para Auxiliares de Conversaci\u00f3n Ficha de Informaci\u00f3n para Auxiliares de Conversaci\u00f3n (Ingl\u00e9s)<\/p>\n","protected":false},"author":10413,"featured_media":3464,"parent":0,"menu_order":0,"comment_status":"closed","ping_status":"closed","template":"","meta":{"ngg_post_thumbnail":0,"footnotes":"","_mc_calendar":[]},"aioseo_notices":[],"_links":{"self":[{"href":"https:\/\/blogsaverroes.juntadeandalucia.es\/iespintorjosemariafernandez\/wp-json\/wp\/v2\/pages\/3461"}],"collection":[{"href":"https:\/\/blogsaverroes.juntadeandalucia.es\/iespintorjosemariafernandez\/wp-json\/wp\/v2\/pages"}],"about":[{"href":"https:\/\/blogsaverroes.juntadeandalucia.es\/iespintorjosemariafernandez\/wp-json\/wp\/v2\/types\/page"}],"author":[{"embeddable":true,"href":"https:\/\/blogsaverroes.juntadeandalucia.es\/iespintorjosemariafernandez\/wp-json\/wp\/v2\/users\/10413"}],"replies":[{"embeddable":true,"href":"https:\/\/blogsaverroes.juntadeandalucia.es\/iespintorjosemariafernandez\/wp-json\/wp\/v2\/comments?post=3461"}],"version-history":[{"count":4,"href":"https:\/\/blogsaverroes.juntadeandalucia.es\/iespintorjosemariafernandez\/wp-json\/wp\/v2\/pages\/3461\/revisions"}],"predecessor-version":[{"id":3604,"href":"https:\/\/blogsaverroes.juntadeandalucia.es\/iespintorjosemariafernandez\/wp-json\/wp\/v2\/pages\/3461\/revisions\/3604"}],"wp:featuredmedia":[{"embeddable":true,"href":"https:\/\/blogsaverroes.juntadeandalucia.es\/iespintorjosemariafernandez\/wp-json\/wp\/v2\/media\/3464"}],"wp:attachment":[{"href":"https:\/\/blogsaverroes.juntadeandalucia.es\/iespintorjosemariafernandez\/wp-json\/wp\/v2\/media?parent=3461"}],"curies":[{"name":"wp","href":"https:\/\/api.w.org\/{rel}","templated":true}]}}