{"id":35,"date":"2020-08-18T20:14:43","date_gmt":"2020-08-18T20:14:43","guid":{"rendered":"http:\/\/blogsaverroes.juntadeandalucia.es\/pre\/ceip\/?page_id=35"},"modified":"2020-11-23T07:32:18","modified_gmt":"2020-11-23T07:32:18","slug":"el-centro-2","status":"publish","type":"page","link":"https:\/\/blogsaverroes.juntadeandalucia.es\/iespintorjosemariafernandez\/el-centro-2\/","title":{"rendered":"Datos del centro"},"content":{"rendered":"<p><img loading=\"lazy\" decoding=\"async\" class=\"wp-image-2443 alignleft\" src=\"https:\/\/blogsaverroes.juntadeandalucia.es\/iespintorjosemariafernandez\/files\/2020\/08\/ESCUDO-renovado-300x300.jpg\" alt=\"\" width=\"163\" height=\"163\" srcset=\"https:\/\/blogsaverroes.juntadeandalucia.es\/iespintorjosemariafernandez\/files\/2020\/08\/ESCUDO-renovado-300x300.jpg 300w, https:\/\/blogsaverroes.juntadeandalucia.es\/iespintorjosemariafernandez\/files\/2020\/08\/ESCUDO-renovado-150x150.jpg 150w, https:\/\/blogsaverroes.juntadeandalucia.es\/iespintorjosemariafernandez\/files\/2020\/08\/ESCUDO-renovado-768x768.jpg 768w, https:\/\/blogsaverroes.juntadeandalucia.es\/iespintorjosemariafernandez\/files\/2020\/08\/ESCUDO-renovado-1024x1024.jpg 1024w, https:\/\/blogsaverroes.juntadeandalucia.es\/iespintorjosemariafernandez\/files\/2020\/08\/ESCUDO-renovado-100x100.jpg 100w, https:\/\/blogsaverroes.juntadeandalucia.es\/iespintorjosemariafernandez\/files\/2020\/08\/ESCUDO-renovado-160x160.jpg 160w, https:\/\/blogsaverroes.juntadeandalucia.es\/iespintorjosemariafernandez\/files\/2020\/08\/ESCUDO-renovado-320x320.jpg 320w, https:\/\/blogsaverroes.juntadeandalucia.es\/iespintorjosemariafernandez\/files\/2020\/08\/ESCUDO-renovado-24x24.jpg 24w, https:\/\/blogsaverroes.juntadeandalucia.es\/iespintorjosemariafernandez\/files\/2020\/08\/ESCUDO-renovado-36x36.jpg 36w, https:\/\/blogsaverroes.juntadeandalucia.es\/iespintorjosemariafernandez\/files\/2020\/08\/ESCUDO-renovado-48x48.jpg 48w, https:\/\/blogsaverroes.juntadeandalucia.es\/iespintorjosemariafernandez\/files\/2020\/08\/ESCUDO-renovado.jpg 1060w\" sizes=\"(max-width: 163px) 100vw, 163px\" \/><\/p>\n<h3><a href=\"https:\/\/blogsaverroes.juntadeandalucia.es\/iespintorjosemariafernandez\/files\/2020\/08\/HPIM2672.jpg\"><img loading=\"lazy\" decoding=\"async\" class=\"wp-image-2475 alignright\" src=\"https:\/\/blogsaverroes.juntadeandalucia.es\/iespintorjosemariafernandez\/files\/2020\/08\/HPIM2672-300x259.jpg\" alt=\"\" width=\"192\" height=\"166\" srcset=\"https:\/\/blogsaverroes.juntadeandalucia.es\/iespintorjosemariafernandez\/files\/2020\/08\/HPIM2672-300x259.jpg 300w, https:\/\/blogsaverroes.juntadeandalucia.es\/iespintorjosemariafernandez\/files\/2020\/08\/HPIM2672-768x663.jpg 768w, https:\/\/blogsaverroes.juntadeandalucia.es\/iespintorjosemariafernandez\/files\/2020\/08\/HPIM2672-1024x884.jpg 1024w, https:\/\/blogsaverroes.juntadeandalucia.es\/iespintorjosemariafernandez\/files\/2020\/08\/HPIM2672-24x21.jpg 24w, https:\/\/blogsaverroes.juntadeandalucia.es\/iespintorjosemariafernandez\/files\/2020\/08\/HPIM2672-36x31.jpg 36w, https:\/\/blogsaverroes.juntadeandalucia.es\/iespintorjosemariafernandez\/files\/2020\/08\/HPIM2672-48x41.jpg 48w, https:\/\/blogsaverroes.juntadeandalucia.es\/iespintorjosemariafernandez\/files\/2020\/08\/HPIM2672.jpg 1600w\" sizes=\"(max-width: 192px) 100vw, 192px\" \/><\/a><\/h3>\n<h3>&nbsp;<\/h3>\n<h3 style=\"text-align: left\"><span style=\"color: #3366ff\"><strong>&nbsp;Instituto de Educaci\u00f3n Secundaria<\/strong><\/span><\/h3>\n<h2 style=\"text-align: left\"><span style=\"color: #3366ff\"><strong>Pintor Jos\u00e9 Mar\u00eda Fern\u00e1ndez<\/strong><\/span><\/h2>\n<p>&nbsp;<\/p>\n<p style=\"padding-left: 160px\"><strong>Direcci\u00f3n:<\/strong> <strong><span style=\"color: #3366ff\">&nbsp;Carretera de M\u00e1laga, 8 <\/span><\/strong><strong><span style=\"color: #3366ff\">&nbsp; 29200&nbsp; &nbsp;Antequera&nbsp; (M\u00e1laga)<\/span> <\/strong><br \/>\n<strong>Tel\u00e9fono:&nbsp; &nbsp;<span style=\"color: #3366ff\">952712991&nbsp; &nbsp;(991991)<\/span><\/strong><br \/>\n<strong>FAX:&nbsp; &nbsp; &nbsp; &nbsp; &nbsp; &nbsp; <span style=\"color: #3366ff\">952712997&nbsp; &nbsp;(991997)<\/span><\/strong><br \/>\n<strong>Email:<\/strong>&nbsp; &nbsp; &nbsp; &nbsp; &nbsp;<strong><span style=\"color: #3366ff\">29010857.edu@juntadeandalucia.es<br \/>\n<span style=\"color: #595757\">C\u00f3digo de centro:<\/span>&nbsp; &nbsp;29010857&nbsp; &nbsp; &nbsp; &nbsp; &nbsp; &nbsp; &nbsp; &nbsp; &nbsp; &nbsp; &nbsp; &nbsp; &nbsp; &nbsp; &nbsp; &nbsp; &nbsp; &nbsp; &nbsp; &nbsp; &nbsp; &nbsp; &nbsp; &nbsp; &nbsp; &nbsp; &nbsp; &nbsp; &nbsp; &nbsp; &nbsp; &nbsp; &nbsp; &nbsp; &nbsp; &nbsp; &nbsp; &nbsp; &nbsp;<\/span><\/strong><strong>&nbsp;&nbsp;<span style=\"color: #3366ff\">02362 N&nbsp; 4.54523 O<\/span><\/strong><\/p>\n<p style=\"text-align: center\"><span style=\"text-align: -webkit-center\">&nbsp;<\/span>[googlemaps https:\/\/www.google.com\/maps\/embed?pb=!1m18!1m12!1m3!1d1894.078498244298!2d-4.545373079874633!3d37.02297179551398!2m3!1f0!2f0!3f0!3m2!1i1024!2i768!4f13.1!3m3!1m2!1s0xd728fe8e72a4a85%3A0xe386d29683708c07!2sI.E.S.%20Pintor%20Jos%C3%A9%20Mar%C3%ADa%20Fern%C3%A1ndez!5e0!3m2!1ses!2ses!4v1597769590535!5m2!1ses!2ses&amp;w=600&amp;h=450]<\/p>\n<h5>&nbsp;<\/h5>\n<h5><strong>Horarios<\/strong><\/h5>\n<p><strong><span style=\"color: #000000\">El horario general del centro es de 8:30 horas a 15:00 horas.<\/span><\/strong><\/p>\n<p>&nbsp;<\/p>\n<p>&nbsp;<\/p>\n","protected":false},"excerpt":{"rendered":"<p>&nbsp; &nbsp;Instituto de Educaci\u00f3n Secundaria Pintor Jos\u00e9 Mar\u00eda Fern\u00e1ndez &nbsp; Direcci\u00f3n: &nbsp;Carretera de M\u00e1laga, 8 &nbsp; 29200&nbsp; &nbsp;Antequera&nbsp; (M\u00e1laga) Tel\u00e9fono:&nbsp; &nbsp;952712991&nbsp; &nbsp;(991991) FAX:&nbsp; &nbsp; &nbsp; &nbsp; &nbsp; &nbsp; 952712997&nbsp; &nbsp;(991997) Email:&nbsp; &nbsp; &nbsp; &nbsp;&#46;&#46;&#46;<\/p>\n","protected":false},"author":1,"featured_media":0,"parent":0,"menu_order":0,"comment_status":"open","ping_status":"closed","template":"","meta":{"ngg_post_thumbnail":0,"footnotes":"","_mc_calendar":[]},"aioseo_notices":[],"_links":{"self":[{"href":"https:\/\/blogsaverroes.juntadeandalucia.es\/iespintorjosemariafernandez\/wp-json\/wp\/v2\/pages\/35"}],"collection":[{"href":"https:\/\/blogsaverroes.juntadeandalucia.es\/iespintorjosemariafernandez\/wp-json\/wp\/v2\/pages"}],"about":[{"href":"https:\/\/blogsaverroes.juntadeandalucia.es\/iespintorjosemariafernandez\/wp-json\/wp\/v2\/types\/page"}],"author":[{"embeddable":true,"href":"https:\/\/blogsaverroes.juntadeandalucia.es\/iespintorjosemariafernandez\/wp-json\/wp\/v2\/users\/1"}],"replies":[{"embeddable":true,"href":"https:\/\/blogsaverroes.juntadeandalucia.es\/iespintorjosemariafernandez\/wp-json\/wp\/v2\/comments?post=35"}],"version-history":[{"count":40,"href":"https:\/\/blogsaverroes.juntadeandalucia.es\/iespintorjosemariafernandez\/wp-json\/wp\/v2\/pages\/35\/revisions"}],"predecessor-version":[{"id":2817,"href":"https:\/\/blogsaverroes.juntadeandalucia.es\/iespintorjosemariafernandez\/wp-json\/wp\/v2\/pages\/35\/revisions\/2817"}],"wp:attachment":[{"href":"https:\/\/blogsaverroes.juntadeandalucia.es\/iespintorjosemariafernandez\/wp-json\/wp\/v2\/media?parent=35"}],"curies":[{"name":"wp","href":"https:\/\/api.w.org\/{rel}","templated":true}]}}