{"id":77,"date":"2020-08-18T20:35:56","date_gmt":"2020-08-18T20:35:56","guid":{"rendered":"http:\/\/blogsaverroes.juntadeandalucia.es\/pre\/ceip\/?page_id=77"},"modified":"2022-06-29T13:58:00","modified_gmt":"2022-06-29T13:58:00","slug":"secretaria","status":"publish","type":"page","link":"https:\/\/blogsaverroes.juntadeandalucia.es\/iespintorjosemariafernandez\/secretaria\/","title":{"rendered":"Secretar\u00eda"},"content":{"rendered":"<h4 style=\"text-align: center\"><span style=\"font-family: Comic Sans MS,arial,verdana\">CURSO 2022-2023<\/span><\/h4>\n<h4 style=\"text-align: center;background-color: #d08aff;margin-bottom: 0px\"><span style=\"font-family: verdana;margin-left: 20px;color: white\">SOLICITUD DE T\u00cdTULO<\/span><\/h4>\n<ul>\n<li><a href=\"https:\/\/blogsaverroes.juntadeandalucia.es\/iespintorjosemariafernandez\/files\/2022\/03\/Anexo-IV.-Solicitud-T\u00edtulo.pdf\" target=\"_blank\" rel=\"noopener noreferrer\">Anexo-IV. Solicitud T\u00edtulo<\/a><\/li>\n<li><a href=\"https:\/\/blogsaverroes.juntadeandalucia.es\/iespintorjosemariafernandez\/files\/2022\/03\/2022-2023.-Tasas.pdf\" target=\"_blank\" rel=\"noopener noreferrer\">Tasas<\/a><\/li>\n<\/ul>\n<h4 style=\"text-align: center;background-color: #d08aff;margin-bottom: 0px\"><span style=\"font-family: verdana;margin-left: 20px;color: white\">ESCOLARIZACI\u00d3N 2022\/2023<\/span><\/h4>\n<ul>\n<li><a href=\"https:\/\/www.juntadeandalucia.es\/educacion\/portals\/web\/escolarizacion\" target=\"_blank\" rel=\"noopener noreferrer\">PORTAL ESCOLARIZACI\u00d3N JUNTA DE ANDALUC\u00cdA<\/a><\/li>\n<li><a href=\"https:\/\/www.juntadeandalucia.es\/boja\/2020\/34\/BOJA20-034-00029-2534-01_00169991.pdf\" target=\"_blank\" rel=\"noopener noreferrer\">DECRETO ESCOLARIZACI\u00d3N<\/a><\/li>\n<li><a href=\"https:\/\/www.juntadeandalucia.es\/boja\/2021\/514\/BOJA21-514-00023-1756-01_00185685.pdf\">DECRETO-LEY<\/a><\/li>\n<li><a href=\"https:\/\/juntadeandalucia.es\/eboja\/2020\/503\/BOJA20-503-00045-3038-01_00170469.pdf\" target=\"_blank\" rel=\"noopener noreferrer\">ORDEN ESCOLARIZACI\u00d3N<\/a><\/li>\n<li><a class=\"LinkModi\" title=\"http:\/\/www.juntadeandalucia.es\/averroes\/centros-tic\/29010857\/helvia\/aula\/archivos\/repositorio\/1750\/1824\/1_ESCOLARIZACION_2020.pdf\" href=\"https:\/\/blogsaverroes.juntadeandalucia.es\/iespintorjosemariafernandez\/files\/2021\/02\/Cuadrobaremaci\u00f3nCurso2021-22.pdf\" target=\"_NEW\" rel=\"noopener noreferrer\">CUADRO BAREMACI\u00d3N<\/a><\/li>\n<\/ul>\n<h4 style=\"text-align: center;background-color: #d08aff;margin-bottom: 0px\"><span style=\"font-family: verdana;margin-left: 20px;color: white\">ADMISI\u00d3N 2022-2023<\/span><\/h4>\n<ul>\n<li><a href=\"https:\/\/www.juntadeandalucia.es\/temas\/estudiar\/primaria-eso\/matriculacion.html\" target=\"_blank\" rel=\"noopener noreferrer\">Instrucciones admisi\u00f3n 2021<\/a><\/li>\n<li><a title=\"Anexo III Solicitud admisi\u00f3n\" href=\"https:\/\/www.juntadeandalucia.es\/educacion\/portals\/delegate\/content\/7e1d7b27-eaa4-42e7-bfa3-ac436db80ed6\/ANEXO%20III\" target=\"_blank\" rel=\"noopener noreferrer\">ANEXO III. Solicitud de admisi\u00f3n<\/a><\/li>\n<li><a title=\"Anexo IX Procedimiento extraordinario de admisi\u00f3n\" href=\"https:\/\/www.juntadeandalucia.es\/educacion\/portals\/delegate\/content\/dcec9582-b20c-494b-bfbd-2886c7b8be94\/ANEXO%20IX\" target=\"_blank\" rel=\"noopener noreferrer\">ANEXO IX. Procedimiento extraordinario de admisi\u00f3n<\/a><\/li>\n<\/ul>\n<h4 style=\"text-align: center;background-color: #d08aff;margin-bottom: 0px\"><span style=\"font-family: verdana;margin-left: 20px;color: white;text-transform: uppercase\">Educaci\u00f3n Especial Espec\u00edfica<\/span><\/h4>\n<ul>\n<li><a href=\"https:\/\/blogsaverroes.juntadeandalucia.es\/iespintorjosemariafernandez\/files\/2022\/06\/2022-2023.-Educacion_Especial_Especifica.pdf\" target=\"_blank\" rel=\"noopener noreferrer\">EEE. Matr\u00edcula<\/a><\/li>\n<\/ul>\n<h4 style=\"text-align: center;background-color: #d08aff;margin-bottom: 0px\"><span style=\"font-family: verdana;margin-left: 20px;color: white\">ESO<\/span><\/h4>\n<ul>\n<li><a href=\"https:\/\/blogsaverroes.juntadeandalucia.es\/iespintorjosemariafernandez\/files\/2022\/06\/2022-2023.-1_ESO.pdf\" target=\"_blank\" rel=\"noopener noreferrer\">1\u00ba ESO. Matr\u00edcula<\/a><\/li>\n<li><a href=\"https:\/\/blogsaverroes.juntadeandalucia.es\/iespintorjosemariafernandez\/files\/2022\/06\/2022-2023.-2_ESO.pdf\" target=\"_blank\" rel=\"noopener noreferrer\">2\u00ba ESO. Matr\u00edcula<\/a><\/li>\n<li><a href=\"https:\/\/blogsaverroes.juntadeandalucia.es\/iespintorjosemariafernandez\/files\/2022\/06\/2022-2023.-3_ESO.pdf\" target=\"_blank\" rel=\"noopener noreferrer\">3\u00ba ESO. Matr\u00edcula<\/a><\/li>\n<li><a href=\"https:\/\/blogsaverroes.juntadeandalucia.es\/iespintorjosemariafernandez\/files\/2022\/06\/2022-2023.-4_ESO.pdf\" target=\"_blank\" rel=\"noopener noreferrer\">4\u00ba ESO. Matr\u00edcula<\/a><\/li>\n<li><a href=\"https:\/\/blogsaverroes.juntadeandalucia.es\/iespintorjosemariafernandez\/files\/2022\/06\/2022-2023.-ANEXO_VII-1\u00ba-y-3\u00ba-ESO-2022-23.pdf\">Anexo VII<\/a><\/li>\n<\/ul>\n<h4 style=\"text-align: center;background-color: #d08aff;margin-bottom: 0px\"><span style=\"font-family: verdana;margin-left: 20px;color: white\">BACHILLERATO<\/span><\/h4>\n<ul>\n<li><a href=\"https:\/\/blogsaverroes.juntadeandalucia.es\/iespintorjosemariafernandez\/files\/2022\/06\/2022-2023.-1_Bach.pdf\" target=\"_blank\" rel=\"noopener noreferrer\">1\u00ba BACH. Matr\u00edcula<\/a><\/li>\n<li><a href=\"https:\/\/blogsaverroes.juntadeandalucia.es\/iespintorjosemariafernandez\/files\/2022\/06\/2022-2023.-2_Bach.pdf\" target=\"_blank\" rel=\"noopener noreferrer\">2\u00ba BACH. Matr\u00edcula<\/a><\/li>\n<li><a href=\"https:\/\/blogsaverroes.juntadeandalucia.es\/iespintorjosemariafernandez\/files\/2022\/06\/2022-2023.-ANEXO-VIII-1\u00ba-Bachillerato-2022-23.pdf\">Anexo VIII<\/a><\/li>\n<\/ul>\n<h4 style=\"text-align: center;background-color: #d08aff;margin-bottom: 0px\"><span style=\"font-family: verdana;margin-left: 20px;color: white\">MATRICULA<\/span><\/h4>\n<p style=\"padding-left: 40px\"><em><strong><a class=\"LinkModi\" title=\"Videotutorial de ayuda matr\u00edcula electr\u00f3nica\" href=\"https:\/\/www.youtube.com\/watch?v=DpHp85aDt38\" target=\"_blank\" rel=\"noopener noreferrer\">Videotutorial de ayuda matr\u00edcula electr\u00f3nica<\/a><\/strong><\/em><\/p>\n<h4 style=\"text-align: center;background-color: #8baf6f\"><span style=\"font-family: Comic Sans MS,arial,verdana;margin-left: 20px\">Formaci\u00f3n Profesional B\u00e1sica<\/span><\/h4>\n<ul>\n<li><a href=\"https:\/\/blogsaverroes.juntadeandalucia.es\/iespintorjosemariafernandez\/files\/2022\/06\/2022-2023.-FPB_-Anexo-XXVIII_SolicitudAdmision.pdf\" target=\"_blank\" rel=\"noopener noreferrer\">FPB Anexo XXVIII solicitud admisi\u00f3n<\/a><\/li>\n<li><a href=\"https:\/\/blogsaverroes.juntadeandalucia.es\/iespintorjosemariafernandez\/files\/2022\/06\/2022-2023.-FPB_-Anexo-XXIX_Matricula.pdf\" target=\"_blank\" rel=\"noopener noreferrer\">FPB Anexo XXIX matr\u00edcula<\/a><\/li>\n<li><a href=\"https:\/\/blogsaverroes.juntadeandalucia.es\/iespintorjosemariafernandez\/files\/2022\/06\/2022-2023.-FPB_-Anexo-XXX_ReservaPlaza.pdf\" target=\"_blank\" rel=\"noopener noreferrer\">FPB Anexo XXX reserva plaza<\/a><\/li>\n<li><a href=\"https:\/\/blogsaverroes.juntadeandalucia.es\/iespintorjosemariafernandez\/files\/2022\/06\/2022-2023.-1_FPB_Servicios_Administrativos.pdf\" target=\"_blank\" rel=\"noopener noreferrer\">1\u00ba FPB Servicios administrativos<\/a><\/li>\n<li><a href=\"https:\/\/blogsaverroes.juntadeandalucia.es\/iespintorjosemariafernandez\/files\/2022\/06\/2022-2023.-2_FPB_Servicios_Administrativos.pdf\" target=\"_blank\" rel=\"noopener noreferrer\">2\u00ba FPB Servicios administrativos<\/a><\/li>\n<\/ul>\n<p><!-- Gesti\u00f3n Administrativa --><\/p>\n<h4 style=\"text-align: center;background-color: #8baf6f;margin-bottom: 0px\"><span style=\"font-family: Comic Sans MS,arial,verdana;margin-left: 20px\">Formaci\u00f3n Profesional Grado Medio<\/span><\/h4>\n<h5 style=\"text-align: center;background-color: #a2bd8e;margin-top: 0px\"><span style=\"font-family: Comic Sans MS,arial,verdana;margin-left: 20px\">Gesti\u00f3n Administrativa<\/span><\/h5>\n<ul>\n<li><a href=\"https:\/\/blogsaverroes.juntadeandalucia.es\/iespintorjosemariafernandez\/files\/2022\/06\/2022-2023.-1_GM_Gestion_Administrativa.pdf\" target=\"_blank\" rel=\"noopener noreferrer\">1\u00ba GM Gesti\u00f3n administrativa<\/a><\/li>\n<li><a href=\"https:\/\/blogsaverroes.juntadeandalucia.es\/iespintorjosemariafernandez\/files\/2022\/06\/2022-2023.-2_GM_Gestion_Administrativa.pdf\" target=\"_blank\" rel=\"noopener noreferrer\">2\u00ba GM Gesti\u00f3n administrativa<\/a><\/li>\n<\/ul>\n<p><!-- Administraci\u00f3n y Finanzas --><\/p>\n<h5 style=\"text-align: center;background-color: #a2bd8e;margin-top: 0px\"><span style=\"font-family: Comic Sans MS,arial,verdana;margin-left: 20px\">Administraci\u00f3n y Finanzas<\/span><\/h5>\n<ul>\n<li><a href=\"https:\/\/blogsaverroes.juntadeandalucia.es\/iespintorjosemariafernandez\/files\/2022\/06\/2022-2023.-1_GS_Administracion_y_Finanzas.pdf\" target=\"_blank\" rel=\"noopener noreferrer\">1\u00ba GS administracion y finanzas<\/a><\/li>\n<li><a href=\"https:\/\/blogsaverroes.juntadeandalucia.es\/iespintorjosemariafernandez\/files\/2022\/06\/2022-2023.-2_GS_Administracion_y_Finanzas.pdf\" target=\"_blank\" rel=\"noopener noreferrer\">2\u00ba GS administraci\u00f3n y finanzas<\/a><\/li>\n<\/ul>\n<p><!-- Educaci\u00f3n Infantil --><\/p>\n<h5 style=\"text-align: center;background-color: #a2bd8e;margin-top: 0px\"><span style=\"font-family: Comic Sans MS,arial,verdana;margin-left: 20px\">Educaci\u00f3n Infantil<\/span><\/h5>\n<ul>\n<li><a href=\"https:\/\/blogsaverroes.juntadeandalucia.es\/iespintorjosemariafernandez\/files\/2022\/06\/2022-2023.-1_GS_Educacion_Infantil.pdf\" target=\"_blank\" rel=\"noopener noreferrer\">1\u00ba GS Educaci\u00f3n infantil<\/a><\/li>\n<li><a href=\"https:\/\/blogsaverroes.juntadeandalucia.es\/iespintorjosemariafernandez\/files\/2022\/06\/2022-2023.-2_GS_Educacion_Infantil.pdf\" target=\"_blank\" rel=\"noopener noreferrer\">2\u00ba GS Educaci\u00f3n infantil<\/a><\/li>\n<\/ul>\n<p><!-- Integraci\u00f3n Social --><\/p>\n<h5 style=\"text-align: center;background-color: #a2bd8e;margin-top: 0px\"><span style=\"font-family: Comic Sans MS,arial,verdana;margin-left: 20px\">Integraci\u00f3n Social<\/span><\/h5>\n<ul>\n<li><a href=\"https:\/\/blogsaverroes.juntadeandalucia.es\/iespintorjosemariafernandez\/files\/2022\/06\/2022-2023.-2_GS_Integracion-Social.pdf\" target=\"_blank\" rel=\"noopener noreferrer\">2\u00ba GS Integraci\u00f3n social<\/a><\/li>\n<li><a href=\"https:\/\/blogsaverroes.juntadeandalucia.es\/iespintorjosemariafernandez\/files\/2022\/06\/2022-2023.-1_GS_Integracion-Social.pdf\" target=\"_blank\" rel=\"noopener noreferrer\">1\u00ba GS Integraci\u00f3n social<\/a><\/li>\n<\/ul>\n<p><!-- Otros --><\/p>\n<h4 style=\"text-align: center;background-color: #6ddce0;margin-bottom: 0px\"><span style=\"font-family: verdana;margin-left: 20px;color: white\">OTROS DOCUMENTOS<\/span><\/h4>\n<ul>\n<li><a href=\"https:\/\/blogsaverroes.juntadeandalucia.es\/iespintorjosemariafernandez\/files\/2022\/06\/2022-2023.-CCFF_GM_y_GS__Anexo_V.pdf\" target=\"_blank\" rel=\"noopener noreferrer\">CCFF GM y GS Anexo V<\/a><\/li>\n<li><a href=\"https:\/\/blogsaverroes.juntadeandalucia.es\/iespintorjosemariafernandez\/files\/2022\/06\/2022-2023.-Cuestinario-de-Ejecuci\u00f3n-del-Fondo-Social-Europeo.pdf\" target=\"_blank\" rel=\"noopener noreferrer\">2022-2023. Cuestionario de Ejecuci\u00f3n del Fondo Social Europeo<\/a><\/li>\n<li><a href=\"http:\/\/www.juntadeandalucia.es\/educacion\/portals\/web\/formacion-profesional-andaluza\" target=\"_blank\" rel=\"noopener noreferrer\">Portal de Formaci\u00f3n Profesional<\/a><\/li>\n<li><a href=\"https:\/\/www.juntadeandalucia.es\/educacion\/portals\/web\/formacion-profesional-andaluza\/novedades\/detalle\/-\/contenidos\/detalle\/calendario-esc2021-calendario-y-plazos-de-escolarizacion-2021\" target=\"_blank\" rel=\"noopener noreferrer\">Escolarizaci\u00f3n: calendario y plazos<\/a><\/li>\n<li><a href=\"http:\/\/www.juntadeandalucia.es\/educacion\/portals\/web\/formacion-profesional-andaluza\/escolarizacion\/oferta-completa\/fp-basica\/calendario\" target=\"_blank\" rel=\"noopener noreferrer\">Calendario Escolarizaci\u00f3n FPB<\/a><\/li>\n<li><a href=\"http:\/\/www.juntadeandalucia.es\/educacion\/portals\/web\/formacion-profesional-andaluza\/escolarizacion\/oferta-completa\/grado-medio-superior\/calendario\" target=\"_blank\" rel=\"noopener noreferrer\">Calendario Escolarizaci\u00f3n CCFF grado medio y superior<\/a><\/li>\n<li><a href=\"https:\/\/blogsaverroes.juntadeandalucia.es\/iespintorjosemariafernandez\/files\/2022\/06\/2022-2023.-Documentos-de-matr\u00edcula.pdf\" target=\"_blank\" rel=\"noopener noreferrer\">Documentos de matr\u00edcula<\/a><\/li>\n<li><a href=\"https:\/\/blogsaverroes.juntadeandalucia.es\/iespintorjosemariafernandez\/files\/2022\/06\/2022-2023.-informacion-pago-seguro-y-AMPA.pdf\" target=\"_blank\" rel=\"noopener noreferrer\">Informaci\u00f3n pago seguro y AMPA<\/a><\/li>\n<li><a href=\"https:\/\/blogsaverroes.juntadeandalucia.es\/iespintorjosemariafernandez\/files\/2022\/06\/2022-2023.-Solicitud-TransporteEscolar_ANEXO_III_Orden3Dic2010.pdf\" target=\"_blank\" rel=\"noopener noreferrer\">Solicitud transporte escolar ANEXO III Orden 3 Dic 2010<\/a><\/li>\n<li><a href=\"https:\/\/blogsaverroes.juntadeandalucia.es\/iespintorjosemariafernandez\/files\/2022\/06\/2022-2023.-Transporte-escolar-paradas-2223.pdf\" target=\"_blank\" rel=\"noopener noreferrer\">Transporte escolar paradas<\/a><\/li>\n<\/ul>\n<p>&nbsp;<\/p>\n<h4 style=\"text-align: center\"><span style=\"font-family: Comic Sans MS,arial,verdana\">ENLACES A BECAS Y AYUDAS<\/span><\/h4>\n<ul>\n<li><a href=\"http:\/\/www.juntadeandalucia.es\/educacion\/portals\/web\/becas-y-ayudas\" target=\"_blank\" rel=\"noopener noreferrer\">Enlace Becas Junta de Andaluc\u00eda<\/a><\/li>\n<li><a href=\"http:\/\/www.educacionyfp.gob.es\/educacion\/mc\/becas-generales\/2019-2020\/inicio.html\" target=\"_blank\" rel=\"noopener noreferrer\">Enlace Becas MEC<\/a><\/li>\n<li><a href=\"https:\/\/blogsaverroes.juntadeandalucia.es\/iespintorjosemariafernandez\/files\/2021\/09\/210901_CIRCULAR_ALTADECUENTASF.pdf\" target=\"_blank\" rel=\"noopener noreferrer\">Tramitaci\u00f3n del pago de las Becas y Ayudas<\/a><\/li>\n<li><a href=\"https:\/\/blogsaverroes.juntadeandalucia.es\/iespintorjosemariafernandez\/20211022-comunicacion-solicitud-de-becas\/\">Comunicaci\u00f3n solicitud de Becas<\/a><\/li>\n<\/ul>\n<p style=\"padding-left: 40px\">&nbsp;<\/p>\n<h5><strong>Nota de exenci\u00f3n de responsabilidad<\/strong><\/h5>\n<pre>Las informaciones ofrecidas por este medio tienen exclusivamente car\u00e1cter ilustrativo, sin responsabilidad legal por posibles errores y no originar\u00e1n derechos ni expectativas de derechos.&nbsp;<a href=\"http:\/\/juntadeandalucia.es\/boja\/1995\/136\/1\" target=\"_blank\" rel=\"noopener noreferrer\">(Decreto 204\/95, art\u00edculo 4; BOJA 136 de 26 de Octubre)<\/a><\/pre>\n","protected":false},"excerpt":{"rendered":"<p>CURSO 2022-2023 SOLICITUD DE T\u00cdTULO Anexo-IV. Solicitud T\u00edtulo Tasas ESCOLARIZACI\u00d3N 2022\/2023 PORTAL ESCOLARIZACI\u00d3N JUNTA DE ANDALUC\u00cdA DECRETO ESCOLARIZACI\u00d3N DECRETO-LEY ORDEN ESCOLARIZACI\u00d3N CUADRO BAREMACI\u00d3N ADMISI\u00d3N 2022-2023 Instrucciones admisi\u00f3n 2021 ANEXO III. Solicitud de admisi\u00f3n ANEXO&#46;&#46;&#46;<\/p>\n","protected":false},"author":1,"featured_media":0,"parent":0,"menu_order":0,"comment_status":"open","ping_status":"closed","template":"page-templates\/child-menu.php","meta":{"ngg_post_thumbnail":0,"footnotes":"","_mc_calendar":[]},"aioseo_notices":[],"_links":{"self":[{"href":"https:\/\/blogsaverroes.juntadeandalucia.es\/iespintorjosemariafernandez\/wp-json\/wp\/v2\/pages\/77"}],"collection":[{"href":"https:\/\/blogsaverroes.juntadeandalucia.es\/iespintorjosemariafernandez\/wp-json\/wp\/v2\/pages"}],"about":[{"href":"https:\/\/blogsaverroes.juntadeandalucia.es\/iespintorjosemariafernandez\/wp-json\/wp\/v2\/types\/page"}],"author":[{"embeddable":true,"href":"https:\/\/blogsaverroes.juntadeandalucia.es\/iespintorjosemariafernandez\/wp-json\/wp\/v2\/users\/1"}],"replies":[{"embeddable":true,"href":"https:\/\/blogsaverroes.juntadeandalucia.es\/iespintorjosemariafernandez\/wp-json\/wp\/v2\/comments?post=77"}],"version-history":[{"count":64,"href":"https:\/\/blogsaverroes.juntadeandalucia.es\/iespintorjosemariafernandez\/wp-json\/wp\/v2\/pages\/77\/revisions"}],"predecessor-version":[{"id":3539,"href":"https:\/\/blogsaverroes.juntadeandalucia.es\/iespintorjosemariafernandez\/wp-json\/wp\/v2\/pages\/77\/revisions\/3539"}],"wp:attachment":[{"href":"https:\/\/blogsaverroes.juntadeandalucia.es\/iespintorjosemariafernandez\/wp-json\/wp\/v2\/media?parent=77"}],"curies":[{"name":"wp","href":"https:\/\/api.w.org\/{rel}","templated":true}]}}