{"id":253,"date":"2022-09-28T17:55:43","date_gmt":"2022-09-28T17:55:43","guid":{"rendered":"https:\/\/blogsaverroes.juntadeandalucia.es\/iespis2\/?page_id=253"},"modified":"2022-09-28T17:55:43","modified_gmt":"2022-09-28T17:55:43","slug":"area-cientifico-tecnologica","status":"publish","type":"page","link":"https:\/\/blogsaverroes.juntadeandalucia.es\/iespis2\/area-cientifico-tecnologica\/","title":{"rendered":"\u00c1rea Cient\u00edfico-Tecnol\u00f3gica"},"content":{"rendered":"<p>\u00c1rea Cient\u00edfico-Tecnol\u00f3gica<\/p>\n<!--themify_builder_content-->\n<div id=\"themify_builder_content-253\" data-postid=\"253\" class=\"themify_builder_content themify_builder_content-253 themify_builder tf_clear\">\n    <\/div>\n<!--\/themify_builder_content-->\n","protected":false},"excerpt":{"rendered":"<p>\u00c1rea Cient\u00edfico-Tecnol\u00f3gica<\/p>\n","protected":false},"author":15654,"featured_media":0,"parent":0,"menu_order":0,"comment_status":"closed","ping_status":"closed","template":"","meta":{"ngg_post_thumbnail":0,"footnotes":""},"aioseo_notices":[],"_links":{"self":[{"href":"https:\/\/blogsaverroes.juntadeandalucia.es\/iespis2\/wp-json\/wp\/v2\/pages\/253"}],"collection":[{"href":"https:\/\/blogsaverroes.juntadeandalucia.es\/iespis2\/wp-json\/wp\/v2\/pages"}],"about":[{"href":"https:\/\/blogsaverroes.juntadeandalucia.es\/iespis2\/wp-json\/wp\/v2\/types\/page"}],"author":[{"embeddable":true,"href":"https:\/\/blogsaverroes.juntadeandalucia.es\/iespis2\/wp-json\/wp\/v2\/users\/15654"}],"replies":[{"embeddable":true,"href":"https:\/\/blogsaverroes.juntadeandalucia.es\/iespis2\/wp-json\/wp\/v2\/comments?post=253"}],"version-history":[{"count":2,"href":"https:\/\/blogsaverroes.juntadeandalucia.es\/iespis2\/wp-json\/wp\/v2\/pages\/253\/revisions"}],"predecessor-version":[{"id":255,"href":"https:\/\/blogsaverroes.juntadeandalucia.es\/iespis2\/wp-json\/wp\/v2\/pages\/253\/revisions\/255"}],"wp:attachment":[{"href":"https:\/\/blogsaverroes.juntadeandalucia.es\/iespis2\/wp-json\/wp\/v2\/media?parent=253"}],"curies":[{"name":"wp","href":"https:\/\/api.w.org\/{rel}","templated":true}]}}