{"id":259,"date":"2022-09-28T17:57:28","date_gmt":"2022-09-28T17:57:28","guid":{"rendered":"https:\/\/blogsaverroes.juntadeandalucia.es\/iespis2\/?page_id=259"},"modified":"2022-09-28T17:57:28","modified_gmt":"2022-09-28T17:57:28","slug":"area-artistica","status":"publish","type":"page","link":"https:\/\/blogsaverroes.juntadeandalucia.es\/iespis2\/area-artistica\/","title":{"rendered":"\u00c1rea Art\u00edstica"},"content":{"rendered":"<p>\u00c1rea Art\u00edstica<\/p>\n<!--themify_builder_content-->\n<div id=\"themify_builder_content-259\" data-postid=\"259\" class=\"themify_builder_content themify_builder_content-259 themify_builder tf_clear\">\n    <\/div>\n<!--\/themify_builder_content-->\n","protected":false},"excerpt":{"rendered":"<p>\u00c1rea Art\u00edstica<\/p>\n","protected":false},"author":15654,"featured_media":0,"parent":0,"menu_order":0,"comment_status":"closed","ping_status":"closed","template":"","meta":{"ngg_post_thumbnail":0,"footnotes":""},"aioseo_notices":[],"_links":{"self":[{"href":"https:\/\/blogsaverroes.juntadeandalucia.es\/iespis2\/wp-json\/wp\/v2\/pages\/259"}],"collection":[{"href":"https:\/\/blogsaverroes.juntadeandalucia.es\/iespis2\/wp-json\/wp\/v2\/pages"}],"about":[{"href":"https:\/\/blogsaverroes.juntadeandalucia.es\/iespis2\/wp-json\/wp\/v2\/types\/page"}],"author":[{"embeddable":true,"href":"https:\/\/blogsaverroes.juntadeandalucia.es\/iespis2\/wp-json\/wp\/v2\/users\/15654"}],"replies":[{"embeddable":true,"href":"https:\/\/blogsaverroes.juntadeandalucia.es\/iespis2\/wp-json\/wp\/v2\/comments?post=259"}],"version-history":[{"count":2,"href":"https:\/\/blogsaverroes.juntadeandalucia.es\/iespis2\/wp-json\/wp\/v2\/pages\/259\/revisions"}],"predecessor-version":[{"id":261,"href":"https:\/\/blogsaverroes.juntadeandalucia.es\/iespis2\/wp-json\/wp\/v2\/pages\/259\/revisions\/261"}],"wp:attachment":[{"href":"https:\/\/blogsaverroes.juntadeandalucia.es\/iespis2\/wp-json\/wp\/v2\/media?parent=259"}],"curies":[{"name":"wp","href":"https:\/\/api.w.org\/{rel}","templated":true}]}}