{"id":511,"date":"2022-10-31T19:13:16","date_gmt":"2022-10-31T19:13:16","guid":{"rendered":"https:\/\/blogsaverroes.juntadeandalucia.es\/iespis2\/?page_id=511"},"modified":"2022-10-31T19:13:16","modified_gmt":"2022-10-31T19:13:16","slug":"organos-de-representacion","status":"publish","type":"page","link":"https:\/\/blogsaverroes.juntadeandalucia.es\/iespis2\/organos-de-representacion\/","title":{"rendered":"\u00d3rganos de representaci\u00f3n"},"content":{"rendered":"<p>\u00d3rganos de representaci\u00f3n<\/p>\n<!--themify_builder_content-->\n<div id=\"themify_builder_content-511\" data-postid=\"511\" class=\"themify_builder_content themify_builder_content-511 themify_builder tf_clear\">\n    <\/div>\n<!--\/themify_builder_content-->\n","protected":false},"excerpt":{"rendered":"<p>\u00d3rganos de representaci\u00f3n<\/p>\n","protected":false},"author":15654,"featured_media":0,"parent":0,"menu_order":0,"comment_status":"closed","ping_status":"closed","template":"","meta":{"ngg_post_thumbnail":0,"footnotes":""},"aioseo_notices":[],"_links":{"self":[{"href":"https:\/\/blogsaverroes.juntadeandalucia.es\/iespis2\/wp-json\/wp\/v2\/pages\/511"}],"collection":[{"href":"https:\/\/blogsaverroes.juntadeandalucia.es\/iespis2\/wp-json\/wp\/v2\/pages"}],"about":[{"href":"https:\/\/blogsaverroes.juntadeandalucia.es\/iespis2\/wp-json\/wp\/v2\/types\/page"}],"author":[{"embeddable":true,"href":"https:\/\/blogsaverroes.juntadeandalucia.es\/iespis2\/wp-json\/wp\/v2\/users\/15654"}],"replies":[{"embeddable":true,"href":"https:\/\/blogsaverroes.juntadeandalucia.es\/iespis2\/wp-json\/wp\/v2\/comments?post=511"}],"version-history":[{"count":1,"href":"https:\/\/blogsaverroes.juntadeandalucia.es\/iespis2\/wp-json\/wp\/v2\/pages\/511\/revisions"}],"predecessor-version":[{"id":512,"href":"https:\/\/blogsaverroes.juntadeandalucia.es\/iespis2\/wp-json\/wp\/v2\/pages\/511\/revisions\/512"}],"wp:attachment":[{"href":"https:\/\/blogsaverroes.juntadeandalucia.es\/iespis2\/wp-json\/wp\/v2\/media?parent=511"}],"curies":[{"name":"wp","href":"https:\/\/api.w.org\/{rel}","templated":true}]}}