{"id":395,"date":"2024-09-07T09:21:02","date_gmt":"2024-09-07T09:21:02","guid":{"rendered":"https:\/\/blogsaverroes.juntadeandalucia.es\/iespmtde\/?page_id=395"},"modified":"2024-09-07T10:08:22","modified_gmt":"2024-09-07T10:08:22","slug":"google-workspace-en-el-aula","status":"publish","type":"page","link":"https:\/\/blogsaverroes.juntadeandalucia.es\/iespmtde\/google-workspace-en-el-aula\/","title":{"rendered":"Google Workspace en el aula"},"content":{"rendered":"<h1 class=\"post-title entry-title\">Cuentas para utilizar Classroom, Gmail\u2026<\/h1>\n<p>La Consejer\u00eda de Educaci\u00f3n y Deporte de la Junta de Andaluc\u00eda, tras un&nbsp;<a href=\"https:\/\/juntadeandalucia.es\/organismos\/educacionydeporte\/consejeria\/sobre-consejeria\/funcionamiento\/convenios\/detalle\/209930.html\" target=\"_blank\" rel=\"noopener noreferrer\">convenio firmado<\/a>&nbsp;con Google, cre\u00f3 el dominio<b>&nbsp;<\/b><b>@<\/b><b>g.educaand.es<\/b>&nbsp;para la gesti\u00f3n de cuentas Google WorkSpace (<b>Gmail, Classroom\u2026<\/b>) para los centros educativos andaluces.<\/p>\n<p class=\"CDt4Ke zfr3Q\" dir=\"ltr\">Podr\u00e1 acceder a los servicios iniciando sesi\u00f3n en cualquiera de las aplicaciones de <a class=\"XqQF9c rXJpyf\" href=\"https:\/\/www.google.com\/\" target=\"_blank\" rel=\"noopener\">Google<\/a> con sus credenciales, siendo el correo electr\u00f3nico su usuario IdEA (<strong>p.ej. abcdefg123<\/strong>), seguido de <strong>@g.educaand.es<\/strong>, y su contrase\u00f1a la misma que la que utiliza para acceder a S\u00e9neca\/Pasen, ya que el sistema de autenticaci\u00f3n est\u00e1 sincronizado con S\u00e9neca.<\/p>\n<p class=\"CDt4Ke zfr3Q\" dir=\"ltr\">Una vez se haya identificado, el usuario tendr\u00e1 acceso a su correo electr\u00f3nico, a Drive y al resto de servicios que le ofrece Workspace.<\/p>\n<div class=\"CjVfdc CJIdie\"><strong>\u00bfQu\u00e9 sucede si la contrase\u00f1a de acceso se pierde o se olvida?<\/strong><\/div>\n<p>&nbsp;<\/p>\n<p>La autenticaci\u00f3n en G Workspace est\u00e1 sincronizada con S\u00e9neca, por tanto, al ser la contrase\u00f1a la misma que se utiliza en S\u00e9neca\/Pasen, el restablecimiento de la esta se realizar\u00e1 por los procedimientos habituales (S\u00e9neca, <strong><span style=\"color: #0000ff\"><a class=\"XqQF9c rXJpyf\" style=\"color: #0000ff\" href=\"https:\/\/youtu.be\/cHLova48ULE\" target=\"_blank\" rel=\"noopener\">autologin<\/a>,<\/span><\/strong> etc.).<\/p>\n<div class=\"CjVfdc CJIdie\"><strong>Si un alumno o alumna cambia de centro, \u00bfqu\u00e9 pasa con su cuenta?<\/strong><\/div>\n<div>&nbsp;<\/div>\n<div>La cuenta que tiene en el Google Workspace del dominio corporativo <strong>g.educaand.es<\/strong>, al estar sincronizada con S\u00e9neca, pasara autom\u00e1ticamente a la Unidad Organizativa del nuevo centro.<\/div>\n","protected":false},"excerpt":{"rendered":"<p>Cuentas para utilizar Classroom, Gmail\u2026 La Consejer\u00eda de Educaci\u00f3n y Deporte de la Junta de Andaluc\u00eda, tras un&nbsp;convenio firmado&nbsp;con Google, cre\u00f3 el dominio&nbsp;@g.educaand.es&nbsp;para la gesti\u00f3n de cuentas Google WorkSpace (Gmail, Classroom\u2026) para los centros&#46;&#46;&#46;<\/p>\n","protected":false},"author":16057,"featured_media":0,"parent":0,"menu_order":0,"comment_status":"closed","ping_status":"closed","template":"","meta":{"ngg_post_thumbnail":0,"footnotes":""},"aioseo_notices":[],"_links":{"self":[{"href":"https:\/\/blogsaverroes.juntadeandalucia.es\/iespmtde\/wp-json\/wp\/v2\/pages\/395"}],"collection":[{"href":"https:\/\/blogsaverroes.juntadeandalucia.es\/iespmtde\/wp-json\/wp\/v2\/pages"}],"about":[{"href":"https:\/\/blogsaverroes.juntadeandalucia.es\/iespmtde\/wp-json\/wp\/v2\/types\/page"}],"author":[{"embeddable":true,"href":"https:\/\/blogsaverroes.juntadeandalucia.es\/iespmtde\/wp-json\/wp\/v2\/users\/16057"}],"replies":[{"embeddable":true,"href":"https:\/\/blogsaverroes.juntadeandalucia.es\/iespmtde\/wp-json\/wp\/v2\/comments?post=395"}],"version-history":[{"count":5,"href":"https:\/\/blogsaverroes.juntadeandalucia.es\/iespmtde\/wp-json\/wp\/v2\/pages\/395\/revisions"}],"predecessor-version":[{"id":403,"href":"https:\/\/blogsaverroes.juntadeandalucia.es\/iespmtde\/wp-json\/wp\/v2\/pages\/395\/revisions\/403"}],"wp:attachment":[{"href":"https:\/\/blogsaverroes.juntadeandalucia.es\/iespmtde\/wp-json\/wp\/v2\/media?parent=395"}],"curies":[{"name":"wp","href":"https:\/\/api.w.org\/{rel}","templated":true}]}}