{"id":262,"date":"2020-01-23T12:37:13","date_gmt":"2020-01-23T11:37:13","guid":{"rendered":"http:\/\/blogsaverroes.juntadeandalucia.es\/pre\/nuevoies2v2\/?page_id=262"},"modified":"2025-05-08T16:42:59","modified_gmt":"2025-05-08T15:42:59","slug":"nuestra-historia","status":"publish","type":"page","link":"https:\/\/blogsaverroes.juntadeandalucia.es\/iespuentedealcolea\/nuestra-historia\/","title":{"rendered":"Nuestra Historia"},"content":{"rendered":"<p>[et_pb_section fb_built=&#8221;1&#8243; _builder_version=&#8221;4.16&#8243; global_colors_info=&#8221;{}&#8221;][et_pb_row _builder_version=&#8221;4.16&#8243; background_size=&#8221;initial&#8221; background_position=&#8221;top_left&#8221; background_repeat=&#8221;repeat&#8221; global_colors_info=&#8221;{}&#8221;][et_pb_column type=&#8221;4_4&#8243; _builder_version=&#8221;4.16&#8243; custom_padding=&#8221;|||&#8221; global_colors_info=&#8221;{}&#8221; custom_padding__hover=&#8221;|||&#8221;][et_pb_text _builder_version=&#8221;4.16&#8243; background_size=&#8221;initial&#8221; background_position=&#8221;top_left&#8221; background_repeat=&#8221;repeat&#8221; global_colors_info=&#8221;{}&#8221;]<\/p>\n<p>&nbsp;<\/p>\n<h4><strong><span style=\"font-size: xx-large\">\u00a0Nuestro Centro<\/span><\/strong><span style=\"font-size: medium\"><\/span><\/h4>\n<h4><span style=\"font-size: medium\">El IES Puent<img loading=\"lazy\" decoding=\"async\" class=\"wp-image-539 alignleft\" src=\"https:\/\/blogsaverroes.juntadeandalucia.es\/iespuentedealcolea\/files\/2024\/06\/106051-300x224.jpg\" alt=\"\" width=\"370\" height=\"276\" \/>e de Alcolea es un peque\u00f1o centro de secundaria ubicado en la barriada cordobesa de Alcolea. Este instituto fue creado en el a\u00f1o 2001 y cuenta en la actualidad con tres l\u00edneas en educaci\u00f3n secundaria obligatoria,\u00a0 un Ciclo de Formativo de Grado B\u00e1sico de Agrojardiner\u00eda y Composiciones Florales, un PTVAL de la misma familia profesional y un Ciclo Formativo de Grado Medio de Conservaci\u00f3n y Aprovechamiento del Medio Natural.<\/span><\/h4>\n<h4><span style=\"font-size: medium\">Tambi\u00e9n contamos con un plan de compensaci\u00f3n educativa y somos un centro biling\u00fce (Ingl\u00e9s).<\/span><\/h4>\n<p>[\/et_pb_text][\/et_pb_column][\/et_pb_row][\/et_pb_section]<\/p>\n","protected":false},"excerpt":{"rendered":"<p>&nbsp; \u00a0Nuestro Centro El IES Puente de Alcolea es un peque\u00f1o centro de secundaria ubicado en la barriada cordobesa de Alcolea. Este instituto fue creado en el a\u00f1o 2001 y cuenta en la actualidad con tres l\u00edneas en educaci\u00f3n secundaria obligatoria,\u00a0 un Ciclo de Formativo de Grado B\u00e1sico de Agrojardiner\u00eda y Composiciones Florales, un PTVAL [&hellip;]<\/p>\n","protected":false},"author":7051,"featured_media":0,"parent":0,"menu_order":0,"comment_status":"closed","ping_status":"closed","template":"","meta":{"_et_pb_use_builder":"on","_et_pb_old_content":"<p>\u00a0<\/p><p>\u00a0<\/p><p>El IES Puent<img class=\"wp-image-539 alignleft\" src=\"https:\/\/blogsaverroes.juntadeandalucia.es\/iespuentedealcolea\/files\/2024\/06\/106051-300x224.jpg\" alt=\"\" width=\"370\" height=\"276\">e de Alcolea es un peque\u00f1o centro de secundaria ubicado en la barriada cordobesa de Alcolea. Este instituto fue creado en el a\u00f1o 2001 y cuenta en la actualidad con tres l\u00edneas en educaci\u00f3n secundaria obligatoria,\u00a0 un Ciclo de Formativo de Grado B\u00e1sico de Agrojardiner\u00eda y Composiciones Florales, un PTVAL de la misma familia profesional y un Ciclo Formativo de Grado Medio de Conservaci\u00f3n y Aprovechamiento del Medio Natural. Tambi\u00e9n contamos con un plan de compensaci\u00f3n educativa y somos un centro biling\u00fce (Ingl\u00e9s).<\/p>","_et_gb_content_width":"","ngg_post_thumbnail":0,"footnotes":""},"aioseo_notices":[],"_links":{"self":[{"href":"https:\/\/blogsaverroes.juntadeandalucia.es\/iespuentedealcolea\/wp-json\/wp\/v2\/pages\/262"}],"collection":[{"href":"https:\/\/blogsaverroes.juntadeandalucia.es\/iespuentedealcolea\/wp-json\/wp\/v2\/pages"}],"about":[{"href":"https:\/\/blogsaverroes.juntadeandalucia.es\/iespuentedealcolea\/wp-json\/wp\/v2\/types\/page"}],"author":[{"embeddable":true,"href":"https:\/\/blogsaverroes.juntadeandalucia.es\/iespuentedealcolea\/wp-json\/wp\/v2\/users\/7051"}],"replies":[{"embeddable":true,"href":"https:\/\/blogsaverroes.juntadeandalucia.es\/iespuentedealcolea\/wp-json\/wp\/v2\/comments?post=262"}],"version-history":[{"count":9,"href":"https:\/\/blogsaverroes.juntadeandalucia.es\/iespuentedealcolea\/wp-json\/wp\/v2\/pages\/262\/revisions"}],"predecessor-version":[{"id":923,"href":"https:\/\/blogsaverroes.juntadeandalucia.es\/iespuentedealcolea\/wp-json\/wp\/v2\/pages\/262\/revisions\/923"}],"wp:attachment":[{"href":"https:\/\/blogsaverroes.juntadeandalucia.es\/iespuentedealcolea\/wp-json\/wp\/v2\/media?parent=262"}],"curies":[{"name":"wp","href":"https:\/\/api.w.org\/{rel}","templated":true}]}}