{"id":301,"date":"2020-02-12T08:22:12","date_gmt":"2020-02-12T07:22:12","guid":{"rendered":"http:\/\/blogsaverroes.juntadeandalucia.es\/pre\/nuevoies2v2\/?page_id=301"},"modified":"2025-06-16T09:12:02","modified_gmt":"2025-06-16T08:12:02","slug":"novedades","status":"publish","type":"page","link":"https:\/\/blogsaverroes.juntadeandalucia.es\/iespuentedealcolea\/novedades\/","title":{"rendered":"Novedades"},"content":{"rendered":"<p>[et_pb_section fb_built=&#8221;1&#8243; _builder_version=&#8221;4.24.2&#8243; _module_preset=&#8221;default&#8221; background_color=&#8221;RGBA(255,255,255,0)&#8221; global_colors_info=&#8221;{}&#8221;][et_pb_row _builder_version=&#8221;4.24.2&#8243; _module_preset=&#8221;default&#8221; global_colors_info=&#8221;{}&#8221;][et_pb_column type=&#8221;4_4&#8243; _builder_version=&#8221;4.24.2&#8243; _module_preset=&#8221;default&#8221; global_colors_info=&#8221;{}&#8221;][et_pb_text _builder_version=&#8221;4.24.2&#8243; _module_preset=&#8221;default&#8221; global_colors_info=&#8221;{}&#8221;]<\/p>\n<h1><strong>Acto de reconocimiento al alumnado del IES Puente de Alcolea<br \/><\/strong><\/h1>\n<p>[\/et_pb_text][et_pb_gallery gallery_ids=&#8221;969,966,965,968,967,963,958,957,947,946&#8243; show_title_and_caption=&#8221;off&#8221; _builder_version=&#8221;4.24.2&#8243; _module_preset=&#8221;default&#8221; hover_enabled=&#8221;0&#8243; global_colors_info=&#8221;{}&#8221; sticky_enabled=&#8221;0&#8243;][\/et_pb_gallery][et_pb_text _builder_version=&#8221;4.24.2&#8243; _module_preset=&#8221;default&#8221; width=&#8221;100%&#8221; global_colors_info=&#8221;{}&#8221;]<\/p>\n<h2 style=\"text-align: justify\">El pasado 9 de junio se llev\u00f3 a cabo un reconocimiento a la labor del alumnado del IES Puente de Alcolea, con especial menci\u00f3n al Grado Medio del Ciclo Forestal, por su trabajo y desempe\u00f1o en las fases iniciales de repoblaci\u00f3n forestal en la Finca de Porrillas, perteneciente a la Diputaci\u00f3n Provincial de C\u00f3rdoba. La colaboraci\u00f3n entre el IES y dicho organismo ha permitido avanzar en distintos trabajos forestales b\u00e1sicos para el \u00e9xito a medio y corto plazo del proyecto, ya que el centro seguir\u00e1 manteniendo la colaboraci\u00f3n para as\u00ed darle garant\u00edas en el futuro, adem\u00e1s de ser una excelente parcela de pr\u00e1cticas para el alumnado.<\/h2>\n<p style=\"text-align: justify\">\u00a0<\/p>\n<h2 style=\"text-align: justify\">Acudieron a dicho acto el Vicepresidente Primero de la Diputaci\u00f3n y diputado de Infraestructura y Sostenibilidad D. Andr\u00e9s Lorite Lorite, el Jefe del departamento de Medio Ambiente de la Diputaci\u00f3n D. Francisco S\u00e1nchez Polaina, la Responsable T\u00e9cnica de Diputaci\u00f3n D\u00aa Mar\u00eda Recio Bermejo, as\u00ed como el Director del Centro de Discapacitados D. Jes\u00fas de Miguel y el Director y personal docente del IES Puente de Alcolea junto con el alumnado homenajeado.<\/h2>\n<p>[\/et_pb_text][\/et_pb_column][\/et_pb_row][et_pb_row _builder_version=&#8221;4.24.2&#8243; _module_preset=&#8221;default&#8221; global_colors_info=&#8221;{}&#8221;][et_pb_column type=&#8221;4_4&#8243; _builder_version=&#8221;4.24.2&#8243; _module_preset=&#8221;default&#8221; global_colors_info=&#8221;{}&#8221;][et_pb_text _builder_version=&#8221;4.24.2&#8243; _module_preset=&#8221;default&#8221; global_colors_info=&#8221;{}&#8221;]<\/p>\n<h1><strong>Ayudas el desplazamiento<br \/><\/strong><\/h1>\n<p>[\/et_pb_text][et_pb_text _builder_version=&#8221;4.24.2&#8243; _module_preset=&#8221;default&#8221; width=&#8221;100%&#8221; global_colors_info=&#8221;{}&#8221;]<\/p>\n<h2 style=\"text-align: justify\"><strong>En el siguiente enlace podr\u00e1n ver la <\/strong><a href=\"https:\/\/www.juntadeandalucia.es\/educacion\/portals\/web\/inspeccion-educativa\/normativa-d\/-\/contenidos\/detalle\/resolucion-de-1-de-agosto-de-2024-de-la-direccion-general-de-formacion-profesional-por-la-que-se-convocan-ayudas-por-17esa3s0p1typ\">Resoluci\u00f3n de 1 de agosto de 2024, de la Direcci\u00f3n General de Formaci\u00f3n Profesional, por la que se convocan ayudas por desplazamiento, en r\u00e9gimen de concurrencia competitiva, al alumnado de centros docentes sostenidos con fondos p\u00fablicos que realiza el m\u00f3dulo profesional de Formaci\u00f3n en Centros de Trabajo o la formaci\u00f3n pr\u00e1ctica en la Formaci\u00f3n Profesional dual en el curso acad\u00e9mico 2023\/2024<\/a><\/h2>\n<h2><strong>\u00a0<\/strong><\/h2>\n<p>[\/et_pb_text][\/et_pb_column][\/et_pb_row][et_pb_row _builder_version=&#8221;4.24.2&#8243; _module_preset=&#8221;default&#8221; global_colors_info=&#8221;{}&#8221;][et_pb_column type=&#8221;4_4&#8243; _builder_version=&#8221;4.24.2&#8243; _module_preset=&#8221;default&#8221; global_colors_info=&#8221;{}&#8221;][et_pb_text _builder_version=&#8221;4.24.2&#8243; _module_preset=&#8221;default&#8221; global_colors_info=&#8221;{}&#8221;]<\/p>\n<h1><strong>Matriculaci\u00f3n Educaci\u00f3n Secundaria Obligatoria (E.S.O.)<\/strong><\/h1>\n<p>[\/et_pb_text][et_pb_text _builder_version=&#8221;4.24.2&#8243; _module_preset=&#8221;default&#8221; width=&#8221;100%&#8221; global_colors_info=&#8221;{}&#8221;]<\/p>\n<h2 style=\"text-align: justify\">Recuerden que el per\u00edodo de matriculaci\u00f3n en Educaci\u00f3n Secundaria va <strong>del 1 de julio al 10 de julio de 2024.<\/strong><\/h2>\n<p>[\/et_pb_text][\/et_pb_column][\/et_pb_row][\/et_pb_section][et_pb_section fb_built=&#8221;1&#8243; _builder_version=&#8221;4.24.2&#8243; _module_preset=&#8221;default&#8221; global_colors_info=&#8221;{}&#8221;][et_pb_row _builder_version=&#8221;4.24.2&#8243; _module_preset=&#8221;default&#8221; global_colors_info=&#8221;{}&#8221;][et_pb_column type=&#8221;4_4&#8243; _builder_version=&#8221;4.24.2&#8243; _module_preset=&#8221;default&#8221; global_colors_info=&#8221;{}&#8221;][et_pb_text _builder_version=&#8221;4.24.2&#8243; _module_preset=&#8221;default&#8221; global_colors_info=&#8221;{}&#8221;]<\/p>\n<h1><strong>Fechas importantes matriculaci\u00f3n Ciclos Formativos<\/strong><\/h1>\n<p>[\/et_pb_text][et_pb_gallery gallery_ids=&#8221;731,730,729,728,727,726,725&#8243; fullwidth=&#8221;on&#8221; _builder_version=&#8221;4.24.2&#8243; _module_preset=&#8221;default&#8221; global_colors_info=&#8221;{}&#8221;][\/et_pb_gallery][\/et_pb_column][\/et_pb_row][et_pb_row _builder_version=&#8221;4.24.2&#8243; _module_preset=&#8221;default&#8221; global_colors_info=&#8221;{}&#8221;][et_pb_column type=&#8221;4_4&#8243; _builder_version=&#8221;4.24.2&#8243; _module_preset=&#8221;default&#8221; global_colors_info=&#8221;{}&#8221;][et_pb_text _builder_version=&#8221;4.24.2&#8243; _module_preset=&#8221;default&#8221; global_colors_info=&#8221;{}&#8221;]<\/p>\n<h1><strong>Informaci\u00f3n Becas 24\/25<\/strong><\/h1>\n<p>[\/et_pb_text][et_pb_gallery gallery_ids=&#8221;759,760&#8243; fullwidth=&#8221;on&#8221; _builder_version=&#8221;4.24.2&#8243; _module_preset=&#8221;default&#8221; global_colors_info=&#8221;{}&#8221;][\/et_pb_gallery][\/et_pb_column][\/et_pb_row][\/et_pb_section]<\/p>\n","protected":false},"excerpt":{"rendered":"<p>Acto de reconocimiento al alumnado del IES Puente de AlcoleaEl pasado 9 de junio se llev\u00f3 a cabo un reconocimiento a la labor del alumnado del IES Puente de Alcolea, con especial menci\u00f3n al Grado Medio del Ciclo Forestal, por su trabajo y desempe\u00f1o en las fases iniciales de repoblaci\u00f3n forestal en la Finca de [&hellip;]<\/p>\n","protected":false},"author":7051,"featured_media":0,"parent":0,"menu_order":0,"comment_status":"closed","ping_status":"closed","template":"","meta":{"_et_pb_use_builder":"on","_et_pb_old_content":"<p>[pt_view id=\"4efd38bw9f\"]<\/p>","_et_gb_content_width":"","ngg_post_thumbnail":0,"footnotes":""},"aioseo_notices":[],"_links":{"self":[{"href":"https:\/\/blogsaverroes.juntadeandalucia.es\/iespuentedealcolea\/wp-json\/wp\/v2\/pages\/301"}],"collection":[{"href":"https:\/\/blogsaverroes.juntadeandalucia.es\/iespuentedealcolea\/wp-json\/wp\/v2\/pages"}],"about":[{"href":"https:\/\/blogsaverroes.juntadeandalucia.es\/iespuentedealcolea\/wp-json\/wp\/v2\/types\/page"}],"author":[{"embeddable":true,"href":"https:\/\/blogsaverroes.juntadeandalucia.es\/iespuentedealcolea\/wp-json\/wp\/v2\/users\/7051"}],"replies":[{"embeddable":true,"href":"https:\/\/blogsaverroes.juntadeandalucia.es\/iespuentedealcolea\/wp-json\/wp\/v2\/comments?post=301"}],"version-history":[{"count":17,"href":"https:\/\/blogsaverroes.juntadeandalucia.es\/iespuentedealcolea\/wp-json\/wp\/v2\/pages\/301\/revisions"}],"predecessor-version":[{"id":972,"href":"https:\/\/blogsaverroes.juntadeandalucia.es\/iespuentedealcolea\/wp-json\/wp\/v2\/pages\/301\/revisions\/972"}],"wp:attachment":[{"href":"https:\/\/blogsaverroes.juntadeandalucia.es\/iespuentedealcolea\/wp-json\/wp\/v2\/media?parent=301"}],"curies":[{"name":"wp","href":"https:\/\/api.w.org\/{rel}","templated":true}]}}