{"id":608,"date":"2024-06-18T17:27:07","date_gmt":"2024-06-18T16:27:07","guid":{"rendered":"https:\/\/blogsaverroes.juntadeandalucia.es\/iespuentedealcolea\/?page_id=608"},"modified":"2025-10-31T10:05:07","modified_gmt":"2025-10-31T09:05:07","slug":"matermaticas","status":"publish","type":"page","link":"https:\/\/blogsaverroes.juntadeandalucia.es\/iespuentedealcolea\/matermaticas\/","title":{"rendered":"Materm\u00e1ticas"},"content":{"rendered":"<p>[et_pb_section fb_built=&#8221;1&#8243; _builder_version=&#8221;4.24.2&#8243; _module_preset=&#8221;default&#8221; global_colors_info=&#8221;{}&#8221;][et_pb_row _builder_version=&#8221;4.24.2&#8243; _module_preset=&#8221;default&#8221; global_colors_info=&#8221;{}&#8221;][et_pb_column type=&#8221;4_4&#8243; _builder_version=&#8221;4.24.2&#8243; _module_preset=&#8221;default&#8221; global_colors_info=&#8221;{}&#8221;][et_pb_text _builder_version=&#8221;4.24.2&#8243; _module_preset=&#8221;default&#8221; custom_padding=&#8221;8px|||||&#8221; global_colors_info=&#8221;{}&#8221;]<\/p>\n<h1 dir=\"ltr\"><span>Departamento de Matem\u00e1ticas<\/span><span><\/span><\/h1>\n<p>[\/et_pb_text][\/et_pb_column][\/et_pb_row][et_pb_row _builder_version=&#8221;4.24.2&#8243; _module_preset=&#8221;default&#8221; global_colors_info=&#8221;{}&#8221;][et_pb_column type=&#8221;4_4&#8243; _builder_version=&#8221;4.24.2&#8243; _module_preset=&#8221;default&#8221; global_colors_info=&#8221;{}&#8221;][et_pb_text _builder_version=&#8221;4.24.2&#8243; _module_preset=&#8221;default&#8221; hover_enabled=&#8221;0&#8243; global_colors_info=&#8221;{}&#8221; sticky_enabled=&#8221;0&#8243;]<\/p>\n<h4 dir=\"ltr\"><span>Durante el curso <\/span><span>2025-2026<\/span><span>, el departamento queda compuesto por:<\/span><\/h4>\n<ul>\n<li style=\"list-style-type: none\">\n<ul>\n<li dir=\"ltr\">\n<h4 dir=\"ltr\" role=\"presentation\"><span>Jos\u00e9 Carlos Almendro Merino<\/span><\/h4>\n<\/li>\n<li dir=\"ltr\">\n<h4><span>Aar\u00f3n Ruiz G\u00f3mez (Jefe de Estudios)<\/span><\/h4>\n<\/li>\n<li dir=\"ltr\">\n<h4 dir=\"ltr\" role=\"presentation\"><span>Guillermo Pedr\u00f3s Raig\u00f3n<\/span><span><\/span><\/h4>\n<\/li>\n<li dir=\"ltr\">\n<h4><span>\u00c1lvaro Garz\u00f3n Casado (Jefe de Departamento)<br \/><\/span><\/h4>\n<\/li>\n<\/ul>\n<\/li>\n<\/ul>\n<p>[\/et_pb_text][\/et_pb_column][\/et_pb_row][\/et_pb_section]<\/p>\n","protected":false},"excerpt":{"rendered":"<p>Departamento de Matem\u00e1ticasDurante el curso 2025-2026, el departamento queda compuesto por: Jos\u00e9 Carlos Almendro Merino Aar\u00f3n Ruiz G\u00f3mez (Jefe de Estudios) Guillermo Pedr\u00f3s Raig\u00f3n \u00c1lvaro Garz\u00f3n Casado (Jefe de Departamento)<\/p>\n","protected":false},"author":17573,"featured_media":0,"parent":0,"menu_order":0,"comment_status":"closed","ping_status":"closed","template":"","meta":{"_et_pb_use_builder":"on","_et_pb_old_content":"","_et_gb_content_width":"","ngg_post_thumbnail":0,"footnotes":""},"aioseo_notices":[],"_links":{"self":[{"href":"https:\/\/blogsaverroes.juntadeandalucia.es\/iespuentedealcolea\/wp-json\/wp\/v2\/pages\/608"}],"collection":[{"href":"https:\/\/blogsaverroes.juntadeandalucia.es\/iespuentedealcolea\/wp-json\/wp\/v2\/pages"}],"about":[{"href":"https:\/\/blogsaverroes.juntadeandalucia.es\/iespuentedealcolea\/wp-json\/wp\/v2\/types\/page"}],"author":[{"embeddable":true,"href":"https:\/\/blogsaverroes.juntadeandalucia.es\/iespuentedealcolea\/wp-json\/wp\/v2\/users\/17573"}],"replies":[{"embeddable":true,"href":"https:\/\/blogsaverroes.juntadeandalucia.es\/iespuentedealcolea\/wp-json\/wp\/v2\/comments?post=608"}],"version-history":[{"count":6,"href":"https:\/\/blogsaverroes.juntadeandalucia.es\/iespuentedealcolea\/wp-json\/wp\/v2\/pages\/608\/revisions"}],"predecessor-version":[{"id":999,"href":"https:\/\/blogsaverroes.juntadeandalucia.es\/iespuentedealcolea\/wp-json\/wp\/v2\/pages\/608\/revisions\/999"}],"wp:attachment":[{"href":"https:\/\/blogsaverroes.juntadeandalucia.es\/iespuentedealcolea\/wp-json\/wp\/v2\/media?parent=608"}],"curies":[{"name":"wp","href":"https:\/\/api.w.org\/{rel}","templated":true}]}}