{"id":622,"date":"2024-06-18T17:27:11","date_gmt":"2024-06-18T16:27:11","guid":{"rendered":"https:\/\/blogsaverroes.juntadeandalucia.es\/iespuentedealcolea\/?page_id=622"},"modified":"2025-10-31T10:18:52","modified_gmt":"2025-10-31T09:18:52","slug":"fp-agraria","status":"publish","type":"page","link":"https:\/\/blogsaverroes.juntadeandalucia.es\/iespuentedealcolea\/fp-agraria\/","title":{"rendered":"FP Agraria"},"content":{"rendered":"<p>[et_pb_section fb_built=&#8221;1&#8243; _builder_version=&#8221;4.24.2&#8243; _module_preset=&#8221;default&#8221; global_colors_info=&#8221;{}&#8221;][et_pb_row _builder_version=&#8221;4.24.2&#8243; _module_preset=&#8221;default&#8221; global_colors_info=&#8221;{}&#8221;][et_pb_column type=&#8221;4_4&#8243; _builder_version=&#8221;4.24.2&#8243; _module_preset=&#8221;default&#8221; global_colors_info=&#8221;{}&#8221;][et_pb_text _builder_version=&#8221;4.24.2&#8243; _module_preset=&#8221;default&#8221; custom_margin=&#8221;||1px|||&#8221; custom_padding=&#8221;||0px|||&#8221; global_colors_info=&#8221;{}&#8221;]<\/p>\n<h1>Departamento de FP Agraria<\/h1>\n<p>[\/et_pb_text][\/et_pb_column][\/et_pb_row][et_pb_row _builder_version=&#8221;4.24.2&#8243; _module_preset=&#8221;default&#8221; global_colors_info=&#8221;{}&#8221;][et_pb_column type=&#8221;4_4&#8243; _builder_version=&#8221;4.24.2&#8243; _module_preset=&#8221;default&#8221; global_colors_info=&#8221;{}&#8221;][et_pb_text _builder_version=&#8221;4.24.2&#8243; _module_preset=&#8221;default&#8221; custom_margin=&#8221;||1px|||&#8221; global_colors_info=&#8221;{}&#8221;]<\/p>\n<h4><span>Durante el curso 2025-2026, el departamento queda compuesto por:<\/span><\/h4>\n<p>&nbsp;<\/p>\n<ul>\n<li dir=\"ltr\">\n<h4><span>Francisco<\/span> Manuel Rodr\u00edguez Ma\u00edz (Jefe de Departamento)<\/h4>\n<\/li>\n<li dir=\"ltr\">\n<h4><span style=\"font-size: 18px\">Rafael Arias Luque<\/span><\/h4>\n<\/li>\n<li dir=\"ltr\">\n<h4><span style=\"font-size: 18px\">Juan Ignacio Li\u00f1\u00e1n Maza<\/span><\/h4>\n<\/li>\n<li dir=\"ltr\">\n<h4>Rosa Mar\u00eda Morales Cid<\/h4>\n<\/li>\n<li dir=\"ltr\">\n<h4>Sergio Gallego Blanco<\/h4>\n<\/li>\n<li dir=\"ltr\">\n<h4>Fernando Pardo Navarro<\/h4>\n<\/li>\n<\/ul>\n<p>[\/et_pb_text][\/et_pb_column][\/et_pb_row][\/et_pb_section]<\/p>\n","protected":false},"excerpt":{"rendered":"<p>Departamento de FP AgrariaDurante el curso 2025-2026, el departamento queda compuesto por: &nbsp; Francisco Manuel Rodr\u00edguez Ma\u00edz (Jefe de Departamento) Rafael Arias Luque Juan Ignacio Li\u00f1\u00e1n Maza Rosa Mar\u00eda Morales Cid Sergio Gallego Blanco Fernando Pardo Navarro<\/p>\n","protected":false},"author":17573,"featured_media":0,"parent":0,"menu_order":0,"comment_status":"closed","ping_status":"closed","template":"","meta":{"_et_pb_use_builder":"on","_et_pb_old_content":"","_et_gb_content_width":"","ngg_post_thumbnail":0,"footnotes":""},"aioseo_notices":[],"_links":{"self":[{"href":"https:\/\/blogsaverroes.juntadeandalucia.es\/iespuentedealcolea\/wp-json\/wp\/v2\/pages\/622"}],"collection":[{"href":"https:\/\/blogsaverroes.juntadeandalucia.es\/iespuentedealcolea\/wp-json\/wp\/v2\/pages"}],"about":[{"href":"https:\/\/blogsaverroes.juntadeandalucia.es\/iespuentedealcolea\/wp-json\/wp\/v2\/types\/page"}],"author":[{"embeddable":true,"href":"https:\/\/blogsaverroes.juntadeandalucia.es\/iespuentedealcolea\/wp-json\/wp\/v2\/users\/17573"}],"replies":[{"embeddable":true,"href":"https:\/\/blogsaverroes.juntadeandalucia.es\/iespuentedealcolea\/wp-json\/wp\/v2\/comments?post=622"}],"version-history":[{"count":6,"href":"https:\/\/blogsaverroes.juntadeandalucia.es\/iespuentedealcolea\/wp-json\/wp\/v2\/pages\/622\/revisions"}],"predecessor-version":[{"id":1012,"href":"https:\/\/blogsaverroes.juntadeandalucia.es\/iespuentedealcolea\/wp-json\/wp\/v2\/pages\/622\/revisions\/1012"}],"wp:attachment":[{"href":"https:\/\/blogsaverroes.juntadeandalucia.es\/iespuentedealcolea\/wp-json\/wp\/v2\/media?parent=622"}],"curies":[{"name":"wp","href":"https:\/\/api.w.org\/{rel}","templated":true}]}}