{"id":903,"date":"2025-05-08T16:08:26","date_gmt":"2025-05-08T15:08:26","guid":{"rendered":"https:\/\/blogsaverroes.juntadeandalucia.es\/iespuentedealcolea\/?page_id=903"},"modified":"2025-05-12T17:50:10","modified_gmt":"2025-05-12T16:50:10","slug":"proa","status":"publish","type":"page","link":"https:\/\/blogsaverroes.juntadeandalucia.es\/iespuentedealcolea\/proa\/","title":{"rendered":"PROA"},"content":{"rendered":"<p>[et_pb_section fb_built=&#8221;1&#8243; _builder_version=&#8221;4.16&#8243; custom_padding=&#8221;0px||0px|&#8221; z_index_tablet=&#8221;500&#8243; box_shadow_horizontal_tablet=&#8221;0px&#8221; box_shadow_vertical_tablet=&#8221;0px&#8221; box_shadow_blur_tablet=&#8221;40px&#8221; box_shadow_spread_tablet=&#8221;0px&#8221; global_colors_info=&#8221;{}&#8221;][et_pb_row _builder_version=&#8221;4.16&#8243; background_size=&#8221;initial&#8221; background_position=&#8221;top_left&#8221; background_repeat=&#8221;repeat&#8221; global_colors_info=&#8221;{}&#8221;][et_pb_column type=&#8221;4_4&#8243; _builder_version=&#8221;4.16&#8243; custom_padding=&#8221;|||&#8221; global_colors_info=&#8221;{}&#8221; custom_padding__hover=&#8221;|||&#8221;][et_pb_image src=&#8221;https:\/\/blogsaverroes.juntadeandalucia.es\/iespuentedealcolea\/files\/2025\/05\/Encabez_logos-FSE-21-27_actualizadoFeb25-2.png&#8221; title_text=&#8221;Encabez_logos FSE+ 21-27_actualizadoFeb25-2&#8243; admin_label=&#8221;Imagen de la portada&#8221; _builder_version=&#8221;4.24.2&#8243; vertical_offset_tablet=&#8221;0&#8243; horizontal_offset_tablet=&#8221;0&#8243; z_index_tablet=&#8221;500&#8243; box_shadow_horizontal_tablet=&#8221;0px&#8221; box_shadow_vertical_tablet=&#8221;0px&#8221; box_shadow_blur_tablet=&#8221;40px&#8221; box_shadow_spread_tablet=&#8221;0px&#8221; global_colors_info=&#8221;{}&#8221;][\/et_pb_image][et_pb_text admin_label=&#8221;Texto descriptivo&#8221; _builder_version=&#8221;4.24.2&#8243; z_index_tablet=&#8221;500&#8243; text_text_shadow_horizontal_length_tablet=&#8221;0px&#8221; text_text_shadow_vertical_length_tablet=&#8221;0px&#8221; text_text_shadow_blur_strength_tablet=&#8221;1px&#8221; link_text_shadow_horizontal_length_tablet=&#8221;0px&#8221; link_text_shadow_vertical_length_tablet=&#8221;0px&#8221; link_text_shadow_blur_strength_tablet=&#8221;1px&#8221; ul_text_shadow_horizontal_length_tablet=&#8221;0px&#8221; ul_text_shadow_vertical_length_tablet=&#8221;0px&#8221; ul_text_shadow_blur_strength_tablet=&#8221;1px&#8221; ol_text_shadow_horizontal_length_tablet=&#8221;0px&#8221; ol_text_shadow_vertical_length_tablet=&#8221;0px&#8221; ol_text_shadow_blur_strength_tablet=&#8221;1px&#8221; quote_text_shadow_horizontal_length_tablet=&#8221;0px&#8221; quote_text_shadow_vertical_length_tablet=&#8221;0px&#8221; quote_text_shadow_blur_strength_tablet=&#8221;1px&#8221; header_text_shadow_horizontal_length_tablet=&#8221;0px&#8221; header_text_shadow_vertical_length_tablet=&#8221;0px&#8221; header_text_shadow_blur_strength_tablet=&#8221;1px&#8221; header_2_text_shadow_horizontal_length_tablet=&#8221;0px&#8221; header_2_text_shadow_vertical_length_tablet=&#8221;0px&#8221; header_2_text_shadow_blur_strength_tablet=&#8221;1px&#8221; header_3_text_shadow_horizontal_length_tablet=&#8221;0px&#8221; header_3_text_shadow_vertical_length_tablet=&#8221;0px&#8221; header_3_text_shadow_blur_strength_tablet=&#8221;1px&#8221; header_4_text_shadow_horizontal_length_tablet=&#8221;0px&#8221; header_4_text_shadow_vertical_length_tablet=&#8221;0px&#8221; header_4_text_shadow_blur_strength_tablet=&#8221;1px&#8221; header_5_text_shadow_horizontal_length_tablet=&#8221;0px&#8221; header_5_text_shadow_vertical_length_tablet=&#8221;0px&#8221; header_5_text_shadow_blur_strength_tablet=&#8221;1px&#8221; header_6_text_shadow_horizontal_length_tablet=&#8221;0px&#8221; header_6_text_shadow_vertical_length_tablet=&#8221;0px&#8221; header_6_text_shadow_blur_strength_tablet=&#8221;1px&#8221; box_shadow_horizontal_tablet=&#8221;0px&#8221; box_shadow_vertical_tablet=&#8221;0px&#8221; box_shadow_blur_tablet=&#8221;40px&#8221; box_shadow_spread_tablet=&#8221;0px&#8221; global_colors_info=&#8221;{}&#8221;]<\/p>\n<h2>PROA<\/h2>\n<p id=\"E111\" class=\"x-scope qowt-word-para-0\" style=\"text-align: justify\"><span id=\"E112\">Se informa a la comunidad educativa del I.E.S. Puente de Alcolea que las actuaciones del Programa PROA (Acompa\u00f1amiento Escolar) en nuestro centro comenzar\u00e1n el 7\/10\/2024 y finalizar\u00e1n el 28\/05\/2025.<\/span><\/p>\n<p class=\"x-scope qowt-word-para-0\" style=\"text-align: justify\"><span><span>El PROA Andaluc\u00eda se concibe como un conjunto de actuaciones dirigidas a mejorar el grado de adquisici\u00f3n de las competencias clave y la motivaci\u00f3n del alumnado con necesidades espec\u00edficas de apoyo educativo por precisar acciones de car\u00e1cter compensatorio, que en el caso del alumnado de origen extranjero, adem\u00e1s, pretenden conseguir un nivel adecuado de uso del espa\u00f1ol como lengua vehicular. Dichas acciones est\u00e1n dirigidas a evitar el riesgo de abandono temprano del Sistema Educativo y complementar las acciones encaminadas a la mejora del \u00e9xito escolar que se desarrollan en los centros docentes p\u00fablicos andaluces.<\/span><\/span><\/p>\n<p class=\"x-scope qowt-word-para-0\" style=\"text-align: justify\"><strong>Esta actividad est\u00e1 financiada por el Fondo Social Europeo Plus (FSE+).<\/strong><span><span><\/span><\/span><\/p>\n<p class=\"x-scope qowt-word-para-0\"><span><\/span><\/p>\n<p class=\"x-scope qowt-word-para-0\"><span><\/span><\/p>\n<p id=\"E113\" class=\"x-scope qowt-word-para-0\"><span id=\"E114\"> LA DIRECCI\u00d3N<\/span><\/p>\n<p>[\/et_pb_text][\/et_pb_column][\/et_pb_row][\/et_pb_section]<\/p>\n","protected":false},"excerpt":{"rendered":"<p>PROA Se informa a la comunidad educativa del I.E.S. Puente de Alcolea que las actuaciones del Programa PROA (Acompa\u00f1amiento Escolar) en nuestro centro comenzar\u00e1n el 7\/10\/2024 y finalizar\u00e1n el 28\/05\/2025. El PROA Andaluc\u00eda se concibe como un conjunto de actuaciones dirigidas a mejorar el grado de adquisici\u00f3n de las competencias clave y la motivaci\u00f3n del [&hellip;]<\/p>\n","protected":false},"author":17573,"featured_media":0,"parent":0,"menu_order":0,"comment_status":"closed","ping_status":"closed","template":"","meta":{"_et_pb_use_builder":"on","_et_pb_old_content":"<p><img class=\"alignnone size-medium wp-image-909\" src=\"https:\/\/blogsaverroes.juntadeandalucia.es\/iespuentedealcolea\/files\/2025\/05\/Screenshot-2025-05-08-16.58.10-300x26.png\" alt=\"\" width=\"300\" height=\"26\"><\/p><p>Nuestro Centro tambi\u00e9n ofrece como servicio el PROA.\u00a0<\/p><p>El PROA Andaluc\u00eda se concibe como un conjunto de actuaciones dirigidas a mejorar el grado de adquisici\u00f3n de las competencias clave y la motivaci\u00f3n del alumnado con necesidades espec\u00edficas de apoyo educativo por precisar acciones de car\u00e1cter compensatorio, que en el caso del alumnado de origen extranjero, adem\u00e1s, pretenden conseguir un nivel adecuado de uso del espa\u00f1ol como lengua vehicular. Dichas acciones est\u00e1n dirigidas a evitar el riesgo de abandono temprano del Sistema Educativo y complementar las acciones encaminadas a la mejora del \u00e9xito escolar que se desarrollan en los centros docentes p\u00fablicos andaluces.<\/p><p>\u00a0<\/p>","_et_gb_content_width":"","ngg_post_thumbnail":0,"footnotes":""},"aioseo_notices":[],"_links":{"self":[{"href":"https:\/\/blogsaverroes.juntadeandalucia.es\/iespuentedealcolea\/wp-json\/wp\/v2\/pages\/903"}],"collection":[{"href":"https:\/\/blogsaverroes.juntadeandalucia.es\/iespuentedealcolea\/wp-json\/wp\/v2\/pages"}],"about":[{"href":"https:\/\/blogsaverroes.juntadeandalucia.es\/iespuentedealcolea\/wp-json\/wp\/v2\/types\/page"}],"author":[{"embeddable":true,"href":"https:\/\/blogsaverroes.juntadeandalucia.es\/iespuentedealcolea\/wp-json\/wp\/v2\/users\/17573"}],"replies":[{"embeddable":true,"href":"https:\/\/blogsaverroes.juntadeandalucia.es\/iespuentedealcolea\/wp-json\/wp\/v2\/comments?post=903"}],"version-history":[{"count":8,"href":"https:\/\/blogsaverroes.juntadeandalucia.es\/iespuentedealcolea\/wp-json\/wp\/v2\/pages\/903\/revisions"}],"predecessor-version":[{"id":924,"href":"https:\/\/blogsaverroes.juntadeandalucia.es\/iespuentedealcolea\/wp-json\/wp\/v2\/pages\/903\/revisions\/924"}],"wp:attachment":[{"href":"https:\/\/blogsaverroes.juntadeandalucia.es\/iespuentedealcolea\/wp-json\/wp\/v2\/media?parent=903"}],"curies":[{"name":"wp","href":"https:\/\/api.w.org\/{rel}","templated":true}]}}