{"id":949,"date":"2025-06-12T09:11:43","date_gmt":"2025-06-12T08:11:43","guid":{"rendered":"https:\/\/blogsaverroes.juntadeandalucia.es\/iespuentedealcolea\/?page_id=949"},"modified":"2025-06-12T09:31:48","modified_gmt":"2025-06-12T08:31:48","slug":"programa-mas-equidad","status":"publish","type":"page","link":"https:\/\/blogsaverroes.juntadeandalucia.es\/iespuentedealcolea\/programa-mas-equidad\/","title":{"rendered":"Programa M\u00e1s Equidad"},"content":{"rendered":"<p>[et_pb_section fb_built=&#8221;1&#8243; _builder_version=&#8221;4.16&#8243; global_colors_info=&#8221;{}&#8221;][et_pb_row _builder_version=&#8221;4.16&#8243; background_size=&#8221;initial&#8221; background_position=&#8221;top_left&#8221; background_repeat=&#8221;repeat&#8221; global_colors_info=&#8221;{}&#8221;][et_pb_column type=&#8221;4_4&#8243; _builder_version=&#8221;4.16&#8243; custom_padding=&#8221;|||&#8221; global_colors_info=&#8221;{}&#8221; custom_padding__hover=&#8221;|||&#8221;][et_pb_text _builder_version=&#8221;4.16&#8243; background_size=&#8221;initial&#8221; background_position=&#8221;top_left&#8221; background_repeat=&#8221;repeat&#8221; global_colors_info=&#8221;{}&#8221;]<\/p>\n<h1 style=\"text-align: left\"><span style=\"font-size: x-large\"><strong>Programa M\u00e1s Equidad<\/strong><\/span><\/h1>\n<p style=\"text-align: left\">El Programa M\u00e1s Equidad se concibe como un conjunto de actuaciones dirigidas a potenciar la cultura inclusiva de los centros docentes y a mejorar el grado de adquisici\u00f3n de competencias a trav\u00e9s de la mejora de los recursos en el aula y\/o de la realizaci\u00f3n de experiencias innovadoras, activas y experimentales que promuevan el saber hacer del alumnado, partiendo de sus conocimientos y fomentando actitudes como la autonom\u00eda, la responsabilidad, el respeto y el trabajo en equipo, bajo los principios de la atenci\u00f3n a la diversidad y la igualdad de g\u00e9nero.<\/p>\n<p style=\"text-align: left\">El Programa M\u00e1s Equidad se desarrollar\u00e1 a trav\u00e9s de Proyectos en tres l\u00edneas de actuaci\u00f3n:<\/p>\n<p style=\"text-align: left\">a) M\u00e1s Equidad INNOVACI\u00d3N con medidas innovadoras espec\u00edficas que contribuyan al \u00e9xito educativo y a la prevenci\u00f3n del absentismo y del abandono escolar. Se dirige a los centros docentes p\u00fablicos en las zonas ERACIS o que tengan Planes de compensaci\u00f3n educativa y que impartan las ense\u00f1anzas de Educaci\u00f3n Primaria, de Educaci\u00f3n Secundaria Obligatoria y de Bachillerato. Tambi\u00e9n se dirige a las Residencias Escolares, as\u00ed como a los centros espec\u00edficos de Educaci\u00f3n Especial p\u00fablicos.<\/p>\n<p style=\"text-align: left\">b) M\u00e1s Equidad INCLUSI\u00d3N con medidas innovadoras espec\u00edficas que contribuyan a la accesibilidad universal y al desarrollo de las competencias del alumnado escolarizado en unidades espec\u00edficas de Educaci\u00f3n Especial ubicadas en centros ordinarios. Se dirige a centros docentes p\u00fablicos que tengan autorizadas aulas espec\u00edficas de Educaci\u00f3n Especial.<\/p>\n<p style=\"text-align: left\">c) M\u00e1s Equidad IGUALDAD con medidas innovadoras espec\u00edficas que contribuyen al \u00e9xito escolar del alumnado en situaci\u00f3n de desventaja por razones geogr\u00e1ficas. Se dirige a centros p\u00fablicos rurales, sin necesidad de que los mismos se encuentren ubicados en zonas ERACIS o que posean Planes de compensaci\u00f3n educativa.<\/p>\n<p>Gracias a este programa, el alumnado del Centro ha podido disfrutar de actividades como la visita al Parque de las Ciencias de Granada.una experiencia que ha despertado su curiosidad y pasi\u00f3n por el conocimiento. Esta salida did\u00e1ctica resulta especialmente valiosa porque permite acercar la ciencia y la innovaci\u00f3n al alumnado a trav\u00e9s de talleres interactivos, exposiciones accesibles y actividades adaptadas, aplicando medidas innovadoras que fomentan la inclusi\u00f3n y el \u00e9xito escolar, brindando a todos y todas las mismas oportunidades de aprendizaje.<\/p>\n<p>[\/et_pb_text][et_pb_gallery _builder_version=&#8221;4.24.2&#8243; _module_preset=&#8221;default&#8221; gallery_ids=&#8221;952,955&#8243; hover_enabled=&#8221;0&#8243; sticky_enabled=&#8221;0&#8243; show_title_and_caption=&#8221;off&#8221;][\/et_pb_gallery][\/et_pb_column][\/et_pb_row][\/et_pb_section]<\/p>\n","protected":false},"excerpt":{"rendered":"<p>Programa M\u00e1s Equidad El Programa M\u00e1s Equidad se concibe como un conjunto de actuaciones dirigidas a potenciar la cultura inclusiva de los centros docentes y a mejorar el grado de adquisici\u00f3n de competencias a trav\u00e9s de la mejora de los recursos en el aula y\/o de la realizaci\u00f3n de experiencias innovadoras, activas y experimentales que [&hellip;]<\/p>\n","protected":false},"author":17573,"featured_media":0,"parent":0,"menu_order":0,"comment_status":"closed","ping_status":"closed","template":"","meta":{"_et_pb_use_builder":"on","_et_pb_old_content":"<p style=\"text-align: left;\">El Programa M\u00e1s Equidad se concibe como un conjunto de actuaciones dirigidas a potenciar la cultura inclusiva de los centros docentes y a mejorar el grado de adquisici\u00f3n de competencias a trav\u00e9s de la mejora de los recursos en el aula y\/o de la realizaci\u00f3n de experiencias innovadoras, activas y experimentales que promuevan el saber hacer del alumnado, partiendo de sus conocimientos y fomentando actitudes como la autonom\u00eda, la responsabilidad, el respeto y el trabajo en equipo, bajo los principios de la atenci\u00f3n a la diversidad y la igualdad de g\u00e9nero.<\/p><p style=\"text-align: left;\">El Programa M\u00e1s Equidad se desarrollar\u00e1 a trav\u00e9s de Proyectos en tres l\u00edneas de actuaci\u00f3n:<\/p><p style=\"text-align: left;\">a) M\u00e1s Equidad INNOVACI\u00d3N con medidas innovadoras espec\u00edficas que contribuyan al \u00e9xito educativo y a la prevenci\u00f3n del absentismo y del abandono escolar. Se dirige a los centros docentes p\u00fablicos en las zonas ERACIS o que tengan Planes de compensaci\u00f3n educativa y que impartan las ense\u00f1anzas de Educaci\u00f3n Primaria, de Educaci\u00f3n Secundaria Obligatoria y de Bachillerato. Tambi\u00e9n se dirige a las Residencias Escolares, as\u00ed como a los centros espec\u00edficos de Educaci\u00f3n Especial p\u00fablicos.<\/p><p style=\"text-align: left;\">b) M\u00e1s Equidad INCLUSI\u00d3N con medidas innovadoras espec\u00edficas que contribuyan a la accesibilidad universal y al desarrollo de las competencias del alumnado escolarizado en unidades espec\u00edficas de Educaci\u00f3n Especial ubicadas en centros ordinarios. Se dirige a centros docentes p\u00fablicos que tengan autorizadas aulas espec\u00edficas de Educaci\u00f3n Especial.<\/p><p style=\"text-align: left;\">c) M\u00e1s Equidad IGUALDAD con medidas innovadoras espec\u00edficas que contribuyen al \u00e9xito escolar del alumnado en situaci\u00f3n de desventaja por razones geogr\u00e1ficas. Se dirige a centros p\u00fablicos rurales, sin necesidad de que los mismos se encuentren ubicados en zonas ERACIS o que posean Planes de compensaci\u00f3n educativa.<\/p><p>Gracias a este programa, el alumnado del Centro ha podido disfrutar de actividades como la visita al Parque de las Ciencias de Granada.una experiencia que ha despertado su curiosidad y pasi\u00f3n por el conocimiento. Esta salida did\u00e1ctica resulta especialmente valiosa porque permite acercar la ciencia y la innovaci\u00f3n al alumnado a trav\u00e9s de talleres interactivos, exposiciones accesibles y actividades adaptadas, aplicando medidas innovadoras que fomentan la inclusi\u00f3n y el \u00e9xito escolar, brindando a todos y todas las mismas oportunidades de aprendizaje.<\/p>","_et_gb_content_width":"","ngg_post_thumbnail":0,"footnotes":""},"aioseo_notices":[],"_links":{"self":[{"href":"https:\/\/blogsaverroes.juntadeandalucia.es\/iespuentedealcolea\/wp-json\/wp\/v2\/pages\/949"}],"collection":[{"href":"https:\/\/blogsaverroes.juntadeandalucia.es\/iespuentedealcolea\/wp-json\/wp\/v2\/pages"}],"about":[{"href":"https:\/\/blogsaverroes.juntadeandalucia.es\/iespuentedealcolea\/wp-json\/wp\/v2\/types\/page"}],"author":[{"embeddable":true,"href":"https:\/\/blogsaverroes.juntadeandalucia.es\/iespuentedealcolea\/wp-json\/wp\/v2\/users\/17573"}],"replies":[{"embeddable":true,"href":"https:\/\/blogsaverroes.juntadeandalucia.es\/iespuentedealcolea\/wp-json\/wp\/v2\/comments?post=949"}],"version-history":[{"count":3,"href":"https:\/\/blogsaverroes.juntadeandalucia.es\/iespuentedealcolea\/wp-json\/wp\/v2\/pages\/949\/revisions"}],"predecessor-version":[{"id":956,"href":"https:\/\/blogsaverroes.juntadeandalucia.es\/iespuentedealcolea\/wp-json\/wp\/v2\/pages\/949\/revisions\/956"}],"wp:attachment":[{"href":"https:\/\/blogsaverroes.juntadeandalucia.es\/iespuentedealcolea\/wp-json\/wp\/v2\/media?parent=949"}],"curies":[{"name":"wp","href":"https:\/\/api.w.org\/{rel}","templated":true}]}}