{"id":16,"date":"2020-01-10T07:39:23","date_gmt":"2020-01-10T06:39:23","guid":{"rendered":"http:\/\/blogsaverroes.juntadeandalucia.es\/pre\/nuevoiesv2\/?page_id=16"},"modified":"2025-04-29T10:39:50","modified_gmt":"2025-04-29T08:39:50","slug":"eso","status":"publish","type":"page","link":"https:\/\/blogsaverroes.juntadeandalucia.es\/iespuertadearenas\/eso\/","title":{"rendered":"ESO"},"content":{"rendered":"<p>[et_pb_section fb_built=&#8221;1&#8243; _builder_version=&#8221;4.16&#8243; custom_padding=&#8221;0px||0px|&#8221; z_index_tablet=&#8221;500&#8243; box_shadow_horizontal_tablet=&#8221;0px&#8221; box_shadow_vertical_tablet=&#8221;0px&#8221; box_shadow_blur_tablet=&#8221;40px&#8221; box_shadow_spread_tablet=&#8221;0px&#8221; global_colors_info=&#8221;{}&#8221;][et_pb_row _builder_version=&#8221;4.16&#8243; background_size=&#8221;initial&#8221; background_position=&#8221;top_left&#8221; background_repeat=&#8221;repeat&#8221; global_colors_info=&#8221;{}&#8221;][et_pb_column type=&#8221;4_4&#8243; _builder_version=&#8221;4.16&#8243; custom_padding=&#8221;|||&#8221; global_colors_info=&#8221;{}&#8221; custom_padding__hover=&#8221;|||&#8221;][et_pb_image src=&#8221;https:\/\/blogsaverroes.juntadeandalucia.es\/iespuertadearenas\/files\/2020\/01\/cabecera-interior-ies-3.png&#8221; admin_label=&#8221;Imagen de la portada&#8221; _builder_version=&#8221;4.16&#8243; vertical_offset_tablet=&#8221;0&#8243; horizontal_offset_tablet=&#8221;0&#8243; z_index_tablet=&#8221;500&#8243; box_shadow_horizontal_tablet=&#8221;0px&#8221; box_shadow_vertical_tablet=&#8221;0px&#8221; box_shadow_blur_tablet=&#8221;40px&#8221; box_shadow_spread_tablet=&#8221;0px&#8221; global_colors_info=&#8221;{}&#8221;][\/et_pb_image][et_pb_text admin_label=&#8221;Texto descriptivo&#8221; _builder_version=&#8221;4.24.2&#8243; hover_enabled=&#8221;0&#8243; z_index_tablet=&#8221;500&#8243; text_text_shadow_horizontal_length_tablet=&#8221;0px&#8221; text_text_shadow_vertical_length_tablet=&#8221;0px&#8221; text_text_shadow_blur_strength_tablet=&#8221;1px&#8221; link_text_shadow_horizontal_length_tablet=&#8221;0px&#8221; link_text_shadow_vertical_length_tablet=&#8221;0px&#8221; link_text_shadow_blur_strength_tablet=&#8221;1px&#8221; ul_text_shadow_horizontal_length_tablet=&#8221;0px&#8221; ul_text_shadow_vertical_length_tablet=&#8221;0px&#8221; ul_text_shadow_blur_strength_tablet=&#8221;1px&#8221; ol_text_shadow_horizontal_length_tablet=&#8221;0px&#8221; ol_text_shadow_vertical_length_tablet=&#8221;0px&#8221; ol_text_shadow_blur_strength_tablet=&#8221;1px&#8221; quote_text_shadow_horizontal_length_tablet=&#8221;0px&#8221; quote_text_shadow_vertical_length_tablet=&#8221;0px&#8221; quote_text_shadow_blur_strength_tablet=&#8221;1px&#8221; header_text_shadow_horizontal_length_tablet=&#8221;0px&#8221; header_text_shadow_vertical_length_tablet=&#8221;0px&#8221; header_text_shadow_blur_strength_tablet=&#8221;1px&#8221; header_2_text_shadow_horizontal_length_tablet=&#8221;0px&#8221; header_2_text_shadow_vertical_length_tablet=&#8221;0px&#8221; header_2_text_shadow_blur_strength_tablet=&#8221;1px&#8221; header_3_text_shadow_horizontal_length_tablet=&#8221;0px&#8221; header_3_text_shadow_vertical_length_tablet=&#8221;0px&#8221; header_3_text_shadow_blur_strength_tablet=&#8221;1px&#8221; header_4_text_shadow_horizontal_length_tablet=&#8221;0px&#8221; header_4_text_shadow_vertical_length_tablet=&#8221;0px&#8221; header_4_text_shadow_blur_strength_tablet=&#8221;1px&#8221; header_5_text_shadow_horizontal_length_tablet=&#8221;0px&#8221; header_5_text_shadow_vertical_length_tablet=&#8221;0px&#8221; header_5_text_shadow_blur_strength_tablet=&#8221;1px&#8221; header_6_text_shadow_horizontal_length_tablet=&#8221;0px&#8221; header_6_text_shadow_vertical_length_tablet=&#8221;0px&#8221; header_6_text_shadow_blur_strength_tablet=&#8221;1px&#8221; box_shadow_horizontal_tablet=&#8221;0px&#8221; box_shadow_vertical_tablet=&#8221;0px&#8221; box_shadow_blur_tablet=&#8221;40px&#8221; box_shadow_spread_tablet=&#8221;0px&#8221; global_colors_info=&#8221;{}&#8221; sticky_enabled=&#8221;0&#8243;]<\/p>\n<h2>ESO<\/h2>\n<p class=\"p1\">El <span class=\"s1\"><b>IES Puerta de Arenas<\/b><\/span> ofrece una <span class=\"s1\"><b>Educaci\u00f3n Secundaria Obligatoria (ESO)<\/b><\/span> adaptada a las necesidades del alumnado de <span class=\"s1\"><b>Campillo de Arenas, Noalejo y Los C\u00e1rcheles<\/b><\/span>, proporcionando una formaci\u00f3n integral que combina el desarrollo acad\u00e9mico con valores de convivencia y respeto. La ense\u00f1anza en la ESO est\u00e1 estructurada en cuatro cursos, con un curr\u00edculo que abarca materias <span class=\"s1\"><b>troncales, espec\u00edficas y optativas<\/b><\/span>, permitiendo que los estudiantes adquieran competencias esenciales en \u00e1reas como <span class=\"s1\"><b>Ciencias, Lengua, Matem\u00e1ticas, Idiomas, Tecnolog\u00eda y Expresi\u00f3n Art\u00edstica<\/b><\/span>. Adem\u00e1s, el centro ofrece <span class=\"s1\"><b>programas de atenci\u00f3n a la diversidad<\/b><\/span>, como el <span class=\"s1\"><b>Aula Espec\u00edfica de Educaci\u00f3n Especial<\/b><\/span> y el <span class=\"s1\"><b>Programa de Diversificaci\u00f3n Curricular<\/b><\/span>, dirigidos a aquellos estudiantes que requieren una metodolog\u00eda m\u00e1s adaptada a su ritmo de aprendizaje.<\/p>\n<p class=\"p1\">El centro complementa la formaci\u00f3n con proyectos innovadores como el <span class=\"s1\"><b>Plan Lector<\/b><\/span>, actividades interdisciplinares y metodolog\u00edas basadas en el <span class=\"s1\"><b>aprendizaje cooperativo y el trabajo por proyectos<\/b><\/span>. Adem\u00e1s, el alumnado de la ESO participa en <span class=\"s1\"><b>actividades extraescolares, salidas culturales y deportivas<\/b><\/span>, promoviendo un aprendizaje m\u00e1s din\u00e1mico y motivador. La oferta educativa del IES Puerta de Arenas garantiza una ense\u00f1anza de calidad, preparando a los estudiantes para continuar su formaci\u00f3n en <span class=\"s1\"><b>Bachillerato o Formaci\u00f3n Profesional<\/b><\/span>, y fomentando su desarrollo personal y acad\u00e9mico en un entorno inclusivo y comprometido con la educaci\u00f3n.<\/p>\n<p>[\/et_pb_text][\/et_pb_column][\/et_pb_row][\/et_pb_section]<\/p>\n","protected":false},"excerpt":{"rendered":"<p>ESO El IES Puerta de Arenas ofrece una Educaci\u00f3n Secundaria Obligatoria (ESO) adaptada a las necesidades del alumnado de Campillo de Arenas, Noalejo y Los C\u00e1rcheles, proporcionando una formaci\u00f3n integral que combina el desarrollo acad\u00e9mico con valores de convivencia y respeto. La ense\u00f1anza en la ESO est\u00e1 estructurada en cuatro cursos, con un curr\u00edculo que [&hellip;]<\/p>\n","protected":false},"author":7051,"featured_media":0,"parent":0,"menu_order":0,"comment_status":"closed","ping_status":"closed","template":"","meta":{"_et_pb_use_builder":"on","_et_pb_old_content":"","_et_gb_content_width":"","ngg_post_thumbnail":0,"footnotes":""},"aioseo_notices":[],"_links":{"self":[{"href":"https:\/\/blogsaverroes.juntadeandalucia.es\/iespuertadearenas\/wp-json\/wp\/v2\/pages\/16"}],"collection":[{"href":"https:\/\/blogsaverroes.juntadeandalucia.es\/iespuertadearenas\/wp-json\/wp\/v2\/pages"}],"about":[{"href":"https:\/\/blogsaverroes.juntadeandalucia.es\/iespuertadearenas\/wp-json\/wp\/v2\/types\/page"}],"author":[{"embeddable":true,"href":"https:\/\/blogsaverroes.juntadeandalucia.es\/iespuertadearenas\/wp-json\/wp\/v2\/users\/7051"}],"replies":[{"embeddable":true,"href":"https:\/\/blogsaverroes.juntadeandalucia.es\/iespuertadearenas\/wp-json\/wp\/v2\/comments?post=16"}],"version-history":[{"count":12,"href":"https:\/\/blogsaverroes.juntadeandalucia.es\/iespuertadearenas\/wp-json\/wp\/v2\/pages\/16\/revisions"}],"predecessor-version":[{"id":774,"href":"https:\/\/blogsaverroes.juntadeandalucia.es\/iespuertadearenas\/wp-json\/wp\/v2\/pages\/16\/revisions\/774"}],"wp:attachment":[{"href":"https:\/\/blogsaverroes.juntadeandalucia.es\/iespuertadearenas\/wp-json\/wp\/v2\/media?parent=16"}],"curies":[{"name":"wp","href":"https:\/\/api.w.org\/{rel}","templated":true}]}}