{"id":352,"date":"2020-02-13T10:51:34","date_gmt":"2020-02-13T09:51:34","guid":{"rendered":"http:\/\/blogsaverroes.juntadeandalucia.es\/pre\/nuevoiesv2\/?page_id=352"},"modified":"2025-04-29T10:40:32","modified_gmt":"2025-04-29T08:40:32","slug":"planes-y-proyectos","status":"publish","type":"page","link":"https:\/\/blogsaverroes.juntadeandalucia.es\/iespuertadearenas\/planes-y-proyectos\/","title":{"rendered":"Planes y Proyectos"},"content":{"rendered":"<p>[et_pb_section fb_built=&#8221;1&#8243; _builder_version=&#8221;4.16&#8243; global_colors_info=&#8221;{}&#8221;][et_pb_row _builder_version=&#8221;4.16&#8243; custom_margin=&#8221;-20px|||&#8221; z_index_tablet=&#8221;500&#8243; box_shadow_horizontal_tablet=&#8221;0px&#8221; box_shadow_vertical_tablet=&#8221;0px&#8221; box_shadow_blur_tablet=&#8221;40px&#8221; box_shadow_spread_tablet=&#8221;0px&#8221; global_colors_info=&#8221;{}&#8221;][et_pb_column type=&#8221;4_4&#8243; _builder_version=&#8221;4.16&#8243; custom_padding=&#8221;|||&#8221; global_colors_info=&#8221;{}&#8221; custom_padding__hover=&#8221;|||&#8221;][et_pb_image src=&#8221;https:\/\/blogsaverroes.juntadeandalucia.es\/iespuertadearenas\/files\/2020\/02\/cabecera-interior-ies-3.png&#8221; admin_label=&#8221;Imagen de la portada&#8221; _builder_version=&#8221;4.16&#8243; vertical_offset_tablet=&#8221;0&#8243; horizontal_offset_tablet=&#8221;0&#8243; z_index_tablet=&#8221;500&#8243; box_shadow_horizontal_tablet=&#8221;0px&#8221; box_shadow_vertical_tablet=&#8221;0px&#8221; box_shadow_blur_tablet=&#8221;40px&#8221; box_shadow_spread_tablet=&#8221;0px&#8221; global_colors_info=&#8221;{}&#8221;][\/et_pb_image][et_pb_text admin_label=&#8221;Texto descriptivo&#8221; _builder_version=&#8221;4.24.2&#8243; hover_enabled=&#8221;0&#8243; z_index_tablet=&#8221;500&#8243; text_text_shadow_horizontal_length_tablet=&#8221;0px&#8221; text_text_shadow_vertical_length_tablet=&#8221;0px&#8221; text_text_shadow_blur_strength_tablet=&#8221;1px&#8221; link_text_shadow_horizontal_length_tablet=&#8221;0px&#8221; link_text_shadow_vertical_length_tablet=&#8221;0px&#8221; link_text_shadow_blur_strength_tablet=&#8221;1px&#8221; ul_text_shadow_horizontal_length_tablet=&#8221;0px&#8221; ul_text_shadow_vertical_length_tablet=&#8221;0px&#8221; ul_text_shadow_blur_strength_tablet=&#8221;1px&#8221; ol_text_shadow_horizontal_length_tablet=&#8221;0px&#8221; ol_text_shadow_vertical_length_tablet=&#8221;0px&#8221; ol_text_shadow_blur_strength_tablet=&#8221;1px&#8221; quote_text_shadow_horizontal_length_tablet=&#8221;0px&#8221; quote_text_shadow_vertical_length_tablet=&#8221;0px&#8221; quote_text_shadow_blur_strength_tablet=&#8221;1px&#8221; header_text_shadow_horizontal_length_tablet=&#8221;0px&#8221; header_text_shadow_vertical_length_tablet=&#8221;0px&#8221; header_text_shadow_blur_strength_tablet=&#8221;1px&#8221; header_2_text_shadow_horizontal_length_tablet=&#8221;0px&#8221; header_2_text_shadow_vertical_length_tablet=&#8221;0px&#8221; header_2_text_shadow_blur_strength_tablet=&#8221;1px&#8221; header_3_text_shadow_horizontal_length_tablet=&#8221;0px&#8221; header_3_text_shadow_vertical_length_tablet=&#8221;0px&#8221; header_3_text_shadow_blur_strength_tablet=&#8221;1px&#8221; header_4_text_shadow_horizontal_length_tablet=&#8221;0px&#8221; header_4_text_shadow_vertical_length_tablet=&#8221;0px&#8221; header_4_text_shadow_blur_strength_tablet=&#8221;1px&#8221; header_5_text_shadow_horizontal_length_tablet=&#8221;0px&#8221; header_5_text_shadow_vertical_length_tablet=&#8221;0px&#8221; header_5_text_shadow_blur_strength_tablet=&#8221;1px&#8221; header_6_text_shadow_horizontal_length_tablet=&#8221;0px&#8221; header_6_text_shadow_vertical_length_tablet=&#8221;0px&#8221; header_6_text_shadow_blur_strength_tablet=&#8221;1px&#8221; box_shadow_horizontal_tablet=&#8221;0px&#8221; box_shadow_vertical_tablet=&#8221;0px&#8221; box_shadow_blur_tablet=&#8221;40px&#8221; box_shadow_spread_tablet=&#8221;0px&#8221; global_colors_info=&#8221;{}&#8221; sticky_enabled=&#8221;0&#8243;]<\/p>\n<h2>Planes y Proyectos<\/h2>\n<p class=\"p1\">El <strong>IES Puerta de Arenas<\/strong> desarrolla una amplia variedad de <span class=\"s1\"><b>Planes y Proyectos educativos<\/b><\/span> que enriquecen la formaci\u00f3n del alumnado y fomentan una ense\u00f1anza m\u00e1s din\u00e1mica, inclusiva e innovadora. Entre ellos, destacan el <span class=\"s1\"><b>Plan de Igualdad<\/b><\/span>, que promueve relaciones igualitarias y la superaci\u00f3n de estereotipos de g\u00e9nero; el <span class=\"s1\"><b>Plan de Convivencia<\/b><\/span>, que implementa estrategias para prevenir el acoso escolar y fortalecer el respeto entre los estudiantes; y el <span class=\"s1\"><b>Plan de Biblioteca y Lectura<\/b><\/span>, que impulsa la comprensi\u00f3n lectora y el gusto por la literatura a trav\u00e9s de actividades como tertulias literarias y recitales po\u00e9ticos. Adem\u00e1s, el centro participa en el <span class=\"s1\"><b>Programa Aldea<\/b><\/span>, fomentando la educaci\u00f3n medioambiental mediante la gesti\u00f3n de un huerto escolar y patrullas de limpieza.<\/p>\n<p class=\"p1\">Estos proyectos no solo complementan el curr\u00edculo acad\u00e9mico, sino que tambi\u00e9n contribuyen al desarrollo personal y social del alumnado. A trav\u00e9s de metodolog\u00edas activas e interdisciplinares, los estudiantes adquieren competencias clave para su futuro, desde el pensamiento cr\u00edtico hasta la ciudadan\u00eda activa. La implicaci\u00f3n del profesorado y la comunidad educativa en estas iniciativas convierte al IES Puerta de Arenas en un centro que apuesta por la innovaci\u00f3n y la mejora continua, garantizando una educaci\u00f3n de calidad adaptada a las necesidades y desaf\u00edos del siglo XXI.<\/p>\n<p>[\/et_pb_text][\/et_pb_column][\/et_pb_row][\/et_pb_section]<\/p>\n","protected":false},"excerpt":{"rendered":"<p>Planes y Proyectos El IES Puerta de Arenas desarrolla una amplia variedad de Planes y Proyectos educativos que enriquecen la formaci\u00f3n del alumnado y fomentan una ense\u00f1anza m\u00e1s din\u00e1mica, inclusiva e innovadora. Entre ellos, destacan el Plan de Igualdad, que promueve relaciones igualitarias y la superaci\u00f3n de estereotipos de g\u00e9nero; el Plan de Convivencia, que [&hellip;]<\/p>\n","protected":false},"author":7051,"featured_media":0,"parent":0,"menu_order":0,"comment_status":"closed","ping_status":"closed","template":"","meta":{"_et_pb_use_builder":"on","_et_pb_old_content":"","_et_gb_content_width":"","ngg_post_thumbnail":0,"footnotes":""},"aioseo_notices":[],"_links":{"self":[{"href":"https:\/\/blogsaverroes.juntadeandalucia.es\/iespuertadearenas\/wp-json\/wp\/v2\/pages\/352"}],"collection":[{"href":"https:\/\/blogsaverroes.juntadeandalucia.es\/iespuertadearenas\/wp-json\/wp\/v2\/pages"}],"about":[{"href":"https:\/\/blogsaverroes.juntadeandalucia.es\/iespuertadearenas\/wp-json\/wp\/v2\/types\/page"}],"author":[{"embeddable":true,"href":"https:\/\/blogsaverroes.juntadeandalucia.es\/iespuertadearenas\/wp-json\/wp\/v2\/users\/7051"}],"replies":[{"embeddable":true,"href":"https:\/\/blogsaverroes.juntadeandalucia.es\/iespuertadearenas\/wp-json\/wp\/v2\/comments?post=352"}],"version-history":[{"count":3,"href":"https:\/\/blogsaverroes.juntadeandalucia.es\/iespuertadearenas\/wp-json\/wp\/v2\/pages\/352\/revisions"}],"predecessor-version":[{"id":776,"href":"https:\/\/blogsaverroes.juntadeandalucia.es\/iespuertadearenas\/wp-json\/wp\/v2\/pages\/352\/revisions\/776"}],"wp:attachment":[{"href":"https:\/\/blogsaverroes.juntadeandalucia.es\/iespuertadearenas\/wp-json\/wp\/v2\/media?parent=352"}],"curies":[{"name":"wp","href":"https:\/\/api.w.org\/{rel}","templated":true}]}}