{"id":688,"date":"2025-03-05T10:54:05","date_gmt":"2025-03-05T09:54:05","guid":{"rendered":"https:\/\/blogsaverroes.juntadeandalucia.es\/iespuertadearenas\/?page_id=688"},"modified":"2025-03-05T11:02:45","modified_gmt":"2025-03-05T10:02:45","slug":"borrador-automatico","status":"publish","type":"page","link":"https:\/\/blogsaverroes.juntadeandalucia.es\/iespuertadearenas\/borrador-automatico\/","title":{"rendered":"M\u00fasica"},"content":{"rendered":"<p>[et_pb_section fb_built=&#8221;1&#8243; _builder_version=&#8221;4.16&#8243; custom_padding=&#8221;0px||0px|&#8221; z_index_tablet=&#8221;500&#8243; box_shadow_horizontal_tablet=&#8221;0px&#8221; box_shadow_vertical_tablet=&#8221;0px&#8221; box_shadow_blur_tablet=&#8221;40px&#8221; box_shadow_spread_tablet=&#8221;0px&#8221; global_colors_info=&#8221;{}&#8221;][et_pb_row _builder_version=&#8221;4.16&#8243; background_size=&#8221;initial&#8221; background_position=&#8221;top_left&#8221; background_repeat=&#8221;repeat&#8221; global_colors_info=&#8221;{}&#8221;][et_pb_column type=&#8221;4_4&#8243; _builder_version=&#8221;4.16&#8243; custom_padding=&#8221;|||&#8221; global_colors_info=&#8221;{}&#8221; custom_padding__hover=&#8221;|||&#8221;][et_pb_image src=&#8221;https:\/\/blogsaverroes.juntadeandalucia.es\/iespuertadearenas\/files\/2020\/02\/cabecera-interior-ies-3.png&#8221; title_text=&#8221;cabecera-interior-ies-3&#8243; admin_label=&#8221;Imagen de la portada&#8221; _builder_version=&#8221;4.24.2&#8243; vertical_offset_tablet=&#8221;0&#8243; horizontal_offset_tablet=&#8221;0&#8243; hover_enabled=&#8221;0&#8243; z_index_tablet=&#8221;500&#8243; box_shadow_horizontal_tablet=&#8221;0px&#8221; box_shadow_vertical_tablet=&#8221;0px&#8221; box_shadow_blur_tablet=&#8221;40px&#8221; box_shadow_spread_tablet=&#8221;0px&#8221; global_colors_info=&#8221;{}&#8221; sticky_enabled=&#8221;0&#8243;][\/et_pb_image][et_pb_text admin_label=&#8221;Texto descriptivo&#8221; _builder_version=&#8221;4.24.2&#8243; z_index_tablet=&#8221;500&#8243; text_text_shadow_horizontal_length_tablet=&#8221;0px&#8221; text_text_shadow_vertical_length_tablet=&#8221;0px&#8221; text_text_shadow_blur_strength_tablet=&#8221;1px&#8221; link_text_shadow_horizontal_length_tablet=&#8221;0px&#8221; link_text_shadow_vertical_length_tablet=&#8221;0px&#8221; link_text_shadow_blur_strength_tablet=&#8221;1px&#8221; ul_text_shadow_horizontal_length_tablet=&#8221;0px&#8221; ul_text_shadow_vertical_length_tablet=&#8221;0px&#8221; ul_text_shadow_blur_strength_tablet=&#8221;1px&#8221; ol_text_shadow_horizontal_length_tablet=&#8221;0px&#8221; ol_text_shadow_vertical_length_tablet=&#8221;0px&#8221; ol_text_shadow_blur_strength_tablet=&#8221;1px&#8221; quote_text_shadow_horizontal_length_tablet=&#8221;0px&#8221; quote_text_shadow_vertical_length_tablet=&#8221;0px&#8221; quote_text_shadow_blur_strength_tablet=&#8221;1px&#8221; header_text_shadow_horizontal_length_tablet=&#8221;0px&#8221; header_text_shadow_vertical_length_tablet=&#8221;0px&#8221; header_text_shadow_blur_strength_tablet=&#8221;1px&#8221; header_2_text_shadow_horizontal_length_tablet=&#8221;0px&#8221; header_2_text_shadow_vertical_length_tablet=&#8221;0px&#8221; header_2_text_shadow_blur_strength_tablet=&#8221;1px&#8221; header_3_text_shadow_horizontal_length_tablet=&#8221;0px&#8221; header_3_text_shadow_vertical_length_tablet=&#8221;0px&#8221; header_3_text_shadow_blur_strength_tablet=&#8221;1px&#8221; header_4_text_shadow_horizontal_length_tablet=&#8221;0px&#8221; header_4_text_shadow_vertical_length_tablet=&#8221;0px&#8221; header_4_text_shadow_blur_strength_tablet=&#8221;1px&#8221; header_5_text_shadow_horizontal_length_tablet=&#8221;0px&#8221; header_5_text_shadow_vertical_length_tablet=&#8221;0px&#8221; header_5_text_shadow_blur_strength_tablet=&#8221;1px&#8221; header_6_text_shadow_horizontal_length_tablet=&#8221;0px&#8221; header_6_text_shadow_vertical_length_tablet=&#8221;0px&#8221; header_6_text_shadow_blur_strength_tablet=&#8221;1px&#8221; box_shadow_horizontal_tablet=&#8221;0px&#8221; box_shadow_vertical_tablet=&#8221;0px&#8221; box_shadow_blur_tablet=&#8221;40px&#8221; box_shadow_spread_tablet=&#8221;0px&#8221; global_colors_info=&#8221;{}&#8221;]<\/p>\n<h2>M\u00fasica<\/h2>\n<p class=\"p1\"><b>Departamento de M\u00fasica<\/b><b><\/b><\/p>\n<p class=\"p3\">Para el curso 2024\/2025, las materias asignadas a este departamento son:<\/p>\n<p class=\"p4\"><span class=\"s2\">\u2022 M\u00fasica en <\/span><b>1\u00ba, 2\u00ba y 4\u00ba de ESO<\/b><span class=\"s2\">.<\/span><\/p>\n<p>El Departamento de M\u00fasica del IES Puerta de Arenas es unipersonal y est\u00e1 dirigido por <span class=\"s1\"><b>D. Jos\u00e9 Manuel Ruiz Arranz<\/b><\/span>.<\/p>\n<p class=\"p3\">Adem\u00e1s de la labor docente, el departamento organiza y participa en diversas actividades extraescolares y complementarias para enriquecer la formaci\u00f3n musical del alumnado. Entre ellas, destacan:<\/p>\n<p class=\"p5\">\u2022 <span class=\"s1\"><b>Asistencia a un concierto did\u00e1ctico de la OCG<\/b><\/span> (Orquesta Ciudad de Granada), que tendr\u00e1 lugar el <span class=\"s1\"><b>21 de marzo<\/b><\/span> en Granada.<\/p>\n<p class=\"p5\">\u2022 <span class=\"s1\"><b>D\u00eda del Flamenco<\/b><\/span>: celebraci\u00f3n el pasado <span class=\"s1\"><b>16 de noviembre<\/b><\/span>, con diversas actividades realizadas en el Centro Cultural de Campillo de Arenas, fomentando el conocimiento y la apreciaci\u00f3n de este patrimonio inmaterial de la humanidad.<\/p>\n<p class=\"p3\">El Departamento de M\u00fasica contribuye as\u00ed al desarrollo cultural y art\u00edstico del alumnado, promoviendo el inter\u00e9s por la m\u00fasica en sus diferentes manifestaciones.<\/p>\n<p>[\/et_pb_text][\/et_pb_column][\/et_pb_row][\/et_pb_section]<\/p>\n","protected":false},"excerpt":{"rendered":"<p>M\u00fasica Departamento de M\u00fasica Para el curso 2024\/2025, las materias asignadas a este departamento son: \u2022 M\u00fasica en 1\u00ba, 2\u00ba y 4\u00ba de ESO. El Departamento de M\u00fasica del IES Puerta de Arenas es unipersonal y est\u00e1 dirigido por D. Jos\u00e9 Manuel Ruiz Arranz. Adem\u00e1s de la labor docente, el departamento organiza y participa en [&hellip;]<\/p>\n","protected":false},"author":15116,"featured_media":0,"parent":0,"menu_order":0,"comment_status":"closed","ping_status":"closed","template":"","meta":{"_et_pb_use_builder":"on","_et_pb_old_content":"","_et_gb_content_width":"","ngg_post_thumbnail":0,"footnotes":""},"aioseo_notices":[],"_links":{"self":[{"href":"https:\/\/blogsaverroes.juntadeandalucia.es\/iespuertadearenas\/wp-json\/wp\/v2\/pages\/688"}],"collection":[{"href":"https:\/\/blogsaverroes.juntadeandalucia.es\/iespuertadearenas\/wp-json\/wp\/v2\/pages"}],"about":[{"href":"https:\/\/blogsaverroes.juntadeandalucia.es\/iespuertadearenas\/wp-json\/wp\/v2\/types\/page"}],"author":[{"embeddable":true,"href":"https:\/\/blogsaverroes.juntadeandalucia.es\/iespuertadearenas\/wp-json\/wp\/v2\/users\/15116"}],"replies":[{"embeddable":true,"href":"https:\/\/blogsaverroes.juntadeandalucia.es\/iespuertadearenas\/wp-json\/wp\/v2\/comments?post=688"}],"version-history":[{"count":6,"href":"https:\/\/blogsaverroes.juntadeandalucia.es\/iespuertadearenas\/wp-json\/wp\/v2\/pages\/688\/revisions"}],"predecessor-version":[{"id":700,"href":"https:\/\/blogsaverroes.juntadeandalucia.es\/iespuertadearenas\/wp-json\/wp\/v2\/pages\/688\/revisions\/700"}],"wp:attachment":[{"href":"https:\/\/blogsaverroes.juntadeandalucia.es\/iespuertadearenas\/wp-json\/wp\/v2\/media?parent=688"}],"curies":[{"name":"wp","href":"https:\/\/api.w.org\/{rel}","templated":true}]}}