{"id":703,"date":"2025-03-05T11:20:48","date_gmt":"2025-03-05T10:20:48","guid":{"rendered":"https:\/\/blogsaverroes.juntadeandalucia.es\/iespuertadearenas\/?page_id=703"},"modified":"2025-03-05T11:20:53","modified_gmt":"2025-03-05T10:20:53","slug":"bioygeo","status":"publish","type":"page","link":"https:\/\/blogsaverroes.juntadeandalucia.es\/iespuertadearenas\/bioygeo\/","title":{"rendered":"Biolog\u00eda y Geolog\u00eda"},"content":{"rendered":"<p>[et_pb_section fb_built=&#8221;1&#8243; _builder_version=&#8221;4.16&#8243; custom_padding=&#8221;0px||0px|&#8221; z_index_tablet=&#8221;500&#8243; box_shadow_horizontal_tablet=&#8221;0px&#8221; box_shadow_vertical_tablet=&#8221;0px&#8221; box_shadow_blur_tablet=&#8221;40px&#8221; box_shadow_spread_tablet=&#8221;0px&#8221; global_colors_info=&#8221;{}&#8221; theme_builder_area=&#8221;post_content&#8221;][et_pb_row _builder_version=&#8221;4.16&#8243; background_size=&#8221;initial&#8221; background_position=&#8221;top_left&#8221; background_repeat=&#8221;repeat&#8221; global_colors_info=&#8221;{}&#8221; theme_builder_area=&#8221;post_content&#8221;][et_pb_column type=&#8221;4_4&#8243; _builder_version=&#8221;4.16&#8243; custom_padding=&#8221;|||&#8221; global_colors_info=&#8221;{}&#8221; custom_padding__hover=&#8221;|||&#8221; theme_builder_area=&#8221;post_content&#8221;][et_pb_image src=&#8221;https:\/\/blogsaverroes.juntadeandalucia.es\/iespuertadearenas\/files\/2020\/02\/cabecera-interior-ies-3.png&#8221; title_text=&#8221;cabecera-interior-ies-3&#8243; admin_label=&#8221;Imagen de la portada&#8221; _builder_version=&#8221;4.24.2&#8243; vertical_offset_tablet=&#8221;0&#8243; horizontal_offset_tablet=&#8221;0&#8243; z_index_tablet=&#8221;500&#8243; box_shadow_horizontal_tablet=&#8221;0px&#8221; box_shadow_vertical_tablet=&#8221;0px&#8221; box_shadow_blur_tablet=&#8221;40px&#8221; box_shadow_spread_tablet=&#8221;0px&#8221; global_colors_info=&#8221;{}&#8221; theme_builder_area=&#8221;post_content&#8221;][\/et_pb_image][et_pb_text admin_label=&#8221;Texto descriptivo&#8221; _builder_version=&#8221;4.24.2&#8243; hover_enabled=&#8221;0&#8243; z_index_tablet=&#8221;500&#8243; text_text_shadow_horizontal_length_tablet=&#8221;0px&#8221; text_text_shadow_vertical_length_tablet=&#8221;0px&#8221; text_text_shadow_blur_strength_tablet=&#8221;1px&#8221; link_text_shadow_horizontal_length_tablet=&#8221;0px&#8221; link_text_shadow_vertical_length_tablet=&#8221;0px&#8221; link_text_shadow_blur_strength_tablet=&#8221;1px&#8221; ul_text_shadow_horizontal_length_tablet=&#8221;0px&#8221; ul_text_shadow_vertical_length_tablet=&#8221;0px&#8221; ul_text_shadow_blur_strength_tablet=&#8221;1px&#8221; ol_text_shadow_horizontal_length_tablet=&#8221;0px&#8221; ol_text_shadow_vertical_length_tablet=&#8221;0px&#8221; ol_text_shadow_blur_strength_tablet=&#8221;1px&#8221; quote_text_shadow_horizontal_length_tablet=&#8221;0px&#8221; quote_text_shadow_vertical_length_tablet=&#8221;0px&#8221; quote_text_shadow_blur_strength_tablet=&#8221;1px&#8221; header_text_shadow_horizontal_length_tablet=&#8221;0px&#8221; header_text_shadow_vertical_length_tablet=&#8221;0px&#8221; header_text_shadow_blur_strength_tablet=&#8221;1px&#8221; header_2_text_shadow_horizontal_length_tablet=&#8221;0px&#8221; header_2_text_shadow_vertical_length_tablet=&#8221;0px&#8221; header_2_text_shadow_blur_strength_tablet=&#8221;1px&#8221; header_3_text_shadow_horizontal_length_tablet=&#8221;0px&#8221; header_3_text_shadow_vertical_length_tablet=&#8221;0px&#8221; header_3_text_shadow_blur_strength_tablet=&#8221;1px&#8221; header_4_text_shadow_horizontal_length_tablet=&#8221;0px&#8221; header_4_text_shadow_vertical_length_tablet=&#8221;0px&#8221; header_4_text_shadow_blur_strength_tablet=&#8221;1px&#8221; header_5_text_shadow_horizontal_length_tablet=&#8221;0px&#8221; header_5_text_shadow_vertical_length_tablet=&#8221;0px&#8221; header_5_text_shadow_blur_strength_tablet=&#8221;1px&#8221; header_6_text_shadow_horizontal_length_tablet=&#8221;0px&#8221; header_6_text_shadow_vertical_length_tablet=&#8221;0px&#8221; header_6_text_shadow_blur_strength_tablet=&#8221;1px&#8221; box_shadow_horizontal_tablet=&#8221;0px&#8221; box_shadow_vertical_tablet=&#8221;0px&#8221; box_shadow_blur_tablet=&#8221;40px&#8221; box_shadow_spread_tablet=&#8221;0px&#8221; global_colors_info=&#8221;{}&#8221; theme_builder_area=&#8221;post_content&#8221; sticky_enabled=&#8221;0&#8243;]<\/p>\n<h2>Biolog\u00eda y Geolog\u00eda<\/h2>\n<p data-pm-slice=\"1 1 []\">Para el curso 2024\/2025, las materias asignadas a este departamento son:<\/p>\n<ul data-spread=\"false\">\n<li>\n<p>Biolog\u00eda y Geolog\u00eda en 1\u00ba, 3\u00ba &nbsp;y 4\u00ba de ESO.<\/p>\n<\/li>\n<li>\n<p>\u00c1mbito Cient\u00edfico-Tecnol\u00f3gico en 3\u00ba ESO Diversificaci\u00f3n A\/B.<\/p>\n<\/li>\n<li>\n<p>Geolog\u00eda, Ciencias Ambientales y Anatom\u00eda Aplicada en 1\u00ba Bachillerato.<\/p>\n<\/li>\n<li>\n<p>Biolog\u00eda en 1\u00ba y 2\u00ba Bachillerato.<\/p>\n<\/li>\n<\/ul>\n<p>Las responsabilidades docentes quedan distribuidas de la siguiente manera:<\/p>\n<ul>\n<li>D. Manuel Trescastro Solano: Jefe de Departamento de Biolog\u00eda y Geolog\u00eda.<\/li>\n<li>D\u00aa. Antonia Salcedo Fern\u00e1ndez: Coordinadora FEIE.<\/li>\n<\/ul>\n<ul data-spread=\"false\">\n<li style=\"list-style-type: none\">&nbsp;<\/li>\n<\/ul>\n<p>Adem\u00e1s de la labor docente, el departamento organiza y participa en diversas actividades extraescolares y complementarias para enriquecer la formaci\u00f3n del alumnado. Entre ellas, destacan:<\/p>\n<ul data-spread=\"false\">\n<li>\n<p><strong>Visita al Parque de las Ciencias de Granada:<\/strong> Experiencia interactiva para explorar diversos \u00e1mbitos de la ciencia y la tecnolog\u00eda mediante exposiciones, talleres y actividades pr\u00e1cticas.<\/p>\n<\/li>\n<li>\n<p><strong>Repoblaci\u00f3n de encinas en Sierra M\u00e1gina:<\/strong> Actividad de concienciaci\u00f3n ambiental y recuperaci\u00f3n del entorno natural, fomentando la participaci\u00f3n activa del alumnado en la sostenibilidad ecol\u00f3gica.<\/p>\n<\/li>\n<\/ul>\n<p>El Departamento de Biolog\u00eda y Geolog\u00eda contribuye al desarrollo del pensamiento cient\u00edfico y cr\u00edtico del alumnado, promoviendo el inter\u00e9s por el estudio del medio natural y la comprensi\u00f3n de los procesos biol\u00f3gicos y geol\u00f3gicos que rigen nuestro planeta.<\/p>\n<p>[\/et_pb_text][\/et_pb_column][\/et_pb_row][\/et_pb_section]<\/p>\n","protected":false},"excerpt":{"rendered":"<p>Biolog\u00eda y Geolog\u00eda Para el curso 2024\/2025, las materias asignadas a este departamento son: Biolog\u00eda y Geolog\u00eda en 1\u00ba, 3\u00ba &nbsp;y 4\u00ba de ESO. \u00c1mbito Cient\u00edfico-Tecnol\u00f3gico en 3\u00ba ESO Diversificaci\u00f3n A\/B. Geolog\u00eda, Ciencias Ambientales y Anatom\u00eda Aplicada en 1\u00ba Bachillerato. Biolog\u00eda en 1\u00ba y 2\u00ba Bachillerato. Las responsabilidades docentes quedan distribuidas de la siguiente manera: [&hellip;]<\/p>\n","protected":false},"author":15116,"featured_media":0,"parent":0,"menu_order":0,"comment_status":"closed","ping_status":"closed","template":"","meta":{"_et_pb_use_builder":"on","_et_pb_old_content":"","_et_gb_content_width":"","ngg_post_thumbnail":0,"footnotes":""},"aioseo_notices":[],"_links":{"self":[{"href":"https:\/\/blogsaverroes.juntadeandalucia.es\/iespuertadearenas\/wp-json\/wp\/v2\/pages\/703"}],"collection":[{"href":"https:\/\/blogsaverroes.juntadeandalucia.es\/iespuertadearenas\/wp-json\/wp\/v2\/pages"}],"about":[{"href":"https:\/\/blogsaverroes.juntadeandalucia.es\/iespuertadearenas\/wp-json\/wp\/v2\/types\/page"}],"author":[{"embeddable":true,"href":"https:\/\/blogsaverroes.juntadeandalucia.es\/iespuertadearenas\/wp-json\/wp\/v2\/users\/15116"}],"replies":[{"embeddable":true,"href":"https:\/\/blogsaverroes.juntadeandalucia.es\/iespuertadearenas\/wp-json\/wp\/v2\/comments?post=703"}],"version-history":[{"count":4,"href":"https:\/\/blogsaverroes.juntadeandalucia.es\/iespuertadearenas\/wp-json\/wp\/v2\/pages\/703\/revisions"}],"predecessor-version":[{"id":708,"href":"https:\/\/blogsaverroes.juntadeandalucia.es\/iespuertadearenas\/wp-json\/wp\/v2\/pages\/703\/revisions\/708"}],"wp:attachment":[{"href":"https:\/\/blogsaverroes.juntadeandalucia.es\/iespuertadearenas\/wp-json\/wp\/v2\/media?parent=703"}],"curies":[{"name":"wp","href":"https:\/\/api.w.org\/{rel}","templated":true}]}}